{"id":3737,"date":"2018-02-16T22:46:59","date_gmt":"2018-02-16T21:46:59","guid":{"rendered":"http:\/\/www.starkenberg.info\/Fasching\/?page_id=3737"},"modified":"2018-02-16T22:46:59","modified_gmt":"2018-02-16T21:46:59","slug":"2017-2","status":"publish","type":"page","link":"https:\/\/www.starkenberg.info\/Fasching\/?page_id=3737","title":{"rendered":"2017"},"content":{"rendered":"<p align=\"center\">\u201e<b>Ein sch\u00f6nes und kurzweiliges Programm\u201c<\/b><\/p>\n<p align=\"center\">&nbsp;<\/p>\n<p align=\"center\">. . . so konnten wir, die Starkenberger Faschingsleute, von unserem aufmerksamen und dankbaren Publikum zum Faschingsauftakt am 11.02.17 und zum Hauptfasching am 18.02.17 vernehmen.<\/p>\n<p align=\"center\">Dieses Lob freute uns nat\u00fcrlich sehr, da wieder viel Zeit und M\u00fche in der Vorbereitung gesteckt haben.<\/p>\n<p align=\"center\">Die Funkenm\u00e4dels trafen sich regelm\u00e4\u00dfig zum intensiven Tanztraining und \u00fcbten neue Einm\u00e4rsche und Showt\u00e4nze ein.<\/p>\n<p align=\"center\">Die M\u00e4nner trainierten jeden Sonntag Vormittag unter Anleitung der gro\u00dfen Funken (den SG &#8217;s), um diese beim Cancan abzul\u00f6sen.<\/p>\n<p align=\"center\">In den heimischen Kammern wurde Musik f\u00fcr das Programm gesucht und geschnitten sowie der Pinsel geschwungen, um f\u00fcr die passende Saaldekoration zu sorgen. Auch wurden Texte f\u00fcr die B\u00fctt und Trinklieder gedichtet und gereimt.<\/p>\n<p align=\"center\">Unser abwechslungsreiches Programm endete mit einem H\u00f6hepunkt \u2013 dem Auftritt der Weather Girls. Dabei kamen alle Akteure noch einmal zusammen zum Einsatz.<\/p>\n<p align=\"center\">Es waren zwei tolle Veranstaltungen auch durch das super Publikum.<\/p>\n<p align=\"center\">Am 12.02.17 trafen sich die kleinsten Narren der Gemeinde und Umgebung auf der Starkenberger Saal, um sich unter der Animation von Alix Brinkmann und<\/p>\n<p align=\"center\">Annika Husung richtig auszutoben und bei vielen Spielen tolle Preise zu gewinnen. Nat\u00fcrlich waren auch wieder unsere Konfettikanone, die Rutsche, das Gl\u00fccksrad und das Schwungtuch im Einsatz. Als leckere Nascherei gab es Popcorn aus unserer neuen Popcornmaschine.<\/p>\n<p align=\"center\">An dieser Stelle m\u00f6chten wir uns noch einmal herzlich f\u00fcr die finanzielle Unterst\u00fctzung beim Kauf dieser Maschine durch Matthias Kl\u00f6ppel und die B\u00e4ckerei Gerth bedanken. Weiterer Dank gilt der K\u00e4serei Altenburger Land und der K\u00f6stritzer Brauerei f\u00fcr ihre gro\u00dfartige Unterst\u00fctzung, sowie allen Helfern, die uns mit Rat und Tat zur Seite standen, ob an Theke, Bar oder Bedienung.<\/p>\n<p align=\"center\">Last but not least noch ein gro\u00dfer Dank an unsere faschingsbegeisterten Jungs von der Feuerwehr, die uns wieder am Einlass und beim Tanz unterst\u00fctzt haben.<\/p>\n<p align=\"center\">Nun freuen wir uns schon auf die n\u00e4chste Faschingssession und starten in K\u00fcrze mit den Vorbereitungen daf\u00fcr \u2013 ganz nach dem Motto: \u201eNach dem Fasching ist vor dem Fasching.\u201c<\/p>\n<p align=\"center\">Mit einem Gelb, Rot, Blau &#8211; Starkenberg Helau<\/p>\n<p align=\"center\">gr\u00fc\u00dft die 1. Starkenberger Faschingsgesellschaft!<\/p>\n<p align=\"center\">Jacqueline Gentsch<\/p>\n<p align=\"center\">&nbsp;<\/p>\n<p>ngg_shortcode_0_placeholderngg_shortcode_1_placeholderngg_shortcode_2_placeholder<\/p>\n","protected":false},"excerpt":{"rendered":"<p>\u201eEin sch\u00f6nes und kurzweiliges Programm\u201c &nbsp; . . . so konnten wir, die Starkenberger Faschingsleute, von unserem aufmerksamen und dankbaren Publikum zum Faschingsauftakt am 11.02.17 und zum Hauptfasching am 18.02.17 vernehmen. Dieses Lob freute uns nat\u00fcrlich sehr, da wieder viel&#8230;<\/p>\n","protected":false},"author":3,"featured_media":0,"parent":0,"menu_order":0,"comment_status":"closed","ping_status":"closed","template":"","meta":{"ngg_post_thumbnail":0,"footnotes":""},"class_list":["post-3737","page","type-page","status-publish","hentry"],"_links":{"self":[{"href":"https:\/\/www.starkenberg.info\/Fasching\/index.php?rest_route=\/wp\/v2\/pages\/3737","targetHints":{"allow":["GET"]}}],"collection":[{"href":"https:\/\/www.starkenberg.info\/Fasching\/index.php?rest_route=\/wp\/v2\/pages"}],"about":[{"href":"https:\/\/www.starkenberg.info\/Fasching\/index.php?rest_route=\/wp\/v2\/types\/page"}],"author":[{"embeddable":true,"href":"https:\/\/www.starkenberg.info\/Fasching\/index.php?rest_route=\/wp\/v2\/users\/3"}],"replies":[{"embeddable":true,"href":"https:\/\/www.starkenberg.info\/Fasching\/index.php?rest_route=%2Fwp%2Fv2%2Fcomments&post=3737"}],"version-history":[{"count":2,"href":"https:\/\/www.starkenberg.info\/Fasching\/index.php?rest_route=\/wp\/v2\/pages\/3737\/revisions"}],"predecessor-version":[{"id":3739,"href":"https:\/\/www.starkenberg.info\/Fasching\/index.php?rest_route=\/wp\/v2\/pages\/3737\/revisions\/3739"}],"wp:attachment":[{"href":"https:\/\/www.starkenberg.info\/Fasching\/index.php?rest_route=%2Fwp%2Fv2%2Fmedia&parent=3737"}],"curies":[{"name":"wp","href":"https:\/\/api.w.org\/{rel}","templated":true}]}}