{"id":3741,"date":"2018-02-16T22:54:32","date_gmt":"2018-02-16T21:54:32","guid":{"rendered":"http:\/\/www.starkenberg.info\/Fasching\/?page_id=3741"},"modified":"2018-02-16T22:54:32","modified_gmt":"2018-02-16T21:54:32","slug":"trainingslager-pahna-2017","status":"publish","type":"page","link":"https:\/\/www.starkenberg.info\/Fasching\/?page_id=3741","title":{"rendered":"Trainingslager Pahna 2017"},"content":{"rendered":"<p><span style=\"margin: 0px; color: black; font-family: 'Leelawadee UI',sans-serif; font-size: 13pt;\">\u201eEs war einfach toll!\u201c<\/span><\/p>\n<p style=\"text-align: left;\"><span style=\"margin: 0px; color: black; font-family: 'Leelawadee UI',sans-serif; font-size: 13pt;\">&nbsp;<\/span><span style=\"margin: 0px; color: black; font-family: 'Leelawadee UI',sans-serif; font-size: 13pt;\">So das Fazit der Teilnehmer\/innen vom Funken-Trainingslager 2017 der<\/span><\/p>\n<p><span style=\"margin: 0px; color: black; font-family: 'Leelawadee UI',sans-serif; font-size: 13pt;\">1. Starkenberger Faschingsgesellschaft. Auch im Sommer ruhen die Faschingsfreunde nicht und stimmen sich bei gemeinsamen Trainingsstunden auf die neue Session ein. Am Freitag, den 18.8.17 bauten wir mit Hilfe der FFW Starkenberg unsere Zelte auf dem Campingplatz in Pahna auf. Nach einem gemeinsamen Abendbrot erkundeten wir die Gegend, was jedoch nicht von langer Dauer war, da uns der Regen in die Zelte <\/span><a href=\"http:\/\/trieb.nach\/\"><span style=\"margin: 0px; color: black; font-family: 'Leelawadee UI',sans-serif; font-size: 13pt; text-decoration: none;\">trieb. Nach<\/span><\/a><span style=\"margin: 0px; color: black; font-family: 'Leelawadee UI',sans-serif; font-size: 13pt;\"> einer kurzen, aber ruhigen Nacht fr\u00fchst\u00fcckten wir bei wieder sch\u00f6nem Wetter im Freien. Am Vormittag begaben sich die Sternchen (die Kleinsten der Funken) auf eine Wanderung um den See mit dem Auftrag, dass sich jedes Kind einen \u201eHexenbesen\u201c f\u00fcr das Training suchen soll. Begeistert machten sich die J\u00fcngsten auf den Weg. W\u00e4hrenddessen wurden die Starfire (mittlere Funkengruppe) durch die SG &#8217;s (gro\u00dfe Funken) trainiert. Zum Mittag gab es leckere Kartoffelsuppe mit Wienern. Nach einer kleinen Mittagsruhe wurden die Sternchen von den SG &#8217;s trainiert. Zur Abk\u00fchlung hie\u00df es danach f\u00fcr die Mutigen ab ins frische Nass des Sees. <\/span><span style=\"margin: 0px; font-family: 'Leelawadee UI',sans-serif; font-size: 13pt;\"><span style=\"color: #000000;\">Zum Vesper st\u00e4rkten wir uns mit Eis, Keksen und Obst.<\/span> <span style=\"color: #000000; font-family: Leelawadee UI;\">&nbsp;<\/span>Mit Fingerfarben wurde eine Collage zum Andenken an das diesj\u00e4hrige Trainingslager gestaltet. In den Nachmittagsstunden gesellten sich noch mehr Vereinsmitglieder zu den Campbewohnern.<span style=\"color: #000000; font-family: Leelawadee UI;\">&nbsp; <\/span>Beim gem\u00fctlichen Beisammensein zeigten die M\u00e4dchen ihren bis dahin erlernten neuen Tanz. Der komplette Tanz aller drei Funkengruppen wird zu unseren Faschingsveranstaltungen im Januar gezeigt (20.1.18 Kinderfasching, 21.1.18 Seniorenfasching, 27.1.18 Hauptfasching). Zum Abendbrot gab es Pizza und leckere Desserts und wir verweilten noch bei Kn\u00fcppelkuchen am <\/span><a href=\"http:\/\/feuer.am\/\"><span style=\"margin: 0px; color: black; font-family: 'Leelawadee UI',sans-serif; font-size: 13pt; text-decoration: none;\">Feuer. Den erlebnisreichen Tag beendeten wir mit einem kleinen Spaziergang an den See. Am<\/span><\/a><a name=\"yui_3_16_0_ym19_1_1503426811075_4426\"><\/a><span style=\"margin: 0px; color: black; font-family: 'Leelawadee UI',sans-serif; font-size: 13pt;\"> Sonntag wurden die Kinder nach dem Fr\u00fchst\u00fcck von ihren Eltern abgeholt und wir bauten unser Lager wieder<\/span><a href=\"http:\/\/20.8.dann\/\"><span style=\"margin: 0px; color: black; font-family: 'Leelawadee UI',sans-serif; font-size: 13pt; text-decoration: none;\"> mit Hilfe der FFW Starkenberg ab.<\/span><\/a><span style=\"margin: 0px; color: black; font-family: 'Leelawadee UI',sans-serif; font-size: 13pt;\"> Vielen lieben Dank an alle flei\u00dfigen Helfer, die uns beim Auf- und Abbau halfen; an alle Lieferanten, die uns mit Essen versorgten; an die Eltern, die Gem\u00fcse und Obst mitschickten und an die Gemeinde Starkenberg f\u00fcr die Bierzeltgarnituren! Ganz besonderer Dank geht auch noch an die Sparkasse Altenburger Land die uns mit einer Spende f\u00fcr das Trainingslager unterst\u00fctzten.<\/span><\/p>\n<p><span style=\"margin: 0px; color: black; font-family: 'Leelawadee UI',sans-serif; font-size: 13pt;\">Wir durften durch all die vielen Helfer ein tolles Wochenende erleben und freuen uns schon jetzt auf das n\u00e4chste Trainingslager in zwei Jahren.<\/span><\/p>\n<p><span style=\"margin: 0px; color: black; font-family: 'Leelawadee UI',sans-serif; font-size: 13pt;\">&nbsp;<\/span><\/p>\n<p><span style=\"margin: 0px; color: black; font-family: 'Leelawadee UI',sans-serif; font-size: 13pt;\"><span style=\"color: #000000; font-family: Leelawadee UI;\">&nbsp;&nbsp;&nbsp;&nbsp;&nbsp;&nbsp;&nbsp;&nbsp;&nbsp;&nbsp;&nbsp;&nbsp;&nbsp;&nbsp;&nbsp;&nbsp;&nbsp;&nbsp;&nbsp;&nbsp;&nbsp;&nbsp;&nbsp;&nbsp;&nbsp;&nbsp;&nbsp;&nbsp;&nbsp;&nbsp;&nbsp;&nbsp;&nbsp;&nbsp;&nbsp;&nbsp;&nbsp;&nbsp;&nbsp;&nbsp;&nbsp;&nbsp;&nbsp;&nbsp;&nbsp;&nbsp;&nbsp;&nbsp;&nbsp;&nbsp;&nbsp;&nbsp;&nbsp;&nbsp;&nbsp;&nbsp;&nbsp;&nbsp; <\/span>Gelb, Rot, Blau \u2013 Starkenberg Helau!<\/span><\/p>\n<p><span style=\"margin: 0px; color: black; font-family: 'Leelawadee UI',sans-serif; font-size: 13pt;\">&nbsp;<\/span><\/p>\n<p><span style=\"margin: 0px; font-family: 'Leelawadee UI',sans-serif; font-size: 14pt;\"><span style=\"color: #000000; font-family: Leelawadee UI;\">&nbsp;&nbsp;&nbsp;&nbsp;&nbsp;&nbsp;&nbsp;&nbsp;&nbsp;&nbsp;&nbsp;&nbsp;&nbsp;&nbsp;&nbsp;&nbsp;&nbsp;&nbsp;&nbsp;&nbsp;&nbsp;&nbsp;&nbsp;&nbsp;&nbsp;&nbsp;&nbsp;&nbsp;&nbsp;&nbsp;&nbsp;&nbsp;&nbsp;&nbsp;&nbsp;&nbsp;&nbsp;&nbsp;&nbsp;&nbsp;&nbsp;&nbsp;&nbsp;&nbsp;&nbsp;&nbsp;&nbsp;&nbsp;&nbsp;&nbsp;&nbsp;&nbsp;&nbsp;&nbsp;&nbsp;&nbsp;&nbsp;&nbsp;&nbsp;&nbsp;&nbsp;&nbsp;&nbsp;&nbsp;&nbsp;&nbsp;&nbsp;&nbsp; <\/span><\/span><span style=\"margin: 0px; color: black; font-family: 'Leelawadee UI',sans-serif;\">Mandy Simon &amp; Jacqueline Gentsch<\/span><\/p>\n<p>&nbsp;<\/p>\nngg_shortcode_0_placeholder\n","protected":false},"excerpt":{"rendered":"<p>\u201eEs war einfach toll!\u201c &nbsp;So das Fazit der Teilnehmer\/innen vom Funken-Trainingslager 2017 der 1. Starkenberger Faschingsgesellschaft. Auch im Sommer ruhen die Faschingsfreunde nicht und stimmen sich bei gemeinsamen Trainingsstunden auf die neue Session ein. Am Freitag, den 18.8.17 bauten wir&#8230;<\/p>\n","protected":false},"author":3,"featured_media":0,"parent":0,"menu_order":0,"comment_status":"closed","ping_status":"closed","template":"","meta":{"ngg_post_thumbnail":0,"footnotes":""},"class_list":["post-3741","page","type-page","status-publish","hentry"],"_links":{"self":[{"href":"https:\/\/www.starkenberg.info\/Fasching\/index.php?rest_route=\/wp\/v2\/pages\/3741","targetHints":{"allow":["GET"]}}],"collection":[{"href":"https:\/\/www.starkenberg.info\/Fasching\/index.php?rest_route=\/wp\/v2\/pages"}],"about":[{"href":"https:\/\/www.starkenberg.info\/Fasching\/index.php?rest_route=\/wp\/v2\/types\/page"}],"author":[{"embeddable":true,"href":"https:\/\/www.starkenberg.info\/Fasching\/index.php?rest_route=\/wp\/v2\/users\/3"}],"replies":[{"embeddable":true,"href":"https:\/\/www.starkenberg.info\/Fasching\/index.php?rest_route=%2Fwp%2Fv2%2Fcomments&post=3741"}],"version-history":[{"count":1,"href":"https:\/\/www.starkenberg.info\/Fasching\/index.php?rest_route=\/wp\/v2\/pages\/3741\/revisions"}],"predecessor-version":[{"id":3743,"href":"https:\/\/www.starkenberg.info\/Fasching\/index.php?rest_route=\/wp\/v2\/pages\/3741\/revisions\/3743"}],"wp:attachment":[{"href":"https:\/\/www.starkenberg.info\/Fasching\/index.php?rest_route=%2Fwp%2Fv2%2Fmedia&parent=3741"}],"curies":[{"name":"wp","href":"https:\/\/api.w.org\/{rel}","templated":true}]}}