{"id":3796,"date":"2018-02-20T18:02:56","date_gmt":"2018-02-20T17:02:56","guid":{"rendered":"http:\/\/www.starkenberg.info\/Fasching\/?page_id=3796"},"modified":"2018-02-20T18:02:56","modified_gmt":"2018-02-20T17:02:56","slug":"2015-2","status":"publish","type":"page","link":"https:\/\/www.starkenberg.info\/Fasching\/?page_id=3796","title":{"rendered":"2015"},"content":{"rendered":"<p align=\"center\"><b><span style=\"font-family: Calibri;\">Fasching 2015 in Starkenberg<\/span><\/b><\/p>\n<p align=\"center\"><span style=\"color: #000000; font-family: Calibri;\">Schon ist er wieder vorbei, der Fasching in Starkenberg.<\/span><\/p>\n<p align=\"center\"><span style=\"color: #000000; font-family: Calibri;\">Die 1. Starkenberger Faschingsgesellschaft blickt auf einen gelungenen Fasching 2015 zur\u00fcck. <strong>\u201eFiguren, die wir als Kind geseh&#8217;n, lassen wir wieder aufersteh&#8217;n \u2013 Biene Maja, Schlumpfi blau <\/strong><\/span><strong><span style=\"color: #000000; font-family: Calibri;\">in Starkenberg rufen wir &#8211; Helau\u201c<\/span><\/strong><\/p>\n<p align=\"center\"><span style=\"color: #000000; font-family: Calibri;\">Zu diesem Motto kamen die G\u00e4ste auf den Saal in Starkenberg und folgten so unserem Ruf.<\/span><\/p>\n<p align=\"center\"><span style=\"color: #000000; font-family: Calibri;\">Am 24.01.2015 veranstalteten wir, zum ersten mal, den Senioren- und Familienfasching. Unser Ziel war es, das Publikum etwas gemischter in den Fasching zu locken und dies ist uns an diesem Abend auch gelungen. Start des Programms war 17:11 Uhr. Es war ein sehr sch\u00f6ner Abend mit viel Spa\u00df, einem gelungenen Programm und Tanz f\u00fcr Jung und Alt. Gegen 23:00 Uhr machten sich dann auch die letzten G\u00e4ste auf den Heimweg und wir konnten den Saal noch um dekorieren, um am 25.01.2015 zu unserem Kinderfasching einzuladen. Wie jedes Jahr war an dem Tag sehr viel auf dem Saal zu erleben. Die kleinen und mittleren Funken konnten den Kindern ihre einge\u00fcbten Tanzst\u00fccke vorzeigen und wurden dabei sehr bewundert. In diesem Jahr \u00fcbergab unsere Pr\u00e4sidentin Jacqueline Gentsch das Kinderfaschingszepter an Alix Brinkmann und Annika Husung. Die beiden machten ihre Sache ganz toll und f\u00fchrten die Kinder durch einen sch\u00f6nen Nachmittag <\/span><span style=\"color: #000000; font-family: Calibri;\">mit Spiel und Spa\u00df. <\/span><span style=\"color: #000000; font-family: Calibri;\">Am 31.01.2015 stand dann unser traditioneller Hauptfasching an. <\/span><span style=\"color: #000000; font-family: Calibri;\">Ab 18:00 Uhr kamen unsere G\u00e4ste und freuten sich auf das bunte Programm. Um 19:11 Uhr startete dieses dann im ausverkauften Saal. Nach einer kurzen Begr\u00fc\u00dfung marschierten die Funkengarden ein. Auch der Elferrat durfte nat\u00fcrlich nicht fehlen. Das Programm hatte viele Facetten zu bieten. \u00dcber die B\u00fcttenreden, Sketche, Tanzeinlagen und Witze freuten sich alle Besucher und waren mit viel Spa\u00df bei der Sache. Nach dem Programm wurde noch bis in die fr\u00fchen Morgenstunden <\/span><span style=\"color: #000000; font-family: Calibri;\">ausgelassen getanzt und gefeiert.<\/span><\/p>\n<p align=\"center\"><span style=\"color: #000000; font-family: Calibri;\">&nbsp;<\/span><span style=\"color: #000000; font-family: Calibri;\">F\u00fcr uns war es ein gelungenes Faschingsfest und wir hoffen, es hat auch allen Besuchern gefallen. <\/span><span style=\"color: #000000; font-family: Calibri;\">Bedanken m\u00f6chten wir uns nat\u00fcrlich noch bei unseren Sponsoren und flei\u00dfigen Helfern, denn ohne diese w\u00e4re eine solche Veranstaltung nicht m\u00f6glich. <\/span><span style=\"color: #000000; font-family: Calibri;\">Ob an der Bar, in der K\u00fcche oder beim Programm, es waren immer helfende H\u00e4nde da. <\/span><span style=\"color: #000000; font-family: Calibri;\">F\u00fcr den Einlass, die Garderobe und die Sicherheit hatte sich die freiwillige Feuerwehr von Starkenberg bereit erkl\u00e4rt und dies auch kostenlos \u00fcbernommen. <\/span><span style=\"color: #000000; font-family: Calibri;\">Zudem muss ein gro\u00dfes Lob noch an den Gasthof \u201eZur Linde\u201c gegeben werden. Diese k\u00fcmmerten sich zum Senioren- und Familienfasching sowie zum Hauptfasching um das leibliche Wohl.<\/span><\/p>\n<p align=\"center\"><span style=\"font-family: Calibri;\"><span style=\"color: #b00000;\">&nbsp;In diesem Sinne st\u00fcrzen wir uns jetzt in die Vorbereitungen der Faschingssaison 2015\/2016 und hoffen, dass wir auch n\u00e4chstes Jahr wieder mit so vielen G\u00e4sten rechnen k\u00f6nnen.<\/span><\/span><\/p>\n<p align=\"center\"><span style=\"color: #000000; font-family: Calibri;\">&nbsp;<\/span><\/p>\n<p align=\"center\"><span style=\"color: #000000; font-family: Calibri;\">Wir bedanken uns und gr\u00fc\u00dfen mit:<\/span><\/p>\n<p><span style=\"margin: 0px; line-height: 115%; font-family: 'Calibri',sans-serif; font-size: 11pt;\"><span style=\"color: #000000;\"><span style=\"font-family: Calibri;\">&nbsp;&nbsp; <\/span>Gelb, Rot, Blau &#8211; Starkenberg Helau! <\/span><\/span><\/p>\nngg_shortcode_0_placeholder\n","protected":false},"excerpt":{"rendered":"<p>Fasching 2015 in Starkenberg Schon ist er wieder vorbei, der Fasching in Starkenberg. Die 1. Starkenberger Faschingsgesellschaft blickt auf einen gelungenen Fasching 2015 zur\u00fcck. \u201eFiguren, die wir als Kind geseh&#8217;n, lassen wir wieder aufersteh&#8217;n \u2013 Biene Maja, Schlumpfi blau in&#8230;<\/p>\n","protected":false},"author":3,"featured_media":0,"parent":0,"menu_order":0,"comment_status":"closed","ping_status":"closed","template":"","meta":{"ngg_post_thumbnail":0,"footnotes":""},"class_list":["post-3796","page","type-page","status-publish","hentry"],"_links":{"self":[{"href":"https:\/\/www.starkenberg.info\/Fasching\/index.php?rest_route=\/wp\/v2\/pages\/3796","targetHints":{"allow":["GET"]}}],"collection":[{"href":"https:\/\/www.starkenberg.info\/Fasching\/index.php?rest_route=\/wp\/v2\/pages"}],"about":[{"href":"https:\/\/www.starkenberg.info\/Fasching\/index.php?rest_route=\/wp\/v2\/types\/page"}],"author":[{"embeddable":true,"href":"https:\/\/www.starkenberg.info\/Fasching\/index.php?rest_route=\/wp\/v2\/users\/3"}],"replies":[{"embeddable":true,"href":"https:\/\/www.starkenberg.info\/Fasching\/index.php?rest_route=%2Fwp%2Fv2%2Fcomments&post=3796"}],"version-history":[{"count":2,"href":"https:\/\/www.starkenberg.info\/Fasching\/index.php?rest_route=\/wp\/v2\/pages\/3796\/revisions"}],"predecessor-version":[{"id":4166,"href":"https:\/\/www.starkenberg.info\/Fasching\/index.php?rest_route=\/wp\/v2\/pages\/3796\/revisions\/4166"}],"wp:attachment":[{"href":"https:\/\/www.starkenberg.info\/Fasching\/index.php?rest_route=%2Fwp%2Fv2%2Fmedia&parent=3796"}],"curies":[{"name":"wp","href":"https:\/\/api.w.org\/{rel}","templated":true}]}}