{"id":4167,"date":"2018-02-20T18:08:03","date_gmt":"2018-02-20T17:08:03","guid":{"rendered":"http:\/\/www.starkenberg.info\/Fasching\/?page_id=4167"},"modified":"2018-02-20T18:08:03","modified_gmt":"2018-02-20T17:08:03","slug":"2016-2","status":"publish","type":"page","link":"https:\/\/www.starkenberg.info\/Fasching\/?page_id=4167","title":{"rendered":"2016"},"content":{"rendered":"<p style=\"text-align: center;\"><strong>Zum 15. Mal Fasching in Starkenberg<\/strong><\/p>\n<p>Eine erfolgreiche Session liegt wieder hinter uns. Am 23.1.16 feierten wir unseren Faschingsauftakt mit einem gut gelaunten Publikum. Einen Tag sp\u00e4ter eroberten die kleinen N\u00e4rrinnen &amp; Narren in ihren sch\u00f6nsten Kost\u00fcmen beim Kinderfasching den Saal &amp; lie\u00dfen sich von Alix Brinkmann &amp; Anna K\u00e4stner bestens unterhalten. So gab es neben Tanz, Rutsche &amp; Gl\u00fccksrad auch einige Spiele z.B.ein Dickmann \u2013 Wettessen. Die N\u00e4rrinnen und Narren in und um Starkenberg wollten sich auch im 15. Jahr des Bestehens der 1. Starkenberger Faschingsgesellschaft die Darbietungen der drei Tanzgruppen &#8211;&nbsp; der SG\u00b4s, der Starfires und der Sternchen \u2013 nicht entgehen lassen, denn alle Pl\u00e4tze im Starkenberger Saal waren zum Hauptfasching am 6.2.16, wie gewohnt, ausverkauft. Die besondere Aufmerksamkeit, mit welcher die Zuschauer die Sketche, besonders das langj\u00e4hrig bekannte Duo \u201eBetty und Lotti\u201c&nbsp; alias&nbsp; Angelika Gerth \/ Jacqueline Gentsch, verfolgten &#8211; zeigte, dass die Beitr\u00e4ge bei den N\u00e4rrinnen und Narren sehr gut ankamen. Die vielen fantasievollen und zum allergr\u00f6\u00dften Teil selbst gefertigten Kost\u00fcme unserer G\u00e4ste zeugen davon, dass die Starkenberger Narren mit Leib und Seele dabei sind und es dem Komitee stets allergr\u00f6\u00dfte Schwierigkeiten bereitet, die ersten drei Besten auszuw\u00e4hlen. Ein besonderes High Light ist am Schluss der Darbietungen immer der Elfer-Tanz, bei dem diesmal die \u201eSchneefl\u00f6ckchen-M\u00e4nner\u201c ganz besonders gut ankamen. Die drei geforderten&nbsp; Zugaben &#8211; wobei bei der letzten sogar das Publikum mittanzte &#8211; zeugen davon,dass die Veranstaltung den Akteuren und den Zuschauern gleicherma\u00dfen viel Spa\u00df gemacht hat. Nach dem Programm wurde dann bis weit nach Mitternacht gefeiert und die Tanzfl\u00e4che wurde arg strapaziert. Somit hat sich die M\u00fche und Arbeit gelohnt und die Starkenberger Narren freuen sich schon auf die n\u00e4chste 5. Jahreszeit. Wir m\u00f6chten die Gelegenheit auch gleich noch nutzen, den Verantwortlichen f\u00fcr den Saal und den Mitgliedern der anderen Vereine, welche uns ihre R\u00e4ume jedes Jahr f\u00fcr die Veranstaltungen so gro\u00dfz\u00fcgig zur Verf\u00fcgung stellen,&nbsp; ganz herzlich zu danken. Ein Dankesch\u00f6n gilt auch unserem B\u00fcrgermeister, der es uns erm\u00f6glicht, den Saal das ganze Jahr \u00fcber f\u00fcr unsere vielseitigen Proben zu nutzen, ohne die eine solche Veranstaltung nicht m\u00f6glich w\u00e4re. An all unsere Helfer geht ein gro\u00dfer Dank &amp; ganz besonders wieder an die Jungs vom Starkenberger Feuerwehrverein!<\/p>\n<p>Regina Espenhain<\/p>\n<p>&nbsp;<\/p>\nngg_shortcode_0_placeholder\n","protected":false},"excerpt":{"rendered":"<p>Zum 15. Mal Fasching in Starkenberg Eine erfolgreiche Session liegt wieder hinter uns. Am 23.1.16 feierten wir unseren Faschingsauftakt mit einem gut gelaunten Publikum. Einen Tag sp\u00e4ter eroberten die kleinen N\u00e4rrinnen &amp; Narren in ihren sch\u00f6nsten Kost\u00fcmen beim Kinderfasching den&#8230;<\/p>\n","protected":false},"author":3,"featured_media":0,"parent":0,"menu_order":0,"comment_status":"closed","ping_status":"closed","template":"","meta":{"ngg_post_thumbnail":0,"footnotes":""},"class_list":["post-4167","page","type-page","status-publish","hentry"],"_links":{"self":[{"href":"https:\/\/www.starkenberg.info\/Fasching\/index.php?rest_route=\/wp\/v2\/pages\/4167","targetHints":{"allow":["GET"]}}],"collection":[{"href":"https:\/\/www.starkenberg.info\/Fasching\/index.php?rest_route=\/wp\/v2\/pages"}],"about":[{"href":"https:\/\/www.starkenberg.info\/Fasching\/index.php?rest_route=\/wp\/v2\/types\/page"}],"author":[{"embeddable":true,"href":"https:\/\/www.starkenberg.info\/Fasching\/index.php?rest_route=\/wp\/v2\/users\/3"}],"replies":[{"embeddable":true,"href":"https:\/\/www.starkenberg.info\/Fasching\/index.php?rest_route=%2Fwp%2Fv2%2Fcomments&post=4167"}],"version-history":[{"count":1,"href":"https:\/\/www.starkenberg.info\/Fasching\/index.php?rest_route=\/wp\/v2\/pages\/4167\/revisions"}],"predecessor-version":[{"id":4168,"href":"https:\/\/www.starkenberg.info\/Fasching\/index.php?rest_route=\/wp\/v2\/pages\/4167\/revisions\/4168"}],"wp:attachment":[{"href":"https:\/\/www.starkenberg.info\/Fasching\/index.php?rest_route=%2Fwp%2Fv2%2Fmedia&parent=4167"}],"curies":[{"name":"wp","href":"https:\/\/api.w.org\/{rel}","templated":true}]}}