{"id":42,"date":"2011-01-26T14:03:26","date_gmt":"2011-01-26T13:03:26","guid":{"rendered":"http:\/\/www.starkenberg.info\/Fasching\/?page_id=42"},"modified":"2013-02-15T23:58:52","modified_gmt":"2013-02-15T22:58:52","slug":"satzung","status":"publish","type":"page","link":"https:\/\/www.starkenberg.info\/Fasching\/?page_id=42","title":{"rendered":"Satzung"},"content":{"rendered":"<p align=\"center\"><em><strong><span style=\"text-decoration: underline;\">Satzung der<\/span><\/strong><\/em><\/p>\n<p align=\"center\"><em><strong><span style=\"text-decoration: underline;\">&#8222;1. Starkenberger Faschingsgesellschaft e.V.&#8220;<\/span><\/strong><\/em><\/p>\n<p align=\"center\"><strong>\u00a7 1 Name, Sitz, Gesch\u00e4ftsjahr, Verbandsmitgliedschaft<\/strong><\/p>\n<p align=\"center\"><i>(1) Der am 18.09.2000 gegr\u00fcndete Verein f\u00fchrt den Namen<\/i><\/p>\n<p align=\"center\"><i>&#8220; 1. Starkenberger Faschingsgesellschaft e.V. &#8220; ( 1.SFG )<\/i><\/p>\n<p align=\"center\"><i>Der Verein ist im Vereinsregister des Amtsgericht Altenburg unter der Nummer VR 746 eingetragen.<\/i><\/p>\n<p align=\"center\"><i>(2) Der Verein hat seinen Sitz in Starkenberg.<\/i><\/p>\n<p align=\"center\"><i>(3) Das Gesch\u00e4ftsjahr des Vereins ist das Kalenderjahr.<\/i><\/p>\n<p align=\"center\"><i>(4) Die Vereinsfarben sind Gelb, Rot, Blau.<\/i><\/p>\n<p align=\"center\"><i>(5) Der Verein ist Mitglied im &#8222;Landesverband Th\u00fcringer Karnevalvereine e.V.&#8220; und im &#8222;Bund Deutscher Karneval e.V.&#8220;. Der Verein und seine Mitglieder verpflichten sich, die von den Verb\u00e4nden im Rahmen ihrer Befugnisse erfassten Beschl\u00fcsse zu befolgen, ihre Entscheidungen anzuerkennen und die in den Statuten vorgesehenen Vertr\u00e4ge zu schlie\u00dfen.<\/i><\/p>\n<p align=\"center\"><strong>\u00a7 2 Zweck<\/strong><\/p>\n<p align=\"center\"><i>(1) Der Verein ist selbstlos t\u00e4tig. Er verfolgt ausschlie\u00dflich und unmittelbar gemeinn\u00fctzige und nicht in erster Linie eigenwirtschaftliche Zwecke im Sinne des Abschnitts \u201eSteuerbeg\u00fcnstigte Zwecke\u201c der Abgabenordnung in der jeweils g\u00fcltigen Fassung.<\/i><\/p>\n<p align=\"center\"><i>(2) Zur Erreichung des Vereinszweckes darf der Verein Verm\u00f6gen ansammeln und R\u00fccklagen bilden.<\/i><\/p>\n<p align=\"center\"><i>(3) Vorhandene Mittel des Vereins d\u00fcrfen nur f\u00fcr satzungsgem\u00e4\u00dfe Zwecke verwendet werden. Vereinsmitglieder d\u00fcrfen keine Zuwendungen aus Mitteln des Vereins erhalten. Es d\u00fcrfen auch keine Personen durch Ausgaben, die dem Zweck der K\u00f6rperschaft fremd sind, oder durch unverh\u00e4ltnism\u00e4\u00dfig hohe Verg\u00fctungen beg\u00fcnstigt werden.<\/i><\/p>\n<p align=\"center\"><strong>\u00a7 3 Aufgaben des Vereins<\/strong><\/p>\n<p align=\"center\"><i>(1) Der Verein verfolgt das Ziel der Pflege kulturellen und historischen Brauchtums. Der Vereinszweck wird erf\u00fcllt durch die Pflege der Faschingstradition und die Durchf\u00fchrung von Karnevalsveranstaltungen. Er tr\u00e4gt dadurch zur Mitgestaltung des \u00f6ffentlichen und kulturellen Lebens im Territorium bei. Die 1. SFG pflegt Kontakte zu befreundeten Vereinen in Th\u00fcringen und den anderen Bundesl\u00e4ndern und f\u00f6rdert die karnevalistische Jugendarbeit in Starkenberg.<\/i><\/p>\n<p align=\"center\"><i>(2) Der Verein ist politisch und konfessionell neutral.<\/i><\/p>\n<p align=\"center\"><i>(3) Der Verein wird ehrenamtlich gef\u00fchrt.<\/i><\/p>\n<p align=\"center\"><strong>\u00a7 4 Mitgliedschaft<\/strong><\/p>\n<p align=\"center\"><i>(1) Die Mitgliedschaft im Verein kann als aktives, passives oder als Ehrenmitglied bestehen.<\/i><\/p>\n<p align=\"center\"><i>(2) Aktive Mitglieder sind solche, die sich dem Verein angeschlossen haben und aktiv an den Vereinsaufgaben teilnehmen. Sie unterteilen sich in verschiedene karnevalistische Gruppierungen.<\/i><\/p>\n<p align=\"center\"><i>(3) Passive Mitglieder sind solche, die ohne am aktiven Vereinsgeschehen oder an organisatorischen Aufgaben teilzunehmen dem Verein angeh\u00f6ren.<\/i><\/p>\n<p align=\"center\"><i>\u00a0(4) Ehrenmitglieder sind solche, die aufgrund besonderer Verdienste um den Verein nach \u00a7 5 Absatz 3 dieser Satzung zu solchen ernannt worden sind.<\/i><\/p>\n<p align=\"center\"><strong>\u00a7 5 Erwerb der Mitgliedschaft<\/strong><\/p>\n<p align=\"center\"><i>(1) Mitglied kann jede nat\u00fcrliche und juristische Person werden.<\/i><\/p>\n<p align=\"center\"><i>(2) Voraussetzung f\u00fcr den Erwerb der Mitgliedschaft ist ein schriftlicher Antrag an den Verein. \u00dcber den Antrag entscheidet der Vorstand. Mit der Einreichung der unterzeichneten Beitrittserkl\u00e4rung unterwirft sich der Bewerber der Satzung des Vereins. Bei Minderj\u00e4hrigen muss die Zustimmung des gesetzlichen Vertreters vorliegen.<\/i><\/p>\n<p align=\"center\"><i>\u00a0(3) F\u00fcr besondere Verdienste um den Verein kann durch Beschluss des Vorstandes die Ehrenmitgliedschaft verliehen werden.<\/i><\/p>\n<p align=\"center\"><strong>\u00a7 6 Beendigung der Mitgliedschaft<\/strong><\/p>\n<p align=\"center\"><i>\u00a0(1) Die Mitgliedschaft endet durch Austrittserkl\u00e4rung, Ausschluss oder Tod der nat\u00fcrlichen Person.<\/i><\/p>\n<p align=\"center\"><i>(2) Der Austritt ist mit Einhaltung einer 4w\u00f6chigen K\u00fcndigungsfrist zum Ende eines Gesch\u00e4ftsjahres ( 31.12. ) m\u00f6glich. Der Austritt ist schriftlich zu erkl\u00e4ren.<\/i><\/p>\n<p align=\"center\"><i>\u00a0(3) Ein Mitglied kann auf Beschluss des Vorstandes vom Verein ausgeschlossen werden und \/ oder mit einem Verweis und \/ oder mit einer Geldstrafe belegt werden:<\/i><\/p>\n<p align=\"center\"><i>a) bei Nichteinhaltung satzungsm\u00e4\u00dfiger Pflichten oder Missachtung der Anordnungen der Organe des Vereins <\/i><\/p>\n<p align=\"center\"><i>b) bei Nichtzahlung von Beitr\u00e4gen trotz zweimaliger Mahnung<\/i><\/p>\n<p align=\"center\"><i>c) bei schweren Verst\u00f6\u00dfen gegen die Interessen des Vereins<\/i><\/p>\n<p align=\"center\"><i>d) bei unehrenhaften Handlungen<\/i><\/p>\n<p align=\"center\"><i>Vor der Beschlussfassung durch die Mitgliederversammlung hat das Mitglied Anspruch auf rechtliches Geh\u00f6r. Der Vorstand hat seinen Antrag dem auszuschlie\u00dfenden Mitglied m\u00fcndlich oder schriftlich mitzuteilen. Eine Mitgliederversammlung entscheidet \u00fcber den Antrag mit einer einfachen Mehrheit.<\/i><\/p>\n<p align=\"center\"><i>(5) Bei Beendigung der Mitgliedschaft besteht kein Anspruch auf einen Anspruch am Vereinsverm\u00f6gen.<\/i><\/p>\n<p align=\"center\"><i>(6) Mit der Beendigung der Mitgliedschaft sind alle am Verein geh\u00f6renden Gegenst\u00e4nde und Geldbetr\u00e4ge herauszugeben. Soweit Geld des Vereins verwaltet wurde, ist auf Verlangen eine Schlussabrechnung zu erstellen.<\/i><\/p>\n<p align=\"center\"><strong>\u00a7 7 Beitr\u00e4ge und Aufnahmegeb\u00fchren<\/strong><\/p>\n<p align=\"center\"><i>(1) Von den Mitgliedern werden Beitr\u00e4ge erhoben. H\u00f6he und F\u00e4lligkeit der Mitgliedsbeitr\u00e4ge werden in der Jahreshauptversammlung jeweils f\u00fcr das folgende Gesch\u00e4ftsjahr festgelegt.<\/i><\/p>\n<p align=\"center\"><i>(2) Der Beitrag ist f\u00fcr das laufende Gesch\u00e4ftsjahr voll zu entrichten.<\/i><\/p>\n<p align=\"center\"><i>(3) Mitgliedsbeitr\u00e4ge werden \u2013 auch im Falle einer Beendigung der Mitgliedschaft w\u00e4hrend des laufenden Gesch\u00e4ftsjahres \u2013 nicht zur\u00fcckerstattet<\/i><\/p>\n<p align=\"center\"><i>(4) Eine Aufnahmegeb\u00fchr wird nicht erhoben.<\/i><\/p>\n<p align=\"center\"><strong>\u00a7 8 Rechte der Mitglieder<\/strong><\/p>\n<p align=\"center\"><i>(1) Alle Mitglieder sind nach Vollendung des 18. Lebensjahr in der Mitgliederversammlung stimmberechtigt. J\u00fcngere Mitglieder d\u00fcrfen an der Mitgliederversammlung teilnehmen. W\u00e4hlbar sind alle Mitglieder, die das 21. Lebensjahr vollendet haben<\/i><\/p>\n<p align=\"center\"><i>\u00a0(2) Jedes Mitglied hat das Recht, gem\u00e4\u00df \u00a73 dieser Satzung am Vereinsleben teilzunehmen und allgemeine Veranstaltungen zu besuchen.<\/i><\/p>\n<p align=\"center\"><strong>\u00a7 9 Pflichten der Mitglieder<\/strong><\/p>\n<p align=\"center\"><i>(1) Jedes Mitglied ist verpflichtet, die Bestimmungen der Satzung und der Ordnungen und der Organisationen (auch der Fachverb\u00e4nde) einzuhalten sowie Beschl\u00fcsse und Anordnungen der Organe des Vereins und der durch diesen eingesetzten Aussch\u00fcsse oder Personen im Rahmen ihrer Zust\u00e4ndigkeit Folge zu leisten.<\/i><\/p>\n<p align=\"center\"><i>(2) Mitglieder haben das Ansehen und die Interessen des Vereins nach Kr\u00e4ften zu f\u00f6rdern und alles zu unterlassen, was das Ansehen des Vereins sch\u00e4digen k\u00f6nnte.<\/i><\/p>\n<p align=\"center\"><i>(3) Die Mitglieder haben die Anlagen und Einrichtungen des Vereins, und solche Dritter, pfleglich zu behandeln und Sch\u00e4den zu verh\u00fcten.<\/i><\/p>\n<p align=\"center\"><i>(4) Die Mitglieder haben die festgesetzten Beitr\u00e4ge zu zahlen.<\/i><\/p>\n<p align=\"center\"><i>\u00a0(5) Die aktiven Mitglieder d\u00fcrfen die von ihnen im Verein betriebenen Aufgaben, die zur Erf\u00fcllung des Vereinszwecks dienen, nicht in einem anderen Faschingsverein aktiv ausf\u00fchren.<\/i><\/p>\n<p align=\"center\"><strong>\u00a7 10 Organe des Vereins<\/strong><\/p>\n<p align=\"center\"><i>(1) Die Organe des Vereins sind:<\/i><\/p>\n<p align=\"center\"><i>a) Die Mitgliederversammlung <\/i><\/p>\n<p align=\"center\"><i>b) Der Vereinsvorstand<\/i><\/p>\n<p align=\"center\"><i>Die Mitarbeit in den genannten Organen erfolgt ehrenamtlich.<\/i><\/p>\n<p align=\"center\"><strong>\u00a7 11 Mitgliederversammlung<\/strong><\/p>\n<p align=\"center\"><i>(1) Die Mitgliederversammlung ist das oberste Organ des Vereins. Sie besteht aus allen wahlberechtigten Vereinsmitgliedern.<\/i><\/p>\n<p align=\"center\"><i>(2) Eine ordentliche Mitgliederversammlung findet einmal j\u00e4hrlich sp\u00e4testens 3 Monate nach Faschingsdienstag statt. Die Mitgliederversammlung ist zust\u00e4ndig f\u00fcr:<\/i><\/p>\n<p align=\"center\"><i>a) Entgegennahme der T\u00e4tigkeits- und Kassenberichte<\/i><\/p>\n<p align=\"center\"><i>b) Entlastung des Vorstandes und Kassenf\u00fchrung<\/i><\/p>\n<p align=\"center\"><i>c) Wahlen, soweit erforderlich<\/i><\/p>\n<p align=\"center\"><i>d) Festlegung der H\u00f6he der Mitgliedsbeitr\u00e4ge<\/i><\/p>\n<p align=\"center\"><i>e) \u00c4nderung der Satzung (soweit erforderlich)<\/i><\/p>\n<p align=\"center\"><i>f) Beschlussfassung \u00fcber vorliegende Antr\u00e4ge<\/i><\/p>\n<p align=\"center\"><i>g) Aufl\u00f6sung des Vereins<\/i><\/p>\n<p align=\"center\"><i>(3) Eine au\u00dferordentliche Mitgliederversammlung ist vom Vorstand einzuberufen, wenn es die Belange des Vereins oder mindestens 25% der stimmberechtigten Mitglieder erfordern.<\/i><\/p>\n<p align=\"center\"><i>(4) Der Vorstand beruft die Mitgliederversammlung durch schriftliche Einladung ein. (Brief oder E-Mail) Die Einladung geht jedem stimmberechtigten Mitglied mindestens zwei Wochen vor dem anberaumten Termin zu. <\/i><\/p>\n<p align=\"center\"><i>(5) Die Mitgliederversammlung ist ohne R\u00fccksicht auf die Anzahl der erschienenen Mitglieder beschlussf\u00e4hig.<\/i><\/p>\n<p align=\"center\"><i>(6) Die Mitgliederversammlung wird von einem Mitglied des Vorstandes geleitet. Die Leitung der Mitgliederversammlung kann auf Wunsch des Vorstandes einem anderen Versammlungsleiter \u00fcbertragen werden.<\/i><\/p>\n<p align=\"center\"><i>(7) Die Mitgliederversammlung kann Tagesordnungspunkte absetzen und andere Tagesordnungspunkte aufnehmen. \u00dcber die Aufnahme ist mit einfacher Mehrheit zu entscheiden. Eine Abstimmung in der Sache ist nur \u00fcber Tagesordnungspunkte zul\u00e4ssig die innerhalb einer Frist von 1 Woche vor der Mitgliederversammlung beim Vorstand schriftlich eingereicht wurden.<\/i><\/p>\n<p align=\"center\"><i>(8) Die Abstimmung in der Mitgliederversammlung erfolgt durch Handzeichen. Eine andere Abstimmungsart ist auf Beschluss m\u00f6glich. Dies gilt auch f\u00fcr Wahlen.<\/i><\/p>\n<p align=\"center\"><i>(9) F\u00fcr Beschl\u00fcsse und Wahlen ist grunds\u00e4tzlich die einfache Mehrheit erforderlich. Stimmenthaltung und ung\u00fcltige Stimmen werden bei der Ermittlung der einfachen Mehrheit nicht gez\u00e4hlt. Bei Stimmengleichheit z\u00e4hlt die Stimme des Pr\u00e4sidenten, bei dessen Abwesenheit die des Vizepr\u00e4sidenten. Satzungs\u00e4nderungen und Aufl\u00f6sung des Vereins bed\u00fcrfen der zweidrittel (2\/3) Mehrheit der erschienenen Mitglieder.<\/i><\/p>\n<p align=\"center\"><i>(10) \u00dcber jede Mitgliederversammlung ist ein Inhaltsprotokoll zu erstellen, das vom Versammlungsleiter und dem Schriftf\u00fchrer zu unterzeichnen ist.<\/i><\/p>\n<p align=\"center\"><strong>\u00a7 12 Vereinsvorstand<\/strong><\/p>\n<p align=\"center\"><i>(1) Der Vereinsvorstand besteht aus:<\/i><\/p>\n<p align=\"center\"><i>&#8211; Pr\u00e4sident\/in<\/i><\/p>\n<p align=\"center\"><i>&#8211; Vizepr\u00e4sident\/in<\/i><\/p>\n<p align=\"center\"><i>&#8211; Schatzmeister\/in<\/i><\/p>\n<p align=\"center\"><i>&#8211; Schriftf\u00fchrer\/in<\/i><\/p>\n<p align=\"center\"><i>&#8211; 1 Beisitzer\/in<\/i><\/p>\n<p align=\"center\"><i>Der Vorstand wird durch die Mitgliederversammlung gew\u00e4hlt.<\/i><\/p>\n<p align=\"center\"><i>(2) Die Amtszeit der Vorstandsmitglieder betr\u00e4gt 2 Jahre.<\/i><\/p>\n<p align=\"center\"><i>(3) Der Verein wird gerichtlich und au\u00dfergerichtlich vom Pr\u00e4sidenten allein oder durch zwei Vorstandsmitglieder gemeinsam vertreten. Sie bilden dann den Vorstand im Sinne des \u00a7 26 BGB.<\/i><\/p>\n<p align=\"center\"><i>(4) Der Vorstand vollzieht die Beschl\u00fcsse der Mitgliederversammlung und leitet den Verein eigenverantwortlich.<\/i><\/p>\n<p align=\"center\"><i>(5) Der Pr\u00e4sident wird bei Wahlen zuerst gew\u00e4hlt. Die weiteren Vorstandsmitglieder werden auf Vorschlag des Pr\u00e4sidenten von der Mitgliederversammlung gew\u00e4hlt. Bei Niederlegung eines Vorstandsamtes sind die \u00fcbrigen Mitglieder des Vorstandes berechtigt, ein Ersatzmitglied zu berufen, das bis zur n\u00e4chsten Mitgliederversammlung bzw. f\u00fcr die restliche Amtszeit der \u00fcbrigen Vorstandsmitglieder im Amt bleibt.<\/i><\/p>\n<p align=\"center\"><i>(6) Der Vorstand ist beschlussf\u00e4hig, wenn mindestens drei seiner Mitglieder anwesend sind, wobei eines dem Vorstand im Sinne des \u00a7 26 BGB angeh\u00f6ren muss. Bei der Beschlussfassung entscheidet die einfache Mehrheit der abgegebenen Stimmen.<\/i><\/p>\n<p align=\"center\"><strong>\u00a7 13 Kassenf\u00fchrung und Revision<\/strong><\/p>\n<p align=\"center\"><i>(1) Die Mitgliederversammlung w\u00e4hlt f\u00fcr die Amtszeit von zwei Jahren zwei Kassenpr\u00fcfer, die gemeinsam die Kasse des Vereins pr\u00fcfen.<\/i><\/p>\n<p align=\"center\"><i>(2) Die von der Mitgliederversammlung bestellten Kassenpr\u00fcfer haben mit angemessener Anmeldezeit jederzeit das Recht, gemeinsam alle Unterlagen des Vereins einzusehen. Ihnen sind f\u00fcr die Durchf\u00fchrung ihrer Pr\u00fcfung erforderliche Ausk\u00fcnfte zu erteilen und Vereinsunterlagen vorzulegen.<\/i><\/p>\n<p align=\"center\"><i>(3) Die Kassenpr\u00fcfer erstatten der Mitgliederversammlung einen Pr\u00fcfbericht. Hilsweise kann er bei Verhinderung der Pr\u00fcfer auch von einer anderen Person der Mitgliederversammlung, die nicht dem Vorstand angeh\u00f6rt, verlesen werden. Der Pr\u00e4sident\/Versammlungsleiter beantragt bei ordnungsgem\u00e4\u00dfer F\u00fchrung der Kassengesch\u00e4fte die Entlastung des Schatzmeisters.<\/i><strong><i> <\/i><\/strong><\/p>\n<p align=\"center\"><strong>\u00a7 14 Haftung<\/strong><\/p>\n<p align=\"center\"><i>(1) Der Verein haftet f\u00fcr Sch\u00e4den, die Mitglieder bei der Erledigung und Aus\u00fcbung von Vereinsaufgaben erleiden, nur, soweit kein vors\u00e4tzliches oder grob fahrl\u00e4ssiges Handeln vorliegt.<\/i><\/p>\n<p align=\"center\"><i>(2) Versicherungsschutz f\u00fcr Haftpflichtrisiken ist vom Vorstand einzudecken.<\/i><\/p>\n<p align=\"center\"><strong>\u00a7 15 Aufl\u00f6sung<\/strong><\/p>\n<p align=\"center\"><i>(1) Ausschlie\u00dflich die Mitgliederversammlung kann \u00fcber die Aufl\u00f6sung des Vereins entscheiden. Die Aufl\u00f6sung kann erfolgen, wenn dies die Mitgliederversammlung mit einer Mehrheit von zweidrittel (2\/3) aller anwesenden Mitglieder beschlossen hat.<\/i><i><\/i><\/p>\n<p align=\"center\"><i>\u00a0(2) Bei Aufl\u00f6sung des Vereins oder bei Wegfall steuerbeg\u00fcnstigter Zwecke f\u00e4llt das Verm\u00f6gen des Vereins an zum Zeitpunkt der Aufl\u00f6sung bestehende gemeinn\u00fctzige Einrichtungen bzw. Vereine der Gemeinde Starkenberg.<\/i><\/p>\n<p align=\"center\"><b>\u00a7 16 Schlussbestimmungen<\/b><\/p>\n<p align=\"center\"><i>Alle in dieser Satzung nicht geregelten Angelegenheiten werden durch den Vorstand festgelegt.<\/i><\/p>\n<p align=\"center\"><i>Diese Satzung tritt am 13.05.2012 nach Beschlussfassung durch die Mitgliederversammlung in Kraft.<\/i><\/p>\n<p>&nbsp;<\/p>\n","protected":false},"excerpt":{"rendered":"<p>Satzung der &#8222;1. Starkenberger Faschingsgesellschaft e.V.&#8220; \u00a7 1 Name, Sitz, Gesch\u00e4ftsjahr, Verbandsmitgliedschaft (1) Der am 18.09.2000 gegr\u00fcndete Verein f\u00fchrt den Namen &#8220; 1. Starkenberger Faschingsgesellschaft e.V. &#8220; ( 1.SFG ) Der Verein ist im Vereinsregister des Amtsgericht Altenburg unter der&#8230;<\/p>\n","protected":false},"author":1,"featured_media":0,"parent":0,"menu_order":0,"comment_status":"closed","ping_status":"closed","template":"","meta":{"ngg_post_thumbnail":0,"footnotes":""},"class_list":["post-42","page","type-page","status-publish","hentry"],"_links":{"self":[{"href":"https:\/\/www.starkenberg.info\/Fasching\/index.php?rest_route=\/wp\/v2\/pages\/42","targetHints":{"allow":["GET"]}}],"collection":[{"href":"https:\/\/www.starkenberg.info\/Fasching\/index.php?rest_route=\/wp\/v2\/pages"}],"about":[{"href":"https:\/\/www.starkenberg.info\/Fasching\/index.php?rest_route=\/wp\/v2\/types\/page"}],"author":[{"embeddable":true,"href":"https:\/\/www.starkenberg.info\/Fasching\/index.php?rest_route=\/wp\/v2\/users\/1"}],"replies":[{"embeddable":true,"href":"https:\/\/www.starkenberg.info\/Fasching\/index.php?rest_route=%2Fwp%2Fv2%2Fcomments&post=42"}],"version-history":[{"count":29,"href":"https:\/\/www.starkenberg.info\/Fasching\/index.php?rest_route=\/wp\/v2\/pages\/42\/revisions"}],"predecessor-version":[{"id":382,"href":"https:\/\/www.starkenberg.info\/Fasching\/index.php?rest_route=\/wp\/v2\/pages\/42\/revisions\/382"}],"wp:attachment":[{"href":"https:\/\/www.starkenberg.info\/Fasching\/index.php?rest_route=%2Fwp%2Fv2%2Fmedia&parent=42"}],"curies":[{"name":"wp","href":"https:\/\/api.w.org\/{rel}","templated":true}]}}