{"id":49,"date":"2011-01-26T14:04:32","date_gmt":"2011-01-26T13:04:32","guid":{"rendered":"http:\/\/www.starkenberg.info\/Fasching\/?page_id=49"},"modified":"2024-12-01T15:43:00","modified_gmt":"2024-12-01T14:43:00","slug":"impressum","status":"publish","type":"page","link":"https:\/\/www.starkenberg.info\/Fasching\/?page_id=49","title":{"rendered":"Impressum"},"content":{"rendered":"<p><strong><span style=\"text-decoration: underline;\">Betreiber:<\/span><br \/>\n1. Starkenberger Faschingsgesellschaft<\/strong><br \/>\n<strong>Ronny Skodell<br \/>\n<\/strong>Lange Stra\u00dfe 13<br \/>\n04617 Starkenberg OT Kostitz<\/p>\n<p><strong>Gestaltung des Internetauftritts der 1. SFG<\/strong>:<br \/>\n<strong>Ronny Skodell<\/strong><br \/>\nLange Stra\u00dfe 13<br \/>\n04617 Starkenberg OT Kostitz<br \/>\n<a href=\"mailto:ronnyskodell@web.de\">RonnySkodell@web.de<\/a><\/p>\n<p><strong><span style=\"text-decoration: underline;\">Programmierung, Satz und Gestaltung:<\/span><br \/>\n<\/strong><strong>Tino Kunzemann<br \/>\n<\/strong>D\u00f6lziger Weg 1a<br \/>\n04617 Starkenberg<br \/>\n<a href=\"mailto:TinoKunzemann@Starkenberg.info\">TinoKunzemann@Starkenberg.info<\/a><\/p>\n<p>&nbsp;<\/p>\n","protected":false},"excerpt":{"rendered":"<p>Betreiber: 1. Starkenberger Faschingsgesellschaft Ronny Skodell Lange Stra\u00dfe 13 04617 Starkenberg OT Kostitz Gestaltung des Internetauftritts der 1. SFG: Ronny Skodell Lange Stra\u00dfe 13 04617 Starkenberg OT Kostitz RonnySkodell@web.de Programmierung, Satz und Gestaltung: Tino Kunzemann D\u00f6lziger Weg 1a 04617 Starkenberg&#8230;<\/p>\n","protected":false},"author":1,"featured_media":0,"parent":0,"menu_order":0,"comment_status":"closed","ping_status":"closed","template":"","meta":{"ngg_post_thumbnail":0,"footnotes":""},"class_list":["post-49","page","type-page","status-publish","hentry"],"_links":{"self":[{"href":"https:\/\/www.starkenberg.info\/Fasching\/index.php?rest_route=\/wp\/v2\/pages\/49","targetHints":{"allow":["GET"]}}],"collection":[{"href":"https:\/\/www.starkenberg.info\/Fasching\/index.php?rest_route=\/wp\/v2\/pages"}],"about":[{"href":"https:\/\/www.starkenberg.info\/Fasching\/index.php?rest_route=\/wp\/v2\/types\/page"}],"author":[{"embeddable":true,"href":"https:\/\/www.starkenberg.info\/Fasching\/index.php?rest_route=\/wp\/v2\/users\/1"}],"replies":[{"embeddable":true,"href":"https:\/\/www.starkenberg.info\/Fasching\/index.php?rest_route=%2Fwp%2Fv2%2Fcomments&post=49"}],"version-history":[{"count":23,"href":"https:\/\/www.starkenberg.info\/Fasching\/index.php?rest_route=\/wp\/v2\/pages\/49\/revisions"}],"predecessor-version":[{"id":11377,"href":"https:\/\/www.starkenberg.info\/Fasching\/index.php?rest_route=\/wp\/v2\/pages\/49\/revisions\/11377"}],"wp:attachment":[{"href":"https:\/\/www.starkenberg.info\/Fasching\/index.php?rest_route=%2Fwp%2Fv2%2Fmedia&parent=49"}],"curies":[{"name":"wp","href":"https:\/\/api.w.org\/{rel}","templated":true}]}}