{"id":7,"date":"2011-01-26T11:50:49","date_gmt":"2011-01-26T11:50:49","guid":{"rendered":"http:\/\/www.starkenberg.info\/Fasching\/?page_id=7"},"modified":"2024-12-01T15:34:15","modified_gmt":"2024-12-01T14:34:15","slug":"vorstand","status":"publish","type":"page","link":"https:\/\/www.starkenberg.info\/Fasching\/?page_id=7","title":{"rendered":"Vorstand"},"content":{"rendered":"<p><span style=\"text-decoration: underline;\"><strong>Gesch\u00e4ftsf\u00fchrender Vorstand<\/strong><\/span><\/p>\n<ul>\n<li style=\"text-align: center;\"><strong>Pr\u00e4sident<\/strong>: Ronny Skodell<\/li>\n<li style=\"text-align: center;\"><strong>Vize-Pr\u00e4sident: <\/strong>Mirko Kresse<\/li>\n<li style=\"text-align: center;\"><strong>Schatzmeisterin:<\/strong> Alix Brinkmann<\/li>\n<li style=\"text-align: center;\"><strong>Schriftf\u00fchrerin: <\/strong>Isabelle Koudele<\/li>\n<li style=\"text-align: center;\"><strong>Beisitzer:<\/strong> Jonas Kochan<\/li>\n<\/ul>\n\n\n<p><\/p>\n","protected":false},"excerpt":{"rendered":"<p>Gesch\u00e4ftsf\u00fchrender Vorstand Pr\u00e4sident: Ronny Skodell Vize-Pr\u00e4sident: Mirko Kresse Schatzmeisterin: Alix Brinkmann Schriftf\u00fchrerin: Isabelle Koudele Beisitzer: Jonas Kochan<\/p>\n","protected":false},"author":1,"featured_media":0,"parent":0,"menu_order":0,"comment_status":"closed","ping_status":"closed","template":"","meta":{"ngg_post_thumbnail":0,"footnotes":""},"class_list":["post-7","page","type-page","status-publish","hentry"],"_links":{"self":[{"href":"https:\/\/www.starkenberg.info\/Fasching\/index.php?rest_route=\/wp\/v2\/pages\/7","targetHints":{"allow":["GET"]}}],"collection":[{"href":"https:\/\/www.starkenberg.info\/Fasching\/index.php?rest_route=\/wp\/v2\/pages"}],"about":[{"href":"https:\/\/www.starkenberg.info\/Fasching\/index.php?rest_route=\/wp\/v2\/types\/page"}],"author":[{"embeddable":true,"href":"https:\/\/www.starkenberg.info\/Fasching\/index.php?rest_route=\/wp\/v2\/users\/1"}],"replies":[{"embeddable":true,"href":"https:\/\/www.starkenberg.info\/Fasching\/index.php?rest_route=%2Fwp%2Fv2%2Fcomments&post=7"}],"version-history":[{"count":36,"href":"https:\/\/www.starkenberg.info\/Fasching\/index.php?rest_route=\/wp\/v2\/pages\/7\/revisions"}],"predecessor-version":[{"id":11369,"href":"https:\/\/www.starkenberg.info\/Fasching\/index.php?rest_route=\/wp\/v2\/pages\/7\/revisions\/11369"}],"wp:attachment":[{"href":"https:\/\/www.starkenberg.info\/Fasching\/index.php?rest_route=%2Fwp%2Fv2%2Fmedia&parent=7"}],"curies":[{"name":"wp","href":"https:\/\/api.w.org\/{rel}","templated":true}]}}