{"id":824,"date":"2013-02-13T01:13:20","date_gmt":"2013-02-13T00:13:20","guid":{"rendered":"http:\/\/www.starkenberg.info\/Fasching\/?page_id=824"},"modified":"2013-02-14T01:10:30","modified_gmt":"2013-02-14T00:10:30","slug":"1-sfg-zu-gast-in-gohren","status":"publish","type":"page","link":"https:\/\/www.starkenberg.info\/Fasching\/?page_id=824","title":{"rendered":"1. SFG zu Gast in G\u00f6hren"},"content":{"rendered":"<p><strong>Gastauftritt in G\u00f6hren<\/strong><\/p>\n<h4>Am 02.02.2013 war die 1. Starkenberger Faschingsgesellschaft, im Gasthof G\u00f6hren, zum Hauptfasching eingeladen um dort ihr Programm vorzuf\u00fchren.<\/h4>\n<h4>Auch das G\u00f6hrener Publikum war begeistert von unseren Funkengarden, den Sketchen und T\u00e4nzen des Elferates sowie dem bunten Rahmenprogramm des Gastgebers.<\/h4>\n<h4>Um einen Eindruck zu gewinnen zeigen wir hier mal noch ein paar Bilder:<em><\/em><\/h4>\nngg_shortcode_0_placeholder\n","protected":false},"excerpt":{"rendered":"<p>Gastauftritt in G\u00f6hren Am 02.02.2013 war die 1. Starkenberger Faschingsgesellschaft, im Gasthof G\u00f6hren, zum Hauptfasching eingeladen um dort ihr Programm vorzuf\u00fchren. Auch das G\u00f6hrener Publikum war begeistert von unseren Funkengarden, den Sketchen und T\u00e4nzen des Elferates sowie dem bunten Rahmenprogramm&#8230;<\/p>\n","protected":false},"author":1,"featured_media":0,"parent":55,"menu_order":0,"comment_status":"closed","ping_status":"closed","template":"","meta":{"ngg_post_thumbnail":0,"footnotes":""},"class_list":["post-824","page","type-page","status-publish","hentry"],"_links":{"self":[{"href":"https:\/\/www.starkenberg.info\/Fasching\/index.php?rest_route=\/wp\/v2\/pages\/824","targetHints":{"allow":["GET"]}}],"collection":[{"href":"https:\/\/www.starkenberg.info\/Fasching\/index.php?rest_route=\/wp\/v2\/pages"}],"about":[{"href":"https:\/\/www.starkenberg.info\/Fasching\/index.php?rest_route=\/wp\/v2\/types\/page"}],"author":[{"embeddable":true,"href":"https:\/\/www.starkenberg.info\/Fasching\/index.php?rest_route=\/wp\/v2\/users\/1"}],"replies":[{"embeddable":true,"href":"https:\/\/www.starkenberg.info\/Fasching\/index.php?rest_route=%2Fwp%2Fv2%2Fcomments&post=824"}],"version-history":[{"count":9,"href":"https:\/\/www.starkenberg.info\/Fasching\/index.php?rest_route=\/wp\/v2\/pages\/824\/revisions"}],"predecessor-version":[{"id":831,"href":"https:\/\/www.starkenberg.info\/Fasching\/index.php?rest_route=\/wp\/v2\/pages\/824\/revisions\/831"}],"up":[{"embeddable":true,"href":"https:\/\/www.starkenberg.info\/Fasching\/index.php?rest_route=\/wp\/v2\/pages\/55"}],"wp:attachment":[{"href":"https:\/\/www.starkenberg.info\/Fasching\/index.php?rest_route=%2Fwp%2Fv2%2Fmedia&parent=824"}],"curies":[{"name":"wp","href":"https:\/\/api.w.org\/{rel}","templated":true}]}}