{"id":884,"date":"2013-02-18T17:30:12","date_gmt":"2013-02-18T16:30:12","guid":{"rendered":"http:\/\/www.starkenberg.info\/Fasching\/?page_id=884"},"modified":"2013-09-25T01:06:45","modified_gmt":"2013-09-25T00:06:45","slug":"the-sgs-beim-pegauer-jugendfasching","status":"publish","type":"page","link":"https:\/\/www.starkenberg.info\/Fasching\/?page_id=884","title":{"rendered":"The SG&#8217;s beim Pegauer Jugendfasching"},"content":{"rendered":"<p><b>The SG\u00b4s beim Pegauer Jugendfasching<\/b><\/p>\n<p>Am 08.02.2013 hatte die gro\u00dfe Funkengarde der 1. Starkenberger Faschingsgellschaft die\u00a0 Ehre, beim gro\u00dfen Jugendfasching in Pegau mit ihrem Showtanz \u201eMichael Jackson\u201c <a href=\"https:\/\/www.starkenberg.info\/Fasching\/wp-content\/uploads\/2013\/09\/Bild-1.jpg\" rel=\"lightbox[884]\"><img loading=\"lazy\" decoding=\"async\" class=\"wp-image-939 alignleft\" alt=\"Bild 1\" src=\"https:\/\/www.starkenberg.info\/Fasching\/wp-content\/uploads\/2013\/09\/Bild-1.jpg\" width=\"288\" height=\"192\" srcset=\"https:\/\/www.starkenberg.info\/Fasching\/wp-content\/uploads\/2013\/09\/Bild-1.jpg 800w, https:\/\/www.starkenberg.info\/Fasching\/wp-content\/uploads\/2013\/09\/Bild-1-300x199.jpg 300w\" sizes=\"auto, (max-width: 288px) 100vw, 288px\" \/><\/a>aufzutreten.<\/p>\n<p>Schon im November 2012 haben wir bei den ersten Pegauer Tanztagen unseren Gardetanz und einen Showtanz \u00a0pr\u00e4sentiert. Hierbei kam unser Tanzmedley von Michael Jackson bei den Pegauern so gut an, dass sie uns f\u00fcr den Jugendfasching einluden. Gern nahmen wir die Einladung an und bereiteten uns f\u00fcr den gro\u00dfen Auftritt vor. Die Trainingsstunden haben sich gelohnt. Wir bekamen von dem Publikum gute R\u00fcckmeldungen. Die Stimmung in der Schlosshalle war bombastisch. <a href=\"https:\/\/www.starkenberg.info\/Fasching\/wp-content\/uploads\/2013\/09\/Bild-4.jpg\" rel=\"lightbox[884]\"><img loading=\"lazy\" decoding=\"async\" class=\" wp-image-940 alignright\" alt=\"Bild 4\" src=\"https:\/\/www.starkenberg.info\/Fasching\/wp-content\/uploads\/2013\/09\/Bild-4.jpg\" width=\"288\" height=\"192\" srcset=\"https:\/\/www.starkenberg.info\/Fasching\/wp-content\/uploads\/2013\/09\/Bild-4.jpg 800w, https:\/\/www.starkenberg.info\/Fasching\/wp-content\/uploads\/2013\/09\/Bild-4-300x199.jpg 300w\" sizes=\"auto, (max-width: 288px) 100vw, 288px\" \/><\/a><\/p>\n<p>Die etwa 1500 Zuschauer waren gut in Faschingslaune und feierten die ganze Nacht. Neben uns und den Pegauern Karnevalisten gestalteten noch viele andere Vereine aus dem Umkreis Leipzig, das Programm mit T\u00e4nzen aus. Es war f\u00fcr uns eine wundervolle Erfahrung vor so einem gro\u00dfen Publikum zu tanzen und wir freuen uns schon jetzt auf die n\u00e4chste Faschingssession.<\/p>\n<p><b>\u00a0<\/b><\/p>\n<p><b>The SG\u00b4s\u00a0\u00a0 <\/b><\/p>\n","protected":false},"excerpt":{"rendered":"<p>The SG\u00b4s beim Pegauer Jugendfasching Am 08.02.2013 hatte die gro\u00dfe Funkengarde der 1. Starkenberger Faschingsgellschaft die\u00a0 Ehre, beim gro\u00dfen Jugendfasching in Pegau mit ihrem Showtanz \u201eMichael Jackson\u201c aufzutreten. Schon im November 2012 haben wir bei den ersten Pegauer Tanztagen unseren&#8230;<\/p>\n","protected":false},"author":3,"featured_media":0,"parent":0,"menu_order":0,"comment_status":"closed","ping_status":"closed","template":"","meta":{"ngg_post_thumbnail":0,"footnotes":""},"class_list":["post-884","page","type-page","status-publish","hentry"],"_links":{"self":[{"href":"https:\/\/www.starkenberg.info\/Fasching\/index.php?rest_route=\/wp\/v2\/pages\/884","targetHints":{"allow":["GET"]}}],"collection":[{"href":"https:\/\/www.starkenberg.info\/Fasching\/index.php?rest_route=\/wp\/v2\/pages"}],"about":[{"href":"https:\/\/www.starkenberg.info\/Fasching\/index.php?rest_route=\/wp\/v2\/types\/page"}],"author":[{"embeddable":true,"href":"https:\/\/www.starkenberg.info\/Fasching\/index.php?rest_route=\/wp\/v2\/users\/3"}],"replies":[{"embeddable":true,"href":"https:\/\/www.starkenberg.info\/Fasching\/index.php?rest_route=%2Fwp%2Fv2%2Fcomments&post=884"}],"version-history":[{"count":4,"href":"https:\/\/www.starkenberg.info\/Fasching\/index.php?rest_route=\/wp\/v2\/pages\/884\/revisions"}],"predecessor-version":[{"id":941,"href":"https:\/\/www.starkenberg.info\/Fasching\/index.php?rest_route=\/wp\/v2\/pages\/884\/revisions\/941"}],"wp:attachment":[{"href":"https:\/\/www.starkenberg.info\/Fasching\/index.php?rest_route=%2Fwp%2Fv2%2Fmedia&parent=884"}],"curies":[{"name":"wp","href":"https:\/\/api.w.org\/{rel}","templated":true}]}}