{"id":1044,"date":"2011-07-28T10:47:52","date_gmt":"2011-07-28T10:47:52","guid":{"rendered":"http:\/\/www.starkenberg.info\/_WP\/?page_id=1044"},"modified":"2021-03-03T09:11:38","modified_gmt":"2021-03-03T09:11:38","slug":"misselwitz","status":"publish","type":"page","link":"https:\/\/www.starkenberg.info\/?page_id=1044","title":{"rendered":"Misselwitz"},"content":{"rendered":"<p style=\"text-align: center;\"><span style=\"text-decoration: underline;\"><strong>Misselwitz<\/strong><\/span> (13 Einwohner)<span style=\"text-decoration: underline;\"><strong><br \/>\n<\/strong><\/span><\/p>\n<p><a class=\"thickbox\" title=\"PICT2038\" href=\"https:\/\/www.starkenberg.info\/_WP\/wp-content\/uploads\/2011\/07\/PICT2038.jpg\" rel=\"same-post-1044\"><img loading=\"lazy\" decoding=\"async\" class=\"size-thumbnail wp-image-1047 alignleft\" title=\"PICT2038\" src=\"https:\/\/www.starkenberg.info\/_WP\/wp-content\/uploads\/2011\/07\/PICT2038-100x68.jpg\" alt=\"\" width=\"100\" height=\"68\" srcset=\"https:\/\/www.starkenberg.info\/_WP\/wp-content\/uploads\/2011\/07\/PICT2038-100x68.jpg 100w, https:\/\/www.starkenberg.info\/_WP\/wp-content\/uploads\/2011\/07\/PICT2038-300x206.jpg 300w, https:\/\/www.starkenberg.info\/_WP\/wp-content\/uploads\/2011\/07\/PICT2038.jpg 800w\" sizes=\"auto, (max-width: 100px) 100vw, 100px\" \/><\/a>Der Ort\u00a0 Misselwitz wurde etwas sp\u00e4ter im Jahre 1181 erstmals schriftlich als \u201eMutzlenwiz\u201c erw\u00e4hnt. Anfangs gibt es in Misselwitz\u00a0 blo\u00df\u00a0 4 bewohnte H\u00e4user, darunter 2 Bauerng\u00fctern und hat 21 Einwohner in 4 Familien. 1445 waren bereits 4 besetzte H\u00f6fe hier. 1583 nur noch 3 mit 30 Einwohnern und 1840 wieder 4 mit 32 Einwohnern.<\/p>\n<p><a class=\"thickbox\" title=\"Dsci1134\" href=\"https:\/\/www.starkenberg.info\/_WP\/wp-content\/uploads\/2011\/07\/Dsci1134.jpg\" rel=\"same-post-1044\"><img loading=\"lazy\" decoding=\"async\" class=\"alignleft size-thumbnail wp-image-1058\" title=\"Dsci1134\" src=\"https:\/\/www.starkenberg.info\/_WP\/wp-content\/uploads\/2011\/07\/Dsci1134-100x74.jpg\" alt=\"\" width=\"100\" height=\"74\" srcset=\"https:\/\/www.starkenberg.info\/_WP\/wp-content\/uploads\/2011\/07\/Dsci1134-100x74.jpg 100w, https:\/\/www.starkenberg.info\/_WP\/wp-content\/uploads\/2011\/07\/Dsci1134-300x224.jpg 300w, https:\/\/www.starkenberg.info\/_WP\/wp-content\/uploads\/2011\/07\/Dsci1134.jpg 800w\" sizes=\"auto, (max-width: 100px) 100vw, 100px\" \/><\/a>Das Dorf ist auch eine slawische Gr\u00fcndung und der Name eine Patronymikalform\u00a0 \u201eMuzels\u201c oder \u201eMissels\u201c\u00a0\u00a0 =&gt;\u00a0 Familie bedeutend.<\/p>\n<p>&nbsp;<\/p>\n<p>&nbsp;<\/p>\n<p><a class=\"thickbox\" title=\"PICT2043\" href=\"https:\/\/www.starkenberg.info\/_WP\/wp-content\/uploads\/2011\/07\/PICT2043.jpg\" rel=\"same-post-1044\"><img loading=\"lazy\" decoding=\"async\" class=\"aligncenter size-thumbnail wp-image-1045\" title=\"PICT2043\" src=\"https:\/\/www.starkenberg.info\/_WP\/wp-content\/uploads\/2011\/07\/PICT2043-100x66.jpg\" alt=\"\" width=\"100\" height=\"66\" srcset=\"https:\/\/www.starkenberg.info\/_WP\/wp-content\/uploads\/2011\/07\/PICT2043-100x66.jpg 100w, https:\/\/www.starkenberg.info\/_WP\/wp-content\/uploads\/2011\/07\/PICT2043-300x199.jpg 300w, https:\/\/www.starkenberg.info\/_WP\/wp-content\/uploads\/2011\/07\/PICT2043.jpg 800w\" sizes=\"auto, (max-width: 100px) 100vw, 100px\" \/><\/a><\/p>\n","protected":false},"excerpt":{"rendered":"<p>Misselwitz (13 Einwohner) Der Ort\u00a0 Misselwitz wurde etwas sp\u00e4ter im Jahre 1181 erstmals schriftlich als \u201eMutzlenwiz\u201c erw\u00e4hnt. Anfangs gibt es&#8230;<\/p>\n","protected":false},"author":1,"featured_media":0,"parent":0,"menu_order":0,"comment_status":"closed","ping_status":"closed","template":"page-template\/page-with-right-sidebar.php","meta":{"ngg_post_thumbnail":0,"footnotes":""},"class_list":["post-1044","page","type-page","status-publish","hentry"],"_links":{"self":[{"href":"https:\/\/www.starkenberg.info\/index.php?rest_route=\/wp\/v2\/pages\/1044","targetHints":{"allow":["GET"]}}],"collection":[{"href":"https:\/\/www.starkenberg.info\/index.php?rest_route=\/wp\/v2\/pages"}],"about":[{"href":"https:\/\/www.starkenberg.info\/index.php?rest_route=\/wp\/v2\/types\/page"}],"author":[{"embeddable":true,"href":"https:\/\/www.starkenberg.info\/index.php?rest_route=\/wp\/v2\/users\/1"}],"replies":[{"embeddable":true,"href":"https:\/\/www.starkenberg.info\/index.php?rest_route=%2Fwp%2Fv2%2Fcomments&post=1044"}],"version-history":[{"count":6,"href":"https:\/\/www.starkenberg.info\/index.php?rest_route=\/wp\/v2\/pages\/1044\/revisions"}],"predecessor-version":[{"id":7852,"href":"https:\/\/www.starkenberg.info\/index.php?rest_route=\/wp\/v2\/pages\/1044\/revisions\/7852"}],"wp:attachment":[{"href":"https:\/\/www.starkenberg.info\/index.php?rest_route=%2Fwp%2Fv2%2Fmedia&parent=1044"}],"curies":[{"name":"wp","href":"https:\/\/api.w.org\/{rel}","templated":true}]}}