{"id":1051,"date":"2011-07-28T10:51:52","date_gmt":"2011-07-28T10:51:52","guid":{"rendered":"http:\/\/www.starkenberg.info\/_WP\/?page_id=1051"},"modified":"2021-03-03T09:11:38","modified_gmt":"2021-03-03T09:11:38","slug":"kreutzen","status":"publish","type":"page","link":"https:\/\/www.starkenberg.info\/?page_id=1051","title":{"rendered":"Kreutzen"},"content":{"rendered":"<p style=\"text-align: center;\"><strong>Kreutzen<\/strong> (14 Einwohner)<\/p>\n<p><a class=\"thickbox\" title=\"PICT2040\" href=\"https:\/\/www.starkenberg.info\/_WP\/wp-content\/uploads\/2011\/07\/PICT2040.jpg\" rel=\"same-post-1051\"><img loading=\"lazy\" decoding=\"async\" class=\"alignleft size-thumbnail wp-image-1053\" title=\"PICT2040\" src=\"https:\/\/www.starkenberg.info\/_WP\/wp-content\/uploads\/2011\/07\/PICT2040-100x66.jpg\" alt=\"\" width=\"100\" height=\"66\" srcset=\"https:\/\/www.starkenberg.info\/_WP\/wp-content\/uploads\/2011\/07\/PICT2040-100x66.jpg 100w, https:\/\/www.starkenberg.info\/_WP\/wp-content\/uploads\/2011\/07\/PICT2040-300x199.jpg 300w, https:\/\/www.starkenberg.info\/_WP\/wp-content\/uploads\/2011\/07\/PICT2040.jpg 800w\" sizes=\"auto, (max-width: 100px) 100vw, 100px\" \/><\/a>Kreutzen und Misselwitz liegen hintereinander an der Landesstra\u00dfe 1361 und sind 1 km von Starkenberg und 11 km von Altenburg entfernt.\u00a0\u00a0 Der kleine Ort <strong>Kreutzen (\u201eder Schrei\u201c)<\/strong> liegt am Gerstenbach. Die Ersterw\u00e4hnung ist um <strong>1180<\/strong>. Im Jahre 1445\u00a0 hat Kriezen 2 besetzte H\u00f6fe,\u00a0 1580 sind es 36 Einwohner und 1880 werden hier 6 H\u00e4user (darunter 3 Bauern, ein Handgut und eine M\u00fchle) gez\u00e4hlt mit 37 Einwohnern in 6 Familien.<\/p>\n<p><a class=\"thickbox\" title=\"PICT2043\" href=\"https:\/\/www.starkenberg.info\/_WP\/wp-content\/uploads\/2011\/07\/PICT20431.jpg\" rel=\"same-post-1051\"><img loading=\"lazy\" decoding=\"async\" class=\"alignleft size-thumbnail wp-image-1052\" title=\"PICT2043\" src=\"https:\/\/www.starkenberg.info\/_WP\/wp-content\/uploads\/2011\/07\/PICT20431-100x66.jpg\" alt=\"\" width=\"100\" height=\"66\" srcset=\"https:\/\/www.starkenberg.info\/_WP\/wp-content\/uploads\/2011\/07\/PICT20431-100x66.jpg 100w, https:\/\/www.starkenberg.info\/_WP\/wp-content\/uploads\/2011\/07\/PICT20431-300x199.jpg 300w, https:\/\/www.starkenberg.info\/_WP\/wp-content\/uploads\/2011\/07\/PICT20431.jpg 800w\" sizes=\"auto, (max-width: 100px) 100vw, 100px\" \/><\/a>Die Besitzungen und Zinsen, welche das Bergkloster hier in (Kreytzenn, Kritzen) hatte, r\u00fchrten teils aus dem Jahre 1388, wo der Probst dieses Klosters, Johann von Bresen, die G\u00fcter Dietrichs von Kreutzen gekauft hatte. Im Jahre 1445 hatte Kriezen 2 besetzte H\u00f6fe und eine M\u00fchle.\u00a0 Die M\u00fchle war der Kirche zu Tegkwitz zinsverpflichtet. Ohne Zweifel hatte sich das Plei\u00dfnischen Geschlecht von Kreutzen diesem Dorfe verschrieben, wo noch im Jahr 1388 Dietrich von Kreutzen, welcher mit seinem Bruder Heinrich schon 1360 vorkommt, hier gelebt hat. Die Familie hatte ihr Erbbegr\u00e4bnis hier im Chor der Kirche des Bergklosters, wo Dietrich 1280 starb, begraben.<\/p>\n","protected":false},"excerpt":{"rendered":"<p>Kreutzen (14 Einwohner) Kreutzen und Misselwitz liegen hintereinander an der Landesstra\u00dfe 1361 und sind 1 km von Starkenberg und 11&#8230;<\/p>\n","protected":false},"author":1,"featured_media":0,"parent":0,"menu_order":0,"comment_status":"closed","ping_status":"closed","template":"page-template\/page-with-right-sidebar.php","meta":{"ngg_post_thumbnail":0,"footnotes":""},"class_list":["post-1051","page","type-page","status-publish","hentry"],"_links":{"self":[{"href":"https:\/\/www.starkenberg.info\/index.php?rest_route=\/wp\/v2\/pages\/1051","targetHints":{"allow":["GET"]}}],"collection":[{"href":"https:\/\/www.starkenberg.info\/index.php?rest_route=\/wp\/v2\/pages"}],"about":[{"href":"https:\/\/www.starkenberg.info\/index.php?rest_route=\/wp\/v2\/types\/page"}],"author":[{"embeddable":true,"href":"https:\/\/www.starkenberg.info\/index.php?rest_route=\/wp\/v2\/users\/1"}],"replies":[{"embeddable":true,"href":"https:\/\/www.starkenberg.info\/index.php?rest_route=%2Fwp%2Fv2%2Fcomments&post=1051"}],"version-history":[{"count":3,"href":"https:\/\/www.starkenberg.info\/index.php?rest_route=\/wp\/v2\/pages\/1051\/revisions"}],"predecessor-version":[{"id":7845,"href":"https:\/\/www.starkenberg.info\/index.php?rest_route=\/wp\/v2\/pages\/1051\/revisions\/7845"}],"wp:attachment":[{"href":"https:\/\/www.starkenberg.info\/index.php?rest_route=%2Fwp%2Fv2%2Fmedia&parent=1051"}],"curies":[{"name":"wp","href":"https:\/\/api.w.org\/{rel}","templated":true}]}}