{"id":1063,"date":"2011-07-29T06:41:55","date_gmt":"2011-07-29T06:41:55","guid":{"rendered":"http:\/\/www.starkenberg.info\/_WP\/?page_id=1063"},"modified":"2021-03-03T09:11:11","modified_gmt":"2021-03-03T09:11:11","slug":"dolzig","status":"publish","type":"page","link":"https:\/\/www.starkenberg.info\/?page_id=1063","title":{"rendered":"D\u00f6lzig"},"content":{"rendered":"<p><strong><span style=\"text-decoration: underline;\">D\u00f6lzig<\/span><\/strong> (33 Einwohner)<\/p>\n<p><a class=\"thickbox\" title=\"PICT 106\" href=\"https:\/\/www.starkenberg.info\/_WP\/wp-content\/uploads\/2011\/07\/PICT-106.jpg\" rel=\"same-post-1063\"><img loading=\"lazy\" decoding=\"async\" class=\"alignleft size-thumbnail wp-image-1119\" title=\"PICT 106\" src=\"https:\/\/www.starkenberg.info\/_WP\/wp-content\/uploads\/2011\/07\/PICT-106-100x66.jpg\" alt=\"\" width=\"100\" height=\"66\" srcset=\"https:\/\/www.starkenberg.info\/_WP\/wp-content\/uploads\/2011\/07\/PICT-106-100x66.jpg 100w, https:\/\/www.starkenberg.info\/_WP\/wp-content\/uploads\/2011\/07\/PICT-106-300x199.jpg 300w, https:\/\/www.starkenberg.info\/_WP\/wp-content\/uploads\/2011\/07\/PICT-106.jpg 800w\" sizes=\"auto, (max-width: 100px) 100vw, 100px\" \/><\/a>D\u00f6lzig liegt 1 km von Starkenberg und 12 km von Altenburg entfernt. Erw\u00e4hnt wurde D\u00f6lzig erstmals 1181. Bereits 1880 gibt es in D\u00f6lzig 5 H\u00e4user und ebenso viel Familien und 37 Einwohner.<\/p>\n<p>&nbsp;<\/p>\n<p><a class=\"thickbox\" title=\"Lbild5\" href=\"https:\/\/www.starkenberg.info\/_WP\/wp-content\/uploads\/2011\/07\/Lbild5.jpg\" rel=\"same-post-1063\"><img loading=\"lazy\" decoding=\"async\" class=\"alignleft size-thumbnail wp-image-1118\" title=\"Lbild5\" src=\"https:\/\/www.starkenberg.info\/_WP\/wp-content\/uploads\/2011\/07\/Lbild5-100x62.jpg\" alt=\"\" width=\"100\" height=\"62\" srcset=\"https:\/\/www.starkenberg.info\/_WP\/wp-content\/uploads\/2011\/07\/Lbild5-100x62.jpg 100w, https:\/\/www.starkenberg.info\/_WP\/wp-content\/uploads\/2011\/07\/Lbild5-300x188.jpg 300w, https:\/\/www.starkenberg.info\/_WP\/wp-content\/uploads\/2011\/07\/Lbild5.jpg 640w\" sizes=\"auto, (max-width: 100px) 100vw, 100px\" \/><\/a>Der slawische Name des Dorfes wird von <strong>dol d,i, Tal<\/strong> abgeleitet. 1583 werden 2 Bauernh\u00f6fe und eine M\u00fchle mit 25 Einwohnern angef\u00fchrt. Die 2 H\u00e4user \u00fcber den G\u00fctern soll 1624 Pfarrer Tauchwitz zu Monstab, welcher damals die M\u00fchle besa\u00df, zur Wohnung f\u00fcr Arbeiter erbaut haben. 1836 wurde D\u00f6lzig aus Dobitschen ausgepfarrt und 1840 nach Mehna eingepfarrt.<\/p>\n<p><a class=\"thickbox\" title=\"RV Gerstenbachtal 7\" href=\"https:\/\/www.starkenberg.info\/_WP\/wp-content\/uploads\/2011\/07\/RV-Gerstenbachtal-7.jpg\" rel=\"same-post-1063\"><img loading=\"lazy\" decoding=\"async\" class=\"size-thumbnail wp-image-1120 alignright\" title=\"RV Gerstenbachtal 7\" src=\"https:\/\/www.starkenberg.info\/_WP\/wp-content\/uploads\/2011\/07\/RV-Gerstenbachtal-7-100x78.jpg\" alt=\"\" width=\"100\" height=\"78\" srcset=\"https:\/\/www.starkenberg.info\/_WP\/wp-content\/uploads\/2011\/07\/RV-Gerstenbachtal-7-100x78.jpg 100w, https:\/\/www.starkenberg.info\/_WP\/wp-content\/uploads\/2011\/07\/RV-Gerstenbachtal-7-300x236.jpg 300w, https:\/\/www.starkenberg.info\/_WP\/wp-content\/uploads\/2011\/07\/RV-Gerstenbachtal-7.jpg 800w\" sizes=\"auto, (max-width: 100px) 100vw, 100px\" \/><\/a><\/p>\n<p><a class=\"thickbox\" title=\"RV Gerstenbachtal\" href=\"https:\/\/www.starkenberg.info\/_WP\/wp-content\/uploads\/2011\/07\/RV-Gerstenbachtal.jpg\" rel=\"same-post-1063\"><img loading=\"lazy\" decoding=\"async\" class=\"alignleft size-thumbnail wp-image-1121\" title=\"RV Gerstenbachtal\" src=\"https:\/\/www.starkenberg.info\/_WP\/wp-content\/uploads\/2011\/07\/RV-Gerstenbachtal-100x84.jpg\" alt=\"\" width=\"100\" height=\"84\" srcset=\"https:\/\/www.starkenberg.info\/_WP\/wp-content\/uploads\/2011\/07\/RV-Gerstenbachtal-100x84.jpg 100w, https:\/\/www.starkenberg.info\/_WP\/wp-content\/uploads\/2011\/07\/RV-Gerstenbachtal-300x252.jpg 300w, https:\/\/www.starkenberg.info\/_WP\/wp-content\/uploads\/2011\/07\/RV-Gerstenbachtal.jpg 713w\" sizes=\"auto, (max-width: 100px) 100vw, 100px\" \/><\/a>Im Ort D\u00f6lzig hat der Reitverein &#8222;Gerstenbachtal&#8220; e.V. sein Domizil.<\/p>\n<p>&nbsp;<\/p>\n<p>&nbsp;<\/p>\n<p><a class=\"thickbox\" title=\"Dsci0428\" href=\"https:\/\/www.starkenberg.info\/_WP\/wp-content\/uploads\/2011\/07\/Dsci0428.jpg\" rel=\"same-post-1063\"><img loading=\"lazy\" decoding=\"async\" class=\"aligncenter size-thumbnail wp-image-1116\" title=\"Dsci0428\" src=\"https:\/\/www.starkenberg.info\/_WP\/wp-content\/uploads\/2011\/07\/Dsci0428-100x74.jpg\" alt=\"\" width=\"100\" height=\"74\" srcset=\"https:\/\/www.starkenberg.info\/_WP\/wp-content\/uploads\/2011\/07\/Dsci0428-100x74.jpg 100w, https:\/\/www.starkenberg.info\/_WP\/wp-content\/uploads\/2011\/07\/Dsci0428-300x224.jpg 300w, https:\/\/www.starkenberg.info\/_WP\/wp-content\/uploads\/2011\/07\/Dsci0428.jpg 800w\" sizes=\"auto, (max-width: 100px) 100vw, 100px\" \/><\/a><a class=\"thickbox\" title=\"Dsci0427\" href=\"https:\/\/www.starkenberg.info\/_WP\/wp-content\/uploads\/2011\/07\/Dsci0427.jpg\" rel=\"same-post-1063\"><img loading=\"lazy\" decoding=\"async\" class=\"aligncenter size-thumbnail wp-image-1115\" title=\"Dsci0427\" src=\"https:\/\/www.starkenberg.info\/_WP\/wp-content\/uploads\/2011\/07\/Dsci0427-100x74.jpg\" alt=\"\" width=\"100\" height=\"74\" srcset=\"https:\/\/www.starkenberg.info\/_WP\/wp-content\/uploads\/2011\/07\/Dsci0427-100x74.jpg 100w, https:\/\/www.starkenberg.info\/_WP\/wp-content\/uploads\/2011\/07\/Dsci0427-300x224.jpg 300w, https:\/\/www.starkenberg.info\/_WP\/wp-content\/uploads\/2011\/07\/Dsci0427.jpg 800w\" sizes=\"auto, (max-width: 100px) 100vw, 100px\" \/><\/a><\/p>\n<p><a class=\"thickbox\" title=\"Dsci0433\" href=\"https:\/\/www.starkenberg.info\/_WP\/wp-content\/uploads\/2011\/07\/Dsci0433.jpg\" rel=\"same-post-1063\"><img loading=\"lazy\" decoding=\"async\" class=\"aligncenter size-thumbnail wp-image-1117\" title=\"Dsci0433\" src=\"https:\/\/www.starkenberg.info\/_WP\/wp-content\/uploads\/2011\/07\/Dsci0433-100x74.jpg\" alt=\"\" width=\"100\" height=\"74\" srcset=\"https:\/\/www.starkenberg.info\/_WP\/wp-content\/uploads\/2011\/07\/Dsci0433-100x74.jpg 100w, https:\/\/www.starkenberg.info\/_WP\/wp-content\/uploads\/2011\/07\/Dsci0433-300x224.jpg 300w, https:\/\/www.starkenberg.info\/_WP\/wp-content\/uploads\/2011\/07\/Dsci0433.jpg 800w\" sizes=\"auto, (max-width: 100px) 100vw, 100px\" \/><\/a><\/p>\n<pre><\/pre>\n","protected":false},"excerpt":{"rendered":"<p>D\u00f6lzig (33 Einwohner) D\u00f6lzig liegt 1 km von Starkenberg und 12 km von Altenburg entfernt. Erw\u00e4hnt wurde D\u00f6lzig erstmals 1181&#8230;.<\/p>\n","protected":false},"author":1,"featured_media":0,"parent":0,"menu_order":0,"comment_status":"closed","ping_status":"closed","template":"page-template\/page-with-right-sidebar.php","meta":{"ngg_post_thumbnail":0,"footnotes":""},"class_list":["post-1063","page","type-page","status-publish","hentry"],"_links":{"self":[{"href":"https:\/\/www.starkenberg.info\/index.php?rest_route=\/wp\/v2\/pages\/1063","targetHints":{"allow":["GET"]}}],"collection":[{"href":"https:\/\/www.starkenberg.info\/index.php?rest_route=\/wp\/v2\/pages"}],"about":[{"href":"https:\/\/www.starkenberg.info\/index.php?rest_route=\/wp\/v2\/types\/page"}],"author":[{"embeddable":true,"href":"https:\/\/www.starkenberg.info\/index.php?rest_route=\/wp\/v2\/users\/1"}],"replies":[{"embeddable":true,"href":"https:\/\/www.starkenberg.info\/index.php?rest_route=%2Fwp%2Fv2%2Fcomments&post=1063"}],"version-history":[{"count":6,"href":"https:\/\/www.starkenberg.info\/index.php?rest_route=\/wp\/v2\/pages\/1063\/revisions"}],"predecessor-version":[{"id":7826,"href":"https:\/\/www.starkenberg.info\/index.php?rest_route=\/wp\/v2\/pages\/1063\/revisions\/7826"}],"wp:attachment":[{"href":"https:\/\/www.starkenberg.info\/index.php?rest_route=%2Fwp%2Fv2%2Fmedia&parent=1063"}],"curies":[{"name":"wp","href":"https:\/\/api.w.org\/{rel}","templated":true}]}}