{"id":1065,"date":"2011-07-29T06:42:52","date_gmt":"2011-07-29T06:42:52","guid":{"rendered":"http:\/\/www.starkenberg.info\/_WP\/?page_id=1065"},"modified":"2021-03-03T09:11:38","modified_gmt":"2021-03-03T09:11:38","slug":"kleinroda","status":"publish","type":"page","link":"https:\/\/www.starkenberg.info\/?page_id=1065","title":{"rendered":"Kleinr\u00f6da"},"content":{"rendered":"<p style=\"text-align: center;\"><span style=\"text-decoration: underline;\"><strong>Kleinr\u00f6da<\/strong><\/span> (101 Einwohner)<\/p>\n<p><a class=\"thickbox\" title=\"PICT 046\" href=\"https:\/\/www.starkenberg.info\/_WP\/wp-content\/uploads\/2011\/07\/PICT-046.jpg\" rel=\"same-post-1065\"><img loading=\"lazy\" decoding=\"async\" class=\"alignleft size-thumbnail wp-image-1088\" title=\"PICT 046\" src=\"https:\/\/www.starkenberg.info\/_WP\/wp-content\/uploads\/2011\/07\/PICT-046-100x66.jpg\" alt=\"\" width=\"100\" height=\"66\" srcset=\"https:\/\/www.starkenberg.info\/_WP\/wp-content\/uploads\/2011\/07\/PICT-046-100x66.jpg 100w, https:\/\/www.starkenberg.info\/_WP\/wp-content\/uploads\/2011\/07\/PICT-046-300x199.jpg 300w, https:\/\/www.starkenberg.info\/_WP\/wp-content\/uploads\/2011\/07\/PICT-046.jpg 800w\" sizes=\"auto, (max-width: 100px) 100vw, 100px\" \/><\/a>Kleinr\u00f6da liegt 3 km von Starkenberg und 16 km von Altenburg entfernt. Es\u00a0 <a class=\"thickbox\" title=\"Dsc06513\" href=\"https:\/\/www.starkenberg.info\/_WP\/wp-content\/uploads\/2011\/07\/Dsc06513.jpg\" rel=\"same-post-1065\"><img loading=\"lazy\" decoding=\"async\" class=\"alignright size-thumbnail wp-image-1089\" title=\"Dsc06513\" src=\"https:\/\/www.starkenberg.info\/_WP\/wp-content\/uploads\/2011\/07\/Dsc06513-100x56.jpg\" alt=\"\" width=\"100\" height=\"56\" srcset=\"https:\/\/www.starkenberg.info\/_WP\/wp-content\/uploads\/2011\/07\/Dsc06513-100x56.jpg 100w, https:\/\/www.starkenberg.info\/_WP\/wp-content\/uploads\/2011\/07\/Dsc06513-300x169.jpg 300w, https:\/\/www.starkenberg.info\/_WP\/wp-content\/uploads\/2011\/07\/Dsc06513.jpg 800w\" sizes=\"auto, (max-width: 100px) 100vw, 100px\" \/><\/a>ist eines der j\u00fcngsten D\u00f6rfer des Landkreises Altenburger Land. Es ist eine sogenannte Neugr\u00fcndung. Zu Beginn des 18. Jahrhunderts (1703)\u00a0 vom derzeitigen Besitzer des Rittergutes R\u00f6da, dem Vicekanzler Dr. Johann Georg D\u00f6hler, wurde Kleinr\u00f6da gegr\u00fcndet. Aus dem Ort R\u00f6da wurde Gro\u00dfr\u00f6da.<\/p>\n<p><a class=\"thickbox\" title=\"Dsci1155\" href=\"https:\/\/www.starkenberg.info\/_WP\/wp-content\/uploads\/2011\/07\/Dsci1155.jpg\" rel=\"same-post-1065\"><img loading=\"lazy\" decoding=\"async\" class=\"alignleft size-thumbnail wp-image-1091\" title=\"Dsci1155\" src=\"https:\/\/www.starkenberg.info\/_WP\/wp-content\/uploads\/2011\/07\/Dsci1155-100x74.jpg\" alt=\"\" width=\"100\" height=\"74\" srcset=\"https:\/\/www.starkenberg.info\/_WP\/wp-content\/uploads\/2011\/07\/Dsci1155-100x74.jpg 100w, https:\/\/www.starkenberg.info\/_WP\/wp-content\/uploads\/2011\/07\/Dsci1155-300x224.jpg 300w, https:\/\/www.starkenberg.info\/_WP\/wp-content\/uploads\/2011\/07\/Dsci1155.jpg 800w\" sizes=\"auto, (max-width: 100px) 100vw, 100px\" \/><\/a>Kleinr\u00f6da liegt an der westlichen Grenze des Altenburger Landes. Im <a class=\"thickbox\" title=\"Dsci1154\" href=\"https:\/\/www.starkenberg.info\/_WP\/wp-content\/uploads\/2011\/07\/Dsci1154.jpg\" rel=\"same-post-1065\"><img loading=\"lazy\" decoding=\"async\" class=\"alignright size-thumbnail wp-image-1090\" title=\"Dsci1154\" src=\"https:\/\/www.starkenberg.info\/_WP\/wp-content\/uploads\/2011\/07\/Dsci1154-100x74.jpg\" alt=\"\" width=\"100\" height=\"74\" srcset=\"https:\/\/www.starkenberg.info\/_WP\/wp-content\/uploads\/2011\/07\/Dsci1154-100x74.jpg 100w, https:\/\/www.starkenberg.info\/_WP\/wp-content\/uploads\/2011\/07\/Dsci1154-300x224.jpg 300w, https:\/\/www.starkenberg.info\/_WP\/wp-content\/uploads\/2011\/07\/Dsci1154.jpg 800w\" sizes=\"auto, (max-width: 100px) 100vw, 100px\" \/><\/a>Volksmund sagt man <em>\u201eKleereede<\/em>\u201c. Durch das heutige Kleinr\u00f6da zieht sich in Ost-Westrichtung ein Einschnitt hin, im Volksmund einfach als <em>\u201eDelle\u201c<\/em>\u00a0 bezeichnet. Es wurde richtig erkannt, dass auf dessen Grunde das Graben eines Dorfbrunnens noch am ehesten m\u00f6glich sein m\u00fcsste.\u00a0 In einem in n\u00f6rdlicher Richtung verlaufenden kurzen seitlichen Einschnitt befand sich dann auch der einzige Brunnen des Dorfes, der <em>\u201eLeierborn<\/em>\u201c, um den sich die H\u00e4user des Ortes gruppierten.<\/p>\n<p><a class=\"thickbox\" title=\"IMG_0032\" href=\"https:\/\/www.starkenberg.info\/_WP\/wp-content\/uploads\/2011\/07\/IMG_0032.jpg\" rel=\"same-post-1065\"><img loading=\"lazy\" decoding=\"async\" class=\"alignleft size-thumbnail wp-image-1092\" title=\"IMG_0032\" src=\"https:\/\/www.starkenberg.info\/_WP\/wp-content\/uploads\/2011\/07\/IMG_0032-100x75.jpg\" alt=\"\" width=\"100\" height=\"75\" srcset=\"https:\/\/www.starkenberg.info\/_WP\/wp-content\/uploads\/2011\/07\/IMG_0032-100x75.jpg 100w, https:\/\/www.starkenberg.info\/_WP\/wp-content\/uploads\/2011\/07\/IMG_0032-300x225.jpg 300w, https:\/\/www.starkenberg.info\/_WP\/wp-content\/uploads\/2011\/07\/IMG_0032.jpg 800w\" sizes=\"auto, (max-width: 100px) 100vw, 100px\" \/><\/a>In Kleinr\u00f6da gibt es eine Kegelbahn. Der Ort ist umgeben von Sandtagebauen.<\/p>\n","protected":false},"excerpt":{"rendered":"<p>Kleinr\u00f6da (101 Einwohner) Kleinr\u00f6da liegt 3 km von Starkenberg und 16 km von Altenburg entfernt. Es\u00a0 ist eines der j\u00fcngsten&#8230;<\/p>\n","protected":false},"author":1,"featured_media":0,"parent":0,"menu_order":0,"comment_status":"closed","ping_status":"closed","template":"page-template\/page-with-right-sidebar.php","meta":{"ngg_post_thumbnail":0,"footnotes":""},"class_list":["post-1065","page","type-page","status-publish","hentry"],"_links":{"self":[{"href":"https:\/\/www.starkenberg.info\/index.php?rest_route=\/wp\/v2\/pages\/1065","targetHints":{"allow":["GET"]}}],"collection":[{"href":"https:\/\/www.starkenberg.info\/index.php?rest_route=\/wp\/v2\/pages"}],"about":[{"href":"https:\/\/www.starkenberg.info\/index.php?rest_route=\/wp\/v2\/types\/page"}],"author":[{"embeddable":true,"href":"https:\/\/www.starkenberg.info\/index.php?rest_route=\/wp\/v2\/users\/1"}],"replies":[{"embeddable":true,"href":"https:\/\/www.starkenberg.info\/index.php?rest_route=%2Fwp%2Fv2%2Fcomments&post=1065"}],"version-history":[{"count":4,"href":"https:\/\/www.starkenberg.info\/index.php?rest_route=\/wp\/v2\/pages\/1065\/revisions"}],"predecessor-version":[{"id":1093,"href":"https:\/\/www.starkenberg.info\/index.php?rest_route=\/wp\/v2\/pages\/1065\/revisions\/1093"}],"wp:attachment":[{"href":"https:\/\/www.starkenberg.info\/index.php?rest_route=%2Fwp%2Fv2%2Fmedia&parent=1065"}],"curies":[{"name":"wp","href":"https:\/\/api.w.org\/{rel}","templated":true}]}}