{"id":1067,"date":"2011-07-29T06:44:33","date_gmt":"2011-07-29T06:44:33","guid":{"rendered":"http:\/\/www.starkenberg.info\/_WP\/?page_id=1067"},"modified":"2025-05-16T10:35:35","modified_gmt":"2025-05-16T10:35:35","slug":"neuposa","status":"publish","type":"page","link":"https:\/\/www.starkenberg.info\/?page_id=1067","title":{"rendered":"Neuposa"},"content":{"rendered":"\n<p class=\"has-text-align-center\"><span style=\"text-decoration: underline;\"><strong>Neuposa<\/strong><\/span> (194 Einwohner)<\/p>\n\n\n<div class=\"wp-block-image\">\n<figure class=\"alignleft\"><a class=\"thickbox\" href=\"https:\/\/www.starkenberg.info\/_WP\/wp-content\/uploads\/2011\/07\/PICT-062.jpg\" rel=\"same-post-1067\"><img loading=\"lazy\" decoding=\"async\" width=\"100\" height=\"66\" src=\"https:\/\/www.starkenberg.info\/_WP\/wp-content\/uploads\/2011\/07\/PICT-062-100x66.jpg\" alt=\"\" class=\"wp-image-1096\" title=\"PICT 062\" srcset=\"https:\/\/www.starkenberg.info\/_WP\/wp-content\/uploads\/2011\/07\/PICT-062-100x66.jpg 100w, https:\/\/www.starkenberg.info\/_WP\/wp-content\/uploads\/2011\/07\/PICT-062-300x199.jpg 300w, https:\/\/www.starkenberg.info\/_WP\/wp-content\/uploads\/2011\/07\/PICT-062.jpg 800w\" sizes=\"auto, (max-width: 100px) 100vw, 100px\" \/><\/a><\/figure>\n<\/div>\n\n\n<p>Neuposa liegt 3,6.km von Starkenberg und 16,5 km von Altenburg entfernt. Neuposa ist eines der j\u00fcngsten Orte Deutschlands. Neuposa konnte in der Form nur so gebaut werden, weil Platz vorhanden war, denn der Ort konnte auf dem Gel\u00e4nde einer zu dem Zeitpunkt geschlossenen Dampfziegelei gebaut werden.<\/p>\n\n\n\n<p>&nbsp;<\/p>\n\n\n<div class=\"wp-block-image\">\n<figure class=\"alignleft\"><a class=\"thickbox\" href=\"https:\/\/www.starkenberg.info\/_WP\/wp-content\/uploads\/2011\/07\/August-1.jpg\" rel=\"same-post-1067\"><img loading=\"lazy\" decoding=\"async\" width=\"100\" height=\"74\" src=\"https:\/\/www.starkenberg.info\/_WP\/wp-content\/uploads\/2011\/07\/August-1-100x74.jpg\" alt=\"\" class=\"wp-image-1097\" title=\"August 1\" srcset=\"https:\/\/www.starkenberg.info\/_WP\/wp-content\/uploads\/2011\/07\/August-1-100x74.jpg 100w, https:\/\/www.starkenberg.info\/_WP\/wp-content\/uploads\/2011\/07\/August-1-300x224.jpg 300w, https:\/\/www.starkenberg.info\/_WP\/wp-content\/uploads\/2011\/07\/August-1.jpg 800w\" sizes=\"auto, (max-width: 100px) 100vw, 100px\" \/><\/a><\/figure>\n<\/div>\n\n<div class=\"wp-block-image\">\n<figure class=\"alignright\"><a class=\"thickbox\" href=\"https:\/\/www.starkenberg.info\/_WP\/wp-content\/uploads\/2011\/07\/Dsci1152.jpg\" rel=\"same-post-1067\"><img loading=\"lazy\" decoding=\"async\" width=\"100\" height=\"74\" src=\"https:\/\/www.starkenberg.info\/_WP\/wp-content\/uploads\/2011\/07\/Dsci1152-100x74.jpg\" alt=\"\" class=\"wp-image-1100\" title=\"Dsci1152\" srcset=\"https:\/\/www.starkenberg.info\/_WP\/wp-content\/uploads\/2011\/07\/Dsci1152-100x74.jpg 100w, https:\/\/www.starkenberg.info\/_WP\/wp-content\/uploads\/2011\/07\/Dsci1152-300x224.jpg 300w, https:\/\/www.starkenberg.info\/_WP\/wp-content\/uploads\/2011\/07\/Dsci1152.jpg 800w\" sizes=\"auto, (max-width: 100px) 100vw, 100px\" \/><\/a><\/figure>\n<\/div>\n\n\n<p>Man spricht auch heute noch von der <em>\u201eSiedlung<\/em>.\u201c Der Name Neuposa ist so entstanden, weil der neue Ort der Gemeinde Posa angeschlossen werden sollte, deshalb Neuposa.<\/p>\n\n\n\n<p>&nbsp;<\/p>\n\n\n<div class=\"wp-block-image\">\n<figure class=\"alignleft\"><a class=\"thickbox\" href=\"https:\/\/www.starkenberg.info\/_WP\/wp-content\/uploads\/2011\/07\/Dsci1151.jpg\" rel=\"same-post-1067\"><img loading=\"lazy\" decoding=\"async\" width=\"100\" height=\"74\" src=\"https:\/\/www.starkenberg.info\/_WP\/wp-content\/uploads\/2011\/07\/Dsci1151-100x74.jpg\" alt=\"\" class=\"wp-image-1099\" title=\"Dsci1151\" srcset=\"https:\/\/www.starkenberg.info\/_WP\/wp-content\/uploads\/2011\/07\/Dsci1151-100x74.jpg 100w, https:\/\/www.starkenberg.info\/_WP\/wp-content\/uploads\/2011\/07\/Dsci1151-300x224.jpg 300w, https:\/\/www.starkenberg.info\/_WP\/wp-content\/uploads\/2011\/07\/Dsci1151.jpg 800w\" sizes=\"auto, (max-width: 100px) 100vw, 100px\" \/><\/a><\/figure>\n<\/div>\n\n\n<p>Der Grund dieses Dorf zu bauen, war die extrem gro\u00dfe Wohnungsknappheit in den umliegenden St\u00e4dten und D\u00f6rfern, nicht zuletzt durch das Aufbl\u00fchen des Braunkohlenbergbaus machte es sich erforderlich, neue Wohnungen f\u00fcr die Belegschaften der Tagebaue und der Kohlegruben zu schaffen.<\/p>\n\n\n\n<p>&nbsp;<\/p>\n\n\n<div class=\"wp-block-image\">\n<figure class=\"alignleft\"><a class=\"thickbox\" href=\"https:\/\/www.starkenberg.info\/_WP\/wp-content\/uploads\/2011\/07\/August.jpg\" rel=\"same-post-1067\"><img loading=\"lazy\" decoding=\"async\" width=\"70\" height=\"100\" src=\"https:\/\/www.starkenberg.info\/_WP\/wp-content\/uploads\/2011\/07\/August-70x100.jpg\" alt=\"\" class=\"wp-image-1098\" title=\"August\" srcset=\"https:\/\/www.starkenberg.info\/_WP\/wp-content\/uploads\/2011\/07\/August-70x100.jpg 70w, https:\/\/www.starkenberg.info\/_WP\/wp-content\/uploads\/2011\/07\/August-210x300.jpg 210w, https:\/\/www.starkenberg.info\/_WP\/wp-content\/uploads\/2011\/07\/August.jpg 420w\" sizes=\"auto, (max-width: 70px) 100vw, 70px\" \/><\/a><\/figure>\n<\/div>\n\n\n<p>Das&nbsp; Wahrzeichen der Ortschaft ist der Wasserturm. Beim Bau der Siedlung hatte keiner an eine korrekte Wasserversorgung gedacht. Die ersten H\u00e4user waren fertig und es fehlte an Trinkwasser. 1921 kam dann die Baugenehmigung f\u00fcr den Wasserturm.<\/p>\n\n\n\n<p>&nbsp;<\/p>\n\n\n\n<p>&nbsp;<\/p>\n\n\n\n<p><strong>Der Wasserturm Neuposa<\/strong><\/p>\n\n\n\n<p>&nbsp;<\/p>\n\n\n\n<p>Im Jahre 2002 wurde der Wasserturm mit Hilfe von F\u00f6rdermitteln von au\u00dfen saniert. Den Innenausbau gestalteten die Mitglieder des Heimatvereins selbst. In den Wasserbeh\u00e4lter ist eine Ausstellung. Vom Wasserbeh\u00e4lter aus kann man auf die Aussichtsplattform, wo man einen wundersch\u00f6nen Ausblick auf Neuposa und Umgebung hat.<\/p>\n\n\n\n<p>Wer Interesse hat den Wasserturm zu besichtigen , kann telefonisch mit Herrn K\u00fchn, Gerhard oder Schmidt, Rolf einen Termin vereinbaren.<br>K\u00fchn, Gerhard\u00a0\u00a0\u00a0 03448 \u2013 36 43 , Tel. Schmidt, Rolf\u00a0\u00a0\u00a0\u00a0 03448 &#8211;\u00a0 70 38 90<br><\/p>\n\n\n<div class=\"wp-block-image\">\n<figure class=\"alignleft\"><a class=\"thickbox\" href=\"https:\/\/www.starkenberg.info\/_WP\/wp-content\/uploads\/2011\/07\/004.jpg\" rel=\"same-post-1067\"><img loading=\"lazy\" decoding=\"async\" width=\"66\" height=\"100\" src=\"https:\/\/www.starkenberg.info\/_WP\/wp-content\/uploads\/2011\/07\/004-66x100.jpg\" alt=\"\" class=\"wp-image-1516\" title=\"004\" srcset=\"https:\/\/www.starkenberg.info\/_WP\/wp-content\/uploads\/2011\/07\/004-66x100.jpg 66w, https:\/\/www.starkenberg.info\/_WP\/wp-content\/uploads\/2011\/07\/004-200x300.jpg 200w, https:\/\/www.starkenberg.info\/_WP\/wp-content\/uploads\/2011\/07\/004.jpg 320w\" sizes=\"auto, (max-width: 66px) 100vw, 66px\" \/><\/a><\/figure>\n<\/div>\n\n<div class=\"wp-block-image\">\n<figure class=\"alignleft\"><a class=\"thickbox\" href=\"https:\/\/www.starkenberg.info\/_WP\/wp-content\/uploads\/2011\/07\/008.jpg\" rel=\"same-post-1067\"><img loading=\"lazy\" decoding=\"async\" width=\"66\" height=\"100\" src=\"https:\/\/www.starkenberg.info\/_WP\/wp-content\/uploads\/2011\/07\/008-66x100.jpg\" alt=\"\" class=\"wp-image-1518\" title=\"008\" srcset=\"https:\/\/www.starkenberg.info\/_WP\/wp-content\/uploads\/2011\/07\/008-66x100.jpg 66w, https:\/\/www.starkenberg.info\/_WP\/wp-content\/uploads\/2011\/07\/008-200x300.jpg 200w, https:\/\/www.starkenberg.info\/_WP\/wp-content\/uploads\/2011\/07\/008.jpg 320w\" sizes=\"auto, (max-width: 66px) 100vw, 66px\" \/><\/a><\/figure>\n<\/div>\n\n<div class=\"wp-block-image\">\n<figure class=\"alignleft\"><a class=\"thickbox\" href=\"https:\/\/www.starkenberg.info\/_WP\/wp-content\/uploads\/2011\/07\/019.jpg\" rel=\"same-post-1067\"><img loading=\"lazy\" decoding=\"async\" width=\"67\" height=\"100\" src=\"https:\/\/www.starkenberg.info\/_WP\/wp-content\/uploads\/2011\/07\/019-67x100.jpg\" alt=\"\" class=\"wp-image-1523\" title=\"019\" srcset=\"https:\/\/www.starkenberg.info\/_WP\/wp-content\/uploads\/2011\/07\/019-67x100.jpg 67w, https:\/\/www.starkenberg.info\/_WP\/wp-content\/uploads\/2011\/07\/019-201x300.jpg 201w, https:\/\/www.starkenberg.info\/_WP\/wp-content\/uploads\/2011\/07\/019.jpg 322w\" sizes=\"auto, (max-width: 67px) 100vw, 67px\" \/><\/a><\/figure>\n<\/div>\n\n<div class=\"wp-block-image\">\n<figure class=\"alignleft\"><a class=\"thickbox\" href=\"https:\/\/www.starkenberg.info\/_WP\/wp-content\/uploads\/2011\/07\/013.jpg\" rel=\"same-post-1067\"><img loading=\"lazy\" decoding=\"async\" width=\"66\" height=\"100\" src=\"https:\/\/www.starkenberg.info\/_WP\/wp-content\/uploads\/2011\/07\/013-66x100.jpg\" alt=\"\" class=\"wp-image-1520\" title=\"013\" srcset=\"https:\/\/www.starkenberg.info\/_WP\/wp-content\/uploads\/2011\/07\/013-66x100.jpg 66w, https:\/\/www.starkenberg.info\/_WP\/wp-content\/uploads\/2011\/07\/013-200x300.jpg 200w, https:\/\/www.starkenberg.info\/_WP\/wp-content\/uploads\/2011\/07\/013.jpg 320w\" sizes=\"auto, (max-width: 66px) 100vw, 66px\" \/><\/a><\/figure>\n<\/div>\n\n<div class=\"wp-block-image\">\n<figure class=\"alignleft\"><a class=\"thickbox\" href=\"https:\/\/www.starkenberg.info\/_WP\/wp-content\/uploads\/2011\/07\/018.jpg\" rel=\"same-post-1067\"><img loading=\"lazy\" decoding=\"async\" width=\"100\" height=\"68\" src=\"https:\/\/www.starkenberg.info\/_WP\/wp-content\/uploads\/2011\/07\/018-100x68.jpg\" alt=\"\" class=\"wp-image-1522\" title=\"018\" srcset=\"https:\/\/www.starkenberg.info\/_WP\/wp-content\/uploads\/2011\/07\/018-100x68.jpg 100w, https:\/\/www.starkenberg.info\/_WP\/wp-content\/uploads\/2011\/07\/018-300x204.jpg 300w, https:\/\/www.starkenberg.info\/_WP\/wp-content\/uploads\/2011\/07\/018.jpg 640w\" sizes=\"auto, (max-width: 100px) 100vw, 100px\" \/><\/a><\/figure>\n<\/div>\n\n<div class=\"wp-block-image\">\n<figure class=\"alignleft\"><a class=\"thickbox\" href=\"https:\/\/www.starkenberg.info\/_WP\/wp-content\/uploads\/2011\/07\/020.jpg\" rel=\"same-post-1067\"><img loading=\"lazy\" decoding=\"async\" width=\"100\" height=\"66\" src=\"https:\/\/www.starkenberg.info\/_WP\/wp-content\/uploads\/2011\/07\/020-100x66.jpg\" alt=\"\" class=\"wp-image-1524\" title=\"020\" srcset=\"https:\/\/www.starkenberg.info\/_WP\/wp-content\/uploads\/2011\/07\/020-100x66.jpg 100w, https:\/\/www.starkenberg.info\/_WP\/wp-content\/uploads\/2011\/07\/020-300x200.jpg 300w, https:\/\/www.starkenberg.info\/_WP\/wp-content\/uploads\/2011\/07\/020.jpg 640w\" sizes=\"auto, (max-width: 100px) 100vw, 100px\" \/><\/a><\/figure>\n<\/div>\n\n\n<p><\/p>\n\n\n\n<p>&nbsp;<\/p>\n\n\n\n<p>\u00a0<\/p>\n","protected":false},"excerpt":{"rendered":"<p>Neuposa (194 Einwohner) Neuposa liegt 3,6.km von Starkenberg und 16,5 km von Altenburg entfernt. Neuposa ist eines der j\u00fcngsten Orte&#8230;<\/p>\n","protected":false},"author":1,"featured_media":0,"parent":0,"menu_order":0,"comment_status":"closed","ping_status":"closed","template":"","meta":{"ngg_post_thumbnail":0,"footnotes":""},"class_list":["post-1067","page","type-page","status-publish","hentry"],"_links":{"self":[{"href":"https:\/\/www.starkenberg.info\/index.php?rest_route=\/wp\/v2\/pages\/1067","targetHints":{"allow":["GET"]}}],"collection":[{"href":"https:\/\/www.starkenberg.info\/index.php?rest_route=\/wp\/v2\/pages"}],"about":[{"href":"https:\/\/www.starkenberg.info\/index.php?rest_route=\/wp\/v2\/types\/page"}],"author":[{"embeddable":true,"href":"https:\/\/www.starkenberg.info\/index.php?rest_route=\/wp\/v2\/users\/1"}],"replies":[{"embeddable":true,"href":"https:\/\/www.starkenberg.info\/index.php?rest_route=%2Fwp%2Fv2%2Fcomments&post=1067"}],"version-history":[{"count":19,"href":"https:\/\/www.starkenberg.info\/index.php?rest_route=\/wp\/v2\/pages\/1067\/revisions"}],"predecessor-version":[{"id":8982,"href":"https:\/\/www.starkenberg.info\/index.php?rest_route=\/wp\/v2\/pages\/1067\/revisions\/8982"}],"wp:attachment":[{"href":"https:\/\/www.starkenberg.info\/index.php?rest_route=%2Fwp%2Fv2%2Fmedia&parent=1067"}],"curies":[{"name":"wp","href":"https:\/\/api.w.org\/{rel}","templated":true}]}}