{"id":1071,"date":"2011-07-29T06:46:32","date_gmt":"2011-07-29T06:46:32","guid":{"rendered":"http:\/\/www.starkenberg.info\/_WP\/?page_id=1071"},"modified":"2021-03-03T09:11:48","modified_gmt":"2021-03-03T09:11:48","slug":"posa","status":"publish","type":"page","link":"https:\/\/www.starkenberg.info\/?page_id=1071","title":{"rendered":"Posa"},"content":{"rendered":"<p style=\"text-align: center;\"><strong><span style=\"text-decoration: underline;\">Posa<\/span><\/strong> (30 Einwohner)<\/p>\n<p><a class=\"thickbox\" title=\"PICT 035\" href=\"https:\/\/www.starkenberg.info\/_WP\/wp-content\/uploads\/2011\/07\/PICT-035.jpg\" rel=\"same-post-1071\"><img loading=\"lazy\" decoding=\"async\" class=\"alignleft size-thumbnail wp-image-1078\" title=\"PICT 035\" src=\"https:\/\/www.starkenberg.info\/_WP\/wp-content\/uploads\/2011\/07\/PICT-035-100x66.jpg\" alt=\"\" width=\"100\" height=\"66\" srcset=\"https:\/\/www.starkenberg.info\/_WP\/wp-content\/uploads\/2011\/07\/PICT-035-100x66.jpg 100w, https:\/\/www.starkenberg.info\/_WP\/wp-content\/uploads\/2011\/07\/PICT-035-300x199.jpg 300w, https:\/\/www.starkenberg.info\/_WP\/wp-content\/uploads\/2011\/07\/PICT-035.jpg 800w\" sizes=\"auto, (max-width: 100px) 100vw, 100px\" \/><\/a>Posa liegt 1 km von Starkenberg und 13 km von Altenburg entfernt. Ersterw\u00e4hnung des Ortes war 1350. Es hat 6 Wohnh\u00e4user, darunter 3 Annspanng\u00fcter und das zum Rittergut Starkenberg geh\u00f6rige Vorwerk Dorothenhof, mit 49 Einwohnern in 7 Haushalten, welcher im Jahr 1973 abgerissen wurde.<\/p>\n<p>&nbsp;<\/p>\n<p><a class=\"thickbox\" title=\"Dsci0683\" href=\"https:\/\/www.starkenberg.info\/_WP\/wp-content\/uploads\/2011\/07\/Dsci0683.jpg\" rel=\"same-post-1071\"><img loading=\"lazy\" decoding=\"async\" class=\"alignleft size-thumbnail wp-image-1081\" title=\"Dsci0683\" src=\"https:\/\/www.starkenberg.info\/_WP\/wp-content\/uploads\/2011\/07\/Dsci0683-100x74.jpg\" alt=\"\" width=\"100\" height=\"74\" srcset=\"https:\/\/www.starkenberg.info\/_WP\/wp-content\/uploads\/2011\/07\/Dsci0683-100x74.jpg 100w, https:\/\/www.starkenberg.info\/_WP\/wp-content\/uploads\/2011\/07\/Dsci0683-300x224.jpg 300w, https:\/\/www.starkenberg.info\/_WP\/wp-content\/uploads\/2011\/07\/Dsci0683.jpg 800w\" sizes=\"auto, (max-width: 100px) 100vw, 100px\" \/><\/a>Unter dem Dorfe ist eine Hauptquelle des Gro\u00dfen Gerstenbaches, wie eine zweite in den Troosenteichen \u00fcber Kostitz, eine dritte \u00fcber Kraasa. 1844 hat Posa 45 Einwohner, 3 Anspanng\u00fcter, 1 Schmied, ein Gemeindehaus.<\/p>\n<p>&nbsp;<\/p>\n<p><a class=\"thickbox\" title=\"Dsci0690\" href=\"https:\/\/www.starkenberg.info\/_WP\/wp-content\/uploads\/2011\/07\/Dsci0690.jpg\" rel=\"same-post-1071\"><img loading=\"lazy\" decoding=\"async\" class=\"alignleft size-thumbnail wp-image-1082\" title=\"Dsci0690\" src=\"https:\/\/www.starkenberg.info\/_WP\/wp-content\/uploads\/2011\/07\/Dsci0690-100x74.jpg\" alt=\"\" width=\"100\" height=\"74\" srcset=\"https:\/\/www.starkenberg.info\/_WP\/wp-content\/uploads\/2011\/07\/Dsci0690-100x74.jpg 100w, https:\/\/www.starkenberg.info\/_WP\/wp-content\/uploads\/2011\/07\/Dsci0690-300x224.jpg 300w, https:\/\/www.starkenberg.info\/_WP\/wp-content\/uploads\/2011\/07\/Dsci0690.jpg 800w\" sizes=\"auto, (max-width: 100px) 100vw, 100px\" \/><\/a>In der Schmiede wird noch bis zur heutigen Zeit gearbeitet.<\/p>\n<p>&nbsp;<\/p>\n<p>&nbsp;<\/p>\n<p>In den Jahren nach 1945 bildete Posa eine Gemeinde mit Kleinr\u00f6da und Neuposa und 1974 schlossen sich die 3 Orte der Gemeinde Starkenberg an.<\/p>\n<p><a class=\"thickbox\" title=\"Cimg0704\" href=\"https:\/\/www.starkenberg.info\/_WP\/wp-content\/uploads\/2011\/07\/Cimg0704.jpg\" rel=\"same-post-1071\"><img loading=\"lazy\" decoding=\"async\" class=\"alignleft size-thumbnail wp-image-1079\" title=\"Cimg0704\" src=\"https:\/\/www.starkenberg.info\/_WP\/wp-content\/uploads\/2011\/07\/Cimg0704-100x75.jpg\" alt=\"\" width=\"100\" height=\"75\" srcset=\"https:\/\/www.starkenberg.info\/_WP\/wp-content\/uploads\/2011\/07\/Cimg0704-100x75.jpg 100w, https:\/\/www.starkenberg.info\/_WP\/wp-content\/uploads\/2011\/07\/Cimg0704-300x225.jpg 300w, https:\/\/www.starkenberg.info\/_WP\/wp-content\/uploads\/2011\/07\/Cimg0704.jpg 800w\" sizes=\"auto, (max-width: 100px) 100vw, 100px\" \/><\/a>In Posa wurde eine zentrale Schule gebaut. Bis zur Wende <a class=\"thickbox\" title=\"Dsci0661\" href=\"https:\/\/www.starkenberg.info\/_WP\/wp-content\/uploads\/2011\/07\/Dsci0661.jpg\" rel=\"same-post-1071\"><img loading=\"lazy\" decoding=\"async\" class=\"alignright size-thumbnail wp-image-1080\" title=\"Dsci0661\" src=\"https:\/\/www.starkenberg.info\/_WP\/wp-content\/uploads\/2011\/07\/Dsci0661-100x74.jpg\" alt=\"\" width=\"100\" height=\"74\" srcset=\"https:\/\/www.starkenberg.info\/_WP\/wp-content\/uploads\/2011\/07\/Dsci0661-100x74.jpg 100w, https:\/\/www.starkenberg.info\/_WP\/wp-content\/uploads\/2011\/07\/Dsci0661-300x224.jpg 300w, https:\/\/www.starkenberg.info\/_WP\/wp-content\/uploads\/2011\/07\/Dsci0661.jpg 800w\" sizes=\"auto, (max-width: 100px) 100vw, 100px\" \/><\/a>wurde hier bis zur 10. Klasse unterrichtet. Sp\u00e4ter wurde es zur staatlichen Grundschule der ersten bis vierten Klasse ernannt. Durch den damaligen Schulneubau konnten in den anderen Ortschaften die Schulen geschlossen werden und alle gingen in die Zentralschule nach Posa.<\/p>\n","protected":false},"excerpt":{"rendered":"<p>Posa (30 Einwohner) Posa liegt 1 km von Starkenberg und 13 km von Altenburg entfernt. Ersterw\u00e4hnung des Ortes war 1350&#8230;.<\/p>\n","protected":false},"author":1,"featured_media":0,"parent":0,"menu_order":0,"comment_status":"closed","ping_status":"closed","template":"page-template\/page-with-right-sidebar.php","meta":{"ngg_post_thumbnail":0,"footnotes":""},"class_list":["post-1071","page","type-page","status-publish","hentry"],"_links":{"self":[{"href":"https:\/\/www.starkenberg.info\/index.php?rest_route=\/wp\/v2\/pages\/1071","targetHints":{"allow":["GET"]}}],"collection":[{"href":"https:\/\/www.starkenberg.info\/index.php?rest_route=\/wp\/v2\/pages"}],"about":[{"href":"https:\/\/www.starkenberg.info\/index.php?rest_route=\/wp\/v2\/types\/page"}],"author":[{"embeddable":true,"href":"https:\/\/www.starkenberg.info\/index.php?rest_route=\/wp\/v2\/users\/1"}],"replies":[{"embeddable":true,"href":"https:\/\/www.starkenberg.info\/index.php?rest_route=%2Fwp%2Fv2%2Fcomments&post=1071"}],"version-history":[{"count":6,"href":"https:\/\/www.starkenberg.info\/index.php?rest_route=\/wp\/v2\/pages\/1071\/revisions"}],"predecessor-version":[{"id":1086,"href":"https:\/\/www.starkenberg.info\/index.php?rest_route=\/wp\/v2\/pages\/1071\/revisions\/1086"}],"wp:attachment":[{"href":"https:\/\/www.starkenberg.info\/index.php?rest_route=%2Fwp%2Fv2%2Fmedia&parent=1071"}],"curies":[{"name":"wp","href":"https:\/\/api.w.org\/{rel}","templated":true}]}}