{"id":1127,"date":"2011-08-01T11:40:00","date_gmt":"2011-08-01T11:40:00","guid":{"rendered":"http:\/\/www.starkenberg.info\/_WP\/?page_id=1127"},"modified":"2021-03-03T09:11:38","modified_gmt":"2021-03-03T09:11:38","slug":"naundorf","status":"publish","type":"page","link":"https:\/\/www.starkenberg.info\/?page_id=1127","title":{"rendered":"Naundorf"},"content":{"rendered":"<p style=\"text-align: center;\"><strong>Naundorf<\/strong> (197 Einwohner)<\/p>\n<p><a class=\"thickbox\" title=\"File_004\" href=\"https:\/\/www.starkenberg.info\/_WP\/wp-content\/uploads\/2011\/08\/File_004.jpg\" rel=\"same-post-1127\"><img loading=\"lazy\" decoding=\"async\" class=\"alignleft size-thumbnail wp-image-1325\" title=\"File_004\" src=\"https:\/\/www.starkenberg.info\/_WP\/wp-content\/uploads\/2011\/08\/File_004-100x66.jpg\" alt=\"\" width=\"100\" height=\"66\" srcset=\"https:\/\/www.starkenberg.info\/_WP\/wp-content\/uploads\/2011\/08\/File_004-100x66.jpg 100w, https:\/\/www.starkenberg.info\/_WP\/wp-content\/uploads\/2011\/08\/File_004-300x199.jpg 300w, https:\/\/www.starkenberg.info\/_WP\/wp-content\/uploads\/2011\/08\/File_004.jpg 800w\" sizes=\"auto, (max-width: 100px) 100vw, 100px\" \/><\/a>Der Ort Naundorf liegt 4 km von Starkenberg und 16 km von Altenburg entfernt.<\/p>\n<p>Der Ort Naundorf wird schon im Jahr 1181 erw\u00e4hnt. Im Laufe der Zeit wurde aus Nuendorf \u2013 Neuendorf und schlie\u00dflich Naundorf.<\/p>\n<p>&nbsp;<\/p>\n<p><a class=\"thickbox\" title=\"File_60\" href=\"https:\/\/www.starkenberg.info\/_WP\/wp-content\/uploads\/2011\/08\/File_60.jpg\" rel=\"same-post-1127\"><img loading=\"lazy\" decoding=\"async\" class=\"alignleft size-thumbnail wp-image-1333\" title=\"File_60\" src=\"https:\/\/www.starkenberg.info\/_WP\/wp-content\/uploads\/2011\/08\/File_60-100x66.jpg\" alt=\"\" width=\"100\" height=\"66\" srcset=\"https:\/\/www.starkenberg.info\/_WP\/wp-content\/uploads\/2011\/08\/File_60-100x66.jpg 100w, https:\/\/www.starkenberg.info\/_WP\/wp-content\/uploads\/2011\/08\/File_60-300x199.jpg 300w, https:\/\/www.starkenberg.info\/_WP\/wp-content\/uploads\/2011\/08\/File_60.jpg 800w\" sizes=\"auto, (max-width: 100px) 100vw, 100px\" \/><\/a>Der Ort verf\u00fcgt \u00fcber ein Vereinshaus,\u00a0 welches aus privater Initiative heraus wieder hergerichtet wurde. Das angrenzende\u00a0 Saalgeb\u00e4ude soll ab 2011 mit F\u00f6rdermitteln saniert werden. In dem Vereinshaus ist ab 2. Halbjahr 2012 eine Dauerausstellung \u00fcber das Wirken und Leben des bekannten Landwirtes Zacharias Kresse vorgesehen. Er war nicht nur Landwirt sondern auch Dichter, Baumeister, Heimatforscher und Politiker. Nach seinen Baupl\u00e4nen wurde das <em>\u201eSchellenbergsche Gut\u201c<\/em> in Naundorf gebaut. Fr\u00fcher geh\u00f6rte dieses zur LPG. Jetzt ist es in Privatbesitz.\u00a0 Sein Wohnhaus steht in Dobrasch\u00fctz.<\/p>\n<p><a class=\"thickbox\" title=\"File_011\" href=\"https:\/\/www.starkenberg.info\/_WP\/wp-content\/uploads\/2011\/08\/File_011.jpg\" rel=\"same-post-1127\"><img loading=\"lazy\" decoding=\"async\" class=\"size-thumbnail wp-image-1328 alignleft\" title=\"File_011\" src=\"https:\/\/www.starkenberg.info\/_WP\/wp-content\/uploads\/2011\/08\/File_011-100x66.jpg\" alt=\"\" width=\"100\" height=\"66\" srcset=\"https:\/\/www.starkenberg.info\/_WP\/wp-content\/uploads\/2011\/08\/File_011-100x66.jpg 100w, https:\/\/www.starkenberg.info\/_WP\/wp-content\/uploads\/2011\/08\/File_011-300x199.jpg 300w, https:\/\/www.starkenberg.info\/_WP\/wp-content\/uploads\/2011\/08\/File_011.jpg 800w\" sizes=\"auto, (max-width: 100px) 100vw, 100px\" \/><\/a><a class=\"thickbox\" title=\"File_014\" href=\"https:\/\/www.starkenberg.info\/_WP\/wp-content\/uploads\/2011\/08\/File_014.jpg\" rel=\"same-post-1127\"><img loading=\"lazy\" decoding=\"async\" class=\"size-thumbnail wp-image-1329 alignleft\" title=\"File_014\" src=\"https:\/\/www.starkenberg.info\/_WP\/wp-content\/uploads\/2011\/08\/File_014-100x75.jpg\" alt=\"\" width=\"100\" height=\"75\" srcset=\"https:\/\/www.starkenberg.info\/_WP\/wp-content\/uploads\/2011\/08\/File_014-100x75.jpg 100w, https:\/\/www.starkenberg.info\/_WP\/wp-content\/uploads\/2011\/08\/File_014-300x225.jpg 300w, https:\/\/www.starkenberg.info\/_WP\/wp-content\/uploads\/2011\/08\/File_014.jpg 800w\" sizes=\"auto, (max-width: 100px) 100vw, 100px\" \/><\/a><a class=\"thickbox\" title=\"File_011\" href=\"https:\/\/www.starkenberg.info\/_WP\/wp-content\/uploads\/2011\/08\/File_011.jpg\" rel=\"same-post-1127\"><img loading=\"lazy\" decoding=\"async\" class=\"alignleft size-thumbnail wp-image-1328\" title=\"File_011\" src=\"https:\/\/www.starkenberg.info\/_WP\/wp-content\/uploads\/2011\/08\/File_011-100x66.jpg\" alt=\"\" width=\"100\" height=\"66\" srcset=\"https:\/\/www.starkenberg.info\/_WP\/wp-content\/uploads\/2011\/08\/File_011-100x66.jpg 100w, https:\/\/www.starkenberg.info\/_WP\/wp-content\/uploads\/2011\/08\/File_011-300x199.jpg 300w, https:\/\/www.starkenberg.info\/_WP\/wp-content\/uploads\/2011\/08\/File_011.jpg 800w\" sizes=\"auto, (max-width: 100px) 100vw, 100px\" \/><\/a><a class=\"thickbox\" title=\"File_019\" href=\"https:\/\/www.starkenberg.info\/_WP\/wp-content\/uploads\/2011\/08\/File_019.jpg\" rel=\"same-post-1127\"><img loading=\"lazy\" decoding=\"async\" class=\"alignleft size-thumbnail wp-image-1330\" title=\"File_019\" src=\"https:\/\/www.starkenberg.info\/_WP\/wp-content\/uploads\/2011\/08\/File_019-100x66.jpg\" alt=\"\" width=\"100\" height=\"66\" srcset=\"https:\/\/www.starkenberg.info\/_WP\/wp-content\/uploads\/2011\/08\/File_019-100x66.jpg 100w, https:\/\/www.starkenberg.info\/_WP\/wp-content\/uploads\/2011\/08\/File_019-300x199.jpg 300w, https:\/\/www.starkenberg.info\/_WP\/wp-content\/uploads\/2011\/08\/File_019.jpg 800w\" sizes=\"auto, (max-width: 100px) 100vw, 100px\" \/><\/a><a class=\"thickbox\" title=\"File_007\" href=\"https:\/\/www.starkenberg.info\/_WP\/wp-content\/uploads\/2011\/08\/File_007.jpg\" rel=\"same-post-1127\"><img loading=\"lazy\" decoding=\"async\" class=\"alignleft size-thumbnail wp-image-1327\" title=\"File_007\" src=\"https:\/\/www.starkenberg.info\/_WP\/wp-content\/uploads\/2011\/08\/File_007-100x66.jpg\" alt=\"\" width=\"100\" height=\"66\" srcset=\"https:\/\/www.starkenberg.info\/_WP\/wp-content\/uploads\/2011\/08\/File_007-100x66.jpg 100w, https:\/\/www.starkenberg.info\/_WP\/wp-content\/uploads\/2011\/08\/File_007-300x199.jpg 300w, https:\/\/www.starkenberg.info\/_WP\/wp-content\/uploads\/2011\/08\/File_007.jpg 800w\" sizes=\"auto, (max-width: 100px) 100vw, 100px\" \/><\/a><\/p>\n<p style=\"text-align: center;\"><a class=\"thickbox\" title=\"File_022\" href=\"https:\/\/www.starkenberg.info\/_WP\/wp-content\/uploads\/2011\/08\/File_022.jpg\" rel=\"same-post-1127\"><br \/>\n<\/a><\/p>\n<p>&nbsp;<\/p>\n<p>&nbsp;<\/p>\n<p><a class=\"thickbox\" title=\"Dsci0032\" href=\"https:\/\/www.starkenberg.info\/_WP\/wp-content\/uploads\/2011\/08\/Dsci0032.jpg\" rel=\"same-post-1127\"><img loading=\"lazy\" decoding=\"async\" class=\"alignleft size-thumbnail wp-image-1323\" title=\"Dsci0032\" src=\"https:\/\/www.starkenberg.info\/_WP\/wp-content\/uploads\/2011\/08\/Dsci0032-100x74.jpg\" alt=\"\" width=\"100\" height=\"74\" srcset=\"https:\/\/www.starkenberg.info\/_WP\/wp-content\/uploads\/2011\/08\/Dsci0032-100x74.jpg 100w, https:\/\/www.starkenberg.info\/_WP\/wp-content\/uploads\/2011\/08\/Dsci0032-300x224.jpg 300w, https:\/\/www.starkenberg.info\/_WP\/wp-content\/uploads\/2011\/08\/Dsci0032.jpg 800w\" sizes=\"auto, (max-width: 100px) 100vw, 100px\" \/><\/a><a class=\"thickbox\" title=\"Dsci0052\" href=\"https:\/\/www.starkenberg.info\/_WP\/wp-content\/uploads\/2011\/08\/Dsci0052.jpg\" rel=\"same-post-1127\"><img loading=\"lazy\" decoding=\"async\" class=\"alignleft size-thumbnail wp-image-1324\" title=\"Dsci0052\" src=\"https:\/\/www.starkenberg.info\/_WP\/wp-content\/uploads\/2011\/08\/Dsci0052-100x74.jpg\" alt=\"\" width=\"100\" height=\"74\" srcset=\"https:\/\/www.starkenberg.info\/_WP\/wp-content\/uploads\/2011\/08\/Dsci0052-100x74.jpg 100w, https:\/\/www.starkenberg.info\/_WP\/wp-content\/uploads\/2011\/08\/Dsci0052-300x224.jpg 300w, https:\/\/www.starkenberg.info\/_WP\/wp-content\/uploads\/2011\/08\/Dsci0052.jpg 800w\" sizes=\"auto, (max-width: 100px) 100vw, 100px\" \/><\/a><a class=\"thickbox\" title=\"Kalender4\" href=\"https:\/\/www.starkenberg.info\/_WP\/wp-content\/uploads\/2011\/08\/Kalender4.jpg\" rel=\"same-post-1127\"><img loading=\"lazy\" decoding=\"async\" class=\"alignleft size-thumbnail wp-image-1322\" title=\"Kalender4\" src=\"https:\/\/www.starkenberg.info\/_WP\/wp-content\/uploads\/2011\/08\/Kalender4-100x66.jpg\" alt=\"\" width=\"100\" height=\"66\" srcset=\"https:\/\/www.starkenberg.info\/_WP\/wp-content\/uploads\/2011\/08\/Kalender4-100x66.jpg 100w, https:\/\/www.starkenberg.info\/_WP\/wp-content\/uploads\/2011\/08\/Kalender4-300x200.jpg 300w, https:\/\/www.starkenberg.info\/_WP\/wp-content\/uploads\/2011\/08\/Kalender4.jpg 768w\" sizes=\"auto, (max-width: 100px) 100vw, 100px\" \/><\/a><a class=\"thickbox\" title=\"File_025\" href=\"https:\/\/www.starkenberg.info\/_WP\/wp-content\/uploads\/2011\/08\/File_025.jpg\" rel=\"same-post-1127\"><img loading=\"lazy\" decoding=\"async\" class=\"alignleft size-thumbnail wp-image-1332\" title=\"File_025\" src=\"https:\/\/www.starkenberg.info\/_WP\/wp-content\/uploads\/2011\/08\/File_025-100x66.jpg\" alt=\"\" width=\"100\" height=\"66\" srcset=\"https:\/\/www.starkenberg.info\/_WP\/wp-content\/uploads\/2011\/08\/File_025-100x66.jpg 100w, https:\/\/www.starkenberg.info\/_WP\/wp-content\/uploads\/2011\/08\/File_025-300x199.jpg 300w, https:\/\/www.starkenberg.info\/_WP\/wp-content\/uploads\/2011\/08\/File_025.jpg 800w\" sizes=\"auto, (max-width: 100px) 100vw, 100px\" \/><\/a><a class=\"thickbox\" title=\"File_006\" href=\"https:\/\/www.starkenberg.info\/_WP\/wp-content\/uploads\/2011\/08\/File_006.jpg\" rel=\"same-post-1127\"><img loading=\"lazy\" decoding=\"async\" class=\"alignleft size-thumbnail wp-image-1326\" title=\"File_006\" src=\"https:\/\/www.starkenberg.info\/_WP\/wp-content\/uploads\/2011\/08\/File_006-100x66.jpg\" alt=\"\" width=\"100\" height=\"66\" srcset=\"https:\/\/www.starkenberg.info\/_WP\/wp-content\/uploads\/2011\/08\/File_006-100x66.jpg 100w, https:\/\/www.starkenberg.info\/_WP\/wp-content\/uploads\/2011\/08\/File_006-300x199.jpg 300w, https:\/\/www.starkenberg.info\/_WP\/wp-content\/uploads\/2011\/08\/File_006.jpg 800w\" sizes=\"auto, (max-width: 100px) 100vw, 100px\" \/><\/a><\/p>\n<p>&nbsp;<\/p>\n<p>&nbsp;<\/p>\n<p>&nbsp;<\/p>\n<p>&nbsp;<\/p>\n<p>&nbsp;<\/p>\n","protected":false},"excerpt":{"rendered":"<p>Naundorf (197 Einwohner) Der Ort Naundorf liegt 4 km von Starkenberg und 16 km von Altenburg entfernt. Der Ort Naundorf&#8230;<\/p>\n","protected":false},"author":1,"featured_media":0,"parent":0,"menu_order":0,"comment_status":"closed","ping_status":"closed","template":"page-template\/page-with-right-sidebar.php","meta":{"ngg_post_thumbnail":0,"footnotes":""},"class_list":["post-1127","page","type-page","status-publish","hentry"],"_links":{"self":[{"href":"https:\/\/www.starkenberg.info\/index.php?rest_route=\/wp\/v2\/pages\/1127","targetHints":{"allow":["GET"]}}],"collection":[{"href":"https:\/\/www.starkenberg.info\/index.php?rest_route=\/wp\/v2\/pages"}],"about":[{"href":"https:\/\/www.starkenberg.info\/index.php?rest_route=\/wp\/v2\/types\/page"}],"author":[{"embeddable":true,"href":"https:\/\/www.starkenberg.info\/index.php?rest_route=\/wp\/v2\/users\/1"}],"replies":[{"embeddable":true,"href":"https:\/\/www.starkenberg.info\/index.php?rest_route=%2Fwp%2Fv2%2Fcomments&post=1127"}],"version-history":[{"count":21,"href":"https:\/\/www.starkenberg.info\/index.php?rest_route=\/wp\/v2\/pages\/1127\/revisions"}],"predecessor-version":[{"id":7853,"href":"https:\/\/www.starkenberg.info\/index.php?rest_route=\/wp\/v2\/pages\/1127\/revisions\/7853"}],"wp:attachment":[{"href":"https:\/\/www.starkenberg.info\/index.php?rest_route=%2Fwp%2Fv2%2Fmedia&parent=1127"}],"curies":[{"name":"wp","href":"https:\/\/api.w.org\/{rel}","templated":true}]}}