{"id":1129,"date":"2011-08-01T11:41:07","date_gmt":"2011-08-01T11:41:07","guid":{"rendered":"http:\/\/www.starkenberg.info\/_WP\/?page_id=1129"},"modified":"2021-03-03T09:11:11","modified_gmt":"2021-03-03T09:11:11","slug":"dobraschutz","status":"publish","type":"page","link":"https:\/\/www.starkenberg.info\/?page_id=1129","title":{"rendered":"Dobrasch\u00fctz"},"content":{"rendered":"<p style=\"text-align: center;\"><strong>Dobrasch\u00fctz<\/strong> (57 Einwohner)<\/p>\n<p><a class=\"thickbox\" title=\"Dobra 2\" href=\"https:\/\/www.starkenberg.info\/_WP\/wp-content\/uploads\/2011\/08\/Dobra-2.jpg\" rel=\"same-post-1129\"><img loading=\"lazy\" decoding=\"async\" class=\"alignleft size-thumbnail wp-image-1366\" title=\"Dobra 2\" src=\"https:\/\/www.starkenberg.info\/_WP\/wp-content\/uploads\/2011\/08\/Dobra-2-100x74.jpg\" alt=\"\" width=\"100\" height=\"74\" srcset=\"https:\/\/www.starkenberg.info\/_WP\/wp-content\/uploads\/2011\/08\/Dobra-2-100x74.jpg 100w, https:\/\/www.starkenberg.info\/_WP\/wp-content\/uploads\/2011\/08\/Dobra-2-300x224.jpg 300w, https:\/\/www.starkenberg.info\/_WP\/wp-content\/uploads\/2011\/08\/Dobra-2.jpg 800w\" sizes=\"auto, (max-width: 100px) 100vw, 100px\" \/><\/a>Dobrasch\u00fctz liegt 5,5.km von Starkenberg und 15,7 km von Altenburg entfernt.<\/p>\n<p>Die erste urkundliche Erw\u00e4hnung des Ortes Dobrasch\u00fctz erfolgte im \u201eVerzeichnis \u00fcber die Bede im Amt Altenburg\u201c Ostern und Michaelis 1336. Da war es allerdings Dobirschicz, 1548 Dorrschiz.<a class=\"thickbox\" title=\"File_103\" href=\"https:\/\/www.starkenberg.info\/_WP\/wp-content\/uploads\/2011\/08\/File_103.jpg\" rel=\"same-post-1129\"><img loading=\"lazy\" decoding=\"async\" class=\"size-thumbnail wp-image-1372 alignright\" title=\"File_103\" src=\"https:\/\/www.starkenberg.info\/_WP\/wp-content\/uploads\/2011\/08\/File_103-68x100.jpg\" alt=\"\" width=\"68\" height=\"100\" srcset=\"https:\/\/www.starkenberg.info\/_WP\/wp-content\/uploads\/2011\/08\/File_103-68x100.jpg 68w, https:\/\/www.starkenberg.info\/_WP\/wp-content\/uploads\/2011\/08\/File_103-204x300.jpg 204w, https:\/\/www.starkenberg.info\/_WP\/wp-content\/uploads\/2011\/08\/File_103.jpg 409w\" sizes=\"auto, (max-width: 68px) 100vw, 68px\" \/><\/a><\/p>\n<p><a class=\"thickbox\" title=\"Dsci0050\" href=\"https:\/\/www.starkenberg.info\/_WP\/wp-content\/uploads\/2011\/08\/Dsci0050.jpg\" rel=\"same-post-1129\"><img loading=\"lazy\" decoding=\"async\" class=\"alignleft size-thumbnail wp-image-1368\" title=\"Dsci0050\" src=\"https:\/\/www.starkenberg.info\/_WP\/wp-content\/uploads\/2011\/08\/Dsci0050-100x74.jpg\" alt=\"\" width=\"100\" height=\"74\" srcset=\"https:\/\/www.starkenberg.info\/_WP\/wp-content\/uploads\/2011\/08\/Dsci0050-100x74.jpg 100w, https:\/\/www.starkenberg.info\/_WP\/wp-content\/uploads\/2011\/08\/Dsci0050-300x224.jpg 300w, https:\/\/www.starkenberg.info\/_WP\/wp-content\/uploads\/2011\/08\/Dsci0050.jpg 800w\" sizes=\"auto, (max-width: 100px) 100vw, 100px\" \/><\/a>Seit 1800 gibt es den Ortsnamen Dobrasch\u00fctz. Der slawische Name bedeutet Dobres \u2013 Leute.<\/p>\n<p>&nbsp;<\/p>\n<p>&nbsp;<\/p>\n<p><a class=\"thickbox\" title=\"Dsci0051\" href=\"https:\/\/www.starkenberg.info\/_WP\/wp-content\/uploads\/2011\/08\/Dsci0051.jpg\" rel=\"same-post-1129\"><img loading=\"lazy\" decoding=\"async\" class=\"alignleft size-thumbnail wp-image-1369\" title=\"Dsci0051\" src=\"https:\/\/www.starkenberg.info\/_WP\/wp-content\/uploads\/2011\/08\/Dsci0051-100x74.jpg\" alt=\"\" width=\"100\" height=\"74\" srcset=\"https:\/\/www.starkenberg.info\/_WP\/wp-content\/uploads\/2011\/08\/Dsci0051-100x74.jpg 100w, https:\/\/www.starkenberg.info\/_WP\/wp-content\/uploads\/2011\/08\/Dsci0051-300x224.jpg 300w, https:\/\/www.starkenberg.info\/_WP\/wp-content\/uploads\/2011\/08\/Dsci0051.jpg 800w\" sizes=\"auto, (max-width: 100px) 100vw, 100px\" \/><\/a>In Dob<a class=\"thickbox\" title=\"File_098\" href=\"https:\/\/www.starkenberg.info\/_WP\/wp-content\/uploads\/2011\/08\/File_098.jpg\" rel=\"same-post-1129\"><img loading=\"lazy\" decoding=\"async\" class=\"size-thumbnail wp-image-1370 alignright\" title=\"File_098\" src=\"https:\/\/www.starkenberg.info\/_WP\/wp-content\/uploads\/2011\/08\/File_098-75x100.jpg\" alt=\"\" width=\"75\" height=\"100\" srcset=\"https:\/\/www.starkenberg.info\/_WP\/wp-content\/uploads\/2011\/08\/File_098-75x100.jpg 75w, https:\/\/www.starkenberg.info\/_WP\/wp-content\/uploads\/2011\/08\/File_098-225x300.jpg 225w, https:\/\/www.starkenberg.info\/_WP\/wp-content\/uploads\/2011\/08\/File_098.jpg 450w\" sizes=\"auto, (max-width: 75px) 100vw, 75px\" \/><\/a>rasch\u00fctz gibt es eine Kirch<a class=\"thickbox\" title=\"File_099\" href=\"https:\/\/www.starkenberg.info\/_WP\/wp-content\/uploads\/2011\/08\/File_099.jpg\" rel=\"same-post-1129\"><img loading=\"lazy\" decoding=\"async\" class=\"size-thumbnail wp-image-1371 alignright\" title=\"File_099\" src=\"https:\/\/www.starkenberg.info\/_WP\/wp-content\/uploads\/2011\/08\/File_099-100x75.jpg\" alt=\"\" width=\"100\" height=\"75\" srcset=\"https:\/\/www.starkenberg.info\/_WP\/wp-content\/uploads\/2011\/08\/File_099-100x75.jpg 100w, https:\/\/www.starkenberg.info\/_WP\/wp-content\/uploads\/2011\/08\/File_099-300x225.jpg 300w, https:\/\/www.starkenberg.info\/_WP\/wp-content\/uploads\/2011\/08\/File_099.jpg 800w\" sizes=\"auto, (max-width: 100px) 100vw, 100px\" \/><\/a>e. Diese wurde im Jahre 1752 so wie sie und heute bekannt ist, geweiht.<\/p>\n<p>&nbsp;<\/p>\n<p>&nbsp;<\/p>\n<p><a class=\"thickbox\" title=\"File_115\" href=\"https:\/\/www.starkenberg.info\/_WP\/wp-content\/uploads\/2011\/08\/File_115.jpg\" rel=\"same-post-1129\"><img loading=\"lazy\" decoding=\"async\" class=\"alignleft size-thumbnail wp-image-1365\" title=\"File_115\" src=\"https:\/\/www.starkenberg.info\/_WP\/wp-content\/uploads\/2011\/08\/File_115-100x66.jpg\" alt=\"\" width=\"100\" height=\"66\" srcset=\"https:\/\/www.starkenberg.info\/_WP\/wp-content\/uploads\/2011\/08\/File_115-100x66.jpg 100w, https:\/\/www.starkenberg.info\/_WP\/wp-content\/uploads\/2011\/08\/File_115-300x199.jpg 300w, https:\/\/www.starkenberg.info\/_WP\/wp-content\/uploads\/2011\/08\/File_115.jpg 800w\" sizes=\"auto, (max-width: 100px) 100vw, 100px\" \/><\/a>In Dobrasch\u00fctz steht auch das Wohnhaus von Zacharias Kresse (1800-1876). Dobrasch\u00fctz ist eingebettet von Obstplantagen.<\/p>\n<p>&nbsp;<\/p>\n<p>&nbsp;<\/p>\n<p>Pfingsten 2011 gab es in\u00a0 Dobr<a class=\"thickbox\" title=\"Dobra 3\" href=\"https:\/\/www.starkenberg.info\/_WP\/wp-content\/uploads\/2011\/08\/Dobra-3.jpg\" rel=\"same-post-1129\"><img loading=\"lazy\" decoding=\"async\" class=\"alignleft size-thumbnail wp-image-1367\" title=\"Dobra 3\" src=\"https:\/\/www.starkenberg.info\/_WP\/wp-content\/uploads\/2011\/08\/Dobra-3-100x74.jpg\" alt=\"\" width=\"100\" height=\"74\" srcset=\"https:\/\/www.starkenberg.info\/_WP\/wp-content\/uploads\/2011\/08\/Dobra-3-100x74.jpg 100w, https:\/\/www.starkenberg.info\/_WP\/wp-content\/uploads\/2011\/08\/Dobra-3-300x224.jpg 300w, https:\/\/www.starkenberg.info\/_WP\/wp-content\/uploads\/2011\/08\/Dobra-3.jpg 800w\" sizes=\"auto, (max-width: 100px) 100vw, 100px\" \/><\/a>asch\u00fctz die 675 Jahrfeier.\u00a0 W\u00e4hrend der Feier wurde auch eine Namensgebung durchgef\u00fchrt. Der Hof, wo das Wohnhaus von Zacharias Kresse steht, wurde \u201eZacharias Kresse Hof\u201c genannt.<\/p>\n<p>&nbsp;<\/p>\n","protected":false},"excerpt":{"rendered":"<p>Dobrasch\u00fctz (57 Einwohner) Dobrasch\u00fctz liegt 5,5.km von Starkenberg und 15,7 km von Altenburg entfernt. Die erste urkundliche Erw\u00e4hnung des Ortes&#8230;<\/p>\n","protected":false},"author":1,"featured_media":0,"parent":0,"menu_order":0,"comment_status":"closed","ping_status":"closed","template":"page-template\/page-with-right-sidebar.php","meta":{"ngg_post_thumbnail":0,"footnotes":""},"class_list":["post-1129","page","type-page","status-publish","hentry"],"_links":{"self":[{"href":"https:\/\/www.starkenberg.info\/index.php?rest_route=\/wp\/v2\/pages\/1129","targetHints":{"allow":["GET"]}}],"collection":[{"href":"https:\/\/www.starkenberg.info\/index.php?rest_route=\/wp\/v2\/pages"}],"about":[{"href":"https:\/\/www.starkenberg.info\/index.php?rest_route=\/wp\/v2\/types\/page"}],"author":[{"embeddable":true,"href":"https:\/\/www.starkenberg.info\/index.php?rest_route=\/wp\/v2\/users\/1"}],"replies":[{"embeddable":true,"href":"https:\/\/www.starkenberg.info\/index.php?rest_route=%2Fwp%2Fv2%2Fcomments&post=1129"}],"version-history":[{"count":9,"href":"https:\/\/www.starkenberg.info\/index.php?rest_route=\/wp\/v2\/pages\/1129\/revisions"}],"predecessor-version":[{"id":7825,"href":"https:\/\/www.starkenberg.info\/index.php?rest_route=\/wp\/v2\/pages\/1129\/revisions\/7825"}],"wp:attachment":[{"href":"https:\/\/www.starkenberg.info\/index.php?rest_route=%2Fwp%2Fv2%2Fmedia&parent=1129"}],"curies":[{"name":"wp","href":"https:\/\/api.w.org\/{rel}","templated":true}]}}