{"id":1174,"date":"2011-08-03T13:05:07","date_gmt":"2011-08-03T13:05:07","guid":{"rendered":"http:\/\/www.starkenberg.info\/_WP\/?page_id=1174"},"modified":"2021-03-03T09:11:48","modified_gmt":"2021-03-03T09:11:48","slug":"sanierung-saal-naundorf","status":"publish","type":"page","link":"https:\/\/www.starkenberg.info\/?page_id=1174","title":{"rendered":"Sanierung  Saal Naundorf"},"content":{"rendered":"<p>Naundorf hat einen Zuwendungsbescheid von F\u00f6rdermitteln in H\u00f6he von 156.000,00 \u20ac f\u00fcr die Sanierung des Saales Naundorf erhalten.<\/p>\n<p>Die Mittel sind vorgesehen, das Saalgeb\u00e4ude wieder der \u00d6ffentlichkeit zugg\u00e4ngig zu machen.<\/p>\n<p>Auch die sanit\u00e4ren Anlagen sollen erneuert werden. Dieser Bau dient der Vervollst\u00e4ndigung des Gesamtensembles des Gasthofes Naundorf.<\/p>\n<p>Der Gasthof wurde bereits in Eigeninitiative von den Dorfbewohner und Vereinen hergerichtet.<\/p>\n<p style=\"text-align: center;\"><strong>14.05.2012<\/strong><br \/>\nngg_shortcode_0_placeholder<\/p>\n<p style=\"text-align: center;\"><strong>07.11.2011<br \/>\n<\/strong>ngg_shortcode_1_placeholder<\/p>\n<p style=\"text-align: center;\"><strong>20.09.2011<br \/>\n<\/strong>ngg_shortcode_2_placeholder<\/p>\n<p style=\"text-align: center;\"><strong>16.09.2011<\/strong><br \/>\nngg_shortcode_3_placeholder<\/p>\n<p style=\"text-align: center;\"><strong>03.08.2011<\/strong><br \/>\nngg_shortcode_4_placeholder<\/p>\n","protected":false},"excerpt":{"rendered":"<p>Naundorf hat einen Zuwendungsbescheid von F\u00f6rdermitteln in H\u00f6he von 156.000,00 \u20ac f\u00fcr die Sanierung des Saales Naundorf erhalten. Die Mittel&#8230;<\/p>\n","protected":false},"author":1,"featured_media":0,"parent":0,"menu_order":0,"comment_status":"closed","ping_status":"closed","template":"page-template\/page-with-right-sidebar.php","meta":{"ngg_post_thumbnail":0,"footnotes":""},"class_list":["post-1174","page","type-page","status-publish","hentry"],"_links":{"self":[{"href":"https:\/\/www.starkenberg.info\/index.php?rest_route=\/wp\/v2\/pages\/1174","targetHints":{"allow":["GET"]}}],"collection":[{"href":"https:\/\/www.starkenberg.info\/index.php?rest_route=\/wp\/v2\/pages"}],"about":[{"href":"https:\/\/www.starkenberg.info\/index.php?rest_route=\/wp\/v2\/types\/page"}],"author":[{"embeddable":true,"href":"https:\/\/www.starkenberg.info\/index.php?rest_route=\/wp\/v2\/users\/1"}],"replies":[{"embeddable":true,"href":"https:\/\/www.starkenberg.info\/index.php?rest_route=%2Fwp%2Fv2%2Fcomments&post=1174"}],"version-history":[{"count":8,"href":"https:\/\/www.starkenberg.info\/index.php?rest_route=\/wp\/v2\/pages\/1174\/revisions"}],"predecessor-version":[{"id":7859,"href":"https:\/\/www.starkenberg.info\/index.php?rest_route=\/wp\/v2\/pages\/1174\/revisions\/7859"}],"wp:attachment":[{"href":"https:\/\/www.starkenberg.info\/index.php?rest_route=%2Fwp%2Fv2%2Fmedia&parent=1174"}],"curies":[{"name":"wp","href":"https:\/\/api.w.org\/{rel}","templated":true}]}}