{"id":1177,"date":"2011-08-03T13:08:59","date_gmt":"2011-08-03T13:08:59","guid":{"rendered":"http:\/\/www.starkenberg.info\/_WP\/?page_id=1177"},"modified":"2021-03-03T09:11:11","modified_gmt":"2021-03-03T09:11:11","slug":"bauarbeiten-an-der-l1361","status":"publish","type":"page","link":"https:\/\/www.starkenberg.info\/?page_id=1177","title":{"rendered":"Bauarbeiten an der L1361"},"content":{"rendered":"<p><a class=\"thickbox\" title=\"Dsci0794\" href=\"https:\/\/www.starkenberg.info\/_WP\/wp-content\/uploads\/2011\/08\/Dsci0794.jpg\" rel=\"same-post-1177\"><img loading=\"lazy\" decoding=\"async\" class=\"alignleft size-thumbnail wp-image-1210\" title=\"Dsci0794\" src=\"https:\/\/www.starkenberg.info\/_WP\/wp-content\/uploads\/2011\/08\/Dsci0794-100x74.jpg\" alt=\"\" width=\"100\" height=\"74\" srcset=\"https:\/\/www.starkenberg.info\/_WP\/wp-content\/uploads\/2011\/08\/Dsci0794-100x74.jpg 100w, https:\/\/www.starkenberg.info\/_WP\/wp-content\/uploads\/2011\/08\/Dsci0794-300x224.jpg 300w, https:\/\/www.starkenberg.info\/_WP\/wp-content\/uploads\/2011\/08\/Dsci0794.jpg 800w\" sizes=\"auto, (max-width: 100px) 100vw, 100px\" \/><\/a>In der Zeit vom 07.03.2011- 29.07.2011 wurde die L1361 zwischen Kreutzen und Abzweig Monstab in 3 Bauabschnitten neu gebaut.<\/p>\n<p>Gleichzeitig erfolgte die Verlegung der neuen Trinkwasserleitung von Tegkwitz bis Abzweig Monstab.<\/p>\n<p>\u00dcber die Inbetriebnahme der neuen Wasserleitung k\u00f6nnen zum heutigen Zeitpunkt noch keine Angaben gemacht werden. Zu gegebenen Zeitpunkt informiert uns der ZAL welche Stra\u00dfen mit neuen Wasser versorgt werden.<\/p>\n<p style=\"text-align: center;\">ngg_shortcode_0_placeholder<\/p>\n","protected":false},"excerpt":{"rendered":"<p>In der Zeit vom 07.03.2011- 29.07.2011 wurde die L1361 zwischen Kreutzen und Abzweig Monstab in 3 Bauabschnitten neu gebaut. Gleichzeitig&#8230;<\/p>\n","protected":false},"author":1,"featured_media":0,"parent":0,"menu_order":0,"comment_status":"closed","ping_status":"closed","template":"page-template\/page-with-right-sidebar.php","meta":{"ngg_post_thumbnail":0,"footnotes":""},"class_list":["post-1177","page","type-page","status-publish","hentry"],"_links":{"self":[{"href":"https:\/\/www.starkenberg.info\/index.php?rest_route=\/wp\/v2\/pages\/1177","targetHints":{"allow":["GET"]}}],"collection":[{"href":"https:\/\/www.starkenberg.info\/index.php?rest_route=\/wp\/v2\/pages"}],"about":[{"href":"https:\/\/www.starkenberg.info\/index.php?rest_route=\/wp\/v2\/types\/page"}],"author":[{"embeddable":true,"href":"https:\/\/www.starkenberg.info\/index.php?rest_route=\/wp\/v2\/users\/1"}],"replies":[{"embeddable":true,"href":"https:\/\/www.starkenberg.info\/index.php?rest_route=%2Fwp%2Fv2%2Fcomments&post=1177"}],"version-history":[{"count":4,"href":"https:\/\/www.starkenberg.info\/index.php?rest_route=\/wp\/v2\/pages\/1177\/revisions"}],"predecessor-version":[{"id":7820,"href":"https:\/\/www.starkenberg.info\/index.php?rest_route=\/wp\/v2\/pages\/1177\/revisions\/7820"}],"wp:attachment":[{"href":"https:\/\/www.starkenberg.info\/index.php?rest_route=%2Fwp%2Fv2%2Fmedia&parent=1177"}],"curies":[{"name":"wp","href":"https:\/\/api.w.org\/{rel}","templated":true}]}}