{"id":1247,"date":"2011-08-05T11:27:23","date_gmt":"2011-08-05T11:27:23","guid":{"rendered":"http:\/\/www.starkenberg.info\/_WP\/?page_id=1247"},"modified":"2021-03-03T09:12:20","modified_gmt":"2021-03-03T09:12:20","slug":"40jahre-kegelbahn-2006","status":"publish","type":"page","link":"https:\/\/www.starkenberg.info\/?page_id=1247","title":{"rendered":"40Jahre Kegelbahn 2006"},"content":{"rendered":"<p><a class=\"thickbox\" title=\"40JahreKegelbahn\" href=\"https:\/\/www.starkenberg.info\/_WP\/wp-content\/uploads\/2011\/08\/40JahreKegelbahn.jpg\" rel=\"same-post-1247\"><img loading=\"lazy\" decoding=\"async\" class=\"alignleft size-medium wp-image-1248\" title=\"40JahreKegelbahn\" src=\"https:\/\/www.starkenberg.info\/_WP\/wp-content\/uploads\/2011\/08\/40JahreKegelbahn-182x300.jpg\" alt=\"\" width=\"182\" height=\"300\" srcset=\"https:\/\/www.starkenberg.info\/_WP\/wp-content\/uploads\/2011\/08\/40JahreKegelbahn-182x300.jpg 182w, https:\/\/www.starkenberg.info\/_WP\/wp-content\/uploads\/2011\/08\/40JahreKegelbahn-60x100.jpg 60w\" sizes=\"auto, (max-width: 182px) 100vw, 182px\" \/><\/a><strong>In den 50-er Jahren<\/strong> (ca. 1953\/1954) begannen Bier- und Freizeitkegler in der Gastst\u00e4tte K\u00f6hler am Bahnhof in Kostitz eine Abteilung Kegeln im Sportverein &#8222;BSG Traktor Starkenberg&#8220; zu gr\u00fcnden.<br \/>\n<a href=\"https:\/\/www.starkenberg.info\/_WP\/?page_id=488\">&#8230;..mehr<\/a><\/p>\n<p><strong>Das war Begeisterung PUR!<\/strong> Umso gr\u00f6\u00dfer mu\u00df die Begeisterung gewesen sein, als der Gemeinderat am 08.08.1958 bei einer Sitzung beschlo\u00df, die Voraussetzungen f\u00fcr den Bau einer Kegelbahnanlage zu schaffen. Auf der Suche nach begehbaren Wegen, nach finanziellen M\u00f6glichkeiten und zum Standort konnte 1964 nach dem Ber\u00e4umen der alten Schie\u00dfanlage des ehemaligen Sch\u00fctzenvereins der Grundstein gelegt werden.<br \/>\n<a href=\"https:\/\/www.starkenberg.info\/_WP\/?page_id=488\">&#8230;..mehr<\/a><\/p>\n<p style=\"text-align: center;\">ngg_shortcode_0_placeholder<\/p>\n","protected":false},"excerpt":{"rendered":"<p>In den 50-er Jahren (ca. 1953\/1954) begannen Bier- und Freizeitkegler in der Gastst\u00e4tte K\u00f6hler am Bahnhof in Kostitz eine Abteilung&#8230;<\/p>\n","protected":false},"author":1,"featured_media":0,"parent":0,"menu_order":1,"comment_status":"closed","ping_status":"closed","template":"page-template\/blog-with-right-sidebar.php","meta":{"ngg_post_thumbnail":0,"footnotes":""},"class_list":["post-1247","page","type-page","status-publish","hentry"],"_links":{"self":[{"href":"https:\/\/www.starkenberg.info\/index.php?rest_route=\/wp\/v2\/pages\/1247","targetHints":{"allow":["GET"]}}],"collection":[{"href":"https:\/\/www.starkenberg.info\/index.php?rest_route=\/wp\/v2\/pages"}],"about":[{"href":"https:\/\/www.starkenberg.info\/index.php?rest_route=\/wp\/v2\/types\/page"}],"author":[{"embeddable":true,"href":"https:\/\/www.starkenberg.info\/index.php?rest_route=\/wp\/v2\/users\/1"}],"replies":[{"embeddable":true,"href":"https:\/\/www.starkenberg.info\/index.php?rest_route=%2Fwp%2Fv2%2Fcomments&post=1247"}],"version-history":[{"count":2,"href":"https:\/\/www.starkenberg.info\/index.php?rest_route=\/wp\/v2\/pages\/1247\/revisions"}],"predecessor-version":[{"id":4556,"href":"https:\/\/www.starkenberg.info\/index.php?rest_route=\/wp\/v2\/pages\/1247\/revisions\/4556"}],"wp:attachment":[{"href":"https:\/\/www.starkenberg.info\/index.php?rest_route=%2Fwp%2Fv2%2Fmedia&parent=1247"}],"curies":[{"name":"wp","href":"https:\/\/api.w.org\/{rel}","templated":true}]}}