{"id":1260,"date":"2011-08-05T11:57:56","date_gmt":"2011-08-05T11:57:56","guid":{"rendered":"http:\/\/www.starkenberg.info\/_WP\/?page_id=1260"},"modified":"2021-03-03T09:12:01","modified_gmt":"2021-03-03T09:12:01","slug":"teichfest-2005","status":"publish","type":"page","link":"https:\/\/www.starkenberg.info\/?page_id=1260","title":{"rendered":"Teichfest 2005"},"content":{"rendered":"<p><strong><a class=\"thickbox\" title=\"Teichfest2005\" href=\"https:\/\/www.starkenberg.info\/_WP\/wp-content\/uploads\/2011\/08\/Teichfest2005.gif\" rel=\"same-post-1260\"><img loading=\"lazy\" decoding=\"async\" class=\"alignleft size-medium wp-image-1261\" title=\"Teichfest2005\" src=\"https:\/\/www.starkenberg.info\/_WP\/wp-content\/uploads\/2011\/08\/Teichfest2005-193x300.gif\" alt=\"\" width=\"193\" height=\"300\" srcset=\"https:\/\/www.starkenberg.info\/_WP\/wp-content\/uploads\/2011\/08\/Teichfest2005-193x300.gif 193w, https:\/\/www.starkenberg.info\/_WP\/wp-content\/uploads\/2011\/08\/Teichfest2005-64x100.gif 64w, https:\/\/www.starkenberg.info\/_WP\/wp-content\/uploads\/2011\/08\/Teichfest2005.gif 401w\" sizes=\"auto, (max-width: 193px) 100vw, 193px\" \/><\/a>40 F\u00e4sser Bier geleert<\/strong><br \/>\nDer Steinbruchsteich sowie der Heringsteich in Starkenberg wurde nach aufw\u00e4ndiger Sanierung \u00fcber das Dorferneuerungsprogramm im Jahr 1999 feierlich wieder eingeweiht. Da damals der Zuspruch der Bev\u00f6lkerung au\u00dferordentlich hoch war, machte man in der Gemeinde kurzerhand das Teichfest zu einer allj\u00e4hrlich wiederkehrenden Attraktion.<br \/>\n&#8222;Aber nat\u00fcrlich konnte damals noch niemand ahnen, dass sich dieses Fest zum gr\u00f6\u00dften in Starkenberg mausern wird&#8220;, erkl\u00e4rte B\u00fcrgermeister Wolfram Schlegel. Das ist es aber mittlerweile unbestritten, wie die siebente Auflage am Wochenende wieder eindrucksvoll bewies.<br \/>\nSchon am Freitag waren die Starkenberger und ihre zahlreichen ausw\u00e4rtigen G\u00e4ste in ausgesprochener Feierlaune: Zur Abendveranstaltung mit dem \u00f6rtlichen Spielmannszug sowie einer Disko dr\u00e4ngelten sich um die 800 Besucher. &#8222;Da musste sogar bei den knapp gewordenen Eintrittskarten Nachschub organisiert werden&#8220;, freute sich der B\u00fcrgermeister. Auch tags\u00fcber gab es ein anspruchsvolles Programm, denn diverse Schausteller luden ein. Auch sportliche Offerten, wie ein Mega-Kicker-Turnier, fehlten da nicht. Und die Gaudiregatta auf dem Steinbruchsteich war am Samstag nat\u00fcrlich wieder einer der H\u00f6hepunkte schlechthin.<br \/>\n&#8222;Ein Lob geb\u00fchrt an dieser Stelle den jungen Leuten des Jugendclubs, die in diesem Jahr unser Teichfest ma\u00dfgeblich und mit Bravour organisierten&#8220;, streicht Schlegel heraus. F\u00fcr das Gemeindeoberhaupt widerlegt dieses Faktum das Klischee, dass Jugendliche heutzutage nicht allzuviel auf die Beine stellen k\u00f6nnen.<br \/>\nDie M\u00fchen der jungen Leute wurden keineswegs nur zu den Abendveranstaltungen belohnt. &#8222;Auch tags\u00fcber herrschte bei bestem Sommerwetter immer ordentlich Betrieb. Da wurden zeitweise sogar Essen sowie Getr\u00e4nke knapp&#8220;, so Schlegel. Als Beispiel f\u00fcr den guten Durst der Festbesucher nannte der B\u00fcrgermeister jene 40 F\u00e4sser Bier, die an den Festtagen geleert wurden. Auch ein Zeichen, dass sich die Besucher wohl gef\u00fchlt hatten.<br \/>\nJ\u00f6rg Wolf (Osterl\u00e4nder Volkszeitung)<\/p>\nngg_shortcode_0_placeholder\n","protected":false},"excerpt":{"rendered":"<p>40 F\u00e4sser Bier geleert Der Steinbruchsteich sowie der Heringsteich in Starkenberg wurde nach aufw\u00e4ndiger Sanierung \u00fcber das Dorferneuerungsprogramm im Jahr&#8230;<\/p>\n","protected":false},"author":1,"featured_media":0,"parent":0,"menu_order":0,"comment_status":"closed","ping_status":"closed","template":"page-template\/page-with-right-sidebar.php","meta":{"ngg_post_thumbnail":0,"footnotes":""},"class_list":["post-1260","page","type-page","status-publish","hentry"],"_links":{"self":[{"href":"https:\/\/www.starkenberg.info\/index.php?rest_route=\/wp\/v2\/pages\/1260","targetHints":{"allow":["GET"]}}],"collection":[{"href":"https:\/\/www.starkenberg.info\/index.php?rest_route=\/wp\/v2\/pages"}],"about":[{"href":"https:\/\/www.starkenberg.info\/index.php?rest_route=\/wp\/v2\/types\/page"}],"author":[{"embeddable":true,"href":"https:\/\/www.starkenberg.info\/index.php?rest_route=\/wp\/v2\/users\/1"}],"replies":[{"embeddable":true,"href":"https:\/\/www.starkenberg.info\/index.php?rest_route=%2Fwp%2Fv2%2Fcomments&post=1260"}],"version-history":[{"count":3,"href":"https:\/\/www.starkenberg.info\/index.php?rest_route=\/wp\/v2\/pages\/1260\/revisions"}],"predecessor-version":[{"id":1265,"href":"https:\/\/www.starkenberg.info\/index.php?rest_route=\/wp\/v2\/pages\/1260\/revisions\/1265"}],"wp:attachment":[{"href":"https:\/\/www.starkenberg.info\/index.php?rest_route=%2Fwp%2Fv2%2Fmedia&parent=1260"}],"curies":[{"name":"wp","href":"https:\/\/api.w.org\/{rel}","templated":true}]}}