{"id":1266,"date":"2011-08-05T12:20:40","date_gmt":"2011-08-05T12:20:40","guid":{"rendered":"http:\/\/www.starkenberg.info\/_WP\/?page_id=1266"},"modified":"2021-03-03T09:12:01","modified_gmt":"2021-03-03T09:12:01","slug":"teichfest-2006","status":"publish","type":"page","link":"https:\/\/www.starkenberg.info\/?page_id=1266","title":{"rendered":"Teichfest 2006"},"content":{"rendered":"<p><a class=\"thickbox\" title=\"Teichfest2006\" href=\"https:\/\/www.starkenberg.info\/_WP\/wp-content\/uploads\/2011\/08\/Teichfest2006.jpg\" rel=\"same-post-1266\"><img loading=\"lazy\" decoding=\"async\" class=\"alignleft size-medium wp-image-1267\" title=\"Teichfest2006\" src=\"https:\/\/www.starkenberg.info\/_WP\/wp-content\/uploads\/2011\/08\/Teichfest2006-213x300.jpg\" alt=\"\" width=\"213\" height=\"300\" srcset=\"https:\/\/www.starkenberg.info\/_WP\/wp-content\/uploads\/2011\/08\/Teichfest2006-213x300.jpg 213w, https:\/\/www.starkenberg.info\/_WP\/wp-content\/uploads\/2011\/08\/Teichfest2006-71x100.jpg 71w, https:\/\/www.starkenberg.info\/_WP\/wp-content\/uploads\/2011\/08\/Teichfest2006.jpg 355w\" sizes=\"auto, (max-width: 213px) 100vw, 213px\" \/><\/a><strong>The Maniacs &#8211; verr\u00fcckt nach Musik!<\/strong><br \/>\nSeit 1997 stehen alle Zeichen auf Live-Musik vom Feinsten.<br \/>\nAuch wenn anfangs noch ein anderer Name draufsteht und im Laufe der Zeit auch unterschiedliche Namen drinstecken, das Ziel ist schon immer klar &#8211; Musik das die H\u00fcfte schwingt und das Tanzbein nicht mehr stillstehen kann!<\/p>\n<p>Unsere Show umfasst klassische Rock&#8217;n&#8217;Roll Nummern, die aktuellsten Hits und einfach alles was dazwischen liegt! Das Discofieber der 70er packt bei uns genauso zu, wie die Rhythmen der NDW oder die Power der Rock-Geschichte! Professionelle Soundgestaltung versteht sich dabei genauso wie eine State-of-the-Art Lichtshow mit aktuellster Technologie, die keinerlei W\u00fcnsche offen l\u00e4\u00dft. The Maniacs &#8211; Bei uns wird jede Party zum Erlebnis!<br \/>\n<strong>Hoch energetisch und packend gespielt &#8211; ein garantiert einzigartiges Party-Show-Paket!<\/strong><\/p>\nngg_shortcode_0_placeholder\n","protected":false},"excerpt":{"rendered":"<p>The Maniacs &#8211; verr\u00fcckt nach Musik! Seit 1997 stehen alle Zeichen auf Live-Musik vom Feinsten. Auch wenn anfangs noch ein&#8230;<\/p>\n","protected":false},"author":1,"featured_media":0,"parent":0,"menu_order":0,"comment_status":"closed","ping_status":"closed","template":"page-template\/page-with-right-sidebar.php","meta":{"ngg_post_thumbnail":0,"footnotes":""},"class_list":["post-1266","page","type-page","status-publish","hentry"],"_links":{"self":[{"href":"https:\/\/www.starkenberg.info\/index.php?rest_route=\/wp\/v2\/pages\/1266","targetHints":{"allow":["GET"]}}],"collection":[{"href":"https:\/\/www.starkenberg.info\/index.php?rest_route=\/wp\/v2\/pages"}],"about":[{"href":"https:\/\/www.starkenberg.info\/index.php?rest_route=\/wp\/v2\/types\/page"}],"author":[{"embeddable":true,"href":"https:\/\/www.starkenberg.info\/index.php?rest_route=\/wp\/v2\/users\/1"}],"replies":[{"embeddable":true,"href":"https:\/\/www.starkenberg.info\/index.php?rest_route=%2Fwp%2Fv2%2Fcomments&post=1266"}],"version-history":[{"count":2,"href":"https:\/\/www.starkenberg.info\/index.php?rest_route=\/wp\/v2\/pages\/1266\/revisions"}],"predecessor-version":[{"id":7867,"href":"https:\/\/www.starkenberg.info\/index.php?rest_route=\/wp\/v2\/pages\/1266\/revisions\/7867"}],"wp:attachment":[{"href":"https:\/\/www.starkenberg.info\/index.php?rest_route=%2Fwp%2Fv2%2Fmedia&parent=1266"}],"curies":[{"name":"wp","href":"https:\/\/api.w.org\/{rel}","templated":true}]}}