{"id":1571,"date":"2011-09-15T05:41:23","date_gmt":"2011-09-15T05:41:23","guid":{"rendered":"http:\/\/www.starkenberg.info\/?page_id=1571"},"modified":"2021-03-03T09:12:02","modified_gmt":"2021-03-03T09:12:02","slug":"umbaumasnahmen","status":"publish","type":"page","link":"https:\/\/www.starkenberg.info\/?page_id=1571","title":{"rendered":"Umbauma\u00dfnahmen"},"content":{"rendered":"<p>Von Oktober bis Dezember 2010 fanden in der Kindertagesst\u00e4tte Umbauarbeiten in der K\u00fcche statt. Es wurde die Wasserleitung erneuert, Trockenbauarbeiten durchgef\u00fchrt und komplett neu gefliest. Noch vor Ende des Jahres konnte dann die neue K\u00fcche eingebaut werden.<br \/>\nngg_shortcode_0_placeholder<\/p>\n<p>Umbau der sanit\u00e4ren Einrichtungen 16.10. 2006 -24.11.2006<br \/>\n<a class=\"thickbox\" title=\"bild14\" href=\"https:\/\/www.starkenberg.info\/_WP\/wp-content\/uploads\/2011\/09\/bild14.jpg\" rel=\"same-post-1571\"><img loading=\"lazy\" decoding=\"async\" class=\"alignleft size-thumbnail wp-image-1579\" title=\"bild14\" src=\"https:\/\/www.starkenberg.info\/_WP\/wp-content\/uploads\/2011\/09\/bild14-100x75.jpg\" alt=\"\" width=\"100\" height=\"75\" srcset=\"https:\/\/www.starkenberg.info\/_WP\/wp-content\/uploads\/2011\/09\/bild14-100x75.jpg 100w, https:\/\/www.starkenberg.info\/_WP\/wp-content\/uploads\/2011\/09\/bild14-300x225.jpg 300w, https:\/\/www.starkenberg.info\/_WP\/wp-content\/uploads\/2011\/09\/bild14.jpg 500w\" sizes=\"auto, (max-width: 100px) 100vw, 100px\" \/><\/a><a class=\"thickbox\" title=\"Dsci0039\" href=\"https:\/\/www.starkenberg.info\/_WP\/wp-content\/uploads\/2011\/09\/Dsci0039.jpg\" rel=\"same-post-1571\"><img loading=\"lazy\" decoding=\"async\" class=\"alignleft size-thumbnail wp-image-1596\" title=\"Dsci0039\" src=\"https:\/\/www.starkenberg.info\/_WP\/wp-content\/uploads\/2011\/09\/Dsci0039-100x74.jpg\" alt=\"\" width=\"100\" height=\"74\" srcset=\"https:\/\/www.starkenberg.info\/_WP\/wp-content\/uploads\/2011\/09\/Dsci0039-100x74.jpg 100w, https:\/\/www.starkenberg.info\/_WP\/wp-content\/uploads\/2011\/09\/Dsci0039-300x224.jpg 300w, https:\/\/www.starkenberg.info\/_WP\/wp-content\/uploads\/2011\/09\/Dsci0039.jpg 800w\" sizes=\"auto, (max-width: 100px) 100vw, 100px\" \/><\/a><a class=\"thickbox\" title=\"Dsci1481\" href=\"https:\/\/www.starkenberg.info\/_WP\/wp-content\/uploads\/2011\/09\/Dsci1481.jpg\" rel=\"same-post-1571\"><img loading=\"lazy\" decoding=\"async\" class=\"alignleft size-thumbnail wp-image-1600\" title=\"Dsci1481\" src=\"https:\/\/www.starkenberg.info\/_WP\/wp-content\/uploads\/2011\/09\/Dsci1481-100x74.jpg\" alt=\"\" width=\"100\" height=\"74\" srcset=\"https:\/\/www.starkenberg.info\/_WP\/wp-content\/uploads\/2011\/09\/Dsci1481-100x74.jpg 100w, https:\/\/www.starkenberg.info\/_WP\/wp-content\/uploads\/2011\/09\/Dsci1481-300x224.jpg 300w, https:\/\/www.starkenberg.info\/_WP\/wp-content\/uploads\/2011\/09\/Dsci1481.jpg 800w\" sizes=\"auto, (max-width: 100px) 100vw, 100px\" \/><\/a><a class=\"thickbox\" title=\"Dsci1483\" href=\"https:\/\/www.starkenberg.info\/_WP\/wp-content\/uploads\/2011\/09\/Dsci1483.jpg\" rel=\"same-post-1571\"><img loading=\"lazy\" decoding=\"async\" class=\"alignleft size-thumbnail wp-image-1601\" title=\"Dsci1483\" src=\"https:\/\/www.starkenberg.info\/_WP\/wp-content\/uploads\/2011\/09\/Dsci1483-100x74.jpg\" alt=\"\" width=\"100\" height=\"74\" srcset=\"https:\/\/www.starkenberg.info\/_WP\/wp-content\/uploads\/2011\/09\/Dsci1483-100x74.jpg 100w, https:\/\/www.starkenberg.info\/_WP\/wp-content\/uploads\/2011\/09\/Dsci1483-300x224.jpg 300w, https:\/\/www.starkenberg.info\/_WP\/wp-content\/uploads\/2011\/09\/Dsci1483.jpg 800w\" sizes=\"auto, (max-width: 100px) 100vw, 100px\" \/><\/a><a class=\"thickbox\" title=\"Dsci1484\" href=\"https:\/\/www.starkenberg.info\/_WP\/wp-content\/uploads\/2011\/09\/Dsci1484.jpg\" rel=\"same-post-1571\"><img loading=\"lazy\" decoding=\"async\" class=\"alignleft size-thumbnail wp-image-1602\" title=\"Dsci1484\" src=\"https:\/\/www.starkenberg.info\/_WP\/wp-content\/uploads\/2011\/09\/Dsci1484-100x74.jpg\" alt=\"\" width=\"100\" height=\"74\" srcset=\"https:\/\/www.starkenberg.info\/_WP\/wp-content\/uploads\/2011\/09\/Dsci1484-100x74.jpg 100w, https:\/\/www.starkenberg.info\/_WP\/wp-content\/uploads\/2011\/09\/Dsci1484-300x224.jpg 300w, https:\/\/www.starkenberg.info\/_WP\/wp-content\/uploads\/2011\/09\/Dsci1484.jpg 800w\" sizes=\"auto, (max-width: 100px) 100vw, 100px\" \/><\/a><\/p>\n<p>&nbsp;<\/p>\n<p>&nbsp;<\/p>\n<p>&nbsp;<\/p>\n<p>Im Zusammenhang mit der Gestaltung der Fassade und Dacheindeckung\u00a0 im Jahr 2009\/2010 wurde das Zimmer unserer Kleinsten, der Krabbelgruppe, neu gestaltet.. Es wurde ein gr\u00f6\u00dferes Fenster\u00a0 eingebaut und neue kindsgerechte M\u00f6bel angeschafft.<\/p>\n<p><a class=\"thickbox\" title=\"bild1\" href=\"https:\/\/www.starkenberg.info\/_WP\/wp-content\/uploads\/2011\/09\/bild1.jpg\" rel=\"same-post-1571\"><img loading=\"lazy\" decoding=\"async\" class=\"alignleft size-thumbnail wp-image-1582\" title=\"bild1\" src=\"https:\/\/www.starkenberg.info\/_WP\/wp-content\/uploads\/2011\/09\/bild1-100x75.jpg\" alt=\"\" width=\"100\" height=\"75\" srcset=\"https:\/\/www.starkenberg.info\/_WP\/wp-content\/uploads\/2011\/09\/bild1-100x75.jpg 100w, https:\/\/www.starkenberg.info\/_WP\/wp-content\/uploads\/2011\/09\/bild1-300x225.jpg 300w, https:\/\/www.starkenberg.info\/_WP\/wp-content\/uploads\/2011\/09\/bild1.jpg 500w\" sizes=\"auto, (max-width: 100px) 100vw, 100px\" \/><\/a><a class=\"thickbox\" title=\"bild5\" href=\"https:\/\/www.starkenberg.info\/_WP\/wp-content\/uploads\/2011\/09\/bild5.jpg\" rel=\"same-post-1571\"><img loading=\"lazy\" decoding=\"async\" class=\"alignleft size-thumbnail wp-image-1583\" title=\"bild5\" src=\"https:\/\/www.starkenberg.info\/_WP\/wp-content\/uploads\/2011\/09\/bild5-100x75.jpg\" alt=\"\" width=\"100\" height=\"75\" srcset=\"https:\/\/www.starkenberg.info\/_WP\/wp-content\/uploads\/2011\/09\/bild5-100x75.jpg 100w, https:\/\/www.starkenberg.info\/_WP\/wp-content\/uploads\/2011\/09\/bild5-300x225.jpg 300w, https:\/\/www.starkenberg.info\/_WP\/wp-content\/uploads\/2011\/09\/bild5.jpg 500w\" sizes=\"auto, (max-width: 100px) 100vw, 100px\" \/><\/a><a class=\"thickbox\" title=\"bild12\" href=\"https:\/\/www.starkenberg.info\/_WP\/wp-content\/uploads\/2011\/09\/bild12.jpg\" rel=\"same-post-1571\"><img loading=\"lazy\" decoding=\"async\" class=\"alignleft size-thumbnail wp-image-1585\" title=\"bild12\" src=\"https:\/\/www.starkenberg.info\/_WP\/wp-content\/uploads\/2011\/09\/bild12-100x75.jpg\" alt=\"\" width=\"100\" height=\"75\" srcset=\"https:\/\/www.starkenberg.info\/_WP\/wp-content\/uploads\/2011\/09\/bild12-100x75.jpg 100w, https:\/\/www.starkenberg.info\/_WP\/wp-content\/uploads\/2011\/09\/bild12-300x225.jpg 300w, https:\/\/www.starkenberg.info\/_WP\/wp-content\/uploads\/2011\/09\/bild12.jpg 500w\" sizes=\"auto, (max-width: 100px) 100vw, 100px\" \/><\/a><a class=\"thickbox\" title=\"bild15\" href=\"https:\/\/www.starkenberg.info\/_WP\/wp-content\/uploads\/2011\/09\/bild15.jpg\" rel=\"same-post-1571\"><img loading=\"lazy\" decoding=\"async\" class=\"alignleft size-thumbnail wp-image-1586\" title=\"bild15\" src=\"https:\/\/www.starkenberg.info\/_WP\/wp-content\/uploads\/2011\/09\/bild15-100x74.jpg\" alt=\"\" width=\"100\" height=\"74\" srcset=\"https:\/\/www.starkenberg.info\/_WP\/wp-content\/uploads\/2011\/09\/bild15-100x74.jpg 100w, https:\/\/www.starkenberg.info\/_WP\/wp-content\/uploads\/2011\/09\/bild15-300x224.jpg 300w, https:\/\/www.starkenberg.info\/_WP\/wp-content\/uploads\/2011\/09\/bild15.jpg 500w\" sizes=\"auto, (max-width: 100px) 100vw, 100px\" \/><\/a><a class=\"thickbox\" title=\"bild16\" href=\"https:\/\/www.starkenberg.info\/_WP\/wp-content\/uploads\/2011\/09\/bild16.jpg\" rel=\"same-post-1571\"><img loading=\"lazy\" decoding=\"async\" class=\"alignleft size-thumbnail wp-image-1584\" title=\"bild16\" src=\"https:\/\/www.starkenberg.info\/_WP\/wp-content\/uploads\/2011\/09\/bild16-100x74.jpg\" alt=\"\" width=\"100\" height=\"74\" srcset=\"https:\/\/www.starkenberg.info\/_WP\/wp-content\/uploads\/2011\/09\/bild16-100x74.jpg 100w, https:\/\/www.starkenberg.info\/_WP\/wp-content\/uploads\/2011\/09\/bild16-300x224.jpg 300w, https:\/\/www.starkenberg.info\/_WP\/wp-content\/uploads\/2011\/09\/bild16.jpg 500w\" sizes=\"auto, (max-width: 100px) 100vw, 100px\" \/><\/a><\/p>\n<p>&nbsp;<\/p>\n<p>&nbsp;<\/p>\n<p>&nbsp;<\/p>\n<p>Die anderen Gruppenzimmer<br \/>\n<a class=\"thickbox\" title=\"bild10\" href=\"https:\/\/www.starkenberg.info\/_WP\/wp-content\/uploads\/2011\/09\/bild10.jpg\" rel=\"same-post-1571\"><img loading=\"lazy\" decoding=\"async\" class=\"alignleft size-thumbnail wp-image-1588\" title=\"bild10\" src=\"https:\/\/www.starkenberg.info\/_WP\/wp-content\/uploads\/2011\/09\/bild10-100x75.jpg\" alt=\"\" width=\"100\" height=\"75\" srcset=\"https:\/\/www.starkenberg.info\/_WP\/wp-content\/uploads\/2011\/09\/bild10-100x75.jpg 100w, https:\/\/www.starkenberg.info\/_WP\/wp-content\/uploads\/2011\/09\/bild10-300x225.jpg 300w, https:\/\/www.starkenberg.info\/_WP\/wp-content\/uploads\/2011\/09\/bild10.jpg 500w\" sizes=\"auto, (max-width: 100px) 100vw, 100px\" \/><\/a><a class=\"thickbox\" title=\"bild11\" href=\"https:\/\/www.starkenberg.info\/_WP\/wp-content\/uploads\/2011\/09\/bild11.jpg\" rel=\"same-post-1571\"><img loading=\"lazy\" decoding=\"async\" class=\"alignleft size-thumbnail wp-image-1587\" title=\"bild11\" src=\"https:\/\/www.starkenberg.info\/_WP\/wp-content\/uploads\/2011\/09\/bild11-100x75.jpg\" alt=\"\" width=\"100\" height=\"75\" srcset=\"https:\/\/www.starkenberg.info\/_WP\/wp-content\/uploads\/2011\/09\/bild11-100x75.jpg 100w, https:\/\/www.starkenberg.info\/_WP\/wp-content\/uploads\/2011\/09\/bild11-300x225.jpg 300w, https:\/\/www.starkenberg.info\/_WP\/wp-content\/uploads\/2011\/09\/bild11.jpg 500w\" sizes=\"auto, (max-width: 100px) 100vw, 100px\" \/><\/a><\/p>\n<p>&nbsp;<\/p>\n<p>&nbsp;<\/p>\n<p>&nbsp;<\/p>\n<p>Der Kindergarten tritt bei verschiedenen Veranstaltungen auf<br \/>\n<a class=\"thickbox\" title=\"bild4\" href=\"https:\/\/www.starkenberg.info\/_WP\/wp-content\/uploads\/2011\/09\/bild4.jpg\" rel=\"same-post-1571\"><img loading=\"lazy\" decoding=\"async\" class=\"alignleft size-thumbnail wp-image-1591\" title=\"bild4\" src=\"https:\/\/www.starkenberg.info\/_WP\/wp-content\/uploads\/2011\/09\/bild4-100x75.jpg\" alt=\"\" width=\"100\" height=\"75\" srcset=\"https:\/\/www.starkenberg.info\/_WP\/wp-content\/uploads\/2011\/09\/bild4-100x75.jpg 100w, https:\/\/www.starkenberg.info\/_WP\/wp-content\/uploads\/2011\/09\/bild4-300x225.jpg 300w, https:\/\/www.starkenberg.info\/_WP\/wp-content\/uploads\/2011\/09\/bild4.jpg 500w\" sizes=\"auto, (max-width: 100px) 100vw, 100px\" \/><\/a><a class=\"thickbox\" title=\"bild3\" href=\"https:\/\/www.starkenberg.info\/_WP\/wp-content\/uploads\/2011\/09\/bild3.jpg\" rel=\"same-post-1571\"><img loading=\"lazy\" decoding=\"async\" class=\"alignleft size-thumbnail wp-image-1590\" title=\"bild3\" src=\"https:\/\/www.starkenberg.info\/_WP\/wp-content\/uploads\/2011\/09\/bild3-100x75.jpg\" alt=\"\" width=\"100\" height=\"75\" srcset=\"https:\/\/www.starkenberg.info\/_WP\/wp-content\/uploads\/2011\/09\/bild3-100x75.jpg 100w, https:\/\/www.starkenberg.info\/_WP\/wp-content\/uploads\/2011\/09\/bild3-300x225.jpg 300w, https:\/\/www.starkenberg.info\/_WP\/wp-content\/uploads\/2011\/09\/bild3.jpg 500w\" sizes=\"auto, (max-width: 100px) 100vw, 100px\" \/><\/a><a class=\"thickbox\" title=\"Maibaum\" href=\"https:\/\/www.starkenberg.info\/_WP\/wp-content\/uploads\/2011\/09\/Maibaum.jpg\" rel=\"same-post-1571\"><img loading=\"lazy\" decoding=\"async\" class=\"alignleft size-thumbnail wp-image-1589\" title=\"Maibaum\" src=\"https:\/\/www.starkenberg.info\/_WP\/wp-content\/uploads\/2011\/09\/Maibaum-100x74.jpg\" alt=\"\" width=\"100\" height=\"74\" srcset=\"https:\/\/www.starkenberg.info\/_WP\/wp-content\/uploads\/2011\/09\/Maibaum-100x74.jpg 100w, https:\/\/www.starkenberg.info\/_WP\/wp-content\/uploads\/2011\/09\/Maibaum-300x224.jpg 300w, https:\/\/www.starkenberg.info\/_WP\/wp-content\/uploads\/2011\/09\/Maibaum.jpg 800w\" sizes=\"auto, (max-width: 100px) 100vw, 100px\" \/><\/a><\/p>\n<p>&nbsp;<\/p>\n<p>&nbsp;<\/p>\n","protected":false},"excerpt":{"rendered":"<p>Von Oktober bis Dezember 2010 fanden in der Kindertagesst\u00e4tte Umbauarbeiten in der K\u00fcche statt. Es wurde die Wasserleitung erneuert, Trockenbauarbeiten&#8230;<\/p>\n","protected":false},"author":1,"featured_media":0,"parent":0,"menu_order":0,"comment_status":"closed","ping_status":"closed","template":"page-template\/page-with-right-sidebar.php","meta":{"ngg_post_thumbnail":0,"footnotes":""},"class_list":["post-1571","page","type-page","status-publish","hentry"],"_links":{"self":[{"href":"https:\/\/www.starkenberg.info\/index.php?rest_route=\/wp\/v2\/pages\/1571","targetHints":{"allow":["GET"]}}],"collection":[{"href":"https:\/\/www.starkenberg.info\/index.php?rest_route=\/wp\/v2\/pages"}],"about":[{"href":"https:\/\/www.starkenberg.info\/index.php?rest_route=\/wp\/v2\/types\/page"}],"author":[{"embeddable":true,"href":"https:\/\/www.starkenberg.info\/index.php?rest_route=\/wp\/v2\/users\/1"}],"replies":[{"embeddable":true,"href":"https:\/\/www.starkenberg.info\/index.php?rest_route=%2Fwp%2Fv2%2Fcomments&post=1571"}],"version-history":[{"count":11,"href":"https:\/\/www.starkenberg.info\/index.php?rest_route=\/wp\/v2\/pages\/1571\/revisions"}],"predecessor-version":[{"id":7875,"href":"https:\/\/www.starkenberg.info\/index.php?rest_route=\/wp\/v2\/pages\/1571\/revisions\/7875"}],"wp:attachment":[{"href":"https:\/\/www.starkenberg.info\/index.php?rest_route=%2Fwp%2Fv2%2Fmedia&parent=1571"}],"curies":[{"name":"wp","href":"https:\/\/api.w.org\/{rel}","templated":true}]}}