{"id":227,"date":"2011-04-01T08:45:25","date_gmt":"2011-04-01T08:45:25","guid":{"rendered":"http:\/\/www.starkenberg.info\/_WP\/?page_id=227"},"modified":"2021-03-03T09:12:02","modified_gmt":"2021-03-03T09:12:02","slug":"umbau-saal","status":"publish","type":"page","link":"https:\/\/www.starkenberg.info\/?page_id=227","title":{"rendered":"Umbau Saal Starkenberg"},"content":{"rendered":"<p style=\"text-align: center;\"><strong>14.04.2005<\/strong><br \/>\nngg_shortcode_0_placeholder<\/p>\n<p style=\"text-align: center;\"><strong>08.04.2005<\/strong><br \/>\nSaaler\u00f6ffnung<br \/>\nngg_shortcode_1_placeholder<\/p>\n<p style=\"text-align: center;\"><strong>22.10.2004<\/strong><br \/>\nPflasterarbeiten im Saalvorhof<br \/>\nngg_shortcode_2_placeholder<\/p>\n<p style=\"text-align: center;\"><strong>21.08.2004<\/strong><br \/>\nfeierliche \u00dcbergabe der Vereinsr\u00e4ume<br \/>\nngg_shortcode_3_placeholder<\/p>\n<p style=\"text-align: center;\"><strong>06.08.2004<\/strong><br \/>\nngg_shortcode_4_placeholder<\/p>\n<p style=\"text-align: center;\"><strong>17.07.2004<\/strong><br \/>\nngg_shortcode_5_placeholder<\/p>\n<p style=\"text-align: center;\"><strong>M\u00e4rz 2004<\/strong><br \/>\nngg_shortcode_6_placeholder<\/p>\n<p>&nbsp;<\/p>\n<p style=\"text-align: center;\"><strong>Oktober\/November 2003<\/strong><br \/>\nngg_shortcode_7_placeholder<\/p>\n<p style=\"text-align: center;\"><strong>22.09.2003<\/strong><br \/>\nGrundsteinlegung<br \/>\nngg_shortcode_8_placeholder<\/p>\n<p style=\"text-align: center;\"><strong>16.07.-27.07.2003<\/strong><br \/>\nngg_shortcode_9_placeholder<\/p>\n<p style=\"text-align: center;\"><strong>08.07.2003<\/strong><br \/>\nngg_shortcode_10_placeholder<\/p>\n<p style=\"text-align: center;\"><strong>03.04.2003<\/strong><br \/>\nngg_shortcode_11_placeholder<\/p>\n","protected":false},"excerpt":{"rendered":"<p>14.04.2005 08.04.2005 Saaler\u00f6ffnung 22.10.2004 Pflasterarbeiten im Saalvorhof 21.08.2004 feierliche \u00dcbergabe der Vereinsr\u00e4ume 06.08.2004 17.07.2004 M\u00e4rz 2004 &nbsp; Oktober\/November 2003 22.09.2003&#8230;<\/p>\n","protected":false},"author":1,"featured_media":0,"parent":0,"menu_order":0,"comment_status":"closed","ping_status":"closed","template":"page-template\/page-with-right-sidebar.php","meta":{"ngg_post_thumbnail":0,"footnotes":""},"class_list":["post-227","page","type-page","status-publish","hentry"],"_links":{"self":[{"href":"https:\/\/www.starkenberg.info\/index.php?rest_route=\/wp\/v2\/pages\/227","targetHints":{"allow":["GET"]}}],"collection":[{"href":"https:\/\/www.starkenberg.info\/index.php?rest_route=\/wp\/v2\/pages"}],"about":[{"href":"https:\/\/www.starkenberg.info\/index.php?rest_route=\/wp\/v2\/types\/page"}],"author":[{"embeddable":true,"href":"https:\/\/www.starkenberg.info\/index.php?rest_route=\/wp\/v2\/users\/1"}],"replies":[{"embeddable":true,"href":"https:\/\/www.starkenberg.info\/index.php?rest_route=%2Fwp%2Fv2%2Fcomments&post=227"}],"version-history":[{"count":20,"href":"https:\/\/www.starkenberg.info\/index.php?rest_route=\/wp\/v2\/pages\/227\/revisions"}],"predecessor-version":[{"id":7873,"href":"https:\/\/www.starkenberg.info\/index.php?rest_route=\/wp\/v2\/pages\/227\/revisions\/7873"}],"wp:attachment":[{"href":"https:\/\/www.starkenberg.info\/index.php?rest_route=%2Fwp%2Fv2%2Fmedia&parent=227"}],"curies":[{"name":"wp","href":"https:\/\/api.w.org\/{rel}","templated":true}]}}