{"id":2315,"date":"2012-11-21T13:53:24","date_gmt":"2012-11-21T13:53:24","guid":{"rendered":"http:\/\/www.starkenberg.info\/?page_id=2315"},"modified":"2021-03-03T09:11:48","modified_gmt":"2021-03-03T09:11:48","slug":"orte-der-gemeinde","status":"publish","type":"page","link":"https:\/\/www.starkenberg.info\/?page_id=2315","title":{"rendered":"Orte der Gemeinde"},"content":{"rendered":"<ul>\n<li><a href=\"https:\/\/www.starkenberg.info\/?page_id=1035\">Breesen<\/a><\/li>\n<li><a href=\"https:\/\/www.starkenberg.info\/?page_id=1129\">Dobrasch\u00fctz<\/a><\/li>\n<li><a href=\"https:\/\/www.starkenberg.info\/?page_id=1063\">D\u00f6lzig<\/a><\/li>\n<li><a href=\"https:\/\/www.starkenberg.info\/?page_id=1889\">Gro\u00dfr\u00f6da<\/a><\/li>\n<li><a href=\"https:\/\/www.starkenberg.info\/?page_id=1065\">Kleinr\u00f6da<\/a><\/li>\n<li><a href=\"https:\/\/www.starkenberg.info\/?page_id=971\">Kostitz<\/a><\/li>\n<li><a href=\"https:\/\/www.starkenberg.info\/?page_id=1131\">Kraasa<\/a><\/li>\n<li><a href=\"https:\/\/www.starkenberg.info\/?page_id=1051\">Kreutzen<\/a><\/li>\n<li><a href=\"https:\/\/www.starkenberg.info\/?page_id=1044\">Misselwitz<\/a><\/li>\n<li><a href=\"https:\/\/www.starkenberg.info\/?page_id=1127\">Naundorf<\/a><\/li>\n<li><a href=\"https:\/\/www.starkenberg.info\/?page_id=1067\">Neuposa<\/a><\/li>\n<li><a href=\"https:\/\/www.starkenberg.info\/?page_id=1133\">Oberkossa<\/a><\/li>\n<li><a href=\"https:\/\/www.starkenberg.info\/?page_id=1071\">Posa<\/a><\/li>\n<li><a href=\"https:\/\/www.starkenberg.info\/?page_id=1069\">P\u00f6hla<\/a><\/li>\n<li><a href=\"https:\/\/www.starkenberg.info\/?page_id=955\">Starkenberg<\/a><\/li>\n<li><a href=\"https:\/\/www.starkenberg.info\/?page_id=1135\">Tanna<\/a><\/li>\n<li><a href=\"https:\/\/www.starkenberg.info\/?page_id=1006\">Tegkwitz<\/a><\/li>\n<li><a href=\"https:\/\/www.starkenberg.info\/?page_id=1137\">Wernsdorf<\/a><\/li>\n<\/ul>\n","protected":false},"excerpt":{"rendered":"<p>Breesen Dobrasch\u00fctz D\u00f6lzig Gro\u00dfr\u00f6da Kleinr\u00f6da Kostitz Kraasa Kreutzen Misselwitz Naundorf Neuposa Oberkossa Posa P\u00f6hla Starkenberg Tanna Tegkwitz Wernsdorf<\/p>\n","protected":false},"author":1,"featured_media":0,"parent":0,"menu_order":0,"comment_status":"closed","ping_status":"closed","template":"page-template\/page-with-right-sidebar.php","meta":{"ngg_post_thumbnail":0,"footnotes":""},"class_list":["post-2315","page","type-page","status-publish","hentry"],"_links":{"self":[{"href":"https:\/\/www.starkenberg.info\/index.php?rest_route=\/wp\/v2\/pages\/2315","targetHints":{"allow":["GET"]}}],"collection":[{"href":"https:\/\/www.starkenberg.info\/index.php?rest_route=\/wp\/v2\/pages"}],"about":[{"href":"https:\/\/www.starkenberg.info\/index.php?rest_route=\/wp\/v2\/types\/page"}],"author":[{"embeddable":true,"href":"https:\/\/www.starkenberg.info\/index.php?rest_route=\/wp\/v2\/users\/1"}],"replies":[{"embeddable":true,"href":"https:\/\/www.starkenberg.info\/index.php?rest_route=%2Fwp%2Fv2%2Fcomments&post=2315"}],"version-history":[{"count":10,"href":"https:\/\/www.starkenberg.info\/index.php?rest_route=\/wp\/v2\/pages\/2315\/revisions"}],"predecessor-version":[{"id":7856,"href":"https:\/\/www.starkenberg.info\/index.php?rest_route=\/wp\/v2\/pages\/2315\/revisions\/7856"}],"wp:attachment":[{"href":"https:\/\/www.starkenberg.info\/index.php?rest_route=%2Fwp%2Fv2%2Fmedia&parent=2315"}],"curies":[{"name":"wp","href":"https:\/\/api.w.org\/{rel}","templated":true}]}}