{"id":232,"date":"2011-04-01T09:14:51","date_gmt":"2011-04-01T09:14:51","guid":{"rendered":"http:\/\/www.starkenberg.info\/_WP\/?page_id=232"},"modified":"2021-03-03T09:12:02","modified_gmt":"2021-03-03T09:12:02","slug":"umbau-gasthof","status":"publish","type":"page","link":"https:\/\/www.starkenberg.info\/?page_id=232","title":{"rendered":"Umbau Gasthof"},"content":{"rendered":"\n<p class=\"has-text-align-center\"><strong>01.02.2014<br><\/strong><a href=\"https:\/\/www.starkenberg.info\/?p=3305\">Neuer\u00f6ffnung Gasthof<\/a><\/p>\n\n\n\n<hr class=\"wp-block-separator\"\/>\n\n\n\n<p class=\"has-text-align-center\"><strong>27.11.2009<\/strong><\/p>\n\n\n\n<figure class=\"wp-block-gallery columns-3 is-cropped wp-block-gallery-1 is-layout-flex wp-block-gallery-is-layout-flex\"><ul class=\"blocks-gallery-grid\"><li class=\"blocks-gallery-item\"><figure><img loading=\"lazy\" decoding=\"async\" width=\"800\" height=\"599\" src=\"https:\/\/www.starkenberg.info\/_WP\/wp-content\/uploads\/2020\/12\/20091127_4-1.jpg\" alt=\"\" data-id=\"7551\" data-full-url=\"https:\/\/www.starkenberg.info\/_WP\/wp-content\/uploads\/2020\/12\/20091127_4-1.jpg\" data-link=\"https:\/\/www.starkenberg.info\/?attachment_id=7551\" class=\"wp-image-7551\" srcset=\"https:\/\/www.starkenberg.info\/_WP\/wp-content\/uploads\/2020\/12\/20091127_4-1.jpg 800w, https:\/\/www.starkenberg.info\/_WP\/wp-content\/uploads\/2020\/12\/20091127_4-1-300x225.jpg 300w, https:\/\/www.starkenberg.info\/_WP\/wp-content\/uploads\/2020\/12\/20091127_4-1-100x75.jpg 100w, https:\/\/www.starkenberg.info\/_WP\/wp-content\/uploads\/2020\/12\/20091127_4-1-768x575.jpg 768w\" sizes=\"auto, (max-width: 800px) 100vw, 800px\" \/><\/figure><\/li><li class=\"blocks-gallery-item\"><figure><img loading=\"lazy\" decoding=\"async\" width=\"800\" height=\"599\" src=\"https:\/\/www.starkenberg.info\/_WP\/wp-content\/uploads\/2020\/12\/20091127_3-1.jpg\" alt=\"\" data-id=\"7550\" data-full-url=\"https:\/\/www.starkenberg.info\/_WP\/wp-content\/uploads\/2020\/12\/20091127_3-1.jpg\" data-link=\"https:\/\/www.starkenberg.info\/?attachment_id=7550\" class=\"wp-image-7550\" srcset=\"https:\/\/www.starkenberg.info\/_WP\/wp-content\/uploads\/2020\/12\/20091127_3-1.jpg 800w, https:\/\/www.starkenberg.info\/_WP\/wp-content\/uploads\/2020\/12\/20091127_3-1-300x225.jpg 300w, https:\/\/www.starkenberg.info\/_WP\/wp-content\/uploads\/2020\/12\/20091127_3-1-100x75.jpg 100w, https:\/\/www.starkenberg.info\/_WP\/wp-content\/uploads\/2020\/12\/20091127_3-1-768x575.jpg 768w\" sizes=\"auto, (max-width: 800px) 100vw, 800px\" \/><\/figure><\/li><li class=\"blocks-gallery-item\"><figure><img loading=\"lazy\" decoding=\"async\" width=\"800\" height=\"599\" src=\"https:\/\/www.starkenberg.info\/_WP\/wp-content\/uploads\/2020\/12\/20091127_2-2.jpg\" alt=\"\" data-id=\"7549\" data-full-url=\"https:\/\/www.starkenberg.info\/_WP\/wp-content\/uploads\/2020\/12\/20091127_2-2.jpg\" data-link=\"https:\/\/www.starkenberg.info\/?attachment_id=7549\" class=\"wp-image-7549\" srcset=\"https:\/\/www.starkenberg.info\/_WP\/wp-content\/uploads\/2020\/12\/20091127_2-2.jpg 800w, https:\/\/www.starkenberg.info\/_WP\/wp-content\/uploads\/2020\/12\/20091127_2-2-300x225.jpg 300w, https:\/\/www.starkenberg.info\/_WP\/wp-content\/uploads\/2020\/12\/20091127_2-2-100x75.jpg 100w, https:\/\/www.starkenberg.info\/_WP\/wp-content\/uploads\/2020\/12\/20091127_2-2-768x575.jpg 768w\" sizes=\"auto, (max-width: 800px) 100vw, 800px\" \/><\/figure><\/li><li class=\"blocks-gallery-item\"><figure><img loading=\"lazy\" decoding=\"async\" width=\"800\" height=\"599\" src=\"https:\/\/www.starkenberg.info\/_WP\/wp-content\/uploads\/2020\/12\/20091127_1-2.jpg\" alt=\"\" data-id=\"7548\" data-full-url=\"https:\/\/www.starkenberg.info\/_WP\/wp-content\/uploads\/2020\/12\/20091127_1-2.jpg\" data-link=\"https:\/\/www.starkenberg.info\/?attachment_id=7548\" class=\"wp-image-7548\" srcset=\"https:\/\/www.starkenberg.info\/_WP\/wp-content\/uploads\/2020\/12\/20091127_1-2.jpg 800w, https:\/\/www.starkenberg.info\/_WP\/wp-content\/uploads\/2020\/12\/20091127_1-2-300x225.jpg 300w, https:\/\/www.starkenberg.info\/_WP\/wp-content\/uploads\/2020\/12\/20091127_1-2-100x75.jpg 100w, https:\/\/www.starkenberg.info\/_WP\/wp-content\/uploads\/2020\/12\/20091127_1-2-768x575.jpg 768w\" sizes=\"auto, (max-width: 800px) 100vw, 800px\" \/><\/figure><\/li><\/ul><\/figure>\n\n\n\n<hr class=\"wp-block-separator\"\/>\n\n\n\n<p class=\"has-text-align-center\"><strong>21.08.2009<\/strong><br>offizielle Einweihung des neuen Gasthofs<br><a href=\"https:\/\/www.starkenberg.info\/_WP\/GEMEINDE\/GASTHAUS\/OVZ_20090822.pdf\"> OVZ &#8211; vom 22.08.2009<\/a><\/p>\n\n\n\n<p class=\"has-text-align-left\"><strong>Das Dorfherz schl\u00e4gt wieder<\/strong><br><strong>Starkenbergs saniertes Dorfzentrum ist vollendet<br>Letzter Bauabschnitt gestern offiziell beendet<\/strong><\/p>\n\n\n\n<div class=\"wp-block-image\"><figure class=\"alignleft\"><a class=\"thickbox\" href=\"https:\/\/www.starkenberg.info\/_WP\/wp-content\/uploads\/2011\/04\/OVZ_20090822_1.jpg\" rel=\"same-post-232\"><img loading=\"lazy\" decoding=\"async\" width=\"300\" height=\"153\" src=\"https:\/\/www.starkenberg.info\/_WP\/wp-content\/uploads\/2011\/04\/OVZ_20090822_1-300x153.jpg\" alt=\"\" class=\"wp-image-266\" title=\"OVZ_20090822_1\" srcset=\"https:\/\/www.starkenberg.info\/_WP\/wp-content\/uploads\/2011\/04\/OVZ_20090822_1-300x153.jpg 300w, https:\/\/www.starkenberg.info\/_WP\/wp-content\/uploads\/2011\/04\/OVZ_20090822_1.jpg 388w\" sizes=\"auto, (max-width: 300px) 100vw, 300px\" \/><\/a><\/figure><\/div>\n\n\n\n<p>Als Wolfram Schlegel im Jahr 1994 als neuer Starkenberger B\u00fcrgermeister antrat, hatte er eine Vision. \u201eAm Gasthof sollte ein richtiges Gemeindezentrum entstehen. F\u00fcr diesen Traum wurde ich damals von einigen nur mitleidig bel\u00e4chelt\u201c, sagte Schlegel gestern schmunzelnd.<br>Nun, 15 Jahre sp\u00e4ter, ist diese Vision vollst\u00e4ndige Realit\u00e4t geworden. Denn mit dem gestern eingeweihten Obergeschoss des Gasthofs \u201eZur Linde\u201c wurde auch der letzte Bauabschnitt realisiert. Dies nahmen gestern die Verantwortlichen zum Anlass, in einer Feierstunde die neuen R\u00e4umlichkeiten offiziellen einzuweihen.<br>\u201eVier an G\u00e4ste zu vermietende Pensionszimmer mit maximal zehn Betten sowie der neue Gemeindesitz sind jetzt dort untergebracht\u201c, z\u00e4hlte das Gemeindeoberhaupt nicht ohne Stolz auf.<br>Besonders freute sich Schlegel \u00fcber die ersten Schlafg\u00e4ste in den Pensionszimmern: Der B\u00fcrgermeister der Partnergemeinde Starkenburg, J\u00fcrgen Spier, weilte gemeinsam mit seiner Gattin bei dem feierlichen Anlass in Starkenberg und war damit einer von zahlreichen Gratulanten.<br>Die neue Gemeindeverwaltung ist f\u00fcr Schlegel ein gro\u00dfer Fortschritt: \u201eVor allem verbessern sich die Arbeitsbedingungen sehr. Im Vergleich zu den neuen R\u00e4umen war unser bisheriger Sitz in Kostitz eine regelrechte R\u00e4uberh\u00f6hle.\u201c Nun hofft er, dass das gesamte Ortszentrum von den Menschen gut angenommen und mit Leben erf\u00fcllt wird.<\/p>\n\n\n\n<div class=\"wp-block-image\"><figure class=\"alignleft\"><a class=\"thickbox\" href=\"https:\/\/www.starkenberg.info\/_WP\/wp-content\/uploads\/2011\/04\/OVZ_20090822_2.jpg\" rel=\"same-post-232\"><img loading=\"lazy\" decoding=\"async\" width=\"100\" height=\"100\" src=\"https:\/\/www.starkenberg.info\/_WP\/wp-content\/uploads\/2011\/04\/OVZ_20090822_2-100x100.jpg\" alt=\"\" class=\"wp-image-269\" title=\"OVZ_20090822_2\"\/><\/a><\/figure><\/div>\n\n\n\n<p>M\u00f6glich wurde die schrittweise Neugestaltung des Starkenberger Herzens aber nur, weil die Gemeinde im Dorferneuerungsprogramm ist und von dort s\u00e4mtliche Ma\u00dfnahmen gef\u00f6rdert wurden. Jens L\u00fcdtke vom zust\u00e4ndigen Amt f\u00fcr Landentwicklung und Flurneuordnung sparte nicht mit lobenden Worten: \u201eSie brauchen nicht zu hoffen, hier etwas Gutes geschaffen zu haben. Sie haben etwas Gutes geschaffen\u201c, betonte er. \u201eSo ein neu geschaffenes Dorfzentrum ist in Ostth\u00fcringen einzigartig.\u201c Dies h\u00e4tten im \u00dcbrigen auch Kollegen aus ganz Ostth\u00fcringen best\u00e4tigt, die im Starkenberger Gemeindezentrum zu einer Tagung weilten. Die waren alle hellauf begeistert\u201c, meinte L\u00fcdtke.<br>Worte, die nicht nur Wolfram Schlegel, sondern auch den vielen anderen an dem Projekt beteiligten Mitwirkenden sichtlich wie \u00d6l hinuntergingen. \u201eDass wir dies als kleine, aber unabh\u00e4ngige Gemeinde geschafft haben, zeigt, dass auch die Kleinen mehr leisten k\u00f6nnen, als man ihnen weithin zutraut\u201c, zeigte sich Schlegel als Verfechter einer weiteren Eigenst\u00e4ndigkeit seiner Gemeinde \u2013 und Gegner von Pl\u00e4nen neuer und gro\u00df geschnittener Verwaltungsformen.<br>\u201eUnd im \u00dcbrigen\u201c, f\u00fcgte das Starkenberger Gemeindeoberhaupt noch an, habe man das Projekt zwar mit F\u00f6rdermitteln, aber sonst ohne einen \u00fcber Kredite finanzierten Cent bew\u00e4ltigt. \u201eDas war schon immer unsere Arbeitsphilosophie und der sind wir treu geblieben.\u201c<br>Insgesamt kostete der Ausbau des Obergeschosses rund 510 000 Euro. Noch h\u00f6her waren die Kosten f\u00fcr die Saalsanierung, da es da einen teilweisen Neubau gab. Rund eine Million Euro wurden in das im April 2005 eingeweihte Objekt gesteckt.<br>Unter den Teilnehmern der Er\u00f6ffnung war mit Tino Kunzemann auch der Chef vom Sportverein Starkenberg, der wie alle anderen Vereine der Gemeinde Starkenberg besonders vom neuen Dorfzentrum profitiert. \u201eAls ich 2000 zum Vorsitzenden gew\u00e4hlt wurde, traf sich noch der Vorstand bei mir daheim in der Kellerbar. Jetzt haben wir Vereinsr\u00e4ume und sch\u00f6n viel Platz.\u201c \u00dcbrigens: Nach dem Meilenstein von gestern hat Wolfram Schlegel die n\u00e4chsten Ziele vor Augen. So soll die Fassade der nahen Arztpraxis neu gestaltet werden. \u201eUnd wir haben noch die Kegelbahn als gro\u00dfe Aufgabe\u201c, sagt Schlegel.<br>Vielleicht sei sogar der Ausbau zu einer Vierbahnanlage drin. \u201eAber da m\u00fcssen wir erst sehen, wann und wie wir das realisieren und ob es bezahlbar ist.\u201c<br><em>J\u00f6rg Wolf<\/em><\/p>\n\n\n\n<figure class=\"wp-block-table\"><table><tbody><tr><td>10.06.2003<\/td><td>Baubeginn mit dem Abriss des alten Fachwerkgeb\u00e4udes.<\/td><\/tr><tr><td>22.09.2003<\/td><td>Grundsteinlegung f\u00fcr den Neubau.<\/td><\/tr><tr><td>21.10.2003<\/td><td>F\u00fcr den Neubau kann Richtfest gefeiert werden.<\/td><\/tr><tr><td>14.08.2004<\/td><td>Die Vereinsr\u00e4ume werden \u00fcbergeben.<\/td><\/tr><tr><td>8. 04.2005<\/td><td>Der Versammlungsraum wird fertiggestellt und das gesamte Objekt feierlich eingeweiht.<\/td><\/tr><tr><td>8.09.2008<\/td><td>Der Gasthof \u201eZur Linde\u201c wird einger\u00fcstet, die Dachziegel werden entfernt.<\/td><\/tr><tr><td>Februar 2009<\/td><td>Es wird feierlich das Richtfest zelebriert.<\/td><\/tr><tr><td>21.08. 2009<\/td><td>Das neu gestaltete Geb\u00e4ude wird offiziell eingeweiht.<\/td><\/tr><\/tbody><\/table><\/figure>\n\n\n\n<hr class=\"wp-block-separator\"\/>\n\n\n\n<p class=\"has-text-align-center\"><strong>21.08.2009<\/strong><br>ngg_shortcode_0_placeholder<\/p>\n\n\n\n<p class=\"has-text-align-center\"><strong>06.07.2009<\/strong><br>ngg_shortcode_1_placeholder<\/p>\n\n\n\n<p class=\"has-text-align-center\"><strong>14.04.2009<\/strong><br>ngg_shortcode_2_placeholder<\/p>\n\n\n\n<p class=\"has-text-align-center\"><strong>14.12.2008<\/strong><br>ngg_shortcode_3_placeholder<\/p>\n\n\n\n<p class=\"has-text-align-center\"><strong>08.11.2008<\/strong><br>ngg_shortcode_4_placeholder<\/p>\n\n\n\n<p class=\"has-text-align-center\"><strong>10.10.2008<\/strong><br>ngg_shortcode_5_placeholder<\/p>\n\n\n\n<p class=\"has-text-align-center\"><strong>29.09.2008<\/strong><br>ngg_shortcode_6_placeholder<\/p>\n\n\n\n<p class=\"has-text-align-center\"><strong>19.09.2008<\/strong><br>Entfernung des Ziegel vom Dachstuhl<br>ngg_shortcode_7_placeholder<\/p>\n\n\n\n<p class=\"has-text-align-center\"><strong>08.09.2008<\/strong><br>Das Ger\u00fcst wird gestellt.<br>ngg_shortcode_8_placeholder<\/p>\n\n\n\n<p class=\"has-text-align-center\"><strong>02.09.2008<\/strong><br>ngg_shortcode_9_placeholder<\/p>\n","protected":false},"excerpt":{"rendered":"<p>01.02.2014Neuer\u00f6ffnung Gasthof 27.11.2009 21.08.2009offizielle Einweihung des neuen Gasthofs OVZ &#8211; vom 22.08.2009 Das Dorfherz schl\u00e4gt wiederStarkenbergs saniertes Dorfzentrum ist vollendetLetzter&#8230;<\/p>\n","protected":false},"author":1,"featured_media":0,"parent":0,"menu_order":0,"comment_status":"closed","ping_status":"closed","template":"page-template\/page-with-right-sidebar.php","meta":{"ngg_post_thumbnail":0,"footnotes":""},"class_list":["post-232","page","type-page","status-publish","hentry"],"_links":{"self":[{"href":"https:\/\/www.starkenberg.info\/index.php?rest_route=\/wp\/v2\/pages\/232","targetHints":{"allow":["GET"]}}],"collection":[{"href":"https:\/\/www.starkenberg.info\/index.php?rest_route=\/wp\/v2\/pages"}],"about":[{"href":"https:\/\/www.starkenberg.info\/index.php?rest_route=\/wp\/v2\/types\/page"}],"author":[{"embeddable":true,"href":"https:\/\/www.starkenberg.info\/index.php?rest_route=\/wp\/v2\/users\/1"}],"replies":[{"embeddable":true,"href":"https:\/\/www.starkenberg.info\/index.php?rest_route=%2Fwp%2Fv2%2Fcomments&post=232"}],"version-history":[{"count":24,"href":"https:\/\/www.starkenberg.info\/index.php?rest_route=\/wp\/v2\/pages\/232\/revisions"}],"predecessor-version":[{"id":7553,"href":"https:\/\/www.starkenberg.info\/index.php?rest_route=\/wp\/v2\/pages\/232\/revisions\/7553"}],"wp:attachment":[{"href":"https:\/\/www.starkenberg.info\/index.php?rest_route=%2Fwp%2Fv2%2Fmedia&parent=232"}],"curies":[{"name":"wp","href":"https:\/\/api.w.org\/{rel}","templated":true}]}}