{"id":236,"date":"2011-04-01T09:16:06","date_gmt":"2011-04-01T09:16:06","guid":{"rendered":"http:\/\/www.starkenberg.info\/_WP\/?page_id=236"},"modified":"2021-03-03T09:12:02","modified_gmt":"2021-03-03T09:12:02","slug":"umbau-kegelbahn-starkenberg","status":"publish","type":"page","link":"https:\/\/www.starkenberg.info\/?page_id=236","title":{"rendered":"Umbau Kegelbahn Starkenberg"},"content":{"rendered":"<p style=\"text-align: left;\"><strong>30.05.2013 &#8211; Sportverein baut f\u00fcr 2800 Euro neue Trennwand<br \/>\n<a href=\"https:\/\/www.starkenberg.info\/_WP\/wp-content\/uploads\/2013\/04\/SVS_WappenKegeln.jpg\"><img loading=\"lazy\" decoding=\"async\" class=\"alignleft size-thumbnail wp-image-3018\" alt=\"SVS_WappenKegeln\" src=\"https:\/\/www.starkenberg.info\/_WP\/wp-content\/uploads\/2013\/04\/SVS_WappenKegeln-100x72.jpg\" width=\"100\" height=\"72\" srcset=\"https:\/\/www.starkenberg.info\/_WP\/wp-content\/uploads\/2013\/04\/SVS_WappenKegeln-100x72.jpg 100w, https:\/\/www.starkenberg.info\/_WP\/wp-content\/uploads\/2013\/04\/SVS_WappenKegeln-150x108.jpg 150w, https:\/\/www.starkenberg.info\/_WP\/wp-content\/uploads\/2013\/04\/SVS_WappenKegeln-125x90.jpg 125w, https:\/\/www.starkenberg.info\/_WP\/wp-content\/uploads\/2013\/04\/SVS_WappenKegeln.jpg 236w\" sizes=\"auto, (max-width: 100px) 100vw, 100px\" \/><\/a><\/strong>Die Abteilung kegeln des SV Starkenberg investierte 2800 Euro f\u00fcr die Sanierung der Zwischenwand von Bahn zu Aufenthaltsraum auf der Kegelbahn in Starkenberg. Im Mai 2013 wurde zuerst in Eigenleistung die alte Trennwand entfernt, ein kompliziertes Unterfangen, da sich die alten Glasscheiben nicht ohne Bruch entfernen lie\u00dfen.<br \/>\nWenige Tage sp\u00e4ter traf die neue Wand ein, die ebenfalls in Eigenleistung eingebaut wurde.<\/p>\n<p style=\"text-align: center;\">ngg_shortcode_0_placeholder<\/p>\n<p><strong>30.07.2010 &#8211; Sanierung trifft in die Vollen<\/strong><br \/>\n<strong>Starkenberger Kegelanlage ist runderneuert \/ Kleinr\u00f6daer Bahn soll kommendes Jahr folgen<\/strong><br \/>\nStarkenberg. Die Stimmung war am Freitagabend nicht nur unter den Keglern des SV Starkenberg pr\u00e4chtig. Auch B\u00fcrgermeister Wolfram Schlegel (Regionale) und Kegelfreunde aus Kleinr\u00f6da hatten sich auf der schmucken Zweibahnen-Anlage gleich neben dem Starkenberger Gemeindezentrum eingefunden. Denn diese Anlage erhielt in den zur\u00fcckliegenden Wochen eine grundlegende Runderneuerung. Unter anderem wurden die beiden Bahnen, immerhin das Herzst\u00fcck einer jeden Kegelanlage, von einer Fachfirma neu eingebaut.<br \/>\n<a href=\"https:\/\/www.starkenberg.info\/_WP\/?attachment_id=309\" rel=\"attachment wp-att-309\"><img loading=\"lazy\" decoding=\"async\" class=\"alignleft size-full wp-image-309\" title=\"OVZ_Bild1_Klein\" alt=\"\" src=\"https:\/\/www.starkenberg.info\/_WP\/wp-content\/uploads\/2011\/04\/OVZ_Bild1_Klein.jpg\" width=\"250\" height=\"150\" \/><\/a>&#8222;Alle Arbeiten wurden in Abstimmung mit der Gemeinde sowie den Sportlern durchgef\u00fchrt und konnten deshalb sehr z\u00fcgig erfolgen&#8220;, erkl\u00e4rte der Chef des SV Starkenberg, Tino Kunzemann. Schon am 10. Mai starteten die ersten Abriss- und Entkernungsarbeiten. &#8222;Nicht nur da brachten sich auch Sportler aktiv mit ein&#8220;, betonte der Vereinschef. Parallel sei die Anlieferung des neu einzubauenden Materials erfolgt. &#8222;Anfang Juni konnte mit der Elektronik und der Deckenverkleidung begonnen werden. Der Einbau der neuen Wandverkleidung startete am 14. Juni&#8220;, hatte sich Kunzemann genau aufgeschrieben.<br \/>\nTerminlich bestens abgestimmt lief die Erneuerung auch weiter: Am 21. Juni konnte eine Spezialfirma mit dem Einbau der neuen Bahnen beginnen. Die alten waren verschlissen und wiesen Risse auf, wie ein Gutachter bei der alle zwei Jahre anstehenden Begehung feststellte. W\u00e4re nichts passiert, h\u00e4tte in absehbarer Zeit die Sperrung der Anlage f\u00fcr den Wettkampfbetrieb gedroht.<br \/>\nUnd dies h\u00e4tte immerhin 65 Kegelsportler betroffen, die derzeit in vier M\u00e4nner-, zwei Frauen sowie einer Seniorenmannschaft bis hinauf in der ersten Landesklasse (Frauen) sowie der zweiten Landesklasse (M\u00e4nner) kegeln.<br \/>\n&#8222;Die Gesamtkosten f\u00fcr die Ma\u00dfnahme belaufen sich auf rund 33 000 Euro&#8220;, informierte B\u00fcrgermeister Wolfram Schlegel. Und die Summe h\u00e4tten Gemeinde (25 000 Euro) sowie der SV Starkenberg (8000 Euro) vollst\u00e4ndig aus eigener Kraft aufgebracht. &#8222;Wie schon bei s\u00e4mtlichen fr\u00fcheren Bauvorhaben ohne Kreditaufnahme und im konkreten Fall auch ohne F\u00f6rdermittel&#8220;, hob das Gemeindeoberhaupt ebenso hervor, wie er die gemeinsame Finanzierung durch Verein und Gemeinde lobte. &#8222;Dies spricht f\u00fcr das gute Miteinander, dass Vereine und Verwaltung in Starkenberg pflegen. Hier h\u00e4lt keiner nur die Hand auf und fordert, sondern man bringt sich aktiv mit ein.&#8220;<br \/>\nBei den Arbeitsstunden knieten sich f\u00fcnf Vereinsmitglieder besonders hinein. Neben Uwe Sch\u00f6ne, Volker Misselwitz und Marco Wilkens wurden hier besonders die Br\u00fcder Olaf und Henry Tram hervorgehoben, die mit 71 (Olaf) beziehungsweise 41 Stunden die mit Abstand meisten absolvierten. Die feierliche Wiederer\u00f6ffnung der Anlage nutzte B\u00fcrgermeister Schlegel zugleich f\u00fcr einen kleinen Ausblick f\u00fcr weitere Ma\u00dfnahmen: In absehbarer Zeit sollen noch das Dach sowie die Fassade der ans Gemeindezentrum grenzenden Arztpraxis saniert werden.<br \/>\nUnd 2011 sind auf der Kegelbahn in Kleinr\u00f6da die gleichen Arbeiten wie in Starkenberg vorgesehen. Keine Selbstverst\u00e4ndlichkeit: &#8222;Immerhin sind wir die einzige Gemeinde im Kreis, die zwei solche Anlagen auf ihrem Territorium unterh\u00e4lt. Aber dies ist auch Ausdruck des guten Miteinanders&#8220;, so Schlegel.<br \/>\n<em>J\u00f6rg Wolf<\/em><br \/>\n<a href=\"https:\/\/www.starkenberg.info\/_WP\/KEGELBAHN\/OVZ_EroeffnungKegelbahn.pdf\">&#8230;.Originalbericht ansehen<\/a><\/p>\n<p style=\"text-align: center;\"><strong>30.07.2010 Er\u00f6ffnung<\/strong><br \/>\nngg_shortcode_1_placeholder<\/p>\n<p style=\"text-align: center;\"><strong>23.07.2010<\/strong><br \/>\nngg_shortcode_2_placeholder<\/p>\n<p style=\"text-align: center;\"><strong>18.07.2010<\/strong><br \/>\nngg_shortcode_3_placeholder<\/p>\n<p style=\"text-align: center;\"><strong>05.07.2010<\/strong><br \/>\nngg_shortcode_4_placeholder<\/p>\n<p style=\"text-align: center;\"><strong>26.06.2010<\/strong><br \/>\nngg_shortcode_5_placeholder<\/p>\n<p style=\"text-align: center;\"><strong>22.06.2010<\/strong><br \/>\nngg_shortcode_6_placeholder<\/p>\n<p style=\"text-align: center;\"><strong>21.06.2010<\/strong><br \/>\nngg_shortcode_7_placeholder<\/p>\n<p style=\"text-align: center;\"><strong>19.06.2010<\/strong><br \/>\nngg_shortcode_8_placeholder<\/p>\n<p style=\"text-align: center;\"><strong>14.06.2010<\/strong><br \/>\nngg_shortcode_9_placeholder<\/p>\n<p style=\"text-align: center;\"><strong>13.06.2010<\/strong><br \/>\nngg_shortcode_10_placeholder<\/p>\n<p style=\"text-align: center;\"><strong>11.06.2010<\/strong><br \/>\nngg_shortcode_11_placeholder<\/p>\n<p style=\"text-align: center;\"><strong>10.06.2010<\/strong><br \/>\nngg_shortcode_12_placeholder<\/p>\n<p style=\"text-align: center;\"><strong>09.06.2010<\/strong><br \/>\nngg_shortcode_13_placeholder<\/p>\n<p style=\"text-align: center;\"><strong>07.06.2010<\/strong><br \/>\nngg_shortcode_14_placeholder<\/p>\n<p style=\"text-align: center;\"><strong>28.05.2010<\/strong><br \/>\nngg_shortcode_15_placeholder<\/p>\n<p style=\"text-align: center;\"><strong>27.05.2010<\/strong><br \/>\nngg_shortcode_16_placeholder<\/p>\n<p style=\"text-align: center;\"><strong>26.05.2010<\/strong><br \/>\nngg_shortcode_17_placeholder<\/p>\n<p style=\"text-align: center;\"><strong>24.05.2010<\/strong><br \/>\nngg_shortcode_18_placeholder<\/p>\n<p style=\"text-align: center;\"><strong>21.05.2010<\/strong><br \/>\nngg_shortcode_19_placeholder<\/p>\n<p style=\"text-align: center;\"><strong>19.05.2010<\/strong><br \/>\nngg_shortcode_20_placeholder<\/p>\n<p style=\"text-align: center;\"><strong>17.05.2010<\/strong><br \/>\nngg_shortcode_21_placeholder<\/p>\n<p style=\"text-align: center;\"><strong>10.05.2010<\/strong><br \/>\nngg_shortcode_22_placeholder<\/p>\n","protected":false},"excerpt":{"rendered":"<p>30.05.2013 &#8211; Sportverein baut f\u00fcr 2800 Euro neue Trennwand Die Abteilung kegeln des SV Starkenberg investierte 2800 Euro f\u00fcr die&#8230;<\/p>\n","protected":false},"author":1,"featured_media":0,"parent":0,"menu_order":0,"comment_status":"closed","ping_status":"closed","template":"page-template\/page-with-right-sidebar.php","meta":{"ngg_post_thumbnail":0,"footnotes":""},"class_list":["post-236","page","type-page","status-publish","hentry"],"_links":{"self":[{"href":"https:\/\/www.starkenberg.info\/index.php?rest_route=\/wp\/v2\/pages\/236","targetHints":{"allow":["GET"]}}],"collection":[{"href":"https:\/\/www.starkenberg.info\/index.php?rest_route=\/wp\/v2\/pages"}],"about":[{"href":"https:\/\/www.starkenberg.info\/index.php?rest_route=\/wp\/v2\/types\/page"}],"author":[{"embeddable":true,"href":"https:\/\/www.starkenberg.info\/index.php?rest_route=\/wp\/v2\/users\/1"}],"replies":[{"embeddable":true,"href":"https:\/\/www.starkenberg.info\/index.php?rest_route=%2Fwp%2Fv2%2Fcomments&post=236"}],"version-history":[{"count":19,"href":"https:\/\/www.starkenberg.info\/index.php?rest_route=\/wp\/v2\/pages\/236\/revisions"}],"predecessor-version":[{"id":7872,"href":"https:\/\/www.starkenberg.info\/index.php?rest_route=\/wp\/v2\/pages\/236\/revisions\/7872"}],"wp:attachment":[{"href":"https:\/\/www.starkenberg.info\/index.php?rest_route=%2Fwp%2Fv2%2Fmedia&parent=236"}],"curies":[{"name":"wp","href":"https:\/\/api.w.org\/{rel}","templated":true}]}}