{"id":2369,"date":"2012-12-13T08:00:11","date_gmt":"2012-12-13T08:00:11","guid":{"rendered":"http:\/\/www.starkenberg.info\/?page_id=2369"},"modified":"2024-09-09T09:44:24","modified_gmt":"2024-09-09T09:44:24","slug":"reiten-aktuell","status":"publish","type":"page","link":"https:\/\/www.starkenberg.info\/?page_id=2369","title":{"rendered":"Reiten aktuell"},"content":{"rendered":"<p style=\"text-align: left;\"><strong><span style=\"color: #ff0000;\">Seit M\u00e4rz 2013 gibt es endlich eine eigne Internetseite unserer Abteilung &#8222;Reiten\/horsmanship&#8220;<br \/>\n<span style=\"color: #0000ff;\">\u00a0\u00a0\u00a0\u00a0\u00a0\u00a0\u00a0\u00a0\u00a0\u00a0\u00a0\u00a0\u00a0\u00a0\u00a0\u00a0\u00a0\u00a0\u00a0\u00a0\u00a0\u00a0\u00a0\u00a0\u00a0\u00a0\u00a0\u00a0 <a href=\"http:\/\/www.pferdefreunde-sv-starkenberg.de\" target=\"_blank\" rel=\"noopener\">Pferdefreunde-SV-Starkenberg.de<\/a><\/span><\/span><\/strong><\/p>\n<p style=\"text-align: left;\">Schaut doch mal vorbei&#8230; wir freuen uns auf Euren Besuch&#8230;.. alle wichtigen Details findet ihr dort.<\/p>\n<p>Wir, die Pferdefreunde des SV Starkenberg e.V. haben uns 2013 umbenannt in die Abteilung \u201eReiten\/horsemanship\u201c, da bei uns nicht mehr nur das Reiten im Fokus steht.<\/p>\n<p>Anja K\u00fchn<\/p>\n<p><strong>Kontakt:<\/strong><\/p>\n<p>Lisa-Marie Wolter (Sektionsleitung)<\/p>\n<p>E-Mail:\u00a0<a href=\"mailto:lisa.wolter@starkenberg.info\">lisa.wolter@starkenberg.info<\/a><\/p>\n<p><a href=\"mailto:reiten-sv@starkenberg.info\">reiten-sv@starkenberg.info<\/a><\/p>\n<p>Tel. 0176 23146485<\/p>\n<hr \/>\n<p><span style=\"color: #ff0000;\"><strong>Natural Horsemanship &#8211; Der Umgang mit dem Pferd<\/strong><\/span><\/p>\n<p><a title=\"Bild 28\" href=\"https:\/\/www.starkenberg.info\/_WP\/wp-content\/uploads\/2012\/10\/Bild-28.jpg\" rel=\"same-post-2369\"><img loading=\"lazy\" decoding=\"async\" class=\"alignleft\" title=\"Gelassenheits\u00fcbung mit gleichzeitiger Dehnung\" src=\"https:\/\/www.starkenberg.info\/_WP\/wp-content\/uploads\/2012\/10\/Bild-28-100x71.jpg\" alt=\"\" width=\"100\" height=\"71\" \/><\/a>\u2026 steht f\u00fcr einen nat\u00fcrlichen, pferdegerechten Umgang mit dem Pferd \u2013 sowohl vom Boden aus, als auch unter dem Sattel. Noch ein neuer Vierbeiner namens Ronja kam im Mai 2012 in Starkenberg dazu. Die junge Scheck-Stute wurde im Herbst 2012 angeritten. Sie ist sehr lernbegierig und hat Spa\u00df an der Arbeit.\u00a0Die Vorarbeit f\u00fcr den klaren Kopf, das Vertrauen und den Respekt dem Menschen gegen\u00fcber leistet die Bodenarbeit, das sog. Natural Horsemanship. Bodenarbeit ist die Arbeit mit dem Pferd, bei der es nicht geritten wird. Mit ihrem Pferd Ronja steht dies bei Anja K\u00fchn im Vordergrund.<\/p>\n<p><a title=\"Bild 30\" href=\"https:\/\/www.starkenberg.info\/_WP\/wp-content\/uploads\/2012\/11\/Bild-301.jpg\" rel=\"same-post-2369\"><img loading=\"lazy\" decoding=\"async\" class=\"alignleft\" title=\"Scheutraining mit Plane\" src=\"https:\/\/www.starkenberg.info\/_WP\/wp-content\/uploads\/2012\/11\/Bild-301-100x75.jpg\" alt=\"\" width=\"100\" height=\"75\" \/><\/a><\/p>\n<p>Wir Menschen kommunizieren haupts\u00e4chlich \u00fcber die Sprache; K\u00f6rperhaltungen nehmen wir eher unbewusst wahr. Pferde sind dagegen geradezu penible Beobachter ihrer Umgebung! Kein Mensch kann einem Pferd etwas \u201evorspielen\u201c. Pferde \u201elesen\u201c unseren Gem\u00fctszustand ganz genau \u2013 Angst, Unsicherheit, Trauer, Entspannung, Gelassenheit, all das sp\u00fcrt ein Pferd sofort. Was als Spielerei und Kinderkram wirkt und f\u00fcr den blo\u00dfen Beobachter eher unspektakul\u00e4r aussieht, bedarf genauso der \u00dcbung wie das Reiten. Bei einem guten Reiter sieht man ja auch nur noch Leichtigkeit und Selbstverst\u00e4ndlichkeit zwischen ihm und dem Pferd.<\/p>\n<p><a title=\"Bild 27\" href=\"https:\/\/www.starkenberg.info\/_WP\/wp-content\/uploads\/2012\/10\/Bild-27.jpg\" rel=\"same-post-2369\"><img loading=\"lazy\" decoding=\"async\" class=\"alignleft\" title=\"Vorbereitung f\u00fcr das Kompliment\" src=\"https:\/\/www.starkenberg.info\/_WP\/wp-content\/uploads\/2012\/10\/Bild-27-100x74.jpg\" alt=\"\" width=\"100\" height=\"74\" \/><\/a>\u00a0\u00a0<a title=\"Bild 29\" href=\"https:\/\/www.starkenberg.info\/_WP\/wp-content\/uploads\/2012\/10\/Bild-29.jpg\" rel=\"same-post-2369\"><img loading=\"lazy\" decoding=\"async\" title=\"Gelassenheits\u00fcbung mit Flatterband\" src=\"https:\/\/www.starkenberg.info\/_WP\/wp-content\/uploads\/2012\/10\/Bild-29-100x73.jpg\" alt=\"\" width=\"100\" height=\"73\" \/><\/a>\u00a0\u00a0<a title=\"Bild 32\" href=\"https:\/\/www.starkenberg.info\/_WP\/wp-content\/uploads\/2012\/11\/Bild-321.jpg\" rel=\"same-post-2369\"><img loading=\"lazy\" decoding=\"async\" title=\"NHS Kurs bei Birger Giesecke\" src=\"https:\/\/www.starkenberg.info\/_WP\/wp-content\/uploads\/2012\/11\/Bild-321-100x74.jpg\" alt=\"\" width=\"100\" height=\"74\" \/><\/a>\u00a0\u00a0<a title=\"Bild 33\" href=\"https:\/\/www.starkenberg.info\/_WP\/wp-content\/uploads\/2012\/11\/Bild-331.jpg\" rel=\"same-post-2369\"><img loading=\"lazy\" decoding=\"async\" title=\"NHS Kurs bei Birger Giesecke\" src=\"https:\/\/www.starkenberg.info\/_WP\/wp-content\/uploads\/2012\/11\/Bild-331-100x64.jpg\" alt=\"\" width=\"100\" height=\"64\" \/><\/a><\/p>\n<p><span style=\"color: #333333;\">Sp\u00e4testens seit dem Bestseller \u201e Der Pferdefl\u00fcsterer\u201c mit Rober<\/span><span style=\"color: #333333;\">t Redford ist Natural Horsemanship auch in Europa bekannt. Dabei hat Natural Horsemanship mit Pferdefl\u00fcstern nichts zu tun. Es steht vielmehr f\u00fcr einen nat\u00fcrlichen, pferdegerechten Umgang mit dem Pferd \u2013 sowohl vom Boden aus, als auch unter dem Sattel. \u00a0<\/span>\u201ePferdefl\u00fcstern\u201c ist nichts anderes, das sog. \u201eHorsemanship\u201c ist dabei keine kurzfristige Mode-Erscheinung, sondern eine sehr alte Tradition, die nicht zuletzt durch Monty Roberts wieder bekannt wurde. <a title=\"Bild 33\" href=\"https:\/\/www.starkenberg.info\/_WP\/wp-content\/uploads\/2012\/11\/Bild-331.jpg\" rel=\"same-post-2369\"><br \/>\n<\/a>Weitere ber\u00fchmte Pers\u00f6nlichkeiten, die ihre eigene Form der Bodenarbeit pr\u00e4sentieren und interessierten Menschen beibringen sind u.a.: Pat Parelli und Linda Tellington Jones (TTEAM). Auch der Haflinger Quent von Kristin Pr\u00fcfer wurde nach dem Prinzip das Natural Horsemanship ausgebildet. Diese Aufgabe stand nun f\u00fcr die kleine Ronja auf dem Plan!<\/p>\n<p><a title=\"Bild 31\" href=\"https:\/\/www.starkenberg.info\/_WP\/wp-content\/uploads\/2012\/10\/Bild-31.jpg\" rel=\"same-post-2369\"><img loading=\"lazy\" decoding=\"async\" class=\"alignleft\" title=\"Anja mit Ronja\" src=\"https:\/\/www.starkenberg.info\/_WP\/wp-content\/uploads\/2012\/10\/Bild-31-100x75.jpg\" alt=\"\" width=\"100\" height=\"75\" \/><\/a><\/p>\n<p><em>Zur Geschichte des natural horsemanship:<\/em><\/p>\n<p><em>\u201eDer US-Amerikaner Pat Parelli war ein anerkannter Pferdetrainer und Rodeoreiter, bevor er 1981 damit begann, das Konzept von Parelli Natural Horse-Man-Ship zu entwickeln. In den vergangenen Jahren hat er sein Programm, gemeinsam mit seiner Frau Linda Parelli, kontinuierlich ausgebaut und stets seinen neusten Erkenntnissen im Umgang mit Pferden angepasst. Heute ist Parelli Natural Horsemanship ein modernes und erfolgreiches Ausbildungskonzept, welches sowohl den Menschen, als auch das Pferd mit einbezieht.<\/em><\/p>\n<p><em>[Quelle: http:\/\/www.parelli-instruktoren.com\/sites\/content\/ueber_parelli_neu.html]<\/em><\/p>\n<p>Bei Fragen zum horsemanship: Anja K\u00fchn<\/p>\n<p>E-Mail:\u00a0<a href=\"mailto:reiten-sv@starkenberg.info\">reiten-sv@starkenberg.info<\/a><\/p>\n<p>Tel. 0174 4014617<\/p>\n<hr \/>\n<p><span style=\"color: #ff0000;\"><strong>Westernreiten<\/strong><\/span><\/p>\n<p><a class=\"thickbox\" title=\"Bild 23\" href=\"https:\/\/www.starkenberg.info\/_WP\/wp-content\/uploads\/2012\/11\/Bild-23.jpg\" rel=\"same-post-2369\"><img loading=\"lazy\" decoding=\"async\" class=\"size-thumbnail wp-image-2336 alignleft\" title=\"Bild 23\" src=\"https:\/\/www.starkenberg.info\/_WP\/wp-content\/uploads\/2012\/11\/Bild-23-100x82.jpg\" alt=\"\" width=\"100\" height=\"82\" srcset=\"https:\/\/www.starkenberg.info\/_WP\/wp-content\/uploads\/2012\/11\/Bild-23-100x82.jpg 100w, https:\/\/www.starkenberg.info\/_WP\/wp-content\/uploads\/2012\/11\/Bild-23-300x246.jpg 300w, https:\/\/www.starkenberg.info\/_WP\/wp-content\/uploads\/2012\/11\/Bild-23-768x632.jpg 768w, https:\/\/www.starkenberg.info\/_WP\/wp-content\/uploads\/2012\/11\/Bild-23-675x555.jpg 675w, https:\/\/www.starkenberg.info\/_WP\/wp-content\/uploads\/2012\/11\/Bild-23-480x395.jpg 480w, https:\/\/www.starkenberg.info\/_WP\/wp-content\/uploads\/2012\/11\/Bild-23-150x123.jpg 150w, https:\/\/www.starkenberg.info\/_WP\/wp-content\/uploads\/2012\/11\/Bild-23-125x103.jpg 125w, https:\/\/www.starkenberg.info\/_WP\/wp-content\/uploads\/2012\/11\/Bild-23.jpg 851w\" sizes=\"auto, (max-width: 100px) 100vw, 100px\" \/><\/a>Diese Art des Reitens,<a class=\"thickbox\" title=\"Bild 22\" href=\"https:\/\/www.starkenberg.info\/_WP\/wp-content\/uploads\/2012\/11\/Bild-22.jpg\" rel=\"same-post-2369\"><img loading=\"lazy\" decoding=\"async\" class=\"size-thumbnail wp-image-2440 alignright\" title=\"Bild 22\" src=\"https:\/\/www.starkenberg.info\/_WP\/wp-content\/uploads\/2012\/11\/Bild-22-100x67.jpg\" alt=\"\" width=\"100\" height=\"67\" srcset=\"https:\/\/www.starkenberg.info\/_WP\/wp-content\/uploads\/2012\/11\/Bild-22-100x67.jpg 100w, https:\/\/www.starkenberg.info\/_WP\/wp-content\/uploads\/2012\/11\/Bild-22-300x202.jpg 300w, https:\/\/www.starkenberg.info\/_WP\/wp-content\/uploads\/2012\/11\/Bild-22.jpg 335w\" sizes=\"auto, (max-width: 100px) 100vw, 100px\" \/><\/a> die sich an der Arbeits-Reitweise der Cowboys anlehnt, hat ihren Ursprung in Amerika. Die Cowboys brauchten ein ausdauerndes Pferd mit bequemen G\u00e4ngen, da sie den ganzen Tag im Sattel verbrachten. Beim Westernreiten sind die Hilfen f\u00fcr das Pferd so, dass mit m\u00f6glichst wenig Anstrengung alles vom Pferd abverlangt werden kann. <a class=\"thickbox\" title=\"Bild 24\" href=\"https:\/\/www.starkenberg.info\/_WP\/wp-content\/uploads\/2012\/11\/Bild-24.jpg\" rel=\"same-post-2369\"><img loading=\"lazy\" decoding=\"async\" class=\"alignleft size-thumbnail wp-image-2441\" title=\"Bild 24\" src=\"https:\/\/www.starkenberg.info\/_WP\/wp-content\/uploads\/2012\/11\/Bild-24-100x75.jpg\" alt=\"\" width=\"100\" height=\"75\" srcset=\"https:\/\/www.starkenberg.info\/_WP\/wp-content\/uploads\/2012\/11\/Bild-24-100x75.jpg 100w, https:\/\/www.starkenberg.info\/_WP\/wp-content\/uploads\/2012\/11\/Bild-24-300x225.jpg 300w, https:\/\/www.starkenberg.info\/_WP\/wp-content\/uploads\/2012\/11\/Bild-24.jpg 480w\" sizes=\"auto, (max-width: 100px) 100vw, 100px\" \/><\/a>Kristin Pr\u00fcfer mit ihrem Haflinger Shining Star Quent reitet aktiv Westernreitturniere und bietet gern allen Interessierten einen Einblick in das Westernreiten auf ihrem Haflinger. Durch jahrelanges hartes Training startet sie nun in der Leistungsklasse 4, angestrebt ist die LK 3.\u00a0Dass man im Westernreiten einh\u00e4ndig reitet, kommt daher, dass die Cowboys eine Hand brauchten, um das Lasso zu halten.<\/p>\n<p><a class=\"thickbox\" title=\"Bild 25\" href=\"https:\/\/www.starkenberg.info\/_WP\/wp-content\/uploads\/2012\/10\/Bild-25.jpg\" rel=\"same-post-2369\"><img loading=\"lazy\" decoding=\"async\" class=\"alignleft size-thumbnail wp-image-2339\" title=\"Bild 25\" src=\"https:\/\/www.starkenberg.info\/_WP\/wp-content\/uploads\/2012\/10\/Bild-25-65x100.jpg\" alt=\"\" width=\"65\" height=\"100\" srcset=\"https:\/\/www.starkenberg.info\/_WP\/wp-content\/uploads\/2012\/10\/Bild-25-65x100.jpg 65w, https:\/\/www.starkenberg.info\/_WP\/wp-content\/uploads\/2012\/10\/Bild-25-197x300.jpg 197w, https:\/\/www.starkenberg.info\/_WP\/wp-content\/uploads\/2012\/10\/Bild-25.jpg 376w\" sizes=\"auto, (max-width: 65px) 100vw, 65px\" \/><\/a>Bei Fragen zum Westernreiten (Reitweise, Turnieren und sonstiges zum Thema Westernreiten):<\/p>\n<p>Kristin Pr\u00fcfer<\/p>\n<p>E-Mail: <a href=\"mailto:kristin.pruefer@starkenberg.info\">kristin.pruefer@starkenberg.info<\/a><\/p>\n<p>Tel. 0157 32430222<\/p>\n<hr \/>\n","protected":false},"excerpt":{"rendered":"<p>Seit M\u00e4rz 2013 gibt es endlich eine eigne Internetseite unserer Abteilung &#8222;Reiten\/horsmanship&#8220; \u00a0\u00a0\u00a0\u00a0\u00a0\u00a0\u00a0\u00a0\u00a0\u00a0\u00a0\u00a0\u00a0\u00a0\u00a0\u00a0\u00a0\u00a0\u00a0\u00a0\u00a0\u00a0\u00a0\u00a0\u00a0\u00a0\u00a0\u00a0 Pferdefreunde-SV-Starkenberg.de Schaut doch mal vorbei&#8230; wir freuen&#8230;<\/p>\n","protected":false},"author":2,"featured_media":0,"parent":0,"menu_order":0,"comment_status":"closed","ping_status":"closed","template":"","meta":{"ngg_post_thumbnail":0,"footnotes":""},"class_list":["post-2369","page","type-page","status-publish","hentry"],"_links":{"self":[{"href":"https:\/\/www.starkenberg.info\/index.php?rest_route=\/wp\/v2\/pages\/2369","targetHints":{"allow":["GET"]}}],"collection":[{"href":"https:\/\/www.starkenberg.info\/index.php?rest_route=\/wp\/v2\/pages"}],"about":[{"href":"https:\/\/www.starkenberg.info\/index.php?rest_route=\/wp\/v2\/types\/page"}],"author":[{"embeddable":true,"href":"https:\/\/www.starkenberg.info\/index.php?rest_route=\/wp\/v2\/users\/2"}],"replies":[{"embeddable":true,"href":"https:\/\/www.starkenberg.info\/index.php?rest_route=%2Fwp%2Fv2%2Fcomments&post=2369"}],"version-history":[{"count":70,"href":"https:\/\/www.starkenberg.info\/index.php?rest_route=\/wp\/v2\/pages\/2369\/revisions"}],"predecessor-version":[{"id":8870,"href":"https:\/\/www.starkenberg.info\/index.php?rest_route=\/wp\/v2\/pages\/2369\/revisions\/8870"}],"wp:attachment":[{"href":"https:\/\/www.starkenberg.info\/index.php?rest_route=%2Fwp%2Fv2%2Fmedia&parent=2369"}],"curies":[{"name":"wp","href":"https:\/\/api.w.org\/{rel}","templated":true}]}}