{"id":323,"date":"2011-04-13T11:18:08","date_gmt":"2011-04-13T11:18:08","guid":{"rendered":"http:\/\/www.starkenberg.info\/_WP\/?page_id=323"},"modified":"2021-03-03T09:11:11","modified_gmt":"2021-03-03T09:11:11","slug":"burgermeister-2010","status":"publish","type":"page","link":"https:\/\/www.starkenberg.info\/?page_id=323","title":{"rendered":"B\u00fcrgermeister 2010"},"content":{"rendered":"<table style=\"text-align: center;\" border=\"0\" width=\"100%\">\n<tbody>\n<tr>\n<td colspan=\"99\">\n<table style=\"text-align: left;\" border=\"1\" width=\"100%\" bgcolor=\"silver\">\n<tbody>\n<tr>\n<td style=\"text-align: left;\"><strong>Wahlergebnisse vom 06. Juni 2010<\/strong><br \/>\nB\u00fcrgermeister<\/td>\n<\/tr>\n<\/tbody>\n<\/table>\n<table align=\"LEFT\">\n<tbody>\n<tr>\n<td><strong>Wahlberechtigte insgesamt<\/strong><\/td>\n<td style=\"text-align: right;\">1639<\/td>\n<\/tr>\n<tr>\n<td><strong>Zahl der W\u00e4hler <\/strong><\/td>\n<td style=\"text-align: right;\">764<\/td>\n<\/tr>\n<tr>\n<td><strong>Wahlbeteiligung <\/strong><\/td>\n<td style=\"text-align: right;\">46,6%<\/td>\n<\/tr>\n<tr>\n<td><strong>ung\u00fcltige Stimmen <\/strong><\/td>\n<td style=\"text-align: right;\">27<\/td>\n<\/tr>\n<tr>\n<td><strong>g\u00fcltige Stimmen <\/strong><\/td>\n<td style=\"text-align: right;\">737<\/td>\n<\/tr>\n<\/tbody>\n<\/table>\n<\/td>\n<\/tr>\n<tr><\/tr>\n<\/tbody>\n<\/table>\n<table style=\"text-align: left;\" border=\"1\" width=\"100%\">\n<tbody>\n<tr>\n<td colspan=\"5\" align=\"left\" bgcolor=\"silver\">B\u00fcrgermeister<\/td>\n<\/tr>\n<tr>\n<td>Name<\/td>\n<td>Stimmen<\/td>\n<td style=\"text-align: center;\">x<\/td>\n<td><\/td>\n<\/tr>\n<tr>\n<td colspan=\"5\" bgcolor=\"silver\"><\/td>\n<\/tr>\n<tr>\n<td><strong>Schlegel, Wolfram <\/strong><\/td>\n<td style=\"text-align: right;\">715<\/td>\n<td style=\"text-align: center;\">x<\/td>\n<td><img loading=\"lazy\" decoding=\"async\" src=\"https:\/\/www.starkenberg.info\/_WP\/GEMEINDE\/WAHL\/Balken.gif\" alt=\"\" width=\"357\" height=\"10\" \/><\/td>\n<\/tr>\n<tr>\n<td><strong>Kr\u00f6ber, Werner <\/strong><\/td>\n<td style=\"text-align: right;\">7<\/td>\n<td style=\"text-align: center;\"><\/td>\n<td><img loading=\"lazy\" decoding=\"async\" src=\"https:\/\/www.starkenberg.info\/_WP\/GEMEINDE\/WAHL\/Balken.gif\" alt=\"\" width=\"4\" height=\"10\" \/><\/td>\n<\/tr>\n<tr>\n<td><strong>Zetsche, Andreas <\/strong><\/td>\n<td style=\"text-align: right;\">6<\/td>\n<td style=\"text-align: center;\"><\/td>\n<td><img loading=\"lazy\" decoding=\"async\" src=\"https:\/\/www.starkenberg.info\/_WP\/GEMEINDE\/WAHL\/Balken.gif\" alt=\"\" width=\"3\" height=\"10\" \/><\/td>\n<\/tr>\n<tr>\n<td><strong>Keiger, Sebastian <\/strong><\/td>\n<td style=\"text-align: right;\">2<\/td>\n<td style=\"text-align: center;\"><\/td>\n<td><img loading=\"lazy\" decoding=\"async\" src=\"https:\/\/www.starkenberg.info\/_WP\/GEMEINDE\/WAHL\/Balken.gif\" alt=\"\" width=\"1\" height=\"10\" \/><\/td>\n<\/tr>\n<tr>\n<td><strong>Kratsch, Klemens <\/strong><\/td>\n<td style=\"text-align: right;\">2<\/td>\n<td style=\"text-align: center;\"><\/td>\n<td><img loading=\"lazy\" decoding=\"async\" src=\"https:\/\/www.starkenberg.info\/_WP\/GEMEINDE\/WAHL\/Balken.gif\" alt=\"\" width=\"1\" height=\"10\" \/><\/td>\n<\/tr>\n<tr>\n<td><strong>Gerth, Henning <\/strong><\/td>\n<td style=\"text-align: right;\">1<\/td>\n<td style=\"text-align: center;\"><\/td>\n<td><img loading=\"lazy\" decoding=\"async\" src=\"https:\/\/www.starkenberg.info\/_WP\/GEMEINDE\/WAHL\/Balken.gif\" alt=\"\" width=\"1\" height=\"10\" \/><\/td>\n<\/tr>\n<tr>\n<td><strong>Kremser, Sigrid <\/strong><\/td>\n<td style=\"text-align: right;\">1<\/td>\n<td style=\"text-align: center;\"><\/td>\n<td><img loading=\"lazy\" decoding=\"async\" src=\"https:\/\/www.starkenberg.info\/_WP\/GEMEINDE\/WAHL\/Balken.gif\" alt=\"\" width=\"1\" height=\"10\" \/><\/td>\n<\/tr>\n<tr>\n<td><strong>Kunzemann, Tino <\/strong><\/td>\n<td style=\"text-align: right;\">1<\/td>\n<td style=\"text-align: center;\"><\/td>\n<td><img loading=\"lazy\" decoding=\"async\" src=\"https:\/\/www.starkenberg.info\/_WP\/GEMEINDE\/WAHL\/Balken.gif\" alt=\"\" width=\"1\" height=\"10\" \/><\/td>\n<\/tr>\n<tr>\n<td><strong>Janssen, Wilhelm <\/strong><\/td>\n<td style=\"text-align: right;\">1<\/td>\n<td style=\"text-align: center;\"><\/td>\n<td><img loading=\"lazy\" decoding=\"async\" src=\"https:\/\/www.starkenberg.info\/_WP\/GEMEINDE\/WAHL\/Balken.gif\" alt=\"\" width=\"1\" height=\"10\" \/><\/td>\n<\/tr>\n<tr>\n<td><strong>Heitsch, Hubertus <\/strong><\/td>\n<td style=\"text-align: right;\">1<\/td>\n<td style=\"text-align: center;\"><\/td>\n<td><img loading=\"lazy\" decoding=\"async\" src=\"https:\/\/www.starkenberg.info\/_WP\/GEMEINDE\/WAHL\/Balken.gif\" alt=\"\" width=\"1\" height=\"10\" \/><\/td>\n<\/tr>\n<\/tbody>\n<\/table>\n","protected":false},"excerpt":{"rendered":"<p>Wahlergebnisse vom 06. Juni 2010 B\u00fcrgermeister Wahlberechtigte insgesamt 1639 Zahl der W\u00e4hler 764 Wahlbeteiligung 46,6% ung\u00fcltige Stimmen 27 g\u00fcltige Stimmen&#8230;<\/p>\n","protected":false},"author":1,"featured_media":0,"parent":0,"menu_order":0,"comment_status":"closed","ping_status":"closed","template":"page-template\/page-with-right-sidebar.php","meta":{"ngg_post_thumbnail":0,"footnotes":""},"class_list":["post-323","page","type-page","status-publish","hentry"],"_links":{"self":[{"href":"https:\/\/www.starkenberg.info\/index.php?rest_route=\/wp\/v2\/pages\/323","targetHints":{"allow":["GET"]}}],"collection":[{"href":"https:\/\/www.starkenberg.info\/index.php?rest_route=\/wp\/v2\/pages"}],"about":[{"href":"https:\/\/www.starkenberg.info\/index.php?rest_route=\/wp\/v2\/types\/page"}],"author":[{"embeddable":true,"href":"https:\/\/www.starkenberg.info\/index.php?rest_route=\/wp\/v2\/users\/1"}],"replies":[{"embeddable":true,"href":"https:\/\/www.starkenberg.info\/index.php?rest_route=%2Fwp%2Fv2%2Fcomments&post=323"}],"version-history":[{"count":8,"href":"https:\/\/www.starkenberg.info\/index.php?rest_route=\/wp\/v2\/pages\/323\/revisions"}],"predecessor-version":[{"id":7824,"href":"https:\/\/www.starkenberg.info\/index.php?rest_route=\/wp\/v2\/pages\/323\/revisions\/7824"}],"wp:attachment":[{"href":"https:\/\/www.starkenberg.info\/index.php?rest_route=%2Fwp%2Fv2%2Fmedia&parent=323"}],"curies":[{"name":"wp","href":"https:\/\/api.w.org\/{rel}","templated":true}]}}