{"id":3522,"date":"2014-05-26T06:30:55","date_gmt":"2014-05-26T06:30:55","guid":{"rendered":"http:\/\/www.starkenberg.info\/?page_id=3522"},"modified":"2025-02-21T13:24:04","modified_gmt":"2025-02-21T13:24:04","slug":"wahlergebnisse","status":"publish","type":"page","link":"https:\/\/www.starkenberg.info\/?page_id=3522","title":{"rendered":"Wahlergebnisse"},"content":{"rendered":"<p><a href=\"https:\/\/www.starkenberg.info\/?p=8930\">2025 Bundestag<\/a><\/p>\n<p><a href=\"https:\/\/www.starkenberg.info\/?p=8846\">2024 Th\u00fcringer Landtag<\/a><\/p>\n<p><a href=\"https:\/\/www.starkenberg.info\/?page_id=8801\">2024 Gemeinderat<\/a><\/p>\n<p><a href=\"https:\/\/www.starkenberg.info\/?page_id=8341\">2022 B\u00fcrgermeister<\/a><\/p>\n<p><a href=\"https:\/\/www.starkenberg.info\/?p=8217\">2021 Bundestagswahl<\/a><\/p>\n<p><a href=\"https:\/\/www.starkenberg.info\/?page_id=5362\">2019 Th\u00fcringer Landtag<\/a><\/p>\n<p><a href=\"https:\/\/www.starkenberg.info\/?page_id=5271\">2019 Gemeinderat<\/a><\/p>\n<p><a href=\"https:\/\/www.starkenberg.info\/?page_id=5266\">2019 Kreistag<\/a><\/p>\n<p><a href=\"https:\/\/www.starkenberg.info\/?page_id=5258\">2019 Europawahl<\/a><\/p>\n<p><a href=\"https:\/\/www.starkenberg.info\/?page_id=5007\">2017 Bundestag<\/a><\/p>\n<p><a href=\"https:\/\/www.starkenberg.info\/?page_id=4612\">2016 B\u00fcrgermeister<\/a><\/p>\n<p><a href=\"https:\/\/www.starkenberg.info\/?page_id=4033\">2014 Th\u00fcringer Landtag<\/a><\/p>\n<p><a href=\"https:\/\/www.starkenberg.info\/?page_id=3556\">2014 Europarat<\/a><\/p>\n<p><a href=\"https:\/\/www.starkenberg.info\/?page_id=3547\">2014 Kreistag<\/a><\/p>\n<p><a href=\"https:\/\/www.starkenberg.info\/?page_id=3525\">2014 Gemeinderat<\/a><\/p>\n<p><a href=\"https:\/\/www.starkenberg.info\/?page_id=1982\">2012 Landrat <\/a><\/p>\n<p><a href=\"https:\/\/www.starkenberg.info\/?page_id=323\">2010 B\u00fcrgermeister<\/a><\/p>\n<p><a href=\"https:\/\/www.starkenberg.info\/?page_id=332\">2009 Bundestag<\/a><\/p>\n<p><a href=\"https:\/\/www.starkenberg.info\/?page_id=354\">2009 Landtag<\/a><\/p>\n<p><a href=\"https:\/\/www.starkenberg.info\/?page_id=359\">2009 Gemeinderat<\/a><\/p>\n<p><a href=\"https:\/\/www.starkenberg.info\/?page_id=364\">2009 Kreistag<\/a><\/p>\n<p><a href=\"https:\/\/www.starkenberg.info\/?page_id=369\">2009 Europarat<\/a><\/p>\n<p><a href=\"https:\/\/www.starkenberg.info\/?page_id=374\">2006 Landrat<\/a><\/p>\n<p><a href=\"https:\/\/www.starkenberg.info\/?page_id=382\">2006 Bundestag<\/a><\/p>\n<p><a href=\"https:\/\/www.starkenberg.info\/?page_id=387\">2004 Gemeinderat<\/a><\/p>\n<p><a href=\"https:\/\/www.starkenberg.info\/?page_id=392\">2004 Landtag<\/a><\/p>\n\n\n<p><\/p>\n","protected":false},"excerpt":{"rendered":"<p>2025 Bundestag 2024 Th\u00fcringer Landtag 2024 Gemeinderat 2022 B\u00fcrgermeister 2021 Bundestagswahl 2019 Th\u00fcringer Landtag 2019 Gemeinderat 2019 Kreistag 2019 Europawahl&#8230;<\/p>\n","protected":false},"author":1,"featured_media":0,"parent":0,"menu_order":0,"comment_status":"closed","ping_status":"closed","template":"","meta":{"ngg_post_thumbnail":0,"footnotes":""},"class_list":["post-3522","page","type-page","status-publish","hentry"],"_links":{"self":[{"href":"https:\/\/www.starkenberg.info\/index.php?rest_route=\/wp\/v2\/pages\/3522","targetHints":{"allow":["GET"]}}],"collection":[{"href":"https:\/\/www.starkenberg.info\/index.php?rest_route=\/wp\/v2\/pages"}],"about":[{"href":"https:\/\/www.starkenberg.info\/index.php?rest_route=\/wp\/v2\/types\/page"}],"author":[{"embeddable":true,"href":"https:\/\/www.starkenberg.info\/index.php?rest_route=\/wp\/v2\/users\/1"}],"replies":[{"embeddable":true,"href":"https:\/\/www.starkenberg.info\/index.php?rest_route=%2Fwp%2Fv2%2Fcomments&post=3522"}],"version-history":[{"count":20,"href":"https:\/\/www.starkenberg.info\/index.php?rest_route=\/wp\/v2\/pages\/3522\/revisions"}],"predecessor-version":[{"id":8934,"href":"https:\/\/www.starkenberg.info\/index.php?rest_route=\/wp\/v2\/pages\/3522\/revisions\/8934"}],"wp:attachment":[{"href":"https:\/\/www.starkenberg.info\/index.php?rest_route=%2Fwp%2Fv2%2Fmedia&parent=3522"}],"curies":[{"name":"wp","href":"https:\/\/api.w.org\/{rel}","templated":true}]}}