{"id":4033,"date":"2014-09-11T05:41:01","date_gmt":"2014-09-11T05:41:01","guid":{"rendered":"http:\/\/www.starkenberg.info\/?page_id=4033"},"modified":"2021-03-03T09:12:02","modified_gmt":"2021-03-03T09:12:02","slug":"thueringer-landtag-2014","status":"publish","type":"page","link":"https:\/\/www.starkenberg.info\/?page_id=4033","title":{"rendered":"Th\u00fcringer Landtag 2014"},"content":{"rendered":"<p>In Th\u00fcringen bleibt die CDU von Ministerpr\u00e4sidentin Christine Lieberknecht mit Abstand st\u00e4rkste Kraft.<br \/>\nDie seit der Wende ununterbrochen regierende Partei kommt auf 33,7 Prozent. Im Vergleich zu 2009 ist das ein Plus von 2,5 Prozent. Ihr bisheriger Koalitionspartner, die SPD, muss dagegen herbe Verluste hinnehmen. Die Partei von Spitzenkandidatin Heike Taubert erreicht nur noch 12,6 Prozent, ein Minus von 5,9 Prozent. Damit ist sie drittst\u00e4rkste Kraft &#8211; hinter der Linkspartei, die auf 28,2 Prozent kommt.<br \/>\nDie Gr\u00fcnen schaffen den Wiedereinzug in den Erfurter Landtag mit 5,9 Prozent. F\u00fcr die FDP ist die parlamentarische Arbeit in Th\u00fcringen dagegen bis auf Weiteres beendet &#8211; mit 2,4 Prozent geh\u00f6rt sie dem neuen Landtag nicht mehr an.<br \/>\nNeu im Th\u00fcringer Landtag ist die Alternative f\u00fcr Deutschland (AfD). Wie zwei Wochen zuvor in Sachsen schafft die eurokritische Partei aus dem Stand locker den Sprung \u00fcber die F\u00fcnf-Prozent-H\u00fcrde. Sie erreicht 10,2 Prozent.<br \/>\n<HR><br \/>\n<a href=\"https:\/\/www.starkenberg.info\/_WP\/wp-content\/uploads\/2014\/09\/Landtagswahl2014Thueringen.jpg\"><img loading=\"lazy\" decoding=\"async\" class=\"aligncenter size-medium wp-image-4067\" src=\"https:\/\/www.starkenberg.info\/_WP\/wp-content\/uploads\/2014\/09\/Landtagswahl2014Thueringen-300x175.jpg\" alt=\"Landtagswahl2014Thueringen\" width=\"300\" height=\"175\" srcset=\"https:\/\/www.starkenberg.info\/_WP\/wp-content\/uploads\/2014\/09\/Landtagswahl2014Thueringen-300x175.jpg 300w, https:\/\/www.starkenberg.info\/_WP\/wp-content\/uploads\/2014\/09\/Landtagswahl2014Thueringen-100x58.jpg 100w, https:\/\/www.starkenberg.info\/_WP\/wp-content\/uploads\/2014\/09\/Landtagswahl2014Thueringen.jpg 768w\" sizes=\"auto, (max-width: 300px) 100vw, 300px\" \/><\/a><\/p>\n<p><a href=\"https:\/\/www.starkenberg.info\/_WP\/wp-content\/uploads\/2014\/09\/Landtagswahl2014ThueringenStarkenberg.jpg\"><img loading=\"lazy\" decoding=\"async\" class=\"aligncenter size-medium wp-image-4068\" src=\"https:\/\/www.starkenberg.info\/_WP\/wp-content\/uploads\/2014\/09\/Landtagswahl2014ThueringenStarkenberg-300x182.jpg\" alt=\"Landtagswahl2014ThueringenStarkenberg\" width=\"300\" height=\"182\" srcset=\"https:\/\/www.starkenberg.info\/_WP\/wp-content\/uploads\/2014\/09\/Landtagswahl2014ThueringenStarkenberg-300x182.jpg 300w, https:\/\/www.starkenberg.info\/_WP\/wp-content\/uploads\/2014\/09\/Landtagswahl2014ThueringenStarkenberg-100x60.jpg 100w, https:\/\/www.starkenberg.info\/_WP\/wp-content\/uploads\/2014\/09\/Landtagswahl2014ThueringenStarkenberg.jpg 836w\" sizes=\"auto, (max-width: 300px) 100vw, 300px\" \/><\/a><\/p>\n","protected":false},"excerpt":{"rendered":"<p>In Th\u00fcringen bleibt die CDU von Ministerpr\u00e4sidentin Christine Lieberknecht mit Abstand st\u00e4rkste Kraft. Die seit der Wende ununterbrochen regierende Partei&#8230;<\/p>\n","protected":false},"author":1,"featured_media":4043,"parent":0,"menu_order":0,"comment_status":"closed","ping_status":"closed","template":"page-template\/page-with-right-sidebar.php","meta":{"ngg_post_thumbnail":0,"footnotes":""},"class_list":["post-4033","page","type-page","status-publish","has-post-thumbnail","hentry"],"_links":{"self":[{"href":"https:\/\/www.starkenberg.info\/index.php?rest_route=\/wp\/v2\/pages\/4033","targetHints":{"allow":["GET"]}}],"collection":[{"href":"https:\/\/www.starkenberg.info\/index.php?rest_route=\/wp\/v2\/pages"}],"about":[{"href":"https:\/\/www.starkenberg.info\/index.php?rest_route=\/wp\/v2\/types\/page"}],"author":[{"embeddable":true,"href":"https:\/\/www.starkenberg.info\/index.php?rest_route=\/wp\/v2\/users\/1"}],"replies":[{"embeddable":true,"href":"https:\/\/www.starkenberg.info\/index.php?rest_route=%2Fwp%2Fv2%2Fcomments&post=4033"}],"version-history":[{"count":8,"href":"https:\/\/www.starkenberg.info\/index.php?rest_route=\/wp\/v2\/pages\/4033\/revisions"}],"predecessor-version":[{"id":4072,"href":"https:\/\/www.starkenberg.info\/index.php?rest_route=\/wp\/v2\/pages\/4033\/revisions\/4072"}],"wp:featuredmedia":[{"embeddable":true,"href":"https:\/\/www.starkenberg.info\/index.php?rest_route=\/wp\/v2\/media\/4043"}],"wp:attachment":[{"href":"https:\/\/www.starkenberg.info\/index.php?rest_route=%2Fwp%2Fv2%2Fmedia&parent=4033"}],"curies":[{"name":"wp","href":"https:\/\/api.w.org\/{rel}","templated":true}]}}