{"id":409,"date":"2011-04-13T13:06:00","date_gmt":"2011-04-13T13:06:00","guid":{"rendered":"http:\/\/www.starkenberg.info\/_WP\/?page_id=409"},"modified":"2021-03-03T09:11:25","modified_gmt":"2021-03-03T09:11:25","slug":"feuerwehr-starkenberg","status":"publish","type":"page","link":"https:\/\/www.starkenberg.info\/?page_id=409","title":{"rendered":"Feuerwehr Starkenberg"},"content":{"rendered":"<p><span><strong><span style=\"text-decoration: underline;\">Die Jugendfeuerwehr Starkenberg stellt sich vor<\/span><\/strong><\/span><\/p>\n<p><a class=\"thickbox\" title=\"Feuerwehr5\" rel=\"same-post-409\" href=\"https:\/\/www.starkenberg.info\/_WP\/wp-content\/uploads\/2011\/04\/Feuerwehr5.jpg\"><img loading=\"lazy\" decoding=\"async\" class=\"alignleft size-thumbnail wp-image-718\" title=\"Feuerwehr5\" src=\"https:\/\/www.starkenberg.info\/_WP\/wp-content\/uploads\/2011\/04\/Feuerwehr5-100x70.jpg\" alt=\"\" width=\"100\" height=\"70\" srcset=\"https:\/\/www.starkenberg.info\/_WP\/wp-content\/uploads\/2011\/04\/Feuerwehr5-100x70.jpg 100w, https:\/\/www.starkenberg.info\/_WP\/wp-content\/uploads\/2011\/04\/Feuerwehr5-300x212.jpg 300w, https:\/\/www.starkenberg.info\/_WP\/wp-content\/uploads\/2011\/04\/Feuerwehr5.jpg 700w\" sizes=\"auto, (max-width: 100px) 100vw, 100px\" \/><\/a>Die Jugendfeuerwehr (JF) ist Bestandteil der Freiwilligen Feuerwehr Starkenberg.<br \/>\n15 Jugendliche im Alter zwischen 7 und 18 Jahren sind derzeit bei der JF Starkenberg aktiv.<\/p>\n<p>&nbsp;<\/p>\n<p><strong><span style=\"text-decoration: underline;\">Was machen wir?<\/span><\/strong><br \/>\n<a class=\"thickbox\" title=\"Feuerwehr6\" rel=\"same-post-409\" href=\"https:\/\/www.starkenberg.info\/_WP\/wp-content\/uploads\/2011\/04\/Feuerwehr6.jpg\"><img loading=\"lazy\" decoding=\"async\" class=\"alignleft size-thumbnail wp-image-719\" title=\"Feuerwehr6\" src=\"https:\/\/www.starkenberg.info\/_WP\/wp-content\/uploads\/2011\/04\/Feuerwehr6-100x75.jpg\" alt=\"\" width=\"100\" height=\"75\" srcset=\"https:\/\/www.starkenberg.info\/_WP\/wp-content\/uploads\/2011\/04\/Feuerwehr6-100x75.jpg 100w, https:\/\/www.starkenberg.info\/_WP\/wp-content\/uploads\/2011\/04\/Feuerwehr6-300x225.jpg 300w, https:\/\/www.starkenberg.info\/_WP\/wp-content\/uploads\/2011\/04\/Feuerwehr6.jpg 800w\" sizes=\"auto, (max-width: 100px) 100vw, 100px\" \/><\/a>In der Jugendfeuerwehr Starkenberg steht eine fundierte Ausbildung in  der Feuerwehrtechnik und Spa\u00df in der Freizeitgestaltung im Vordergrund.  Bei uns lernen Kinder und Jugendliche die Technik der Brandbek\u00e4mpfung,  der Ersten Hilfe und alles \u00fcber die Aufgaben einer Freiwilligen  Feuerwehr.<br \/>\nHierbei lernen die jungen Leute neue Freunde kennen, im Team zu arbeiten  und diszipliniert, spielerisch neues zu entdecken. Bei Wettk\u00e4mpfen und  Zeltlagern werden die Kinder und Jugendlichen richtig gefordert und  k\u00f6nnen das erlernte unter Beweis stellen. Wir verkn\u00fcpfe<a class=\"thickbox\" title=\"Feuerwehr7\" rel=\"same-post-409\" href=\"https:\/\/www.starkenberg.info\/_WP\/wp-content\/uploads\/2011\/04\/Feuerwehr7.jpg\"><img loading=\"lazy\" decoding=\"async\" class=\"alignleft size-thumbnail wp-image-717\" title=\"Feuerwehr7\" src=\"https:\/\/www.starkenberg.info\/_WP\/wp-content\/uploads\/2011\/04\/Feuerwehr7-100x75.jpg\" alt=\"\" width=\"100\" height=\"75\" srcset=\"https:\/\/www.starkenberg.info\/_WP\/wp-content\/uploads\/2011\/04\/Feuerwehr7-100x75.jpg 100w, https:\/\/www.starkenberg.info\/_WP\/wp-content\/uploads\/2011\/04\/Feuerwehr7-300x225.jpg 300w, https:\/\/www.starkenberg.info\/_WP\/wp-content\/uploads\/2011\/04\/Feuerwehr7.jpg 800w\" sizes=\"auto, (max-width: 100px) 100vw, 100px\" \/><\/a>n mit unserer  Ausbildung Spiel, Sport und Wissenswertes mit der F\u00f6rderung der  Pers\u00f6nlichkeit und der Erziehung zu einem verantwortungsbewussten  Menschen. Hierbei kommt nat\u00fcrlich der Spa\u00df nicht zu kurz.<br \/>\nDie Facetten der Ausbildung sind breit gef\u00e4chert.<\/p>\n<p>&nbsp;<\/p>\n<p><strong><span style=\"text-decoration: underline;\">Wer darf mitmachen?<\/span><\/strong><br \/>\nAlle Jungen und M\u00e4dchen die das 6. Lebensjahr erreicht und das 18. nicht \u00fcberschritten haben.<\/p>\n<p><strong><span style=\"text-decoration: underline;\">Bin ich bei der Jugendfeuerwehr versichert?<\/span><\/strong><br \/>\nF\u00fcr die Dauer der Ausbildung und allen anderen Veranstaltungen der  Jugendfeuerwehr, sowie den direkten Hin- und R\u00fcckweg zum Ger\u00e4tehaus bzw.  Treffpunkt sind die Kinder und Jugendlichen \u00fcber die  Feuerwehrunfallkasse versichert.<\/p>\n<p><strong><span style=\"text-decoration: underline;\">Wo muss ich mich melden wenn ich gerne mitmachen m\u00f6chte?<\/span><\/strong><br \/>\nEs besteht die M\u00f6glichkeit, direkt zur \u00dcbung der JF zu kommen und sich vor Ort anzumelden.<br \/>\nDie \u00dcbungen finden regelm\u00e4\u00dfig aller zwei Wochen, jeweils freitags statt. \u00dcbungsbeginn ist hierbei 17 Uhr.<br \/>\nAm besten ihr kommt im Beisein eurer Eltern. Bitte bringt ein Passbild mit.<\/p>\n<p>Bei R\u00fcckfragen<\/p>\n<ul>\n<li>Stephan Penndorf 0174-1081078 und 03448-703864<\/li>\n<li>Peter Chalupka 0175-1172640<\/li>\n<\/ul>\n<p>Wir w\u00fcrden uns \u00fcber deine Teilnahme freuen<br \/>\nDie Leitung der Jugendfeuerwehr Starkenberg<\/p>\n<p style=\"text-align: center;\"><strong>03. bis 07. November 2007 Pflasterarbeiten Einfahrt Feuerwehr<br \/>\nngg_shortcode_0_placeholder<\/strong><\/p>\n","protected":false},"excerpt":{"rendered":"<p>Die Jugendfeuerwehr Starkenberg stellt sich vor Die Jugendfeuerwehr (JF) ist Bestandteil der Freiwilligen Feuerwehr Starkenberg. 15 Jugendliche im Alter zwischen&#8230;<\/p>\n","protected":false},"author":1,"featured_media":0,"parent":0,"menu_order":0,"comment_status":"closed","ping_status":"closed","template":"page-template\/page-with-right-sidebar.php","meta":{"ngg_post_thumbnail":0,"footnotes":""},"class_list":["post-409","page","type-page","status-publish","hentry"],"_links":{"self":[{"href":"https:\/\/www.starkenberg.info\/index.php?rest_route=\/wp\/v2\/pages\/409","targetHints":{"allow":["GET"]}}],"collection":[{"href":"https:\/\/www.starkenberg.info\/index.php?rest_route=\/wp\/v2\/pages"}],"about":[{"href":"https:\/\/www.starkenberg.info\/index.php?rest_route=\/wp\/v2\/types\/page"}],"author":[{"embeddable":true,"href":"https:\/\/www.starkenberg.info\/index.php?rest_route=\/wp\/v2\/users\/1"}],"replies":[{"embeddable":true,"href":"https:\/\/www.starkenberg.info\/index.php?rest_route=%2Fwp%2Fv2%2Fcomments&post=409"}],"version-history":[{"count":11,"href":"https:\/\/www.starkenberg.info\/index.php?rest_route=\/wp\/v2\/pages\/409\/revisions"}],"predecessor-version":[{"id":7828,"href":"https:\/\/www.starkenberg.info\/index.php?rest_route=\/wp\/v2\/pages\/409\/revisions\/7828"}],"wp:attachment":[{"href":"https:\/\/www.starkenberg.info\/index.php?rest_route=%2Fwp%2Fv2%2Fmedia&parent=409"}],"curies":[{"name":"wp","href":"https:\/\/api.w.org\/{rel}","templated":true}]}}