{"id":411,"date":"2011-04-13T13:07:12","date_gmt":"2011-04-13T13:07:12","guid":{"rendered":"http:\/\/www.starkenberg.info\/_WP\/?page_id=411"},"modified":"2021-03-03T09:11:25","modified_gmt":"2021-03-03T09:11:25","slug":"feuerwehrverein-tegkwitz","status":"publish","type":"page","link":"https:\/\/www.starkenberg.info\/?page_id=411","title":{"rendered":"Feuerwehrverein Tegkwitz"},"content":{"rendered":"<p>Der Feuerwehrverein Tegkwitz e.V. wurde in einer Gr\u00fcndungsversammlung am 09. Mai 2003 von interessierten B\u00fcrgern der Gemeinde Tegkwitz gegr\u00fcndet. Zum Gr\u00fcndungszeitpunkt hatte der Verein 23 Mitglieder. Mittlerweile besitzt der Verein mehr als 60 Mitglieder.<br \/>\nUnser Anliegen ist, dass kulturelle Leben im Ort zu verbessern sowie die Freiwillige Feuerwehr und die Jugendfeuerwehr in Tegkwitz zu unterst\u00fctzen.<\/p>\n<p><a href=\"http:\/\/www.feuerwehrverein-tegkwitz.de\" target=\"_blank\" rel=\"noopener\">Hier gehts zur Homepage.<\/a><\/p>\n","protected":false},"excerpt":{"rendered":"<p>Der Feuerwehrverein Tegkwitz e.V. wurde in einer Gr\u00fcndungsversammlung am 09. Mai 2003 von interessierten B\u00fcrgern der Gemeinde Tegkwitz gegr\u00fcndet. Zum&#8230;<\/p>\n","protected":false},"author":1,"featured_media":0,"parent":0,"menu_order":0,"comment_status":"closed","ping_status":"closed","template":"page-template\/page-with-right-sidebar.php","meta":{"ngg_post_thumbnail":0,"footnotes":""},"class_list":["post-411","page","type-page","status-publish","hentry"],"_links":{"self":[{"href":"https:\/\/www.starkenberg.info\/index.php?rest_route=\/wp\/v2\/pages\/411","targetHints":{"allow":["GET"]}}],"collection":[{"href":"https:\/\/www.starkenberg.info\/index.php?rest_route=\/wp\/v2\/pages"}],"about":[{"href":"https:\/\/www.starkenberg.info\/index.php?rest_route=\/wp\/v2\/types\/page"}],"author":[{"embeddable":true,"href":"https:\/\/www.starkenberg.info\/index.php?rest_route=\/wp\/v2\/users\/1"}],"replies":[{"embeddable":true,"href":"https:\/\/www.starkenberg.info\/index.php?rest_route=%2Fwp%2Fv2%2Fcomments&post=411"}],"version-history":[{"count":3,"href":"https:\/\/www.starkenberg.info\/index.php?rest_route=\/wp\/v2\/pages\/411\/revisions"}],"predecessor-version":[{"id":7829,"href":"https:\/\/www.starkenberg.info\/index.php?rest_route=\/wp\/v2\/pages\/411\/revisions\/7829"}],"wp:attachment":[{"href":"https:\/\/www.starkenberg.info\/index.php?rest_route=%2Fwp%2Fv2%2Fmedia&parent=411"}],"curies":[{"name":"wp","href":"https:\/\/api.w.org\/{rel}","templated":true}]}}