{"id":419,"date":"2011-04-13T13:11:47","date_gmt":"2011-04-13T13:11:47","guid":{"rendered":"http:\/\/www.starkenberg.info\/_WP\/?page_id=419"},"modified":"2021-03-03T09:11:49","modified_gmt":"2021-03-03T09:11:49","slug":"spielmannszug","status":"publish","type":"page","link":"https:\/\/www.starkenberg.info\/?page_id=419","title":{"rendered":"Spielmannszug"},"content":{"rendered":"<p><strong>Spielmannszug Starkenberg<\/strong><br \/>\n<a class=\"thickbox\" title=\"Logo\" rel=\"same-post-419\" href=\"https:\/\/www.starkenberg.info\/_WP\/wp-content\/uploads\/2011\/04\/Logo.jpg\"><img loading=\"lazy\" decoding=\"async\" class=\"alignleft size-thumbnail wp-image-422\" title=\"Logo\" src=\"https:\/\/www.starkenberg.info\/_WP\/wp-content\/uploads\/2011\/04\/Logo-100x100.jpg\" alt=\"\" width=\"100\" height=\"100\" \/><\/a>Der Spielmannszug Starkenberg wurde 1951 gegr\u00fcndet.<br \/>\nEr geh\u00f6rte bis zur Wende dem Sportverein Starkenberg an, jetzt ist er im Feuerwehrortsverein Starkenberg organisiert.<br \/>\nZur Zeit z\u00e4hlt der Spielmannszug 24 Mitglieder, davon 9 bis 18 Jahre.<br \/>\nWir treten zu zahlreichen Dorf &#8211; und Vereinsfesten in der Umgebung aber auch zu privaten Feierlichkeiten auf.<br \/>\nWer sich f\u00fcr Marschmusik interessiert und ein Instrument wie Querfl\u00f6te, Horn, Trommel oder Schlagzeug erlernen m\u00f6chte, kann sich gern bei uns melden.<\/p>\n<p><a class=\"thickbox\" title=\"SZ\" rel=\"same-post-419\" href=\"https:\/\/www.starkenberg.info\/_WP\/wp-content\/uploads\/2011\/04\/SZ.jpg\"><img loading=\"lazy\" decoding=\"async\" class=\"alignleft size-medium wp-image-426\" title=\"SZ\" src=\"https:\/\/www.starkenberg.info\/_WP\/wp-content\/uploads\/2011\/04\/SZ-300x233.jpg\" alt=\"\" width=\"300\" height=\"233\" srcset=\"https:\/\/www.starkenberg.info\/_WP\/wp-content\/uploads\/2011\/04\/SZ-300x233.jpg 300w, https:\/\/www.starkenberg.info\/_WP\/wp-content\/uploads\/2011\/04\/SZ.jpg 800w\" sizes=\"auto, (max-width: 300px) 100vw, 300px\" \/><\/a>Ansprechpartner ist<br \/>\nThomas Just aus Starkenberg<br \/>\nTel. : 03448 \/ 3466<br \/>\n0172 \/ 3741899<br \/>\nFax: 03448 \/ 702815<br \/>\ne- Mail: just.th@web.de<\/p>\n<p>&nbsp;<\/p>\n<p>&nbsp;<\/p>\n<p>&nbsp;<\/p>\n<p>&nbsp;<\/p>\nngg_shortcode_0_placeholder\n","protected":false},"excerpt":{"rendered":"<p>Spielmannszug Starkenberg Der Spielmannszug Starkenberg wurde 1951 gegr\u00fcndet. Er geh\u00f6rte bis zur Wende dem Sportverein Starkenberg an, jetzt ist er&#8230;<\/p>\n","protected":false},"author":1,"featured_media":0,"parent":0,"menu_order":0,"comment_status":"closed","ping_status":"closed","template":"page-template\/page-with-right-sidebar.php","meta":{"ngg_post_thumbnail":0,"footnotes":""},"class_list":["post-419","page","type-page","status-publish","hentry"],"_links":{"self":[{"href":"https:\/\/www.starkenberg.info\/index.php?rest_route=\/wp\/v2\/pages\/419","targetHints":{"allow":["GET"]}}],"collection":[{"href":"https:\/\/www.starkenberg.info\/index.php?rest_route=\/wp\/v2\/pages"}],"about":[{"href":"https:\/\/www.starkenberg.info\/index.php?rest_route=\/wp\/v2\/types\/page"}],"author":[{"embeddable":true,"href":"https:\/\/www.starkenberg.info\/index.php?rest_route=\/wp\/v2\/users\/1"}],"replies":[{"embeddable":true,"href":"https:\/\/www.starkenberg.info\/index.php?rest_route=%2Fwp%2Fv2%2Fcomments&post=419"}],"version-history":[{"count":12,"href":"https:\/\/www.starkenberg.info\/index.php?rest_route=\/wp\/v2\/pages\/419\/revisions"}],"predecessor-version":[{"id":7863,"href":"https:\/\/www.starkenberg.info\/index.php?rest_route=\/wp\/v2\/pages\/419\/revisions\/7863"}],"wp:attachment":[{"href":"https:\/\/www.starkenberg.info\/index.php?rest_route=%2Fwp%2Fv2%2Fmedia&parent=419"}],"curies":[{"name":"wp","href":"https:\/\/api.w.org\/{rel}","templated":true}]}}