{"id":4612,"date":"2016-05-11T07:35:30","date_gmt":"2016-05-11T07:35:30","guid":{"rendered":"http:\/\/www.starkenberg.info\/?page_id=4612"},"modified":"2021-03-03T09:11:11","modified_gmt":"2021-03-03T09:11:11","slug":"buergermeister-2016","status":"publish","type":"page","link":"https:\/\/www.starkenberg.info\/?page_id=4612","title":{"rendered":"B\u00fcrgermeister 2016"},"content":{"rendered":"<p>Am 05. Juni 2016 fand die Wahl zum B\u00fcrgermeister in der Gemeinde Starkenberg statt.<\/p>\n<table>\n<tbody>\n<tr>\n<td class=\"schrift3\" width=\"100px\">Landkreis<\/td>\n<td class=\"schrift3\" width=\"60px\">077<\/td>\n<td class=\"schrift3\">Altenburger Land<\/td>\n<\/tr>\n<tr>\n<td class=\"schrift3\">Gemeinde<\/td>\n<td class=\"schrift3\">77044<\/td>\n<td class=\"schrift3\">Starkenberg<\/td>\n<\/tr>\n<\/tbody>\n<\/table>\n<div class=\"schrift3\">1. Wahlgang am 05.06.2016<\/div>\n<table border=\"0\">\n<tbody>\n<tr>\n<td>Erfassungsstand<\/td>\n<td align=\"right\">4 von 4<\/td>\n<td>Stimmbezirk\/en<\/td>\n<\/tr>\n<tr>\n<td>Wahlberechtigte<\/td>\n<td class=\"rechts\">1\u00a0702<\/td>\n<\/tr>\n<tr>\n<td>W\u00e4hler<\/td>\n<td align=\"right\">869<\/td>\n<\/tr>\n<tr>\n<td><b>Wahlbeteiligung\u00a0\u00a0\u00a0\u00a0<\/b><\/td>\n<td align=\"right\"><b>51,1\u00a0 %<\/b><\/td>\n<\/tr>\n<tr>\n<td>Ung\u00fcltige Stimmen<\/td>\n<td align=\"right\">11<\/td>\n<\/tr>\n<tr>\n<td>G\u00fcltige Stimmen<\/td>\n<td align=\"right\">858<\/td>\n<\/tr>\n<\/tbody>\n<\/table>\n<p><a href=\"https:\/\/www.starkenberg.info\/_WP\/wp-content\/uploads\/2016\/05\/ErgebnisBM2016.jpg\"><img loading=\"lazy\" decoding=\"async\" class=\"alignleft wp-image-4639 size-full\" src=\"https:\/\/www.starkenberg.info\/_WP\/wp-content\/uploads\/2016\/05\/ErgebnisBM2016.jpg\" alt=\"ErgebnisBM2016\" width=\"611\" height=\"110\" srcset=\"https:\/\/www.starkenberg.info\/_WP\/wp-content\/uploads\/2016\/05\/ErgebnisBM2016.jpg 611w, https:\/\/www.starkenberg.info\/_WP\/wp-content\/uploads\/2016\/05\/ErgebnisBM2016-100x18.jpg 100w, https:\/\/www.starkenberg.info\/_WP\/wp-content\/uploads\/2016\/05\/ErgebnisBM2016-300x54.jpg 300w\" sizes=\"auto, (max-width: 611px) 100vw, 611px\" \/><\/a><\/p>\n<p>&nbsp;<\/p>\n<p>&nbsp;<\/p>\n<p>&nbsp;<\/p>\n<p>Liebe B\u00fcrgerinnen und B\u00fcrger,<br \/>\nich m\u00f6chte mich auf diesem Weg bei allen W\u00e4hlern recht herzlich bedanken. Besonders bei denen die mir ihre Stimme gegeben haben.<br \/>\nIn der neuen Wahlperiode gilt es den eingeschlagenen Weg weiter fortzusetzen.<br \/>\nSchwerpunkte der Arbeit bleiben, dass kommunale Gemeinwohl, der Bau des Feuerwehrhauses, der Breitbandausbau und die F\u00f6rderung des Gemeinschaftsleben.<br \/>\nIch bitte Sie, sich in diesen Prozess einzubringen, sei es mit eigenen Aktivit\u00e4ten oder mit umsetzbaren Vorschl\u00e4gen.<br \/>\nStellvertretend auch f\u00fcr den Gemeinderat, w\u00fcnsche ich uns viel Gl\u00fcck und Erfolg auf diesem Weg.<\/p>\n<p>Herzlichst Ihr<\/p>\n<p>Wolfram Schlegel<br \/>\nB\u00fcrgermeister<\/p>\n","protected":false},"excerpt":{"rendered":"<p>Am 05. Juni 2016 fand die Wahl zum B\u00fcrgermeister in der Gemeinde Starkenberg statt. Landkreis 077 Altenburger Land Gemeinde 77044&#8230;<\/p>\n","protected":false},"author":1,"featured_media":4624,"parent":0,"menu_order":0,"comment_status":"closed","ping_status":"closed","template":"page-template\/page-with-right-sidebar.php","meta":{"ngg_post_thumbnail":0,"footnotes":""},"class_list":["post-4612","page","type-page","status-publish","has-post-thumbnail","hentry"],"_links":{"self":[{"href":"https:\/\/www.starkenberg.info\/index.php?rest_route=\/wp\/v2\/pages\/4612","targetHints":{"allow":["GET"]}}],"collection":[{"href":"https:\/\/www.starkenberg.info\/index.php?rest_route=\/wp\/v2\/pages"}],"about":[{"href":"https:\/\/www.starkenberg.info\/index.php?rest_route=\/wp\/v2\/types\/page"}],"author":[{"embeddable":true,"href":"https:\/\/www.starkenberg.info\/index.php?rest_route=\/wp\/v2\/users\/1"}],"replies":[{"embeddable":true,"href":"https:\/\/www.starkenberg.info\/index.php?rest_route=%2Fwp%2Fv2%2Fcomments&post=4612"}],"version-history":[{"count":10,"href":"https:\/\/www.starkenberg.info\/index.php?rest_route=\/wp\/v2\/pages\/4612\/revisions"}],"predecessor-version":[{"id":4643,"href":"https:\/\/www.starkenberg.info\/index.php?rest_route=\/wp\/v2\/pages\/4612\/revisions\/4643"}],"wp:featuredmedia":[{"embeddable":true,"href":"https:\/\/www.starkenberg.info\/index.php?rest_route=\/wp\/v2\/media\/4624"}],"wp:attachment":[{"href":"https:\/\/www.starkenberg.info\/index.php?rest_route=%2Fwp%2Fv2%2Fmedia&parent=4612"}],"curies":[{"name":"wp","href":"https:\/\/api.w.org\/{rel}","templated":true}]}}