{"id":488,"date":"2011-04-15T08:25:50","date_gmt":"2011-04-15T08:25:50","guid":{"rendered":"http:\/\/www.starkenberg.info\/_WP\/?page_id=488"},"modified":"2021-03-03T09:11:38","modified_gmt":"2021-03-03T09:11:38","slug":"kegelbahn-geschichte","status":"publish","type":"page","link":"https:\/\/www.starkenberg.info\/?page_id=488","title":{"rendered":"Kegelbahn Geschichte"},"content":{"rendered":"<p style=\"text-align: left;\"><span style=\"text-decoration: underline;\"><strong>1964-1966 Bau einer neuen Kegelbahn<\/strong><\/span><\/p>\n<p><strong><a class=\"thickbox\" title=\"Kegelbahn1964_AlbertBoehme\" rel=\"same-post-488\" href=\"https:\/\/www.starkenberg.info\/_WP\/wp-content\/uploads\/2011\/04\/Kegelbahn1964_AlbertBoehme.jpg\"><img loading=\"lazy\" decoding=\"async\" class=\"alignleft size-thumbnail wp-image-550\" title=\"Kegelbahn1964_AlbertBoehme\" src=\"https:\/\/www.starkenberg.info\/_WP\/wp-content\/uploads\/2011\/04\/Kegelbahn1964_AlbertBoehme-66x100.jpg\" alt=\"\" width=\"66\" height=\"100\" srcset=\"https:\/\/www.starkenberg.info\/_WP\/wp-content\/uploads\/2011\/04\/Kegelbahn1964_AlbertBoehme-66x100.jpg 66w, https:\/\/www.starkenberg.info\/_WP\/wp-content\/uploads\/2011\/04\/Kegelbahn1964_AlbertBoehme-200x300.jpg 200w, https:\/\/www.starkenberg.info\/_WP\/wp-content\/uploads\/2011\/04\/Kegelbahn1964_AlbertBoehme.jpg 384w\" sizes=\"auto, (max-width: 66px) 100vw, 66px\" \/><\/a>In den 50-er Jahren<\/strong> (ca. 1953\/1954) begannen Bier- und  Freizeitkegler in der Gastst\u00e4tte K\u00f6hler am Bahnhof in Kostitz eine  Abteilung Kegeln im Sportverein &#8222;BSG Traktor Starkenberg&#8220; zu gr\u00fcnden.<br \/>\nEine notwendige, geeignete Kegelanlage, die den Anforderungen eines  Punktspielbetriebes entsprach, wurde in Meuselwitz\/Zipsendorf in der  Sportst\u00e4tte &#8222;Neue Welt&#8220; gefunden.<br \/>\nDie Anfahrten erfolgten damals noch mit der Eisenbahn oder dem  Fahrrad, sp\u00e4ter auch mit dem Bus unter Mitnahme der Kegelaufsteller, um  das Training und die Wettk\u00e4mpfe durchzuf\u00fchren.<\/p>\n<p><a class=\"thickbox\" title=\"Kegelbahn1966\" rel=\"same-post-488\" href=\"https:\/\/www.starkenberg.info\/_WP\/wp-content\/uploads\/2011\/04\/Kegelbahn1966.jpg\"><img loading=\"lazy\" decoding=\"async\" class=\"alignleft size-thumbnail wp-image-556\" title=\"Kegelbahn1966\" src=\"https:\/\/www.starkenberg.info\/_WP\/wp-content\/uploads\/2011\/04\/Kegelbahn1966-100x71.jpg\" alt=\"\" width=\"100\" height=\"71\" srcset=\"https:\/\/www.starkenberg.info\/_WP\/wp-content\/uploads\/2011\/04\/Kegelbahn1966-100x71.jpg 100w, https:\/\/www.starkenberg.info\/_WP\/wp-content\/uploads\/2011\/04\/Kegelbahn1966-300x214.jpg 300w, https:\/\/www.starkenberg.info\/_WP\/wp-content\/uploads\/2011\/04\/Kegelbahn1966.jpg 575w\" sizes=\"auto, (max-width: 100px) 100vw, 100px\" \/><\/a><strong>Das war Begeisterung PUR!<\/strong> Umso gr\u00f6\u00dfer mu\u00df die Begeisterung  gewesen sein, als der Gemeinderat am 08.08.1958 bei einer Sitzung  beschlo\u00df, die Voraussetzungen f\u00fcr den Bau einer Kegelbahnanlage zu  schaffen.     Auf der Suche nach begehbaren Wegen, nach finanziellen M\u00f6glichkeiten  und zum Standort konnte 1964 nach dem Ber\u00e4umen der alten Schie\u00dfanlage  des ehemaligen Sch\u00fctzenvereins der Grundstein gelegt werden.<\/p>\n<p><a class=\"thickbox\" title=\"Kegelbahn1966_Eroeffnung\" rel=\"same-post-488\" href=\"https:\/\/www.starkenberg.info\/_WP\/wp-content\/uploads\/2011\/04\/Kegelbahn1966_Eroeffnung.jpg\"><img loading=\"lazy\" decoding=\"async\" class=\"alignleft size-thumbnail wp-image-557\" title=\"Kegelbahn1966_Eroeffnung\" src=\"https:\/\/www.starkenberg.info\/_WP\/wp-content\/uploads\/2011\/04\/Kegelbahn1966_Eroeffnung-100x67.jpg\" alt=\"\" width=\"100\" height=\"67\" srcset=\"https:\/\/www.starkenberg.info\/_WP\/wp-content\/uploads\/2011\/04\/Kegelbahn1966_Eroeffnung-100x67.jpg 100w, https:\/\/www.starkenberg.info\/_WP\/wp-content\/uploads\/2011\/04\/Kegelbahn1966_Eroeffnung-300x202.jpg 300w, https:\/\/www.starkenberg.info\/_WP\/wp-content\/uploads\/2011\/04\/Kegelbahn1966_Eroeffnung.jpg 702w\" sizes=\"auto, (max-width: 100px) 100vw, 100px\" \/><\/a>In unz\u00e4hligen Arbeitsstunden aller Sportler des Sportvereins, vieler  B\u00fcrger der Gemeinde und mit finanzieller Unterst\u00fctzung des Kreises aus  Lottomitteln konnte im <strong>Mai 1966<\/strong> mit Stolz das Kegelbahngel\u00e4nde feierlich in Besitz genommen werden.<\/p>\n<p>&nbsp;<\/p>\n<p><a class=\"thickbox\" title=\"Kegelbahn1966_Abnahmeprotokoll\" rel=\"same-post-488\" href=\"https:\/\/www.starkenberg.info\/_WP\/wp-content\/uploads\/2011\/04\/Kegelbahn1966_Abnahmeprotokoll.jpg\"><img loading=\"lazy\" decoding=\"async\" class=\"alignleft size-thumbnail wp-image-558\" title=\"Kegelbahn1966_Abnahmeprotokoll\" src=\"https:\/\/www.starkenberg.info\/_WP\/wp-content\/uploads\/2011\/04\/Kegelbahn1966_Abnahmeprotokoll-72x100.jpg\" alt=\"\" width=\"72\" height=\"100\" srcset=\"https:\/\/www.starkenberg.info\/_WP\/wp-content\/uploads\/2011\/04\/Kegelbahn1966_Abnahmeprotokoll-72x100.jpg 72w, https:\/\/www.starkenberg.info\/_WP\/wp-content\/uploads\/2011\/04\/Kegelbahn1966_Abnahmeprotokoll-218x300.jpg 218w, https:\/\/www.starkenberg.info\/_WP\/wp-content\/uploads\/2011\/04\/Kegelbahn1966_Abnahmeprotokoll.jpg 509w\" sizes=\"auto, (max-width: 72px) 100vw, 72px\" \/><\/a><\/p>\n<p>Am <strong>14.05.1966<\/strong> erfolgte die technische Abnahme durch den &#8222;Deutschen Keglerverband&#8220; im DTSB, Kreisfachauschu\u00df Altenburg.<\/p>\n<p>&nbsp;<\/p>\n<p style=\"text-align: left;\"><span style=\"text-decoration: underline;\"><strong>1975-1987 Modernisierung Kegelaufstellautomaten<br \/>\n<a class=\"thickbox\" title=\"Kegelbahn1985_GunterBoehme1\" rel=\"same-post-488\" href=\"https:\/\/www.starkenberg.info\/_WP\/wp-content\/uploads\/2011\/04\/Kegelbahn1985_GunterBoehme1.jpg\"><img loading=\"lazy\" decoding=\"async\" class=\"alignright size-thumbnail wp-image-563\" title=\"Kegelbahn1985_GunterBoehme1\" src=\"https:\/\/www.starkenberg.info\/_WP\/wp-content\/uploads\/2011\/04\/Kegelbahn1985_GunterBoehme1-71x100.jpg\" alt=\"\" width=\"71\" height=\"100\" srcset=\"https:\/\/www.starkenberg.info\/_WP\/wp-content\/uploads\/2011\/04\/Kegelbahn1985_GunterBoehme1-71x100.jpg 71w, https:\/\/www.starkenberg.info\/_WP\/wp-content\/uploads\/2011\/04\/Kegelbahn1985_GunterBoehme1-214x300.jpg 214w, https:\/\/www.starkenberg.info\/_WP\/wp-content\/uploads\/2011\/04\/Kegelbahn1985_GunterBoehme1.jpg 514w\" sizes=\"auto, (max-width: 71px) 100vw, 71px\" \/><\/a><a class=\"thickbox\" title=\"Kegelbahn1985_GunterBoehme2\" rel=\"same-post-488\" href=\"https:\/\/www.starkenberg.info\/_WP\/wp-content\/uploads\/2011\/04\/Kegelbahn1985_GunterBoehme2.jpg\"><img loading=\"lazy\" decoding=\"async\" class=\"alignright size-thumbnail wp-image-564\" title=\"Kegelbahn1985_GunterBoehme2\" src=\"https:\/\/www.starkenberg.info\/_WP\/wp-content\/uploads\/2011\/04\/Kegelbahn1985_GunterBoehme2-100x95.jpg\" alt=\"\" width=\"100\" height=\"95\" srcset=\"https:\/\/www.starkenberg.info\/_WP\/wp-content\/uploads\/2011\/04\/Kegelbahn1985_GunterBoehme2-100x95.jpg 100w, https:\/\/www.starkenberg.info\/_WP\/wp-content\/uploads\/2011\/04\/Kegelbahn1985_GunterBoehme2-300x285.jpg 300w, https:\/\/www.starkenberg.info\/_WP\/wp-content\/uploads\/2011\/04\/Kegelbahn1985_GunterBoehme2.jpg 663w\" sizes=\"auto, (max-width: 100px) 100vw, 100px\" \/><\/a><\/strong><\/span><strong>12 Jahre Ausdauer<\/strong> waren n\u00f6tig, um dann endlich im Jahr 1987 neue  Kegelaufstellautomaten einbauen zu k\u00f6nnen. Bis dahin wurden die Kegel  noch per Hand aufgestellt. Der erste Schriftverkehr begann 1976 und der  Weg f\u00fchrte auf Grund der sich immer wiederholenden Widrigkeiten der  B\u00fcrokratie und wirtschaftlicher Engp\u00e4sse (Absage wegen fehlender  Valutamittel, da die Kegelstellautomaten aus Ungarn importiert werden  sollten) \u00fcber den Sportger\u00e4tegro\u00dfhandel Dresden, Projektierung Werdau  und PGH Metall + Azetylentechnik Wismar.<\/p>\n<p><span style=\"text-decoration: underline;\"><strong>weitere bauliche Ver\u00e4nderungen<br \/>\n<\/strong><\/span>Der <strong>Zeitraum 1995 bis 1997<\/strong> wurde zu einem  Zeitraum umfangreicher baulicher Ver\u00e4nderungen. Der Asphaltbelag wurde  durch neuen Kunststoffbelag ersetzt, der Anlaufbereich neu gestaltet und  neue Aufstellautomaten mit elektronischer Trefferanzeige eingebaut. Die  technische Ausr\u00fcstung hatte einen Wert von 41900 DM, die Eigenleistung  betrug 13000 DM.   Der Einbau einer Erdgasheizung und die Schaffung neuer Umkleider\u00e4ume  folgte.          Im <strong>Jahr 2004<\/strong> wurde mit der Erneuerung der Au\u00dfenfenster begonnen. Die Eigenleistung des Vereins lag hier bei 1500 Euro.<br \/>\n2005 wurde der Vierpass und die Kegel im Wert von 1000 Euro erneuert.<\/p>\n<p><strong><span style=\"text-decoration: underline;\">2010 Modernisierung der kompletten Bahn<br \/>\n<\/span><\/strong>Schon am 10. Mai starteten die ersten  Abriss- und Entkernungsarbeiten.<br \/>\nParallel erfolge die  Anlieferung des neu einzubauenden Materials.<br \/>\nAnfang Juni konnte  mit der Elektronik und der Deckenverkleidung begonnen werden.<br \/>\nDer  Einbau der neuen Wandverkleidung startete am 14. Juni.<br \/>\nAm 21.  Juni konnte eine Spezialfirma mit dem Einbau der neuen Bahnen beginnen.<br \/>\n<a href=\"https:\/\/www.starkenberg.info\/_WP\/?page_id=236\">&#8230; mehr<\/a><\/p>\n","protected":false},"excerpt":{"rendered":"<p>1964-1966 Bau einer neuen Kegelbahn In den 50-er Jahren (ca. 1953\/1954) begannen Bier- und Freizeitkegler in der Gastst\u00e4tte K\u00f6hler am&#8230;<\/p>\n","protected":false},"author":1,"featured_media":0,"parent":0,"menu_order":0,"comment_status":"closed","ping_status":"closed","template":"page-template\/page-with-right-sidebar.php","meta":{"ngg_post_thumbnail":0,"footnotes":""},"class_list":["post-488","page","type-page","status-publish","hentry"],"_links":{"self":[{"href":"https:\/\/www.starkenberg.info\/index.php?rest_route=\/wp\/v2\/pages\/488","targetHints":{"allow":["GET"]}}],"collection":[{"href":"https:\/\/www.starkenberg.info\/index.php?rest_route=\/wp\/v2\/pages"}],"about":[{"href":"https:\/\/www.starkenberg.info\/index.php?rest_route=\/wp\/v2\/types\/page"}],"author":[{"embeddable":true,"href":"https:\/\/www.starkenberg.info\/index.php?rest_route=\/wp\/v2\/users\/1"}],"replies":[{"embeddable":true,"href":"https:\/\/www.starkenberg.info\/index.php?rest_route=%2Fwp%2Fv2%2Fcomments&post=488"}],"version-history":[{"count":55,"href":"https:\/\/www.starkenberg.info\/index.php?rest_route=\/wp\/v2\/pages\/488\/revisions"}],"predecessor-version":[{"id":7840,"href":"https:\/\/www.starkenberg.info\/index.php?rest_route=\/wp\/v2\/pages\/488\/revisions\/7840"}],"wp:attachment":[{"href":"https:\/\/www.starkenberg.info\/index.php?rest_route=%2Fwp%2Fv2%2Fmedia&parent=488"}],"curies":[{"name":"wp","href":"https:\/\/api.w.org\/{rel}","templated":true}]}}