{"id":5059,"date":"2018-01-08T10:14:52","date_gmt":"2018-01-08T10:14:52","guid":{"rendered":"http:\/\/www.starkenberg.info\/?page_id=5059"},"modified":"2021-03-03T09:11:49","modified_gmt":"2021-03-03T09:11:49","slug":"solarpark-tegkwitz","status":"publish","type":"page","link":"https:\/\/www.starkenberg.info\/?page_id=5059","title":{"rendered":"Solarpark Tegkwitz"},"content":{"rendered":"<p><img loading=\"lazy\" decoding=\"async\" class=\"alignleft size-full wp-image-5068\" src=\"https:\/\/www.starkenberg.info\/_WP\/wp-content\/uploads\/2018\/01\/Solar1.jpg\" alt=\"\" width=\"250\" height=\"167\" srcset=\"https:\/\/www.starkenberg.info\/_WP\/wp-content\/uploads\/2018\/01\/Solar1.jpg 250w, https:\/\/www.starkenberg.info\/_WP\/wp-content\/uploads\/2018\/01\/Solar1-100x67.jpg 100w, https:\/\/www.starkenberg.info\/_WP\/wp-content\/uploads\/2018\/01\/Solar1-150x100.jpg 150w, https:\/\/www.starkenberg.info\/_WP\/wp-content\/uploads\/2018\/01\/Solar1-125x84.jpg 125w\" sizes=\"auto, (max-width: 250px) 100vw, 250px\" \/><\/p>\n<p><strong>\u00d6ffentliche Bekanntmachung <\/strong><strong>Satzungsbeschluss und Inkrafttreten des <\/strong><strong>vorhabenbezogenen Bebauungsplan \u201eSolarpark Tegkwitz\u201c <\/strong><strong>der Gemeinde Starkenberg mit Vorhaben- und Erschlie\u00dfungsplan<\/strong><\/p>\n<p>Der Gemeinderat der Gemeinde Starkenberg hat am 30.07.2019 mit Beschlussnummer: 34\/07\/19 gem\u00e4\u00df \u00a7 10 BauGB den vorhabenbezogenen Bebauungsplan \u201eSolarpark Tegkwitz\u201c der Gemeinde Starkenberg als Satzung beschlossen.<\/p>\n<p>Der Geltungsbereich 1 des vorhabenbezogenen Bebauungsplanes umfasst folgende Flurst\u00fccke der Gemarkung Tegkwitz, Flur 1: 29\/1 und 30\/1. Der Geltungsbereich 2 des vorhabenbezogenen Bebauungsplanes umfasst das Flurst\u00fcck 16 teilweise der Gemarkung D\u00f6lzig, Flur 1.<\/p>\n<p><strong>Der Geltungsbereich ist in den nachfolgenden Abbildungen (unma\u00dfst\u00e4bliche Darstellung) ersichtlich.<\/strong><\/p>\n\n\n<div class=\"wp-block-image\"><figure class=\"aligncenter\"><img loading=\"lazy\" decoding=\"async\" width=\"242\" height=\"326\" src=\"https:\/\/www.starkenberg.info\/_WP\/wp-content\/uploads\/2019\/12\/Bild1.jpg\" alt=\"\" class=\"wp-image-5390\" srcset=\"https:\/\/www.starkenberg.info\/_WP\/wp-content\/uploads\/2019\/12\/Bild1.jpg 242w, https:\/\/www.starkenberg.info\/_WP\/wp-content\/uploads\/2019\/12\/Bild1-74x100.jpg 74w, https:\/\/www.starkenberg.info\/_WP\/wp-content\/uploads\/2019\/12\/Bild1-223x300.jpg 223w\" sizes=\"auto, (max-width: 242px) 100vw, 242px\" \/><figcaption> Geltungsbereich 1 (ohne Ma\u00dfstab)\u00a0 <\/figcaption><\/figure><\/div>\n\n\n\n<div class=\"wp-block-image\"><figure class=\"aligncenter\"><img loading=\"lazy\" decoding=\"async\" width=\"241\" height=\"325\" src=\"https:\/\/www.starkenberg.info\/_WP\/wp-content\/uploads\/2019\/12\/Bild2.jpg\" alt=\"\" class=\"wp-image-5391\" srcset=\"https:\/\/www.starkenberg.info\/_WP\/wp-content\/uploads\/2019\/12\/Bild2.jpg 241w, https:\/\/www.starkenberg.info\/_WP\/wp-content\/uploads\/2019\/12\/Bild2-74x100.jpg 74w, https:\/\/www.starkenberg.info\/_WP\/wp-content\/uploads\/2019\/12\/Bild2-222x300.jpg 222w\" sizes=\"auto, (max-width: 241px) 100vw, 241px\" \/><figcaption><br> Geltungsbereich 2 (ohne Ma\u00dfstab) <\/figcaption><\/figure><\/div>\n\n\n\n<p>Der vorhabenbezogene Bebauungsplan besteht aus dem Vorhaben- und  Erschlie\u00dfungsplan, der Planzeichnung mit den textlichen Festsetzungen,  der Begr\u00fcndung und dem Umweltbericht jeweils vom Juli 2019. Der  Satzungsbeschluss wir hiermit gem\u00e4\u00df \u00a7 10 Abs. 3 BauGB orts\u00fcblich bekannt  gemacht. <\/p>\n\n\n\n<p>Gem\u00e4\u00df \u00a7 21 Abs. 3 Th\u00fcringer Kommunalordnung (Th\u00fcrKO) wurde die Satzung der Rechtsaufsichtsbeh\u00f6rde vorgelegt und mit Schreiben vom 18.09.2019 mit dem Aktenzeichen 092.sei rechtsaufsichtlich nicht beanstandet.<\/p>\n\n\n\n<p><strong>Die Satzung \u00fcber den vorhabenbezogenen Bebauungsplan \u201eSolarpark Tegkwitz\u201c mit Vorhaben- und Erschlie\u00dfungsplan tritt mit der Bekanntmachung in Kraft.<\/strong><\/p>\n\n\n\n<p>Der vorhabenbezogene Bebauungsplan mit Vorhaben- und Erschlie\u00dfungsplan, Planzeichnung, Begr\u00fcndung, Umweltbericht und zusammenfassender Erkl\u00e4rung kann ab diesem Tag im Bauamt der Verwaltungsgemeinschaft Rositz, Altenburger Stra\u00dfe 48 b, 04617 Rositz sowie im Gemeindeamt von Starkenberg, Borngasse 7, 04617 Starkenberg, w\u00e4hrend der Sprechzeiten von Jedermann eingesehen und \u00fcber den Inhalt Auskunft verlangt werden:<\/p>\n\n\n\n<p><strong>Zeiten der Einsichtnahme in der VG:<\/strong><\/p>\n\n\n\n<p>Montag&nbsp;&nbsp;&nbsp;&nbsp;&nbsp;&nbsp;&nbsp;&nbsp;&nbsp;&nbsp; 09:00 Uhr \u2013 12:00 Uhr&nbsp;&nbsp;&nbsp;&nbsp;&nbsp;&nbsp;&nbsp;&nbsp;&nbsp;&nbsp;&nbsp;&nbsp;&nbsp; &nbsp;&nbsp;&nbsp;&nbsp; 13:30 Uhr \u2013 15:00 Uhr<\/p>\n\n\n\n<p>Dienstag&nbsp;&nbsp;&nbsp;&nbsp;&nbsp;&nbsp;&nbsp;&nbsp; 09:00 Uhr \u2013 12:00 Uhr&nbsp;&nbsp;&nbsp;&nbsp;&nbsp;&nbsp;&nbsp;&nbsp;&nbsp;&nbsp;&nbsp;&nbsp;&nbsp;&nbsp;&nbsp;&nbsp;&nbsp;&nbsp; 13:30 Uhr \u2013 17:30 Uhr<\/p>\n\n\n\n<p>Mittwoch&nbsp;&nbsp;&nbsp;&nbsp;&nbsp;&nbsp;&nbsp;&nbsp; 09:00 Uhr \u2013 11:30 Uhr<\/p>\n\n\n\n<p>Donnerstag&nbsp;&nbsp;&nbsp;&nbsp; 09:00 Uhr \u2013 12:00 Uhr&nbsp;&nbsp;&nbsp;&nbsp;&nbsp;&nbsp;&nbsp;&nbsp;&nbsp;&nbsp;&nbsp;&nbsp;&nbsp;&nbsp;&nbsp;&nbsp;&nbsp;&nbsp; 13:30 Uhr \u2013 15:30 Uhr<\/p>\n\n\n\n<p>Freitag&nbsp;&nbsp;&nbsp;&nbsp;&nbsp;&nbsp;&nbsp;&nbsp;&nbsp;&nbsp;&nbsp; 09:00 Uhr \u2013 11:00 Uhr<\/p>\n\n\n\n<p><strong>Zeiten der Einsichtnahme in der Gemeinde<\/strong><\/p>\n\n\n\n<p>Dienstag&nbsp;&nbsp;&nbsp;&nbsp;&nbsp;&nbsp;&nbsp;&nbsp; 16:00 Uhr \u2013 18:00 Uhr<\/p>\n\n\n\n<p>Der rechtsverbindliche vorhabenbezogene Bebauungsplan \u201eSolarpark Tegkwitz\u201c mit dem Vorhaben- und Erschlie\u00dfungsplan, der Planzeichnung, der Begr\u00fcndung, dem Umweltbericht und der zusammenfassenden Erkl\u00e4rung ist gem\u00e4\u00df \u00a7 10 Abs. 3 BauGB erg\u00e4nzend auf den Internetseiten der Gemeinde Starkenberg unter <a href=\"https:\/\/www.starkenberg.info\">www.starkenberg.info<\/a> eingestellt.<\/p>\n\n\n\n<p><strong>Hinweise:<\/strong><\/p>\n\n\n\n<p>Auf die Vorschriften des \u00a7 44 Abs. 3 Satz 1 und 2 sowie Abs. 4 BauGB \u00fcber die fristgem\u00e4\u00dfe Geltendmachung etwaiger Entsch\u00e4digungsanspr\u00fcche von den durch Festsetzungen des vorhabenbezogenen Bebauungsplanes oder seiner Durchf\u00fchrung eintretenden Verm\u00f6gensnachteilen, die in den \u00a7\u00a7 39 bis 42 BauGB bezeichnet sind, sowie \u00fcber die F\u00e4lligkeit und das Erl\u00f6schen von Entsch\u00e4digungsanspr\u00fcchen bei nicht fristgem\u00e4\u00dfer Geltendmachung wird hingewiesen. Der Entsch\u00e4digungsberechtigte kann die F\u00e4lligkeit des Anspruches dadurch herbeif\u00fchren, dass er die Leistung der Entsch\u00e4digung schriftlich bei dem Entsch\u00e4digungspflichtigen (\u00a744 Abs. 1 BauGB) beantragt. Ein Entsch\u00e4digungsanspruch erlischt, wenn nicht innerhalb von drei Jahren nach Ablauf des Kalenderjahres, in dem die in den \u00a7\u00a739 bis 42 BauGB bezeichneten Verm\u00f6gensnachteile eingetreten sind, die F\u00e4lligkeit des Anspruches herbeigef\u00fchrt wird.<\/p>\n\n\n\n<p>Eine Verletzung der in \u00a7 21 Abs. 4 Satz 1 der Th\u00fcringer Kommunalordnung bezeichneten Verfahrens- und Formvorschriften werden unbeachtlich, wenn sie nicht innerhalb eines Jahres seit Bekanntmachung der Satzung schriftlich gegen\u00fcber der Gemeinde Starkenberg unter Darlegung des die Verletzung begr\u00fcndeten Sachverhaltes geltend gemacht worden sind.<\/p>\n\n\n\n<p>Gem\u00e4\u00df \u00a7 215 Abs. 1 BauGB werden unbeachtlich:<\/p>\n\n\n\n<ol class=\"wp-block-list\"><li>eine nach \u00a7 214 Abs. 1 Satz 1 Nr. 1 bis 3 BauGB beachtliche Verletzung der dort bezeichneten Verfahrens- und Formvorschriften,<\/li><li>eine unter Ber\u00fccksichtigung des \u00a7 214 Abs. 2 BauGB beachtliche Verletzung der Verfahrens- und Formvorschriften und der Vorschriften \u00fcber das Verh\u00e4ltnis des Bebauungsplanes und des Fl\u00e4chennutzungsplanes und<\/li><li>nach \u00a7 214 Abs. 3 Satz 2 BauGB beachtliche M\u00e4ngel des Abw\u00e4gungsvorgangs,<\/li><\/ol>\n\n\n\n<p>wenn sie nicht innerhalb eines Jahres seit Bekanntmachung der Satzung schriftlich gegen\u00fcber der Gemeinde Starkenberg unter Darlegung des die Verletzung begr\u00fcndeten Sachverhaltes geltend gemacht worden sind. Dies gilt entsprechend, wenn Fehler nach \u00a7 214 Abs. 2a BauGB beachtlich sind.<\/p>\n\n\n\n<p>Starkenberg, den 26.10.2019<\/p>\n\n\n\n<p>gez. Herr Schlegel<\/p>\n\n\n\n<p>B\u00fcrgermeister<\/p>\n\n\n\n<p><strong>Downloads<\/strong><\/p>\n\n\n\n<ul class=\"wp-block-list\"><li><a href=\"https:\/\/www.starkenberg.info\/_WP\/GEMEINDE\/SolarparkTegkwitz\/01.pdf\">Vorhaben- und Erschlie\u00dfungsplan<\/a><\/li><li><a href=\"https:\/\/www.starkenberg.info\/_WP\/GEMEINDE\/SolarparkTegkwitz\/02.pdf\">Planzeichnung vorhabenbezogener Bebauungsplan<\/a><\/li><li><a href=\"https:\/\/www.starkenberg.info\/_WP\/GEMEINDE\/SolarparkTegkwitz\/03.pdf\">Begr\u00fcndung zum vorhabenbezogenen Bebauungsplan<\/a><\/li><li><a href=\"https:\/\/www.starkenberg.info\/_WP\/GEMEINDE\/SolarparkTegkwitz\/04.pdf\">Umweltbericht mit integriertem Gr\u00fcnordnungsplan zum vorhabenbezogenen Bebauungsplan<\/a><\/li><li><a href=\"https:\/\/www.starkenberg.info\/_WP\/GEMEINDE\/SolarparkTegkwitz\/05.pdf\">Zusammenfassende Erkl\u00e4rung<\/a><\/li><\/ul>\n","protected":false},"excerpt":{"rendered":"<p>\u00d6ffentliche Bekanntmachung Satzungsbeschluss und Inkrafttreten des vorhabenbezogenen Bebauungsplan \u201eSolarpark Tegkwitz\u201c der Gemeinde Starkenberg mit Vorhaben- und Erschlie\u00dfungsplan Der Gemeinderat der&#8230;<\/p>\n","protected":false},"author":1,"featured_media":0,"parent":0,"menu_order":0,"comment_status":"closed","ping_status":"closed","template":"page-template\/page-with-right-sidebar.php","meta":{"ngg_post_thumbnail":0,"footnotes":""},"class_list":["post-5059","page","type-page","status-publish","hentry"],"_links":{"self":[{"href":"https:\/\/www.starkenberg.info\/index.php?rest_route=\/wp\/v2\/pages\/5059","targetHints":{"allow":["GET"]}}],"collection":[{"href":"https:\/\/www.starkenberg.info\/index.php?rest_route=\/wp\/v2\/pages"}],"about":[{"href":"https:\/\/www.starkenberg.info\/index.php?rest_route=\/wp\/v2\/types\/page"}],"author":[{"embeddable":true,"href":"https:\/\/www.starkenberg.info\/index.php?rest_route=\/wp\/v2\/users\/1"}],"replies":[{"embeddable":true,"href":"https:\/\/www.starkenberg.info\/index.php?rest_route=%2Fwp%2Fv2%2Fcomments&post=5059"}],"version-history":[{"count":18,"href":"https:\/\/www.starkenberg.info\/index.php?rest_route=\/wp\/v2\/pages\/5059\/revisions"}],"predecessor-version":[{"id":5396,"href":"https:\/\/www.starkenberg.info\/index.php?rest_route=\/wp\/v2\/pages\/5059\/revisions\/5396"}],"wp:attachment":[{"href":"https:\/\/www.starkenberg.info\/index.php?rest_route=%2Fwp%2Fv2%2Fmedia&parent=5059"}],"curies":[{"name":"wp","href":"https:\/\/api.w.org\/{rel}","templated":true}]}}