{"id":571,"date":"2011-04-19T10:48:41","date_gmt":"2011-04-19T10:48:41","guid":{"rendered":"http:\/\/www.starkenberg.info\/_WP\/?page_id=571"},"modified":"2021-03-03T09:11:11","modified_gmt":"2021-03-03T09:11:11","slug":"abteilung-kegeln","status":"publish","type":"page","link":"https:\/\/www.starkenberg.info\/?page_id=571","title":{"rendered":"Abteilung Kegeln"},"content":{"rendered":"<p><a class=\"thickbox\" title=\"Kegelbahn1975_Frauenmannschaft\" rel=\"same-post-571\" href=\"https:\/\/www.starkenberg.info\/_WP\/wp-content\/uploads\/2011\/04\/Kegelbahn1975_Frauenmannschaft.jpg\"><img loading=\"lazy\" decoding=\"async\" class=\"alignleft size-thumbnail wp-image-574\" title=\"Kegelbahn1975_Frauenmannschaft\" src=\"https:\/\/www.starkenberg.info\/_WP\/wp-content\/uploads\/2011\/04\/Kegelbahn1975_Frauenmannschaft-100x80.jpg\" alt=\"\" width=\"100\" height=\"80\" srcset=\"https:\/\/www.starkenberg.info\/_WP\/wp-content\/uploads\/2011\/04\/Kegelbahn1975_Frauenmannschaft-100x80.jpg 100w, https:\/\/www.starkenberg.info\/_WP\/wp-content\/uploads\/2011\/04\/Kegelbahn1975_Frauenmannschaft-300x242.jpg 300w, https:\/\/www.starkenberg.info\/_WP\/wp-content\/uploads\/2011\/04\/Kegelbahn1975_Frauenmannschaft.jpg 600w\" sizes=\"auto, (max-width: 100px) 100vw, 100px\" \/><\/a>Zum <strong>Aush\u00e4ngeschild<\/strong> des Kegelvereins wurde die erste <strong>Damenmannschaft<\/strong>, die bereits in den 70-er Jahren in der Bezirksklasse Leipzig erfolgreich spielte.<br \/>\nSportfreund Siegfried Lindner als Trainer und Betreuer konnte den  Damen eine gute technische Ausbildung vermitteln. So wurde mit Beginn  der 90-er Jahre in der 1. und 2. Landesklasse gespielt.<\/p>\n<p>&nbsp;<\/p>\n<p><a class=\"thickbox\" title=\"Kegelbahn1997_Frauenmannschaft\" rel=\"same-post-571\" href=\"https:\/\/www.starkenberg.info\/_WP\/wp-content\/uploads\/2011\/04\/Kegelbahn1997_Frauenmannschaft.jpg\"><img loading=\"lazy\" decoding=\"async\" class=\"alignleft size-thumbnail wp-image-575\" title=\"Kegelbahn1997_Frauenmannschaft\" src=\"https:\/\/www.starkenberg.info\/_WP\/wp-content\/uploads\/2011\/04\/Kegelbahn1997_Frauenmannschaft-100x54.jpg\" alt=\"\" width=\"100\" height=\"54\" srcset=\"https:\/\/www.starkenberg.info\/_WP\/wp-content\/uploads\/2011\/04\/Kegelbahn1997_Frauenmannschaft-100x54.jpg 100w, https:\/\/www.starkenberg.info\/_WP\/wp-content\/uploads\/2011\/04\/Kegelbahn1997_Frauenmannschaft-300x163.jpg 300w, https:\/\/www.starkenberg.info\/_WP\/wp-content\/uploads\/2011\/04\/Kegelbahn1997_Frauenmannschaft.jpg 600w\" sizes=\"auto, (max-width: 100px) 100vw, 100px\" \/><\/a><strong>1997\/1998<\/strong><br \/>\nDer H\u00f6hepunkt wurde in der Saison 1997\/1998 mit dem <strong>Aufstieg in die 1. Landesliga<\/strong>, die h\u00f6chste Spielklasse Th\u00fcringens, erreicht.<\/p>\n<p>&nbsp;<\/p>\n<p><a class=\"thickbox\" title=\"Kegelbahn1997_Frauenmannschaft2\" rel=\"same-post-571\" href=\"https:\/\/www.starkenberg.info\/_WP\/wp-content\/uploads\/2011\/04\/Kegelbahn1997_Frauenmannschaft2.jpg\"><img loading=\"lazy\" decoding=\"async\" class=\"alignleft size-thumbnail wp-image-577\" title=\"Kegelbahn1997_Frauenmannschaft2\" src=\"https:\/\/www.starkenberg.info\/_WP\/wp-content\/uploads\/2011\/04\/Kegelbahn1997_Frauenmannschaft2-100x97.jpg\" alt=\"\" width=\"100\" height=\"97\" srcset=\"https:\/\/www.starkenberg.info\/_WP\/wp-content\/uploads\/2011\/04\/Kegelbahn1997_Frauenmannschaft2-100x97.jpg 100w, https:\/\/www.starkenberg.info\/_WP\/wp-content\/uploads\/2011\/04\/Kegelbahn1997_Frauenmannschaft2-300x291.jpg 300w, https:\/\/www.starkenberg.info\/_WP\/wp-content\/uploads\/2011\/04\/Kegelbahn1997_Frauenmannschaft2.jpg 514w\" sizes=\"auto, (max-width: 100px) 100vw, 100px\" \/><\/a>In der gesamten Abteilung wurden bei der Teilnahme an den  Kreismeisterschaften eine Vielzahl an Kreismeister und mehrere zweite und dritte  Pl\u00e4tze, auch im Jugendbereich, erspielt.<br \/>\nMit 6 Kreismeistertiteln ist Elly Schnabel die absolut erfolgreichste Sportlerin im Verein.<\/p>\n<p>&nbsp;<\/p>\n<p><strong>2005: <\/strong>Mit Stolz k\u00f6nnen wir heute darauf verweisen, dass wir 2005 mit 5  Herren- und 3 Damenmannschaften am Punktspielbetrieb teilnehmen und  dabei zu den Mitgliedsst\u00e4rksten im Kreiskegelverband z\u00e4hlen.<\/p>\n<p><strong>2006<\/strong>: Die Mannschaften im Jahr 2006<br \/>\nngg_shortcode_0_placeholder<\/p>\n<p><strong>2010<\/strong>: Aufstieg 1. Landesklasse<br \/>\n<a class=\"thickbox\" title=\"Kegeln_Frauen1Aufstieg\" rel=\"same-post-571\" href=\"https:\/\/www.starkenberg.info\/_WP\/wp-content\/uploads\/2011\/04\/Kegeln_Frauen1Aufstieg.jpg\"><img loading=\"lazy\" decoding=\"async\" class=\"alignleft size-thumbnail wp-image-585\" title=\"Kegeln_Frauen1Aufstieg\" src=\"https:\/\/www.starkenberg.info\/_WP\/wp-content\/uploads\/2011\/04\/Kegeln_Frauen1Aufstieg-100x75.jpg\" alt=\"\" width=\"100\" height=\"75\" srcset=\"https:\/\/www.starkenberg.info\/_WP\/wp-content\/uploads\/2011\/04\/Kegeln_Frauen1Aufstieg-100x75.jpg 100w, https:\/\/www.starkenberg.info\/_WP\/wp-content\/uploads\/2011\/04\/Kegeln_Frauen1Aufstieg-300x225.jpg 300w, https:\/\/www.starkenberg.info\/_WP\/wp-content\/uploads\/2011\/04\/Kegeln_Frauen1Aufstieg.jpg 600w\" sizes=\"auto, (max-width: 100px) 100vw, 100px\" \/><\/a>Seit 1998 spielen unsere Damen der 1. Mannschaft wieder in der 1. Landesklasse. Punktgleich mit 24:8 konnte man sich gegen Meuselwitz\/B\u00fcnauroda durchsetzen.<br \/>\nZur Mannschaft geh\u00f6rten Evelyn Kriebitzsch, Sylvia M\u00e4lzer, Ute Junghann\u00df, Katharina Gerth und Carola Kunzemann.<\/p>\n<p>&nbsp;<\/p>\n<p><strong>2011<\/strong>: Im Jahre 2011 hat die Abteilung 65 Mitglieder und spielt mit 4 Herren-, 1 Senioren- und 2 Damenmannschaften.<\/p>\n","protected":false},"excerpt":{"rendered":"<p>Zum Aush\u00e4ngeschild des Kegelvereins wurde die erste Damenmannschaft, die bereits in den 70-er Jahren in der Bezirksklasse Leipzig erfolgreich spielte&#8230;.<\/p>\n","protected":false},"author":1,"featured_media":0,"parent":0,"menu_order":0,"comment_status":"closed","ping_status":"closed","template":"page-template\/page-with-right-sidebar.php","meta":{"ngg_post_thumbnail":0,"footnotes":""},"class_list":["post-571","page","type-page","status-publish","hentry"],"_links":{"self":[{"href":"https:\/\/www.starkenberg.info\/index.php?rest_route=\/wp\/v2\/pages\/571","targetHints":{"allow":["GET"]}}],"collection":[{"href":"https:\/\/www.starkenberg.info\/index.php?rest_route=\/wp\/v2\/pages"}],"about":[{"href":"https:\/\/www.starkenberg.info\/index.php?rest_route=\/wp\/v2\/types\/page"}],"author":[{"embeddable":true,"href":"https:\/\/www.starkenberg.info\/index.php?rest_route=\/wp\/v2\/users\/1"}],"replies":[{"embeddable":true,"href":"https:\/\/www.starkenberg.info\/index.php?rest_route=%2Fwp%2Fv2%2Fcomments&post=571"}],"version-history":[{"count":16,"href":"https:\/\/www.starkenberg.info\/index.php?rest_route=\/wp\/v2\/pages\/571\/revisions"}],"predecessor-version":[{"id":7819,"href":"https:\/\/www.starkenberg.info\/index.php?rest_route=\/wp\/v2\/pages\/571\/revisions\/7819"}],"wp:attachment":[{"href":"https:\/\/www.starkenberg.info\/index.php?rest_route=%2Fwp%2Fv2%2Fmedia&parent=571"}],"curies":[{"name":"wp","href":"https:\/\/api.w.org\/{rel}","templated":true}]}}