{"id":58,"date":"2011-03-01T10:24:48","date_gmt":"2011-03-01T10:24:48","guid":{"rendered":"http:\/\/www.starkenberg.info\/_WP\/?page_id=58"},"modified":"2025-01-08T09:42:18","modified_gmt":"2025-01-08T09:42:18","slug":"12-gastezimmer","status":"publish","type":"page","link":"https:\/\/www.starkenberg.info\/?page_id=58","title":{"rendered":"G\u00e4stezimmer"},"content":{"rendered":"<p><a class=\"thickbox\" title=\"Zimmer1\" href=\"https:\/\/www.starkenberg.info\/_WP\/wp-content\/uploads\/2011\/03\/Zimmer1.jpg\" rel=\"same-post-58\"><img loading=\"lazy\" decoding=\"async\" class=\"alignleft size-thumbnail wp-image-168\" title=\"Zimmer1\" src=\"https:\/\/www.starkenberg.info\/_WP\/wp-content\/uploads\/2011\/03\/Zimmer1-100x100.jpg\" alt=\"\" width=\"100\" height=\"100\"><\/a>In unserem Gemeindezentrum stehen 2 Doppelzimmer und 2 Einzelzimmer zur Verf\u00fcgung.<br \/>\nDie Zimmer sind modern eingerichtet.<br \/>\nDie Doppelzimmerzimmer, verf\u00fcgen \u00fcber eine Nasszelle mit Du\/WC und jeweils einer Aufbettung.<a class=\"thickbox\" title=\"Zimmer4\" href=\"https:\/\/www.starkenberg.info\/_WP\/wp-content\/uploads\/2011\/03\/Zimmer4.jpg\" rel=\"same-post-58\"><img loading=\"lazy\" decoding=\"async\" class=\"alignright size-thumbnail wp-image-175\" title=\"Zimmer4\" src=\"https:\/\/www.starkenberg.info\/_WP\/wp-content\/uploads\/2011\/03\/Zimmer4-100x100.jpg\" alt=\"\" width=\"100\" height=\"100\"><\/a><br \/>\nDie Einzelzimmer haben eine gemeinsame Nasszelle mit Du\/WC.<br \/>\nAlle Zimmer verf\u00fcgen \u00fcber eine TV-SAT Anlage.<\/p>\n<p><a class=\"thickbox\" title=\"Zimmer2\" href=\"https:\/\/www.starkenberg.info\/_WP\/wp-content\/uploads\/2011\/03\/Zimmer2.jpg\" rel=\"same-post-58\"><img loading=\"lazy\" decoding=\"async\" class=\"alignleft size-thumbnail wp-image-173\" title=\"Zimmer2\" src=\"https:\/\/www.starkenberg.info\/_WP\/wp-content\/uploads\/2011\/03\/Zimmer2-100x100.jpg\" alt=\"\" width=\"100\" height=\"100\"><\/a>F\u00fcr das Fr\u00fchst\u00fcck steht eine K\u00fcche zur Verf\u00fcgung, in dieser kann jeder Gast wenn er es m\u00f6chte, sein Fr\u00fchst\u00fcck selbst zubereiten.<\/p>\n<p>Es besteht aber auch die M\u00f6glichkeit, das Fr\u00fchst\u00fcck nach Vereinbarung in der Gastst\u00e4tte zu bestellen.<\/p>\n<p>Buchungsanfrage bitte per Mail unter folgender Mailadresse: <a href=\"mailto:Starkenberg@vg-rositz.de\">Starkenberg@vg-rositz.de<\/a>.<\/p>\n<p>&nbsp;<\/p>\n<table>\n<tbody>\n<tr>\n<td colspan=\"2\"><strong>Zimmerpreise ohne Fr\u00fchst\u00fcck<\/strong><\/td>\n<\/tr>\n<tr>\n<td>Doppelzimmer<\/td>\n<td>45,00 \u20ac<\/td>\n<\/tr>\n<tr>\n<td>Aufbettung<\/td>\n<td>10,00 \u20ac<\/td>\n<\/tr>\n<tr>\n<td>Einzelzimmer<\/td>\n<td>35,00 \u20ac<\/td>\n<\/tr>\n<tr>\n<td>Aufbettung<\/td>\n<td>10,00 \u20ac<\/td>\n<\/tr>\n<\/tbody>\n<\/table>\n","protected":false},"excerpt":{"rendered":"<p>In unserem Gemeindezentrum stehen 2 Doppelzimmer und 2 Einzelzimmer zur Verf\u00fcgung. Die Zimmer sind modern eingerichtet. Die Doppelzimmerzimmer, verf\u00fcgen \u00fcber&#8230;<\/p>\n","protected":false},"author":1,"featured_media":0,"parent":0,"menu_order":0,"comment_status":"closed","ping_status":"closed","template":"","meta":{"ngg_post_thumbnail":0,"footnotes":""},"class_list":["post-58","page","type-page","status-publish","hentry"],"_links":{"self":[{"href":"https:\/\/www.starkenberg.info\/index.php?rest_route=\/wp\/v2\/pages\/58","targetHints":{"allow":["GET"]}}],"collection":[{"href":"https:\/\/www.starkenberg.info\/index.php?rest_route=\/wp\/v2\/pages"}],"about":[{"href":"https:\/\/www.starkenberg.info\/index.php?rest_route=\/wp\/v2\/types\/page"}],"author":[{"embeddable":true,"href":"https:\/\/www.starkenberg.info\/index.php?rest_route=\/wp\/v2\/users\/1"}],"replies":[{"embeddable":true,"href":"https:\/\/www.starkenberg.info\/index.php?rest_route=%2Fwp%2Fv2%2Fcomments&post=58"}],"version-history":[{"count":27,"href":"https:\/\/www.starkenberg.info\/index.php?rest_route=\/wp\/v2\/pages\/58\/revisions"}],"predecessor-version":[{"id":8919,"href":"https:\/\/www.starkenberg.info\/index.php?rest_route=\/wp\/v2\/pages\/58\/revisions\/8919"}],"wp:attachment":[{"href":"https:\/\/www.starkenberg.info\/index.php?rest_route=%2Fwp%2Fv2%2Fmedia&parent=58"}],"curies":[{"name":"wp","href":"https:\/\/api.w.org\/{rel}","templated":true}]}}