{"id":592,"date":"2011-04-19T11:32:06","date_gmt":"2011-04-19T11:32:06","guid":{"rendered":"http:\/\/www.starkenberg.info\/_WP\/?page_id=592"},"modified":"2021-03-03T09:11:11","modified_gmt":"2021-03-03T09:11:11","slug":"abteilung-fusball","status":"publish","type":"page","link":"https:\/\/www.starkenberg.info\/?page_id=592","title":{"rendered":"Abteilung Fu\u00dfball"},"content":{"rendered":"<p><strong>1. Mannschaft<br \/>\n<\/strong>ngg_shortcode_0_placeholder<\/p>\n<p><strong>2. Mannschaft<br \/>\n<\/strong>ngg_shortcode_1_placeholder<\/p>\n<p><strong>Alte Herren<\/strong><br \/>\nngg_shortcode_2_placeholder<\/p>\n<p><strong>Nachwuchs<br \/>\n<\/strong>ngg_shortcode_3_placeholder<br \/>\n<a class=\"thickbox\" title=\"Posa_31_01_2007\" href=\"https:\/\/www.starkenberg.info\/_WP\/wp-content\/uploads\/2011\/04\/Posa_31_01_2007.jpg\" rel=\"same-post-592\"><img loading=\"lazy\" decoding=\"async\" class=\"alignleft size-thumbnail wp-image-599\" title=\"Posa_31_01_2007\" src=\"https:\/\/www.starkenberg.info\/_WP\/wp-content\/uploads\/2011\/04\/Posa_31_01_2007-100x77.jpg\" alt=\"\" width=\"100\" height=\"77\" srcset=\"https:\/\/www.starkenberg.info\/_WP\/wp-content\/uploads\/2011\/04\/Posa_31_01_2007-100x77.jpg 100w, https:\/\/www.starkenberg.info\/_WP\/wp-content\/uploads\/2011\/04\/Posa_31_01_2007-300x231.jpg 300w, https:\/\/www.starkenberg.info\/_WP\/wp-content\/uploads\/2011\/04\/Posa_31_01_2007.jpg 388w\" sizes=\"auto, (max-width: 100px) 100vw, 100px\" \/><\/a>Strahlende Augen gab es Ende <strong>Januar 2007<\/strong> bei den Sch\u00fclerinnen und Sch\u00fclern der Grundschule Posa, als Mitglieder des SV Starkenberg und des SV Osterland Lumpzig den Kindern der ersten bis vierten Klassen in der gro\u00dfen Pause ein DFB Fu\u00dfball-Starter-Set \u00fcbergaben.<br \/>\nFast 119 junge Augenpaare strahlten, als Andr\u00e9 Bischoff und Lutz Kleszewski (beide vom SV Starkenberg) sowie Gerhard Jentsch (SV Osterland Lumpzig) in der Grundschule Posa das DFB Fu\u00dfball-Starter-Set \u00fcbergaben.<br \/>\nDie Aktion des DFB wird sicher dazu beitragen, dass noch mehr Kinder Interesse am Fu\u00dfballsport finden werden, sind sich Schule und Sportvereine einig. \u201eAber ohne Mithilfe der Eltern k\u00e4men auch wir nicht voran mit der sportlichen Nachwuchsarbeit. Sie sind es, die die M\u00e4dchen und Jungen zu den Trainingstagen und zu den Spielen bringen und auch wieder abholen\u201c, bedankt sich der Starkenberger Andr\u00e9 Bischoff. Er, wie auch der Lumpziger Sven Sachsenr\u00f6der freuen sich bereits jetzt auf regen Zulauf in ihren Nachwuchsabteilungen.<\/p>\n","protected":false},"excerpt":{"rendered":"<p>1. Mannschaft 2. Mannschaft Alte Herren Nachwuchs Strahlende Augen gab es Ende Januar 2007 bei den Sch\u00fclerinnen und Sch\u00fclern der&#8230;<\/p>\n","protected":false},"author":1,"featured_media":0,"parent":0,"menu_order":0,"comment_status":"closed","ping_status":"closed","template":"page-template\/page-with-right-sidebar.php","meta":{"ngg_post_thumbnail":0,"footnotes":""},"class_list":["post-592","page","type-page","status-publish","hentry"],"_links":{"self":[{"href":"https:\/\/www.starkenberg.info\/index.php?rest_route=\/wp\/v2\/pages\/592","targetHints":{"allow":["GET"]}}],"collection":[{"href":"https:\/\/www.starkenberg.info\/index.php?rest_route=\/wp\/v2\/pages"}],"about":[{"href":"https:\/\/www.starkenberg.info\/index.php?rest_route=\/wp\/v2\/types\/page"}],"author":[{"embeddable":true,"href":"https:\/\/www.starkenberg.info\/index.php?rest_route=\/wp\/v2\/users\/1"}],"replies":[{"embeddable":true,"href":"https:\/\/www.starkenberg.info\/index.php?rest_route=%2Fwp%2Fv2%2Fcomments&post=592"}],"version-history":[{"count":10,"href":"https:\/\/www.starkenberg.info\/index.php?rest_route=\/wp\/v2\/pages\/592\/revisions"}],"predecessor-version":[{"id":5400,"href":"https:\/\/www.starkenberg.info\/index.php?rest_route=\/wp\/v2\/pages\/592\/revisions\/5400"}],"wp:attachment":[{"href":"https:\/\/www.starkenberg.info\/index.php?rest_route=%2Fwp%2Fv2%2Fmedia&parent=592"}],"curies":[{"name":"wp","href":"https:\/\/api.w.org\/{rel}","templated":true}]}}