{"id":60,"date":"2011-03-01T10:25:08","date_gmt":"2011-03-01T10:25:08","guid":{"rendered":"http:\/\/www.starkenberg.info\/_WP\/?page_id=60"},"modified":"2021-03-03T09:11:25","modified_gmt":"2021-03-03T09:11:25","slug":"13-fusion","status":"publish","type":"page","link":"https:\/\/www.starkenberg.info\/?page_id=60","title":{"rendered":"Gemeindefusion 2008"},"content":{"rendered":"<p><strong>Starkenberg, Tegkwitz und Naundorf fusionieren<\/strong><\/p>\n<p><strong>26. Februar 2008<\/strong><br \/>\n<a class=\"thickbox\" title=\"StarkenbergNaundorfTegkwitz2\" href=\"https:\/\/www.starkenberg.info\/_WP\/wp-content\/uploads\/2011\/03\/StarkenbergNaundorfTegkwitz21.gif\" rel=\"same-post-60\"><img loading=\"lazy\" decoding=\"async\" class=\"size-thumbnail wp-image-192 alignleft\" title=\"StarkenbergNaundorfTegkwitz2\" src=\"https:\/\/www.starkenberg.info\/_WP\/wp-content\/uploads\/2011\/03\/StarkenbergNaundorfTegkwitz21-100x100.gif\" alt=\"\" width=\"100\" height=\"100\" srcset=\"https:\/\/www.starkenberg.info\/_WP\/wp-content\/uploads\/2011\/03\/StarkenbergNaundorfTegkwitz21-100x100.gif 100w, https:\/\/www.starkenberg.info\/_WP\/wp-content\/uploads\/2011\/03\/StarkenbergNaundorfTegkwitz21.gif 183w\" sizes=\"auto, (max-width: 100px) 100vw, 100px\" \/><\/a>Seit dem 26. Februar 2008 ist der freiwillige Zusammenschluss der Gemeinden Starkenberg, Naundorf und Tegkwitz offiziell vollzogen. Die drei B\u00fcrgermeister der zur Verwaltungsgemeinschaft &#8222;Altenburger Land&#8220; geh\u00f6renden Gemeinden unterzeichneten im Beisein des Landrates des Landkreises Altenburger Land, Sieghardt Rydzewski, des Fachdienstleiters Kommunalaufsicht im Landratsamt, Philipp Klimmt, und des Vorsitzenden der Verwaltungsgemeinschaft (VG) Altenburger Land, S\u00f6ren Huppert, den gemeinsamen Vertrag.<\/p>\n<p><object id=\"gemeindezusammenschluss_klein\" width=\"250\" height=\"141\" classid=\"clsid:d27cdb6e-ae6d-11cf-96b8-444553540000\" codebase=\"http:\/\/download.macromedia.com\/pub\/shockwave\/cabs\/flash\/swflash.cab#version=6,0,40,0\"><param name=\"allowScriptAccess\" value=\"sameDomain\" \/><param name=\"allowFullScreen\" value=\"false\" \/><param name=\"quality\" value=\"high\" \/><param name=\"src\" value=\"https:\/\/www.starkenberg.info\/_WP\/Gemeinde\/gemeindezusammenschluss_klein.swf\" \/><param name=\"allowscriptaccess\" value=\"sameDomain\" \/><param name=\"allowfullscreen\" value=\"false\" \/><param name=\"pluginspage\" value=\"http:\/\/www.macromedia.com\/go\/getflashplayer\" \/><embed id=\"gemeindezusammenschluss_klein\" width=\"250\" height=\"141\" type=\"application\/x-shockwave-flash\" src=\"https:\/\/www.starkenberg.info\/_WP\/Gemeinde\/gemeindezusammenschluss_klein.swf\" allowScriptAccess=\"sameDomain\" allowFullScreen=\"false\" quality=\"high\" allowscriptaccess=\"sameDomain\" allowfullscreen=\"false\" pluginspage=\"http:\/\/www.macromedia.com\/go\/getflashplayer\" \/><\/object><\/p>\n<p><a class=\"thickbox\" title=\"Eingemeindung0Gross\" href=\"https:\/\/www.starkenberg.info\/_WP\/wp-content\/uploads\/2011\/03\/Eingemeindung0Gross.jpg\" rel=\"same-post-60\"><img loading=\"lazy\" decoding=\"async\" class=\"alignleft size-thumbnail wp-image-193\" title=\"Eingemeindung0Gross\" src=\"https:\/\/www.starkenberg.info\/_WP\/wp-content\/uploads\/2011\/03\/Eingemeindung0Gross-100x100.jpg\" alt=\"\" width=\"100\" height=\"100\" \/><\/a>Alle drei Gemeinden hatten den Beschluss zum freiwilligen Zusammengehen zuvor einstimmig in ihren Gemeinderatssitzungen gefasst. Nur einen Tag vor der offiziellen Vertragsunterzeichnung pl\u00e4dierte auch der gesamte Gemeinderat von Naundorf einstimmig f\u00fcr die Fusion. &#8222;Ich freue mich, dass es Gemeinden auch in unserer VG gibt, die einen solchen Schritt wagen, denn dieser tr\u00e4gt auch zur St\u00e4rkung des l\u00e4ndlichen Raumes bei. Der Zusammenschluss ist eine gute und solide Grundlage und wird hoffentlich auch signalwirkend f\u00fcr andere Gemeinden sein&#8220;, sagte der VG-Vorsitzende S\u00f6ren Huppert.<\/p>\n<p><a class=\"thickbox\" title=\"Eingemeindung1Gross\" href=\"https:\/\/www.starkenberg.info\/_WP\/wp-content\/uploads\/2011\/03\/Eingemeindung1Gross.jpg\" rel=\"same-post-60\"><img loading=\"lazy\" decoding=\"async\" class=\"alignleft size-thumbnail wp-image-194\" title=\"Eingemeindung1Gross\" src=\"https:\/\/www.starkenberg.info\/_WP\/wp-content\/uploads\/2011\/03\/Eingemeindung1Gross-100x100.jpg\" alt=\"\" width=\"100\" height=\"100\" \/><\/a>Auch Landrat Sieghardt Rydzewski \u00e4u\u00dferte sich positiv \u00fcber die Vertragsunterzeichnung. &#8222;Es freut mich, dass nach Meuselwitz und Wintersdorf der zweite Zusammenschluss von Gemeinden innerhalb von wenigen Wochen in unserem Landkreis besiegelt wurde und damit die Phase der Freiwilligkeit genutzt wird. Damit ergeben sich f\u00fcr die Gemeinden Gestaltungsspielr\u00e4ume, die sp\u00e4ter in der Phase der Gesetzgebung nicht mehr zur Verf\u00fcgung stehen&#8220;, so der Landrat.<\/p>\n<p>&nbsp;<\/p>\n<p><a class=\"thickbox\" title=\"Eingemeindung2Gross\" href=\"https:\/\/www.starkenberg.info\/_WP\/wp-content\/uploads\/2011\/03\/Eingemeindung2Gross.jpg\" rel=\"same-post-60\"><img loading=\"lazy\" decoding=\"async\" class=\"alignleft size-thumbnail wp-image-195\" title=\"Eingemeindung2Gross\" src=\"https:\/\/www.starkenberg.info\/_WP\/wp-content\/uploads\/2011\/03\/Eingemeindung2Gross-100x100.jpg\" alt=\"\" width=\"100\" height=\"100\" \/><\/a>2.100 Einwohner umfasst damit das neue Gemeindegebiet. Die Einwohnerzahlen der drei Gemeinden zusammen reichen zwar damit derzeit noch nicht aus, um die von den Parteien im Th\u00fcringer Landtag unterschiedlich favorisierten Gemeinde-mindestgr\u00f6\u00dfen von 3.000 bzw. 5.000 Einwohnern zu erreichen.<br \/>\n&#8222;Dennoch ist es ein erster wichtiger Schritt in die richtige Richtung&#8220;, sagte Starkenbergs B\u00fcrgermeister Wolfram Schlegel. &#8222;Wir haben uns auf Augenh\u00f6he zusammengeschlossen, um eine stark funktionierende l\u00e4ndliche Gemeinde zu schaffen, damit nicht alles nur auf die St\u00e4dte konzentriert wird. Eine gro\u00dfe Stadt kann nicht ohne das Land leben.&#8220;<br \/>\nAuch die B\u00fcrgermeister von Tegkwitz und Naundorf haben hinsichtlich des Zusammenschlusses ein gutes Gef\u00fchl, denn die drei Gemeinden arbeiten seit Jahren bereits bei verschiedenen Aufgaben zusammen, so z. B. auf den Gebieten der Feuerwehren und des Bauhofes. Gleichzeitig brachten alle drei B\u00fcrgermeister ihren Dank gegen\u00fcber der VG Altenburger Land, dem Landrat und der Kommunalaufsicht beim Landratsamt f\u00fcr die Unterst\u00fctzung auf den Weg bis zur Vertragsunterzeichnung zum Ausdruck.<\/p>\n<p><a class=\"thickbox\" title=\"Eingemeindung3Gross\" href=\"https:\/\/www.starkenberg.info\/_WP\/wp-content\/uploads\/2011\/03\/Eingemeindung3Gross.jpg\" rel=\"same-post-60\"><img loading=\"lazy\" decoding=\"async\" class=\"alignleft size-thumbnail wp-image-196\" title=\"Eingemeindung3Gross\" src=\"https:\/\/www.starkenberg.info\/_WP\/wp-content\/uploads\/2011\/03\/Eingemeindung3Gross-100x100.jpg\" alt=\"\" width=\"100\" height=\"100\" \/><\/a>Bereits vor der Beschlussfassung hatten die Gemeinder\u00e4te auch das Gespr\u00e4ch mit den B\u00fcrgern ihrer jeweiligen Gemeinde gesucht. Zudem werden die Einwohner auch in den n\u00e4chsten Wochen und Monaten am Prozess beteiligt. Das best\u00e4tigte auch der Leiter des Fachdienstes Kommunalaufsicht, Philipp Klimmt. &#8222;Bevor es zu einer Gesetzes\u00e4nderung im Land aufgrund des Zusammenschlusses kommt, wird eine Anh\u00f6rung der Einwohner aller drei Gemeinden stattfinden.&#8220; Durch den freiwilligen Zusammenschluss erhalten Starkenberg, Tegkwitz und Naundorf pro Einwohner 30 Euro. Das Geld wird entsprechend der Einwohnerzahl, in jeder der Gemeinden investiert. Au\u00dferdem bleiben die bisherigen Ortsnamen der Gemeinden bestehen.<\/p>\n<p>Nach jahrelanger Vorplanung wurden jetzt N\u00e4gel mit K\u00f6pfen gemacht: Die drei B\u00fcrgermeister Werner Kr\u00f6ber (Naundorf), Hans- Georg B\u00f6hme (Tegkwitz) und Wolfram Schlegel (Starkenberg) unterzeichneten am Dienstag den &#8222;Vertrag \u00fcber die Eingliederung der Gemeinden Naundorf und Tegkwitz in die Gemeinde Starkenberg&#8220;. Damit das ganze einen w\u00fcrdigen Rahmen bekommt, wurde als Ort der Ratssaal des Landratsamtes Altenburger Land gew\u00e4hlt. Neben S\u00f6ren Huppert, dem Vorsitzenden der Verwaltungsgemeinschaft Altenburger Land, wohnten dem feierlichen Akt Landrat Sieghardt Rydzewski und Philipp Klimmt, Fachdienstleiter f\u00fcr Kommunalaufsicht beim Landratsamt, bei. Vor der Vertragsunterzeichnung hatten alle drei Gemeinder\u00e4te \u00fcber den Zusammenschluss abzustimmen. Sowohl in Starkenberg als auch in Naundorf und Tegkwitz erging dieser Beschluss einstimmig. Nun muss noch der Th\u00fcringer Landtag seinen &#8222;Segen&#8220; erteilen. Bis es so weit ist, werden einige Monate vergehen. Nach der ersten Lesung folgt eine B\u00fcrgeranh\u00f6rung, wo die Bewohner Gelegenheit zur Stellungnahme erhalten. Danach gelangt der Gesetzentwurf zur 2. Lesung. Erst nachdem in Erfurt gr\u00fcnes Licht gegeben wird, kann eine B\u00fcrgerbefragung erfolgen.<br \/>\nDie soll es auf jeden Fall geben. Kommt es zur Eingliederung von Naundorf und Tegkwitz nach Starkenberg, flie\u00dfen pro Einwohner 30 Euro Pr\u00e4mie. Das macht bei zirka 2.100 Einwohnern insgesamt 63.000 Euro. Landrat Sieghardt Rydzewski betonte, dass die drei Kommunen im Landkreis Pionierarbeit geleistet h\u00e4tten. Erstmals h\u00e4tten sich Landge-meinden zum Zusammenschluss bereit erkl\u00e4rt. Dem m\u00fcsse man nat\u00fcrlich mit Rat und Tat zur Seite stehen. Rydzewski nannte ein paar aktuelle Zahlen. So haben es 2006 in Th\u00fcringen 6 Zusammensch\u00fcsse gegeben. 2007 waren es schon 23. Auch VG- Chef S\u00f6ren Huppert sprach von einer Signalwirkung f\u00fcr andere Gemeinden im Landkreis. Jedoch ist es sehr wahrscheinlich, dass die neue Gemeinde Starkenberg, die aus 17 Ortsteilen bestehen wird, noch weiter wachsen muss, da die vom Land geforderten Mindest-Einwohnerzahlen k\u00fcnftig vermutlich zwischen 3.000 und 5.000 liegen.<\/p>\n<p><strong> <\/strong><strong>(Artikel &#8211; Kurier vom 01. M\u00e4rz 2008)<\/strong><\/p>\n","protected":false},"excerpt":{"rendered":"<p>Starkenberg, Tegkwitz und Naundorf fusionieren 26. Februar 2008 Seit dem 26. Februar 2008 ist der freiwillige Zusammenschluss der Gemeinden Starkenberg,&#8230;<\/p>\n","protected":false},"author":1,"featured_media":0,"parent":0,"menu_order":0,"comment_status":"closed","ping_status":"closed","template":"page-template\/page-with-right-sidebar.php","meta":{"ngg_post_thumbnail":0,"footnotes":""},"class_list":["post-60","page","type-page","status-publish","hentry"],"_links":{"self":[{"href":"https:\/\/www.starkenberg.info\/index.php?rest_route=\/wp\/v2\/pages\/60","targetHints":{"allow":["GET"]}}],"collection":[{"href":"https:\/\/www.starkenberg.info\/index.php?rest_route=\/wp\/v2\/pages"}],"about":[{"href":"https:\/\/www.starkenberg.info\/index.php?rest_route=\/wp\/v2\/types\/page"}],"author":[{"embeddable":true,"href":"https:\/\/www.starkenberg.info\/index.php?rest_route=\/wp\/v2\/users\/1"}],"replies":[{"embeddable":true,"href":"https:\/\/www.starkenberg.info\/index.php?rest_route=%2Fwp%2Fv2%2Fcomments&post=60"}],"version-history":[{"count":35,"href":"https:\/\/www.starkenberg.info\/index.php?rest_route=\/wp\/v2\/pages\/60\/revisions"}],"predecessor-version":[{"id":7833,"href":"https:\/\/www.starkenberg.info\/index.php?rest_route=\/wp\/v2\/pages\/60\/revisions\/7833"}],"wp:attachment":[{"href":"https:\/\/www.starkenberg.info\/index.php?rest_route=%2Fwp%2Fv2%2Fmedia&parent=60"}],"curies":[{"name":"wp","href":"https:\/\/api.w.org\/{rel}","templated":true}]}}