{"id":603,"date":"2011-04-19T11:56:11","date_gmt":"2011-04-19T11:56:11","guid":{"rendered":"http:\/\/www.starkenberg.info\/_WP\/?page_id=603"},"modified":"2021-03-03T09:12:20","modified_gmt":"2021-03-03T09:12:20","slug":"abteilung-reiten","status":"publish","type":"page","link":"https:\/\/www.starkenberg.info\/?page_id=603","title":{"rendered":"Voltigieren bis 2009"},"content":{"rendered":"<p><a class=\"thickbox\" title=\"Volti_20060714\" href=\"https:\/\/www.starkenberg.info\/_WP\/wp-content\/uploads\/2011\/04\/Volti_20060714.gif\" rel=\"same-post-603\"><img loading=\"lazy\" decoding=\"async\" class=\"alignleft size-thumbnail wp-image-606\" title=\"Volti_20060714\" src=\"https:\/\/www.starkenberg.info\/_WP\/wp-content\/uploads\/2011\/04\/Volti_20060714-100x64.gif\" alt=\"\" width=\"100\" height=\"64\" srcset=\"https:\/\/www.starkenberg.info\/_WP\/wp-content\/uploads\/2011\/04\/Volti_20060714-100x64.gif 100w, https:\/\/www.starkenberg.info\/_WP\/wp-content\/uploads\/2011\/04\/Volti_20060714-300x192.gif 300w, https:\/\/www.starkenberg.info\/_WP\/wp-content\/uploads\/2011\/04\/Volti_20060714.gif 762w\" sizes=\"auto, (max-width: 100px) 100vw, 100px\" \/><\/a><strong>Juwel der Voltigiergruppe des SV Starkenberg<\/strong><br \/>\nWallach zeigt sich geduldig bei Training und Wettk\u00e4mpfen<br \/>\n09.07.2006<br \/>\nTurnen auf dem Pferde, so kann man das Voltigieren umschreiben, dem haben sich die etwa 20 Mitglieder dieser Abteilung des SV Starkenberg verschrieben. Bei den l\u00e4ndlichen Veranstaltungen wiesen die Starkenberger nicht nur im Altenburger Land ihr K\u00f6nnen nach. Auch bei Wettk\u00e4mpfen in Erfurt, Halle, L\u00e4\u00dfnitz und Zeulenroda zeigten sich die Voltigierer erfolgreich.<br \/>\n<a style=\"display:none;\" id=\"te1885985624\" href=\"javascript:expand('#te1885985624')\">&#8230;weiterlesen<\/a>\n<div class=\"te_div\" id=\"te1885985624\"><script language=\"JavaScript\" type=\"text\/javascript\">expander_hide('#te1885985624');<\/script>\nDoch jahrelanger Trainingsflei\u00df ist erforderlich, um diese Sportart erfolgversprechend betreiben zu k\u00f6nnen. Die Allerj\u00fcngsten sind f\u00fcnf Jahre jung, doch auch sie sind mit Begeisterung bei der Sache und erlernen das Voltigieren von der Pieke auf. Abteilungsleiterin Kornelia Gentsch wei\u00df mit Juliane Heller und Christina Gentsch zwei erfahrene junge Sportlerinnen an ihrer Seite, die sich engagiert um den sportlichen Nachwuchs k\u00fcmmern. Wobei sich die Drei in die Trainingsarbeit der drei Gruppen teilen, dennoch aber auch eng miteinander arbeiten. Galoppanf\u00e4nger, Galopp, Schrittgruppe, Gruppen- und Einzelvoltigieren, all das bildet letztendlich im Ergebnis eine Einheit. Geduldig zeigt sich dabei &#8222;Juwel&#8220;. Der Wallach ist ein echtes Juwel der Voltigierer des SV Starkenberg und versieht seit Jahren zuverl\u00e4ssig seinen Dienst. Er zeigt sich auch nachsichtig, wenn mal Fehler im Training oder Wettkampf vorkommen. Keine Frage, dass bei Auftritten &#8211; sei es bei Schauvorf\u00fchrungen oder Wettk\u00e4mpfen &#8211; das Lampenfieber der Akteure nicht zu verkennen ist.<br \/>\nDoch Kornelia Gentsch wei\u00df mit Christina und Juliane zwei \u00dcbungsleiterinnen an ihrer Seite, die nicht nur ihre Erfahrungen an die M\u00e4dchen und Jungen weitergeben, sondern ebenfalls brillante Einzelvoltigiererinnen sind.<br \/>\n<\/div><\/p>\n<p><a class=\"thickbox\" title=\"Volti1\" href=\"https:\/\/www.starkenberg.info\/_WP\/wp-content\/uploads\/2011\/04\/Volti1.gif\" rel=\"same-post-603\"><img loading=\"lazy\" decoding=\"async\" class=\"alignleft size-thumbnail wp-image-608\" title=\"Volti1\" src=\"https:\/\/www.starkenberg.info\/_WP\/wp-content\/uploads\/2011\/04\/Volti1-100x72.gif\" alt=\"\" width=\"100\" height=\"72\" srcset=\"https:\/\/www.starkenberg.info\/_WP\/wp-content\/uploads\/2011\/04\/Volti1-100x72.gif 100w, https:\/\/www.starkenberg.info\/_WP\/wp-content\/uploads\/2011\/04\/Volti1-300x216.gif 300w, https:\/\/www.starkenberg.info\/_WP\/wp-content\/uploads\/2011\/04\/Volti1.gif 800w\" sizes=\"auto, (max-width: 100px) 100vw, 100px\" \/><\/a><strong>Ein Sport f\u00fcr Anspruchsvolle <\/strong><br \/>\nVoltigieren bedeutet, turnerisch-gymnastische \u00dcbungen auf einem galoppierenden Pferd auszuf\u00fchren, das an einer Longe gef\u00fchrt wird.<br \/>\nDer Reiz des Voltigierens liegt f\u00fcr viele im Umgang mit dem Partner Pferd.<br \/>\nIm Gegensatz zum Reiten \u2013 wo der Reiter das Pferd beherrscht \u2013werden beim Voltigieren der Einklang zwischen Turner, Pferd und Musik gesucht.<br \/>\nZum Voltigieren ist daher neben Mut, K\u00f6rperbeherrschung, Ausdauer und Kraft auch Rhytmusgef\u00fchl f\u00fcr den Takt des Pferdes, Musikalit\u00e4t und Teamgeist erforderlich. Beim Voltigiere<a class=\"thickbox\" title=\"Reitplatz\" href=\"https:\/\/www.starkenberg.info\/_WP\/wp-content\/uploads\/2011\/04\/Reitplatz.jpg\" rel=\"same-post-603\"><img loading=\"lazy\" decoding=\"async\" class=\"alignleft size-thumbnail wp-image-610\" title=\"Reitplatz\" src=\"https:\/\/www.starkenberg.info\/_WP\/wp-content\/uploads\/2011\/04\/Reitplatz-100x75.jpg\" alt=\"\" width=\"100\" height=\"75\" srcset=\"https:\/\/www.starkenberg.info\/_WP\/wp-content\/uploads\/2011\/04\/Reitplatz-100x75.jpg 100w, https:\/\/www.starkenberg.info\/_WP\/wp-content\/uploads\/2011\/04\/Reitplatz-300x225.jpg 300w, https:\/\/www.starkenberg.info\/_WP\/wp-content\/uploads\/2011\/04\/Reitplatz.jpg 800w\" sizes=\"auto, (max-width: 100px) 100vw, 100px\" \/><\/a>n gibt es keine Altersgrenze, es hei\u00dft immer, je j\u00fcnger umso besser. F\u00fcr den Zuschauer ergibt sich die Faszination aus der scheinbar m\u00fchelosen \u00dcberwindung der Schwerkraft, getragen vom Schwung des Pferdes, und den oft gef\u00e4hrlich aussehenden \u00dcbungen der M\u00e4dchen und Jungen, im Einklang mit der Musik. Sowohl Partner Pferd als auch die Gruppe pr\u00e4gen die Kinder und beeinflussen so deren Entwicklung und Pers\u00f6nlichkeit.<br \/>\nBesonders Teamgeist, R\u00fccksichtnahme und Verantwortung werden \u00fcber diese Sportart fast \u201enebenbei\u201c vermittelt.<br \/>\nBeim SV Starkenberg besteht die M\u00f6glichkeit, diesen Sport zu erlernen und sich sp\u00e4ter bei Wettk\u00e4mpfen zu erproben. Wenn Ihr Interesse geweckt ist ?<\/p>\n<p><a class=\"thickbox\" title=\"voltigierer\" href=\"https:\/\/www.starkenberg.info\/_WP\/wp-content\/uploads\/2011\/04\/voltigierer.jpg\" rel=\"same-post-603\"><img loading=\"lazy\" decoding=\"async\" class=\"alignleft size-thumbnail wp-image-612\" title=\"voltigierer\" src=\"https:\/\/www.starkenberg.info\/_WP\/wp-content\/uploads\/2011\/04\/voltigierer-100x77.jpg\" alt=\"\" width=\"100\" height=\"77\" srcset=\"https:\/\/www.starkenberg.info\/_WP\/wp-content\/uploads\/2011\/04\/voltigierer-100x77.jpg 100w, https:\/\/www.starkenberg.info\/_WP\/wp-content\/uploads\/2011\/04\/voltigierer.jpg 300w\" sizes=\"auto, (max-width: 100px) 100vw, 100px\" \/><\/a><strong>SV Starkenberg belegte den ersten Platz bei den S\u00e4chsischen Meisterschaften im Voltigieren in der Leistungsklasse D<br \/>\n<\/strong> Es hatte sich echt gelohnt, das tagelange intensive Training und die Arbeit mit dem Pferd.<br \/>\nVom 12.09.2003 \u2013 14.09.2003 wurden auf dem Schlobachshof bei Leipzig die S\u00e4chsischen Meisterschaften im Voltigieren durchgef\u00fchrt. Es war eine echte Wettkampfstimmung zu sp\u00fcren. Vertreten waren Voltigiergruppen aus ganz Deutschland.<br \/>\nDer SV Starkenberg startete in der Leistungsklasse D mit der Galoppgruppe. Die Voltigierer waren:<\/p>\n<ul>\n<li>Hoppe, Steffanie<\/li>\n<li>Jetschny, Hendrik<\/li>\n<li>Wiche, Josefine<\/li>\n<li>W\u00f6llner, Mandy<\/li>\n<li>Heller, Juliane<\/li>\n<li>Hahn, Jessica<\/li>\n<li>Stroech, Caroline<\/li>\n<li>Lochmann, Steffanie<\/li>\n<\/ul>\n<p>Geturnt wurde auf dem Pferd Juwel, der sich wieder bester Gesundheit erfreut.<br \/>\nUnsere Turner mussten sich gegen sechs andere Voltigiergruppen durchsetzen. Es war wirklich eine Augenweide hinzuschauen. Als Dank f\u00fcr Ihre M\u00fche errangen Sie den ersten Platz in dieser Leistungsklasse.<\/p>\n<p>&nbsp;<\/p>\n<hr \/>\n<p><strong><a class=\"thickbox\" title=\"Holzpferdturnier2007\" href=\"https:\/\/www.starkenberg.info\/_WP\/wp-content\/uploads\/2011\/04\/Holzpferdturnier2007.jpg\" rel=\"same-post-603\"><img loading=\"lazy\" decoding=\"async\" class=\"alignleft size-medium wp-image-616\" title=\"Holzpferdturnier2007\" src=\"https:\/\/www.starkenberg.info\/_WP\/wp-content\/uploads\/2011\/04\/Holzpferdturnier2007-300x225.jpg\" alt=\"\" width=\"300\" height=\"225\" srcset=\"https:\/\/www.starkenberg.info\/_WP\/wp-content\/uploads\/2011\/04\/Holzpferdturnier2007-300x225.jpg 300w, https:\/\/www.starkenberg.info\/_WP\/wp-content\/uploads\/2011\/04\/Holzpferdturnier2007-100x75.jpg 100w, https:\/\/www.starkenberg.info\/_WP\/wp-content\/uploads\/2011\/04\/Holzpferdturnier2007.jpg 800w\" sizes=\"auto, (max-width: 300px) 100vw, 300px\" \/><\/a>Holzpferdturnier<\/strong> 24.03.2007<br \/>\nLange schon haben wir trainiert und geschwitzt, sogar dreimal die Woche ge\u00fcbt, damit wir so gut wie m\u00f6glich auf das gro\u00dfe Ereignis vorbereitet waren.<br \/>\nUnser Holzpferd &#8222;Max&#8220; hat sich auch schick machen lassen. Vom Raumausstatter J\u00f6rg Hermann bekam es ein neues &#8222;Rappenfell&#8220;, daf\u00fcr danken wir sehr.<br \/>\nSo turnte sich `s gleich noch besser. Auch unsere Eltern haben sich getroffen, um wichtige Dinge zu besprechen. Hier war Grosses im Gange, wir waren schon ganz aufgeregt.<br \/>\nAm Samstag, den 24.03.2007, war es endlich so weit, um 10.00 Uhr startete unser 1. Holzpferdturnier in der Turnhalle der Grundschule Posa. An dieser Stelle danken wir der Schulleitung, insbesondere der Direktorin Frau G\u00f6tze, f\u00fcr ihre Einsatzbereitschaft und die Bereitstellung der Turnhalle.<br \/>\nDamit der gro\u00dfe Tag gut gelingt, haben einige Eltern schon am Freitagabend flei\u00dfig mitgeholfen. So zog z.B. Dank der kr\u00e4ftigen Vatis, unser &#8222;Max&#8220; aus seinem &#8222;Stall&#8220; in Starkenberg in die Turnhalle Posa um. B\u00e4nke wurden aus der Schule zusammengetragen und in der Halle aufgebaut, Frau Kornelia Gentsch sorgte f\u00fcr eine \u00f6sterliche Dekoration und durch den &#8222;ES &#8211; Getr\u00e4nkeservice&#8220; Enrico Szymanowski wurden die Getr\u00e4nke geliefert. <a style=\"display:none;\" id=\"te1551426593\" href=\"javascript:expand('#te1551426593')\">&#8230;weiterlesen<\/a>\n<div class=\"te_div\" id=\"te1551426593\"><script language=\"JavaScript\" type=\"text\/javascript\">expander_hide('#te1551426593');<\/script>\nSamstagfr\u00fch waren alle Eltern zur Stelle, um die letzten Handgriffe zu t\u00e4tigen. Die Versorgungsstrecke wurde aufgebaut, Kaffee gekocht, der von den Muttis gebackene Kuchen auf Teller portioniert und das Anmeldb\u00fcro eingerichtet.<br \/>\nAls gegen 9.00 Uhr die ersten G\u00e4ste eintrafen, war alles fertig.<br \/>\nZu unserm 1. Holzpferdturnier traten 9 Volti &#8211; Mannschaften an, um den Wanderpokal nach Hause zu holen. Gelungen ist dies am Ende der Volti &#8211; Gruppe Marstall Weimar 1. Den 2. Platz belegte SV Starkenberg 1 vor der RSG Altkirchen. Die Platzierungen vom 4. &#8211; 9. Platz sind der Reihe nach wie folgt: RV Gera, RV Gerstenbachtal, Marstall Weimar 2, PSG Waltersleben, RFV Marienthal, SV Starkenberg 2. Leider konnte Jena &#8211; Burgau mit 2 Mannschaften durch einen Unfall der Trainerin nicht antreten.<br \/>\nBeim Turnier gab es auch 3 Einzelstarterinnen aus dem Nachwuchsbereich. Hier erk\u00e4mpfte sich Ines L\u00e4mmchen den 1. Platz vor Anne Wagner (beide SV Starkenberg) und auf den 3. Platz schaffte es Franziska Langrock (RFV Marienthal).<br \/>\nInsgesamt sind ca. 65 M\u00e4dchen und Jungen nach Posa gekommen. Mit ihren Trainern, Begleitern und Besuchern war die Turnhalle gem\u00fctlich voll.<br \/>\nIn der Mittagspause gab es zur St\u00e4rkung belegte Br\u00f6tchen, Eierbrote, Wiener, Roster und Kuchen. F\u00fcr die Br\u00f6tchen danken wir der B\u00e4ckerei Gerth sehr. Die Roster wurde durch den Globus Zwickau gesponsert, auch daf\u00fcr vielen Dank.<br \/>\nVor der gro\u00dfen Siegerehrung durften alle Voltis vor die Halle ins Gr\u00fcne, dort kam n\u00e4mlich der Osterhase vorbei und hat hier und da schon etwas versteckt. F\u00fcr die Oster\u00fcberraschung danken wir der K\u00e4serei Lumpzig sowie der Familie Kornelia Gentsch.<br \/>\nNach der Siegerehrung machten sich unsere G\u00e4ste auf den Heimweg und wir uns mit den Eltern ans Aufr\u00e4umen. An dieser Stelle sei auch an Herrn Engert ein gro\u00dfes Dankesch\u00f6n gerichtet ! Er fertigte und stiftete die hei\u00df begehrten Pokale.<br \/>\nAm Ende k\u00f6nnen wir sagen, dies war ein aufregender und sch\u00f6ner Tag. Vielleicht bist Du ja beim n\u00e4chsten Mal auch ein Gast und Zuschauer. Wir w\u00fcrden uns sehr freuen. <\/div><\/p>\n","protected":false},"excerpt":{"rendered":"<p>Juwel der Voltigiergruppe des SV Starkenberg Wallach zeigt sich geduldig bei Training und Wettk\u00e4mpfen 09.07.2006 Turnen auf dem Pferde, so&#8230;<\/p>\n","protected":false},"author":1,"featured_media":0,"parent":0,"menu_order":0,"comment_status":"closed","ping_status":"closed","template":"page-template\/blog-with-right-sidebar.php","meta":{"ngg_post_thumbnail":0,"footnotes":""},"class_list":["post-603","page","type-page","status-publish","hentry"],"_links":{"self":[{"href":"https:\/\/www.starkenberg.info\/index.php?rest_route=\/wp\/v2\/pages\/603","targetHints":{"allow":["GET"]}}],"collection":[{"href":"https:\/\/www.starkenberg.info\/index.php?rest_route=\/wp\/v2\/pages"}],"about":[{"href":"https:\/\/www.starkenberg.info\/index.php?rest_route=\/wp\/v2\/types\/page"}],"author":[{"embeddable":true,"href":"https:\/\/www.starkenberg.info\/index.php?rest_route=\/wp\/v2\/users\/1"}],"replies":[{"embeddable":true,"href":"https:\/\/www.starkenberg.info\/index.php?rest_route=%2Fwp%2Fv2%2Fcomments&post=603"}],"version-history":[{"count":21,"href":"https:\/\/www.starkenberg.info\/index.php?rest_route=\/wp\/v2\/pages\/603\/revisions"}],"predecessor-version":[{"id":5089,"href":"https:\/\/www.starkenberg.info\/index.php?rest_route=\/wp\/v2\/pages\/603\/revisions\/5089"}],"wp:attachment":[{"href":"https:\/\/www.starkenberg.info\/index.php?rest_route=%2Fwp%2Fv2%2Fmedia&parent=603"}],"curies":[{"name":"wp","href":"https:\/\/api.w.org\/{rel}","templated":true}]}}