{"id":624,"date":"2011-04-19T12:10:19","date_gmt":"2011-04-19T12:10:19","guid":{"rendered":"http:\/\/www.starkenberg.info\/_WP\/?page_id=624"},"modified":"2024-05-14T07:34:17","modified_gmt":"2024-05-14T07:34:17","slug":"abteilung-volleyball","status":"publish","type":"page","link":"https:\/\/www.starkenberg.info\/?page_id=624","title":{"rendered":"Abteilung Volleyball"},"content":{"rendered":"\n<p>Am 20.04.2024 fand wieder das allj\u00e4hrliche <strong>Volleyballturnier in der Sporthalle in Brahmenau<\/strong> statt. Am Start waren die Mannschaften aus Brahmenau, P\u00f6lzig, Gera-Lusan, Trebnitz und Starkenberg. Die Halle war gut besucht und zahlreiche Zuschauer und Fans der beteiligten Mannschaften sind erschienen. Die Versorgung der G\u00e4ste im Au\u00dfengel\u00e4nde der Sporthalle \u00fcbernahm wie immer der Gastgeber Brahmenau, trotz des unbest\u00e4ndigen Wetters auch eine sportliche Leistung. Dazu m\u00f6chten wir hiermit nochmals unseren Dank daf\u00fcr aussprechen.<br><br>Gespielt wurde im Modus Jeder gegen Jeden mit 2 Gewinns\u00e4tzen und der Bedingung, je Mannschaft mindestens eine weibliche Spielerin einzusetzen. Im Verlaufe des Turnieres gab es teilweise sehr sch\u00f6ne Spiele zu sehen, welche auch erst im Tie-Break entschieden wurden.<br><br>Der SV Starkenberg ist mit einer relativ jungen Mannschaft an den Start gegangen, um dem Mitgliederzuwachs der letzten Monate Rechnung zu tragen und den Spielern auch die M\u00f6glichkeit zu geben, Wettkampferfahrungen zu sammeln. Unsere Mannschaft hat sich dabei achtbar geschlagen und einen guten 4. Platz belegt \u2013 Kompliment an das gesamte Team. Vielleicht kann in absehbarer Zeit und weiteren Erfahrungen im Zusammenspiel auch mal ein Turnier f\u00fcr uns entschieden werden, liegt doch unser letzter gro\u00dfer Erfolg mit dem Gewinn des Terrazzo Cup auch schon wieder 10 Jahre zur\u00fcck.<br><br>Am Ende des Turnieres konnte die Mannschaft aus P\u00f6lzig den 1. Platz belegen und sich als w\u00fcrdigen Sieger feiern lassen. Insgesamt war die Ausrichtung des Turniers um den Terrazzo Cup eine gelungene Sportveranstaltung und festigte unsere guten Beziehungen zum TSV Brahmenau. Im Ergebnis dessen k\u00f6nnte im Sommer auch in Starkenberg wieder mal ein Turnier ausgerichtet werden, entsprechend engagierte Spieler sowie den Platz dazu haben wir.<br><br>Mit sportlichen Gr\u00fc\u00dfen<br>C. Stroech<br><\/p>\n\n\n\n<figure class=\"wp-block-image size-full\"><img loading=\"lazy\" decoding=\"async\" width=\"636\" height=\"459\" src=\"https:\/\/www.starkenberg.info\/_WP\/wp-content\/uploads\/2024\/05\/grafik-2.png\" alt=\"\" class=\"wp-image-8796\" srcset=\"https:\/\/www.starkenberg.info\/_WP\/wp-content\/uploads\/2024\/05\/grafik-2.png 636w, https:\/\/www.starkenberg.info\/_WP\/wp-content\/uploads\/2024\/05\/grafik-2-300x217.png 300w, https:\/\/www.starkenberg.info\/_WP\/wp-content\/uploads\/2024\/05\/grafik-2-100x72.png 100w, https:\/\/www.starkenberg.info\/_WP\/wp-content\/uploads\/2024\/05\/grafik-2-480x346.png 480w, https:\/\/www.starkenberg.info\/_WP\/wp-content\/uploads\/2024\/05\/grafik-2-150x108.png 150w, https:\/\/www.starkenberg.info\/_WP\/wp-content\/uploads\/2024\/05\/grafik-2-125x90.png 125w\" sizes=\"auto, (max-width: 636px) 100vw, 636px\" \/><\/figure>\n\n\n\n<hr class=\"wp-block-separator has-alpha-channel-opacity\"\/>\n\n\n<p><a href=\"https:\/\/www.starkenberg.info\/_WP\/wp-content\/uploads\/2011\/04\/03-1.jpg\"><img loading=\"lazy\" decoding=\"async\" class=\"alignleft size-thumbnail wp-image-3607\" src=\"https:\/\/www.starkenberg.info\/_WP\/wp-content\/uploads\/2011\/04\/03-1-100x75.jpg\" alt=\"03 (1)\" width=\"100\" height=\"75\" srcset=\"https:\/\/www.starkenberg.info\/_WP\/wp-content\/uploads\/2011\/04\/03-1-100x75.jpg 100w, https:\/\/www.starkenberg.info\/_WP\/wp-content\/uploads\/2011\/04\/03-1-300x225.jpg 300w, https:\/\/www.starkenberg.info\/_WP\/wp-content\/uploads\/2011\/04\/03-1.jpg 640w\" sizes=\"auto, (max-width: 100px) 100vw, 100px\" \/><\/a>24. Mai 2014<strong> Die Volleyballer des SV Starkenberg gewinnen nach 10 Jahren wieder den Terrazzo Cup<br><\/strong>Nach fast genau 10 Jahren vergeblichen Anstrengungen ist es uns mal wieder gelungen, bei einem Turnier als Sieger hervorzugehen.<br>Am 24.Mai 2014 war unsere Mannschaft beim Terrazzo Cup in Brahmenau vertreten.<br>Seit 10 Jahren sind wir dort regelm\u00e4\u00dfig mit dabei und haben versucht, uns immer so teuer wie m\u00f6glich zu verkaufen. Leider ist es in den vergangenen Jahren nicht gelungen, unseren Auftaktsieg aus dem Jahre 2004 zu wiederholen.<br>Doch in diesem Jahr lief es von Anfang an super f\u00fcr uns, gleich im ersten Spiel des Tages konnten wir mit relativ wenig M\u00fche 2:0 gegen Brahmenau II gewinnen.<br>Schwieriger wurde es im zweiten Spiel gegen Brahmenau I, welches wir trotz einiger Probleme mit 2:1 f\u00fcr uns entscheiden konnten.<br>Gegen AGFA Gera, den Seriengewinner der letzten Jahre, galt es eine harte Nuss zu knacken.<br>Mit dem Gewinn der ersten beiden Spiele im R\u00fccken ging es hochmotiviert und konzentriert zu Werke und durch hervorragender Blockspiel unserer Mannschaft konnten wir den ersten Satz gewinnen. Doch Gera steckte nicht auf und zeigte, warum sie in den letzten Jahren so erfolgreich waren und glichen zum 1:1 aus. Also musste ein Entscheidungssatz gespielt werden. Gl\u00fccklicherweise gelang es uns gleich am Anfang, ein paar Punkte Vorsprung herauszuspielen und den Abstand zu halten und somit konnte der Satz \u00fcber die Runden gebracht werden und es stand 2:1 f\u00fcr uns.<br>Ja, und pl\u00f6tzlich war der Turniersieg zum Greifen nah. Wir mussten nur noch das letzte Spiel gegen den Lusaner SC gewinnen.<br>Leicht machten sie es uns aber nicht und die Kraftanstrengung des vorangegangenen Spieles war doch bei dem einen oder anderen Spieler unserer Mannschaft anzumerken.<br>Doch die Aussicht auf den Gesamtsieg machte nochmals Kr\u00e4fte frei und so gewannen wir das Spiel mit 2:0.<\/p>\n<p>Nach dem Abpfiff war nat\u00fcrlich die Freude riesengro\u00df und wir konnten mit Stolz den Pokal entgegennehmen. Im Anschlu\u00df wurde gleich noch etwas gefeiert und der Turniersieg geb\u00fchrend begossen.<\/p>\n<p>SV Starkenberg spielte mit: Cornelia Stroech, Ingolf Hupe, Marco Beierlein, Clemens Becker, Andreas Zetsche, Holger Stroech<\/p>\n<p><a href=\"https:\/\/www.starkenberg.info\/_WP\/wp-content\/uploads\/2011\/04\/04-2.jpg\"><img loading=\"lazy\" decoding=\"async\" class=\"alignleft size-thumbnail wp-image-3610\" src=\"https:\/\/www.starkenberg.info\/_WP\/wp-content\/uploads\/2011\/04\/04-2-100x75.jpg\" alt=\"04 (2)\" width=\"100\" height=\"75\" srcset=\"https:\/\/www.starkenberg.info\/_WP\/wp-content\/uploads\/2011\/04\/04-2-100x75.jpg 100w, https:\/\/www.starkenberg.info\/_WP\/wp-content\/uploads\/2011\/04\/04-2-300x225.jpg 300w, https:\/\/www.starkenberg.info\/_WP\/wp-content\/uploads\/2011\/04\/04-2.jpg 640w\" sizes=\"auto, (max-width: 100px) 100vw, 100px\" \/><\/a> <a href=\"https:\/\/www.starkenberg.info\/_WP\/wp-content\/uploads\/2011\/04\/04-1.jpg\"><img loading=\"lazy\" decoding=\"async\" class=\"alignleft size-thumbnail wp-image-3609\" src=\"https:\/\/www.starkenberg.info\/_WP\/wp-content\/uploads\/2011\/04\/04-1-100x75.jpg\" alt=\"04 (1)\" width=\"100\" height=\"75\" srcset=\"https:\/\/www.starkenberg.info\/_WP\/wp-content\/uploads\/2011\/04\/04-1-100x75.jpg 100w, https:\/\/www.starkenberg.info\/_WP\/wp-content\/uploads\/2011\/04\/04-1-300x225.jpg 300w, https:\/\/www.starkenberg.info\/_WP\/wp-content\/uploads\/2011\/04\/04-1.jpg 640w\" sizes=\"auto, (max-width: 100px) 100vw, 100px\" \/><\/a> <a href=\"https:\/\/www.starkenberg.info\/_WP\/wp-content\/uploads\/2011\/04\/03-2.jpg\"><img loading=\"lazy\" decoding=\"async\" class=\"alignleft size-thumbnail wp-image-3608\" src=\"https:\/\/www.starkenberg.info\/_WP\/wp-content\/uploads\/2011\/04\/03-2-100x75.jpg\" alt=\"03 (2)\" width=\"100\" height=\"75\" srcset=\"https:\/\/www.starkenberg.info\/_WP\/wp-content\/uploads\/2011\/04\/03-2-100x75.jpg 100w, https:\/\/www.starkenberg.info\/_WP\/wp-content\/uploads\/2011\/04\/03-2-300x225.jpg 300w, https:\/\/www.starkenberg.info\/_WP\/wp-content\/uploads\/2011\/04\/03-2.jpg 640w\" sizes=\"auto, (max-width: 100px) 100vw, 100px\" \/><\/a><\/p>\n<hr>\n<p>&nbsp;<\/p>\n<p><a class=\"thickbox\" title=\"Pahna14\" href=\"https:\/\/www.starkenberg.info\/_WP\/wp-content\/uploads\/2011\/04\/Pahna14.jpg\" rel=\"same-post-624\"><img loading=\"lazy\" decoding=\"async\" class=\"alignleft size-thumbnail wp-image-630\" title=\"Pahna14\" src=\"https:\/\/www.starkenberg.info\/_WP\/wp-content\/uploads\/2011\/04\/Pahna14-100x75.jpg\" alt=\"\" width=\"100\" height=\"75\" srcset=\"https:\/\/www.starkenberg.info\/_WP\/wp-content\/uploads\/2011\/04\/Pahna14-100x75.jpg 100w, https:\/\/www.starkenberg.info\/_WP\/wp-content\/uploads\/2011\/04\/Pahna14.jpg 300w\" sizes=\"auto, (max-width: 100px) 100vw, 100px\" \/><\/a><strong>Wer h\u00e4tte das gedacht:<\/strong> Die Sektion Volleyball des SV Starkenberg gibt es seit 20 (oder sogar mehr) Jahren. Angefangen hatte es mit einem Rasenplatz (Hartplatz) in P\u00f6hla in der ehemaligen Kiesgrube. Als Vereinsheim diente zuerst ein ausrangierter Bienenwagen. Trainingstag war Freitagabend, danach wurde h\u00e4ufig noch ein Wirtshausbesuch angeh\u00e4ngt. Ende der 80er Jahre wurde in P\u00f6hla mit Gemeindegeldern, Vereinsmitteln und durch Eigenleistung ein Mehrzweckraum errichtet, der schnell den Namen &#8222;Imme&#8220; (in Anlehnung des Bienenwagens) bekam. Zu dieser Zeit wurde in zwei Mannschaften gespielt, die erste Mannschaft nahm damals auch schon an der Volkssportrunde des Kreises Altenburg teil. H\u00f6hepunkte des Jahres war ein Freiluftturnier in P\u00f6hla, bei dem unter anderem jahrelang Sportfreunde aus Lobst\u00e4dt (Borna) und Dobitschen teilnahmen. Diese Freundschaft wurde auch gepflegt, manches Freundschaftsspiel wurde bestritten. In den Zeiten der Wende und danach kam es allerdings zu verschiedenen &#8222;Verlusten&#8220; in Bezug auf das Vereinsheim bzw. das Spielfeld (Landr\u00fcckforderungen) und einiger Spieler, bedingt durch ver\u00e4nderte Arbeitsorte, Wohnungsumz\u00fcge und dergleichen. Zeitweise war es sogar nicht mehr m\u00f6glich, am Punktspielbetrieb teilzunehmen, da nicht mehr genug Spieler im Verein gemeldet waren. Der zwischenzeitlich gebildeten Frauenmannschaft erging es in dieser Situation nicht besser, eine Fusion beider Mannschaften brachte schlie\u00dflich den Erhalt der Sektion Volleyball. Seitdem ist unser Verein als einer der Wenigen, welcher mit Mixed-Mannschaft spielt, wieder im Punktspielbetrieb aktiv.<br>In den letzten beiden Jahren hat sich der Mitgliederbestand der Sektion enorm vergr\u00f6\u00dfert,sei es durch Jugendliche des \u00f6rtlichen Jugendclubs oder durch die Nachwuchsarbeit im Kinderbereich.<br>Mittlerweile haben sich schon verschiedene neue Mitglieder in der 1. Mannschaft etabliert und nahmen auch erfolgreich am Spielbetrieb teil.<br>Es bleibt uns nur zu hoffen, dass diese Begeisterung anh\u00e4lt und vielleicht l\u00e4sst sich nach Fertigstellung des neuen Hartplatzes in Starkenberg die eine oder andere Tradition wieder aufleben.<br>In der diesj\u00e4hrigen Saison nahmen 10 Mannschaften am Spielbetrieb des Breiten- und Freizeitsportes Altenburg teil. Zum Abschluss konnten wir uns im untern Mittelfeld festsetzen und schlossen die Tabelle mit dem 7. Platz ab.<br>Zum Open-Air Turnier in Pahna waren 2 Mannschaften unseres Vereins vertreten, jedoch klappte es an diesem Tag nicht so besonders und die erhofften Erfolge blieben leider aus.<br>Aber es gab auch Highlights in diesem Jahr, wie der Gewinn des Einladungsturniers um den Terrazzo Cup in Brahmenau, der Sieg im Volleyballturnier anl\u00e4sslich des Dorffestes in Tegkwitz sowie der 2. Platz am letzten Wochenende beim Turnier in L\u00f6dla.<\/p>\n<p><a class=\"thickbox\" title=\"Brahmenau4\" href=\"https:\/\/www.starkenberg.info\/_WP\/wp-content\/uploads\/2011\/04\/Brahmenau4.jpg\" rel=\"same-post-624\"><img loading=\"lazy\" decoding=\"async\" class=\"alignleft size-thumbnail wp-image-631\" title=\"Brahmenau4\" src=\"https:\/\/www.starkenberg.info\/_WP\/wp-content\/uploads\/2011\/04\/Brahmenau4-100x62.jpg\" alt=\"\" width=\"100\" height=\"62\" srcset=\"https:\/\/www.starkenberg.info\/_WP\/wp-content\/uploads\/2011\/04\/Brahmenau4-100x62.jpg 100w, https:\/\/www.starkenberg.info\/_WP\/wp-content\/uploads\/2011\/04\/Brahmenau4.jpg 300w\" sizes=\"auto, (max-width: 100px) 100vw, 100px\" \/><\/a><strong>Turniersieg in Brahmenau<\/strong><br>Am 24. April 2004 waren wir zu einem Turnier in Brahmenau eingeladen. Wir traten mit drei Frauen und drei M\u00e4nnern an. Bei sehr guten Bedingungen in einer sehr gepflegten Sporthalle machte es allen von Anfang an gro\u00dfen Spa\u00df. Insgesamt nahmen f\u00fcnf Mannschaften aus der n\u00e4heren Umgebung am Wettkampf teil. Das Zusammenspiel in unserer Mannschaft klappte hervorragend. Bis auf einen Satz gewannen wir alle und am Ende konnten wir als Sieger den Pokal mit nach Hause nehmen. Die Gastgebermannschaft aus Brahmenau belegte den zweiten Platz und man konnte ihnen die Entt\u00e4uschung schon ein wenig ansehen. Alles in allem war es aber ein fairer Wettkampf und wir sind im kommenden Jahr wieder mit dabei. Nicht so perfekt lief es dagegen am 27.04. 2004 beim Punktspiel gegen Ehrenberg. Von f\u00fcnf S\u00e4tzen konnten wir nur einen gewinnen und es stand zum Schluss f\u00fcr die G\u00e4ste 3:1. (Ilka Bauer)<\/p>\n<p><a class=\"thickbox\" title=\"Pahna\" href=\"https:\/\/www.starkenberg.info\/_WP\/wp-content\/uploads\/2011\/04\/Pahna.jpg\" rel=\"same-post-624\"><img loading=\"lazy\" decoding=\"async\" class=\"alignleft size-thumbnail wp-image-632\" title=\"Pahna\" src=\"https:\/\/www.starkenberg.info\/_WP\/wp-content\/uploads\/2011\/04\/Pahna-100x75.jpg\" alt=\"\" width=\"100\" height=\"75\" srcset=\"https:\/\/www.starkenberg.info\/_WP\/wp-content\/uploads\/2011\/04\/Pahna-100x75.jpg 100w, https:\/\/www.starkenberg.info\/_WP\/wp-content\/uploads\/2011\/04\/Pahna.jpg 300w\" sizes=\"auto, (max-width: 100px) 100vw, 100px\" \/><\/a><strong>Turnier in Pahna<\/strong> Am 5. Juli 2003 fand in Pahna zum wiederholtem Male ein Volleyballturnierf\u00fcr Mixed Mannschaften statt. Auch vom SV Starkenberg nahm eine Mannschaft mit den Spielern Ilka Bauer, Cornelia Stroech, Grit Schulze, Marco Beierlein, Thomas B\u00f6hme und Holger Stroech an diesem Turnier teil. Leider war an diesem Tage das Wetter nicht besonders volleyballfreundlich, vor allem teilweise Windb\u00f6en beeintr\u00e4chtigten das Spiel, so dass mitunter einige Spielz\u00fcge nicht vollendet werden konnten. Trotzdem schaffte es unsere Mannschaft, sich in der Vorrunde durchzusetzen und die Gruppenspiele mit dem 2. Platz zu beenden. In der Zweiten Runde merkte man schon eine qualitative Steigerung der Gegner und es wurden schwere Spiele, die auch alle sehr knapp ausgingen. Letzten Endes konnten wir von den 24 teilnehmenden Mannschaften den 12. Platz erk\u00e4mpfen und sehen das auch als kleinen Erfolg an.<\/p>\n\n\n<p>Mit sportlichen Gr\u00fc\u00dfen<br>C. Stroech<\/p>\n","protected":false},"excerpt":{"rendered":"<p>Am 20.04.2024 fand wieder das allj\u00e4hrliche Volleyballturnier in der Sporthalle in Brahmenau statt. Am Start waren die Mannschaften aus Brahmenau,&#8230;<\/p>\n","protected":false},"author":1,"featured_media":0,"parent":0,"menu_order":0,"comment_status":"closed","ping_status":"closed","template":"","meta":{"ngg_post_thumbnail":0,"footnotes":""},"class_list":["post-624","page","type-page","status-publish","hentry"],"_links":{"self":[{"href":"https:\/\/www.starkenberg.info\/index.php?rest_route=\/wp\/v2\/pages\/624","targetHints":{"allow":["GET"]}}],"collection":[{"href":"https:\/\/www.starkenberg.info\/index.php?rest_route=\/wp\/v2\/pages"}],"about":[{"href":"https:\/\/www.starkenberg.info\/index.php?rest_route=\/wp\/v2\/types\/page"}],"author":[{"embeddable":true,"href":"https:\/\/www.starkenberg.info\/index.php?rest_route=\/wp\/v2\/users\/1"}],"replies":[{"embeddable":true,"href":"https:\/\/www.starkenberg.info\/index.php?rest_route=%2Fwp%2Fv2%2Fcomments&post=624"}],"version-history":[{"count":5,"href":"https:\/\/www.starkenberg.info\/index.php?rest_route=\/wp\/v2\/pages\/624\/revisions"}],"predecessor-version":[{"id":8799,"href":"https:\/\/www.starkenberg.info\/index.php?rest_route=\/wp\/v2\/pages\/624\/revisions\/8799"}],"wp:attachment":[{"href":"https:\/\/www.starkenberg.info\/index.php?rest_route=%2Fwp%2Fv2%2Fmedia&parent=624"}],"curies":[{"name":"wp","href":"https:\/\/api.w.org\/{rel}","templated":true}]}}