{"id":7885,"date":"2021-03-03T09:32:36","date_gmt":"2021-03-03T09:32:36","guid":{"rendered":"http:\/\/www.starkenberg.info\/?page_id=7885"},"modified":"2023-01-25T13:31:32","modified_gmt":"2023-01-25T13:31:32","slug":"gemeindeverwaltung","status":"publish","type":"page","link":"https:\/\/www.starkenberg.info\/?page_id=7885","title":{"rendered":"Gemeindeverwaltung"},"content":{"rendered":"\n<figure class=\"wp-block-image\"><img decoding=\"async\" src=\"https:\/\/www.starkenberg.info\/_WP\/wp-content\/uploads\/2011\/02\/Gemeinde1-300x154.jpg\" alt=\"Dieses Bild hat ein leeres Alt-Attribut. Der Dateiname ist Gemeinde1-300x154.jpg\"\/><\/figure>\n\n\n\n<p><strong>Sprechstunde B\u00fcrgermeister<\/strong><br><strong>Dienstag: <\/strong>16.00 &#8211; 18.00 Uhr<br>und nach Vereinbarung<\/p>\n\n\n\n<p>04617 Starkenberg<br>Borngasse 7<br>Telefon: 03448 2474<br>Fax: 03448 752255<br>Homepage: www.starkenberg.info<br>E-mail: <a href=\"mailto:starkenberg@vg-rositz.de\">starkenberg@vg-rositz.de<\/a><\/p>\n\n\n\n<p>Durch die Fusionen am 01.12.2008 und 17.12.2010 besteht die Gemeinde Starkenberg nunmehr aus 18 Ortsteilen mit ca. 2000 Einwohnern.<br>Sie grenzt an die Gemeinden Mehna, Dobitschen, Gemarkung der Stadt Meuselwitz , bis hin zur Landesgrenze nach Sachsen-Anhalt.<br>Die Gemeinde Starkenberg geh\u00f6rt zu der Verwaltungsgemeinschaft Rositz.<\/p>\n\n\n\n<p>Sehenswerte Ausflugsziele, bilden weiterhin das nahe gelegene Wasserschloss in Dobitschen, ebenso die Kirche und das Dorfmuseum in Altkirchen. Entspannung findet im Sommer f\u00fcr Erholungssuchende das Altkirchener Freibad.<\/p>\n\n\n\n<p>Blickt man in die Richtung Norden nach Meuselwitz findet man unter anderen die Kohlebahn. Dort werden Fahrten angeboten \u00fcber die D\u00f6rfer bis nach Sachsen. Einmal im Sommer findet ein Indianerfest in Haselbach statt, wo Fahrten mit der Kohlebahn eingebunden werden.<br>N\u00e4heres erf\u00e4hrt man unter <a href=\"http:\/\/www.kohlebahnen.de\/\" target=\"Kohlebahn\" rel=\"noopener\">www.kohlebahnen.de<\/a><\/p>\n\n\n\n<p>Unweit von Starkenberg liegt die Stadt Altenburg mit dem herrlichen Schloss, wo j\u00e4hrlich die Prinzenraubfestspiele stattfinden.<br><a href=\"http:\/\/www.prinzenraub.de\/\" target=\"Prinzenraub\" rel=\"noopener\">www.prinzenraub.de<\/a><\/p>\n\n\n\n<p>Wer einen l\u00e4ngeren Ausflug plant, empfiehlt sich die Stadt Leipzig mit seinen Sehensw\u00fcrdigkeiten und die Umgebung von Leipzig mit den Seenlandschaften.<\/p>\n\n\n\n<p>F\u00fcr alle, die nicht nur einen Tag in unserer Gemeinde verweilen wollen, bieten wir auch \u00dcbernachtungsm\u00f6glichkeiten an, diese sind \u00fcber einem gesonderten Link ausgewiesen. Die G\u00e4stezimmer befinden sich im neu er\u00f6ffneten Gemeindezentrum im Ort Starkenberg.<\/p>\n","protected":false},"excerpt":{"rendered":"<p>Sprechstunde B\u00fcrgermeisterDienstag: 16.00 &#8211; 18.00 Uhrund nach Vereinbarung 04617 StarkenbergBorngasse 7Telefon: 03448 2474Fax: 03448 752255Homepage: www.starkenberg.infoE-mail: starkenberg@vg-rositz.de Durch die Fusionen&#8230;<\/p>\n","protected":false},"author":1,"featured_media":0,"parent":0,"menu_order":0,"comment_status":"closed","ping_status":"closed","template":"page-template\/page-with-right-sidebar.php","meta":{"ngg_post_thumbnail":0,"footnotes":""},"class_list":["post-7885","page","type-page","status-publish","hentry"],"_links":{"self":[{"href":"https:\/\/www.starkenberg.info\/index.php?rest_route=\/wp\/v2\/pages\/7885","targetHints":{"allow":["GET"]}}],"collection":[{"href":"https:\/\/www.starkenberg.info\/index.php?rest_route=\/wp\/v2\/pages"}],"about":[{"href":"https:\/\/www.starkenberg.info\/index.php?rest_route=\/wp\/v2\/types\/page"}],"author":[{"embeddable":true,"href":"https:\/\/www.starkenberg.info\/index.php?rest_route=\/wp\/v2\/users\/1"}],"replies":[{"embeddable":true,"href":"https:\/\/www.starkenberg.info\/index.php?rest_route=%2Fwp%2Fv2%2Fcomments&post=7885"}],"version-history":[{"count":4,"href":"https:\/\/www.starkenberg.info\/index.php?rest_route=\/wp\/v2\/pages\/7885\/revisions"}],"predecessor-version":[{"id":8489,"href":"https:\/\/www.starkenberg.info\/index.php?rest_route=\/wp\/v2\/pages\/7885\/revisions\/8489"}],"wp:attachment":[{"href":"https:\/\/www.starkenberg.info\/index.php?rest_route=%2Fwp%2Fv2%2Fmedia&parent=7885"}],"curies":[{"name":"wp","href":"https:\/\/api.w.org\/{rel}","templated":true}]}}