{"id":955,"date":"2011-07-26T18:39:07","date_gmt":"2011-07-26T18:39:07","guid":{"rendered":"http:\/\/www.starkenberg.info\/_WP\/?page_id=955"},"modified":"2021-03-03T09:11:49","modified_gmt":"2021-03-03T09:11:49","slug":"starkenberg","status":"publish","type":"page","link":"https:\/\/www.starkenberg.info\/?page_id=955","title":{"rendered":"Starkenberg"},"content":{"rendered":"<p style=\"text-align: center;\"><span style=\"text-decoration: underline;\"><strong>Starkenberg<\/strong><\/span> (258 Einwohner)<\/p>\n<p style=\"text-align: left;\"><a class=\"thickbox\" title=\"PICT 185\" href=\"https:\/\/www.starkenberg.info\/_WP\/wp-content\/uploads\/2011\/07\/PICT-185.jpg\" rel=\"same-post-955\"><img loading=\"lazy\" decoding=\"async\" class=\"alignleft size-thumbnail wp-image-993\" title=\"PICT 185\" src=\"https:\/\/www.starkenberg.info\/_WP\/wp-content\/uploads\/2011\/07\/PICT-185-100x66.jpg\" alt=\"\" width=\"100\" height=\"66\" srcset=\"https:\/\/www.starkenberg.info\/_WP\/wp-content\/uploads\/2011\/07\/PICT-185-100x66.jpg 100w, https:\/\/www.starkenberg.info\/_WP\/wp-content\/uploads\/2011\/07\/PICT-185-300x199.jpg 300w, https:\/\/www.starkenberg.info\/_WP\/wp-content\/uploads\/2011\/07\/PICT-185.jpg 800w\" sizes=\"auto, (max-width: 100px) 100vw, 100px\" \/><\/a>Starkenberg liegt ca. 12 km von Altenburg entfernt. Erw\u00e4hnt wurde Starkenberg schon 1181. Urkundlich kommt es um 1197 erstmals vor, und zwar in einem uralten sogenannten Zehnteverzeichnis des Klosters Bosau bei Zeitz. Dort wird es mit einer Zehentleistungsabgabe von 15 Getreideschober abgesetzt. Der Dorfname wird von dieser Zeit \u201eStarckinberc\u201c geschrieben.<a class=\"thickbox\" title=\"Juni\" href=\"https:\/\/www.starkenberg.info\/_WP\/wp-content\/uploads\/2011\/07\/Juni.jpg\" rel=\"same-post-955\"><img loading=\"lazy\" decoding=\"async\" class=\"alignright size-thumbnail wp-image-992\" title=\"Juni\" src=\"https:\/\/www.starkenberg.info\/_WP\/wp-content\/uploads\/2011\/07\/Juni-100x75.jpg\" alt=\"\" width=\"100\" height=\"75\" srcset=\"https:\/\/www.starkenberg.info\/_WP\/wp-content\/uploads\/2011\/07\/Juni-100x75.jpg 100w, https:\/\/www.starkenberg.info\/_WP\/wp-content\/uploads\/2011\/07\/Juni-300x225.jpg 300w, https:\/\/www.starkenberg.info\/_WP\/wp-content\/uploads\/2011\/07\/Juni.jpg 800w\" sizes=\"auto, (max-width: 100px) 100vw, 100px\" \/><\/a><br \/>\nBis 1945 gab es die\u00a0unterschiedlichsten Schreibweisen. Ab 1445 gibt es\u00a0 Starkenberg erstmals\u00a0 in der heutigen Schreibweise.<\/p>\n<p><em><\/em>D<a class=\"thickbox\" title=\"Dsci0707\" href=\"https:\/\/www.starkenberg.info\/_WP\/wp-content\/uploads\/2011\/07\/Dsci0707.jpg\" rel=\"same-post-955\"><img loading=\"lazy\" decoding=\"async\" class=\"alignleft size-thumbnail wp-image-963\" title=\"Dsci0707\" src=\"https:\/\/www.starkenberg.info\/_WP\/wp-content\/uploads\/2011\/07\/Dsci0707-100x74.jpg\" alt=\"\" width=\"100\" height=\"74\" srcset=\"https:\/\/www.starkenberg.info\/_WP\/wp-content\/uploads\/2011\/07\/Dsci0707-100x74.jpg 100w, https:\/\/www.starkenberg.info\/_WP\/wp-content\/uploads\/2011\/07\/Dsci0707-300x224.jpg 300w, https:\/\/www.starkenberg.info\/_WP\/wp-content\/uploads\/2011\/07\/Dsci0707.jpg 800w\" sizes=\"auto, (max-width: 100px) 100vw, 100px\" \/><\/a>as Dorf selbst bildete fr\u00fcher einen Rundling mit Ausbauten. Die Geh\u00f6fte der alten Dorflage vor dem Jahre 1500 lagen in einer geschlossenen Bauweise zueinander, die auch heute nach \u00fcber 457 Jahren deutlich zu erkennen ist.<\/p>\n<p>&nbsp;<\/p>\n<p><a class=\"thickbox\" title=\"Dsci0436\" href=\"https:\/\/www.starkenberg.info\/_WP\/wp-content\/uploads\/2011\/07\/Dsci0436.jpg\" rel=\"same-post-955\"><img loading=\"lazy\" decoding=\"async\" class=\"alignleft size-thumbnail wp-image-962\" title=\"Dsci0436\" src=\"https:\/\/www.starkenberg.info\/_WP\/wp-content\/uploads\/2011\/07\/Dsci0436-100x74.jpg\" alt=\"\" width=\"100\" height=\"74\" srcset=\"https:\/\/www.starkenberg.info\/_WP\/wp-content\/uploads\/2011\/07\/Dsci0436-100x74.jpg 100w, https:\/\/www.starkenberg.info\/_WP\/wp-content\/uploads\/2011\/07\/Dsci0436-300x224.jpg 300w, https:\/\/www.starkenberg.info\/_WP\/wp-content\/uploads\/2011\/07\/Dsci0436.jpg 800w\" sizes=\"auto, (max-width: 100px) 100vw, 100px\" \/><\/a>Das Dorf scheint von einem Ritter von Tegkwitz angelegt worden zu sein. Eine Burg soll auf einen Berghang gestanden haben, das 200 Jahre im Besitz der Burggrafen von Starkenberg gewesen ist. Das Schloss wurde von Hussiten verw\u00fcstet. Sie machten es den Erdboden gleich,\u00a0 verkauften die Steine und verlegten den Edelsitz nach Kostitz , wo sie die Ruinenreste f\u00fcr den Aufbau des neuen Rittergutes benutzten.<\/p>\n<p><a class=\"thickbox\" title=\"Dsci0728\" href=\"https:\/\/www.starkenberg.info\/_WP\/wp-content\/uploads\/2011\/07\/Dsci0728.jpg\" rel=\"same-post-955\"><img loading=\"lazy\" decoding=\"async\" class=\"alignleft size-thumbnail wp-image-998\" title=\"Dsci0728\" src=\"https:\/\/www.starkenberg.info\/_WP\/wp-content\/uploads\/2011\/07\/Dsci0728-100x74.jpg\" alt=\"\" width=\"100\" height=\"74\" srcset=\"https:\/\/www.starkenberg.info\/_WP\/wp-content\/uploads\/2011\/07\/Dsci0728-100x74.jpg 100w, https:\/\/www.starkenberg.info\/_WP\/wp-content\/uploads\/2011\/07\/Dsci0728-300x224.jpg 300w, https:\/\/www.starkenberg.info\/_WP\/wp-content\/uploads\/2011\/07\/Dsci0728.jpg 800w\" sizes=\"auto, (max-width: 100px) 100vw, 100px\" \/><\/a>Das jetzige Gesamtensemble bildet das neue Gemeindezentrum von Starkenberg, mit allen kulturellen, gastronomischen, sportlichen, medizinischen und verwaltungstechnischen Einrichtungen. Im Vereinsgeb\u00e4ude haben der Sportverein, der Faschingsverein, der Heimatverein, der Spielmannszug und die Volkssolidarit\u00e4t ihre Vereinszimmer und ihre neue Heimat gefunden. Ebenfalls wurde ein Volleyballplatz geschaffen. In unserem Gemeindezentrum stehen 4 G\u00e4stezimmer zur Verf\u00fcgung. N\u00e4heres erfahren Sie durch einen Link unter den Buton Gemeinde.<\/p>\n<p><a class=\"thickbox\" title=\"Bl z. Arztp\" href=\"https:\/\/www.starkenberg.info\/_WP\/wp-content\/uploads\/2011\/07\/Bl-z.-Arztp.jpg\" rel=\"same-post-955\"><img loading=\"lazy\" decoding=\"async\" class=\"alignleft size-thumbnail wp-image-997\" title=\"Bl z. Arztp\" src=\"https:\/\/www.starkenberg.info\/_WP\/wp-content\/uploads\/2011\/07\/Bl-z.-Arztp-100x92.jpg\" alt=\"\" width=\"100\" height=\"92\" srcset=\"https:\/\/www.starkenberg.info\/_WP\/wp-content\/uploads\/2011\/07\/Bl-z.-Arztp-100x92.jpg 100w, https:\/\/www.starkenberg.info\/_WP\/wp-content\/uploads\/2011\/07\/Bl-z.-Arztp-300x277.jpg 300w, https:\/\/www.starkenberg.info\/_WP\/wp-content\/uploads\/2011\/07\/Bl-z.-Arztp.jpg 800w\" sizes=\"auto, (max-width: 100px) 100vw, 100px\" \/><\/a>Starkenberg verf\u00fcgt \u00fcber eine Arztpraxis f\u00fcr Allgemeinmedizin, welche im Foto im Vordergrund zu sehen ist. Ab August 2011 wird die Fassade der Arztpraxis saniert. Dahinter steht das Geb\u00e4ude der alten Schule von Starkenberg. Nach dem Bau einer Zentralschule in Posa wurde der Unterricht hier eingestellt. Die untere Etage wird heute\u00a0 von der Physiotherapie und von den Sportlern des SV Starkenberg als Sportlerheim genutzt. In den oberen Etagen befinden sich Wohnungen.<\/p>\n<p><a class=\"thickbox\" title=\"Dsci0063\" href=\"https:\/\/www.starkenberg.info\/_WP\/wp-content\/uploads\/2011\/07\/Dsci0063.jpg\" rel=\"same-post-955\"><img loading=\"lazy\" decoding=\"async\" class=\"size-thumbnail wp-image-959 alignleft\" title=\"Dsci0063\" src=\"https:\/\/www.starkenberg.info\/_WP\/wp-content\/uploads\/2011\/07\/Dsci0063-100x75.jpg\" alt=\"\" width=\"100\" height=\"75\" srcset=\"https:\/\/www.starkenberg.info\/_WP\/wp-content\/uploads\/2011\/07\/Dsci0063-100x75.jpg 100w, https:\/\/www.starkenberg.info\/_WP\/wp-content\/uploads\/2011\/07\/Dsci0063-300x225.jpg 300w, https:\/\/www.starkenberg.info\/_WP\/wp-content\/uploads\/2011\/07\/Dsci0063.jpg 800w\" sizes=\"auto, (max-width: 100px) 100vw, 100px\" \/><\/a><a class=\"thickbox\" title=\"Dsci0062\" href=\"https:\/\/www.starkenberg.info\/_WP\/wp-content\/uploads\/2011\/07\/Dsci0062.jpg\" rel=\"same-post-955\"><img loading=\"lazy\" decoding=\"async\" class=\"size-thumbnail wp-image-958 alignleft\" title=\"Dsci0062\" src=\"https:\/\/www.starkenberg.info\/_WP\/wp-content\/uploads\/2011\/07\/Dsci0062-100x74.jpg\" alt=\"\" width=\"100\" height=\"74\" srcset=\"https:\/\/www.starkenberg.info\/_WP\/wp-content\/uploads\/2011\/07\/Dsci0062-100x74.jpg 100w, https:\/\/www.starkenberg.info\/_WP\/wp-content\/uploads\/2011\/07\/Dsci0062-300x224.jpg 300w, https:\/\/www.starkenberg.info\/_WP\/wp-content\/uploads\/2011\/07\/Dsci0062.jpg 800w\" sizes=\"auto, (max-width: 100px) 100vw, 100px\" \/><\/a><a class=\"thickbox\" title=\"Dsci0401\" href=\"https:\/\/www.starkenberg.info\/_WP\/wp-content\/uploads\/2011\/07\/Dsci0401.jpg\" rel=\"same-post-955\"><img loading=\"lazy\" decoding=\"async\" class=\"size-thumbnail wp-image-961 alignleft\" title=\"Dsci0401\" src=\"https:\/\/www.starkenberg.info\/_WP\/wp-content\/uploads\/2011\/07\/Dsci0401-100x74.jpg\" alt=\"\" width=\"100\" height=\"74\" srcset=\"https:\/\/www.starkenberg.info\/_WP\/wp-content\/uploads\/2011\/07\/Dsci0401-100x74.jpg 100w, https:\/\/www.starkenberg.info\/_WP\/wp-content\/uploads\/2011\/07\/Dsci0401-300x224.jpg 300w, https:\/\/www.starkenberg.info\/_WP\/wp-content\/uploads\/2011\/07\/Dsci0401.jpg 800w\" sizes=\"auto, (max-width: 100px) 100vw, 100px\" \/><\/a><a class=\"thickbox\" title=\"Dsci0713\" href=\"https:\/\/www.starkenberg.info\/_WP\/wp-content\/uploads\/2011\/07\/Dsci0713.jpg\" rel=\"same-post-955\"><img loading=\"lazy\" decoding=\"async\" class=\"size-thumbnail wp-image-964 alignleft\" title=\"Dsci0713\" src=\"https:\/\/www.starkenberg.info\/_WP\/wp-content\/uploads\/2011\/07\/Dsci0713-100x74.jpg\" alt=\"\" width=\"100\" height=\"74\" srcset=\"https:\/\/www.starkenberg.info\/_WP\/wp-content\/uploads\/2011\/07\/Dsci0713-100x74.jpg 100w, https:\/\/www.starkenberg.info\/_WP\/wp-content\/uploads\/2011\/07\/Dsci0713-300x224.jpg 300w, https:\/\/www.starkenberg.info\/_WP\/wp-content\/uploads\/2011\/07\/Dsci0713.jpg 800w\" sizes=\"auto, (max-width: 100px) 100vw, 100px\" \/><\/a><a class=\"thickbox\" title=\"Dsci0096\" href=\"https:\/\/www.starkenberg.info\/_WP\/wp-content\/uploads\/2011\/07\/Dsci0096.jpg\" rel=\"same-post-955\"><img loading=\"lazy\" decoding=\"async\" class=\"size-thumbnail wp-image-960 alignleft\" title=\"Dsci0096\" src=\"https:\/\/www.starkenberg.info\/_WP\/wp-content\/uploads\/2011\/07\/Dsci0096-100x75.jpg\" alt=\"\" width=\"100\" height=\"75\" srcset=\"https:\/\/www.starkenberg.info\/_WP\/wp-content\/uploads\/2011\/07\/Dsci0096-100x75.jpg 100w, https:\/\/www.starkenberg.info\/_WP\/wp-content\/uploads\/2011\/07\/Dsci0096-300x225.jpg 300w, https:\/\/www.starkenberg.info\/_WP\/wp-content\/uploads\/2011\/07\/Dsci0096.jpg 800w\" sizes=\"auto, (max-width: 100px) 100vw, 100px\" \/><\/a><\/p>\n","protected":false},"excerpt":{"rendered":"<p>Starkenberg (258 Einwohner) Starkenberg liegt ca. 12 km von Altenburg entfernt. Erw\u00e4hnt wurde Starkenberg schon 1181. Urkundlich kommt es um&#8230;<\/p>\n","protected":false},"author":1,"featured_media":0,"parent":0,"menu_order":0,"comment_status":"closed","ping_status":"closed","template":"page-template\/page-with-right-sidebar.php","meta":{"ngg_post_thumbnail":0,"footnotes":""},"class_list":["post-955","page","type-page","status-publish","hentry"],"_links":{"self":[{"href":"https:\/\/www.starkenberg.info\/index.php?rest_route=\/wp\/v2\/pages\/955","targetHints":{"allow":["GET"]}}],"collection":[{"href":"https:\/\/www.starkenberg.info\/index.php?rest_route=\/wp\/v2\/pages"}],"about":[{"href":"https:\/\/www.starkenberg.info\/index.php?rest_route=\/wp\/v2\/types\/page"}],"author":[{"embeddable":true,"href":"https:\/\/www.starkenberg.info\/index.php?rest_route=\/wp\/v2\/users\/1"}],"replies":[{"embeddable":true,"href":"https:\/\/www.starkenberg.info\/index.php?rest_route=%2Fwp%2Fv2%2Fcomments&post=955"}],"version-history":[{"count":10,"href":"https:\/\/www.starkenberg.info\/index.php?rest_route=\/wp\/v2\/pages\/955\/revisions"}],"predecessor-version":[{"id":1001,"href":"https:\/\/www.starkenberg.info\/index.php?rest_route=\/wp\/v2\/pages\/955\/revisions\/1001"}],"wp:attachment":[{"href":"https:\/\/www.starkenberg.info\/index.php?rest_route=%2Fwp%2Fv2%2Fmedia&parent=955"}],"curies":[{"name":"wp","href":"https:\/\/api.w.org\/{rel}","templated":true}]}}