{"id":971,"date":"2011-07-26T18:46:31","date_gmt":"2011-07-26T18:46:31","guid":{"rendered":"http:\/\/www.starkenberg.info\/_WP\/?page_id=971"},"modified":"2021-03-03T09:11:38","modified_gmt":"2021-03-03T09:11:38","slug":"kostitz","status":"publish","type":"page","link":"https:\/\/www.starkenberg.info\/?page_id=971","title":{"rendered":"Kostitz"},"content":{"rendered":"<p style=\"text-align: center;\"><strong><span style=\"text-decoration: underline;\">Kostitz<\/span><\/strong> (394 Einwohner)<\/p>\n<h3><span style=\"text-decoration: underline;\"><a class=\"thickbox\" title=\"PICT 023\" href=\"https:\/\/www.starkenberg.info\/_WP\/wp-content\/uploads\/2011\/07\/PICT-023.jpg\" rel=\"same-post-971\"><img loading=\"lazy\" decoding=\"async\" class=\"alignleft size-thumbnail wp-image-981\" title=\"PICT 023\" src=\"https:\/\/www.starkenberg.info\/_WP\/wp-content\/uploads\/2011\/07\/PICT-023-100x66.jpg\" alt=\"\" width=\"100\" height=\"66\" srcset=\"https:\/\/www.starkenberg.info\/_WP\/wp-content\/uploads\/2011\/07\/PICT-023-100x66.jpg 100w, https:\/\/www.starkenberg.info\/_WP\/wp-content\/uploads\/2011\/07\/PICT-023-300x199.jpg 300w, https:\/\/www.starkenberg.info\/_WP\/wp-content\/uploads\/2011\/07\/PICT-023.jpg 800w\" sizes=\"auto, (max-width: 100px) 100vw, 100px\" \/><\/a><\/span><\/h3>\n<p>Die Orte Starkenberg und Kostitz sind durch das Rittergut zusammengewachsen und werden nur durch die beiden Teiche getrennt.<\/p>\n<p><a class=\"thickbox\" title=\"Fachwerkgasse Kostitz\" href=\"https:\/\/www.starkenberg.info\/_WP\/wp-content\/uploads\/2011\/07\/Fachwerkgasse-Kostitz.jpg\" rel=\"same-post-971\"><img loading=\"lazy\" decoding=\"async\" class=\"size-thumbnail wp-image-976 alignright\" title=\"Fachwerkgasse Kostitz\" src=\"https:\/\/www.starkenberg.info\/_WP\/wp-content\/uploads\/2011\/07\/Fachwerkgasse-Kostitz-100x75.jpg\" alt=\"\" width=\"100\" height=\"75\" srcset=\"https:\/\/www.starkenberg.info\/_WP\/wp-content\/uploads\/2011\/07\/Fachwerkgasse-Kostitz-100x75.jpg 100w, https:\/\/www.starkenberg.info\/_WP\/wp-content\/uploads\/2011\/07\/Fachwerkgasse-Kostitz-300x225.jpg 300w, https:\/\/www.starkenberg.info\/_WP\/wp-content\/uploads\/2011\/07\/Fachwerkgasse-Kostitz.jpg 800w\" sizes=\"auto, (max-width: 100px) 100vw, 100px\" \/><\/a>Kostitz liegt in einem Tal an einem Nebengew\u00e4sser des gro\u00dfen Gerstenbaches. In seiner Ausdehnung zeichnet es sich als ein altes Sackgassendorf aus, dessen Flurteile in der Hauptsache in gro\u00dfe Bl\u00f6cke geteilt sind und unverkennbar ebenso wie Starkenberg eine deutsche Dorfanlage mit urspr\u00fcnglich slawischen Ortsnamen ist.<\/p>\n<p>Das Dorf kommt <a class=\"thickbox\" title=\"Lange Star\u00dfe\" href=\"https:\/\/www.starkenberg.info\/_WP\/wp-content\/uploads\/2011\/07\/Lange-Star%C3%9Fe.jpg\" rel=\"same-post-971\"><img loading=\"lazy\" decoding=\"async\" class=\"size-thumbnail wp-image-979 alignleft\" title=\"Lange Star\u00dfe\" src=\"https:\/\/www.starkenberg.info\/_WP\/wp-content\/uploads\/2011\/07\/Lange-Star%C3%9Fe-100x75.jpg\" alt=\"\" width=\"100\" height=\"75\" \/><\/a>urkundlich schon im Jahre 1181 als Chozziz in den alten Bosauer Zehntverzeichnis vor. Im Volksmund nennt man das Dorf <em>\u201eKusse<\/em>\u201c auch <em>\u201eEngerkusse<\/em>\u201c Den Dorfnamen schrieb man um das Jahr 1197 als Chozziz, 1244 als Cossiczk, auch Kossow = Kossow und um 1445 Cossaw.<\/p>\n<p>&nbsp;<\/p>\n<p><a class=\"thickbox\" title=\"Bahnhof Kostitz\" href=\"https:\/\/www.starkenberg.info\/_WP\/wp-content\/uploads\/2011\/07\/Bahnhof-Kostitz.jpg\" rel=\"same-post-971\"><img loading=\"lazy\" decoding=\"async\" class=\"alignleft size-thumbnail wp-image-1004\" title=\"Bahnhof Kostitz\" src=\"https:\/\/www.starkenberg.info\/_WP\/wp-content\/uploads\/2011\/07\/Bahnhof-Kostitz-100x87.jpg\" alt=\"\" width=\"100\" height=\"87\" srcset=\"https:\/\/www.starkenberg.info\/_WP\/wp-content\/uploads\/2011\/07\/Bahnhof-Kostitz-100x87.jpg 100w, https:\/\/www.starkenberg.info\/_WP\/wp-content\/uploads\/2011\/07\/Bahnhof-Kostitz-300x261.jpg 300w, https:\/\/www.starkenberg.info\/_WP\/wp-content\/uploads\/2011\/07\/Bahnhof-Kostitz.jpg 800w\" sizes=\"auto, (max-width: 100px) 100vw, 100px\" \/><\/a>Bis 1966 f\u00fchrte durch Kostitz die Bahnstrecke Ronneburg \u2013 Meuselwitz.<br \/>\nDer Bahnhof ist jetzt\u00a0 Wohnhaus.<br \/>\nDas gleiche trifft auch f\u00fcr die Bahnhofsgastst\u00e4tte zu.<\/p>\n<p>&nbsp;<\/p>\n<p>&nbsp;<\/p>\n<p><a class=\"thickbox\" title=\"Dsci0410\" href=\"https:\/\/www.starkenberg.info\/_WP\/wp-content\/uploads\/2011\/07\/Dsci0410.jpg\" rel=\"same-post-971\"><img loading=\"lazy\" decoding=\"async\" class=\"alignleft size-thumbnail wp-image-975\" title=\"Dsci0410\" src=\"https:\/\/www.starkenberg.info\/_WP\/wp-content\/uploads\/2011\/07\/Dsci0410-100x74.jpg\" alt=\"\" width=\"100\" height=\"74\" srcset=\"https:\/\/www.starkenberg.info\/_WP\/wp-content\/uploads\/2011\/07\/Dsci0410-100x74.jpg 100w, https:\/\/www.starkenberg.info\/_WP\/wp-content\/uploads\/2011\/07\/Dsci0410-300x224.jpg 300w, https:\/\/www.starkenberg.info\/_WP\/wp-content\/uploads\/2011\/07\/Dsci0410.jpg 800w\" sizes=\"auto, (max-width: 100px) 100vw, 100px\" \/><\/a>In Kostitz gab es auch eine alte M\u00fchle, gebaut im Jahr 1705. Die Besitzer wechselten. Einer von ihnen trug den Namen Hering, deshalb hei\u00dft der angrenzende Teich auch Heringsteich.<br \/>\nDas M\u00fchlrad ist noch zu sehen, aber die M\u00fchle ist nicht mehr in Betrieb. In den 90ziger\u00a0 Jahren\u00a0 bekam das M\u00fchlengrundst\u00fcck einen neuen Besitzer, der das Anwesen um und ausbaute.<\/p>\n<p>In Kostitz gibt es einen B\u00e4cker, eine Zahnarztpraxis und eine Kindertagesst\u00e4tte, die im Jahr 2009\/2010 neu saniert wurde.<\/p>\n<p><a class=\"thickbox\" title=\"Kita 3\" href=\"https:\/\/www.starkenberg.info\/_WP\/wp-content\/uploads\/2011\/07\/Kita-3.jpg\" rel=\"same-post-971\"><img loading=\"lazy\" decoding=\"async\" class=\"size-thumbnail wp-image-977 alignleft\" title=\"Kita 3\" src=\"https:\/\/www.starkenberg.info\/_WP\/wp-content\/uploads\/2011\/07\/Kita-3-100x74.jpg\" alt=\"\" width=\"100\" height=\"74\" srcset=\"https:\/\/www.starkenberg.info\/_WP\/wp-content\/uploads\/2011\/07\/Kita-3-100x74.jpg 100w, https:\/\/www.starkenberg.info\/_WP\/wp-content\/uploads\/2011\/07\/Kita-3-300x224.jpg 300w, https:\/\/www.starkenberg.info\/_WP\/wp-content\/uploads\/2011\/07\/Kita-3.jpg 800w\" sizes=\"auto, (max-width: 100px) 100vw, 100px\" \/><\/a><a class=\"thickbox\" title=\"Kostitz\" href=\"https:\/\/www.starkenberg.info\/_WP\/wp-content\/uploads\/2011\/07\/Kostitz.jpg\" rel=\"same-post-971\"><img loading=\"lazy\" decoding=\"async\" class=\"alignleft size-thumbnail wp-image-978\" title=\"Kostitz\" src=\"https:\/\/www.starkenberg.info\/_WP\/wp-content\/uploads\/2011\/07\/Kostitz-100x75.jpg\" alt=\"\" width=\"100\" height=\"75\" srcset=\"https:\/\/www.starkenberg.info\/_WP\/wp-content\/uploads\/2011\/07\/Kostitz-100x75.jpg 100w, https:\/\/www.starkenberg.info\/_WP\/wp-content\/uploads\/2011\/07\/Kostitz-300x225.jpg 300w, https:\/\/www.starkenberg.info\/_WP\/wp-content\/uploads\/2011\/07\/Kostitz.jpg 800w\" sizes=\"auto, (max-width: 100px) 100vw, 100px\" \/><\/a><\/p>\n","protected":false},"excerpt":{"rendered":"<p>Kostitz (394 Einwohner) Die Orte Starkenberg und Kostitz sind durch das Rittergut zusammengewachsen und werden nur durch die beiden Teiche&#8230;<\/p>\n","protected":false},"author":1,"featured_media":0,"parent":0,"menu_order":0,"comment_status":"closed","ping_status":"closed","template":"page-template\/page-with-right-sidebar.php","meta":{"ngg_post_thumbnail":0,"footnotes":""},"class_list":["post-971","page","type-page","status-publish","hentry"],"_links":{"self":[{"href":"https:\/\/www.starkenberg.info\/index.php?rest_route=\/wp\/v2\/pages\/971","targetHints":{"allow":["GET"]}}],"collection":[{"href":"https:\/\/www.starkenberg.info\/index.php?rest_route=\/wp\/v2\/pages"}],"about":[{"href":"https:\/\/www.starkenberg.info\/index.php?rest_route=\/wp\/v2\/types\/page"}],"author":[{"embeddable":true,"href":"https:\/\/www.starkenberg.info\/index.php?rest_route=\/wp\/v2\/users\/1"}],"replies":[{"embeddable":true,"href":"https:\/\/www.starkenberg.info\/index.php?rest_route=%2Fwp%2Fv2%2Fcomments&post=971"}],"version-history":[{"count":17,"href":"https:\/\/www.starkenberg.info\/index.php?rest_route=\/wp\/v2\/pages\/971\/revisions"}],"predecessor-version":[{"id":7842,"href":"https:\/\/www.starkenberg.info\/index.php?rest_route=\/wp\/v2\/pages\/971\/revisions\/7842"}],"wp:attachment":[{"href":"https:\/\/www.starkenberg.info\/index.php?rest_route=%2Fwp%2Fv2%2Fmedia&parent=971"}],"curies":[{"name":"wp","href":"https:\/\/api.w.org\/{rel}","templated":true}]}}